{"id":11862,"date":"2023-12-11T11:15:49","date_gmt":"2023-12-11T16:15:49","guid":{"rendered":"https:\/\/famaliving.walkinclosetcanada.com\/rejoindre-le-club-famaliving\/"},"modified":"2024-05-11T12:04:04","modified_gmt":"2024-05-11T16:04:04","slug":"rejoindre-le-club-famaliving","status":"publish","type":"page","link":"https:\/\/famaliving.ca\/fr\/rejoindre-le-club-famaliving\/","title":{"rendered":"Rejoignez le Club VIP de Famaliving &#8211; Recevez des offres exclusives !"},"content":{"rendered":"\t\t<div data-elementor-type=\"wp-page\" data-elementor-id=\"11862\" class=\"elementor elementor-11862 elementor-1885\" data-elementor-post-type=\"page\">\n\t\t\t\t<div class=\"elementor-element elementor-element-dce53dc e-flex e-con-boxed e-con e-parent\" data-id=\"dce53dc\" data-element_type=\"container\" data-e-type=\"container\">\n\t\t\t\t\t<div class=\"e-con-inner\">\n\t\t\t\t<div class=\"elementor-element elementor-element-05ec274 elementor-widget elementor-widget-text-editor\" data-id=\"05ec274\" data-element_type=\"widget\" data-e-type=\"widget\" data-widget_type=\"text-editor.default\">\n\t\t\t\t\t\t<div class=\"elementor-widget-container\">\n\t\t\t\t\t\t\t\t\t<h2 style=\"text-align: center;\"><strong>Rejoignez le<\/strong> Club VIP de <span style=\"color: #bf2083; font-weight: 100;\">famaliving <\/span>Montr\u00e9al !<\/h2>\n\t\t\t\t\t\t\t\t<\/div>\n\t\t\t\t<\/div>\n\t\t\t\t\t<\/div>\n\t\t\t\t<\/div>\n\t\t<div class=\"elementor-element elementor-element-66f75b1 e-flex e-con-boxed e-con e-parent\" data-id=\"66f75b1\" data-element_type=\"container\" data-e-type=\"container\">\n\t\t\t\t\t<div class=\"e-con-inner\">\n\t\t\t\t<div class=\"elementor-element elementor-element-28b56f5 uael-urf-icon-no elementor-button-align-stretch uael-form-message-style-default elementor-widget elementor-widget-uael-registration-form\" data-id=\"28b56f5\" data-element_type=\"widget\" data-e-type=\"widget\" data-settings=\"{&quot;button_width&quot;:&quot;100&quot;,&quot;button_align&quot;:&quot;stretch&quot;,&quot;field_border_width_box&quot;:{&quot;unit&quot;:&quot;px&quot;,&quot;top&quot;:&quot;&quot;,&quot;right&quot;:&quot;&quot;,&quot;bottom&quot;:&quot;&quot;,&quot;left&quot;:&quot;&quot;,&quot;isLinked&quot;:true},&quot;field_border_width_box_tablet&quot;:{&quot;unit&quot;:&quot;px&quot;,&quot;top&quot;:&quot;&quot;,&quot;right&quot;:&quot;&quot;,&quot;bottom&quot;:&quot;&quot;,&quot;left&quot;:&quot;&quot;,&quot;isLinked&quot;:true},&quot;field_border_width_box_mobile&quot;:{&quot;unit&quot;:&quot;px&quot;,&quot;top&quot;:&quot;&quot;,&quot;right&quot;:&quot;&quot;,&quot;bottom&quot;:&quot;&quot;,&quot;left&quot;:&quot;&quot;,&quot;isLinked&quot;:true}}\" data-widget_type=\"uael-registration-form.default\">\n\t\t\t\t\t\t<div class=\"elementor-widget-container\">\n\t\t\t\t\t\t\t\t\t\t<div class=\"uael-registration-form\" data-page-id=\"11862\" data-success-message=\"Merci de vous \u00eatre inscrit avec nous!\" data-error-message=\"Erreur : Quelque chose s&#039;est mal pass\u00e9 ! Impossible de terminer le processus d&#039;inscription.\" data-strength-check=\"no\" data-hide_form=\"yes\" data-redirect-url=\"https:\/\/famaliving.ca\/fr\/boutique\/\" data-auto_login=\"yes\" data-send_email=\"admin\">\n\t\t\t\t\t\t<form class=\"elementor-form\" method=\"post\">\n\n\t\t\t\t\t\t\t<div class=\"uael-registration-form-wrapper elementor-form-fields-wrapper elementor-labels-above\">\n\t\t\t\t\t\t\t\t\t\t\t\t\t\t\t\t\t\t<div class=\"elementor-field-required elementor-mark-required elementor-field-group uael-input-fields elementor-field-type-first_name elementor-column elementor-col-100\">\n\t\t\t\t\t\t\t\t\t\t\t<label for=\"form-field-first_name\" class=\"elementor-field-label\">Pr\u00e9nom<\/label><div class=\"uael-urf-field-wrapper\"><input id=\"form-field-first_name\" size=\"1\" type=\"text\" name=\"first_name\" placeholder=\"Pr\u00e9nom\" class=\"elementor-field elementor-size-sm form-field-first_name elementor-field-textual\" required=\"required\" aria-required=\"true\"><\/div>\t\t\t\t\t\t\t\t\t\t\t\t\t\t\t\t\t\t\t\t\t<\/div>\n\t\t\t\t\t\t\t\t\t\t\t\t\t\t\t\t\t\t\t\t<div class=\"elementor-field-required elementor-mark-required elementor-field-group uael-input-fields elementor-field-type-last_name elementor-column elementor-col-100\">\n\t\t\t\t\t\t\t\t\t\t\t<label for=\"form-field-last_name\" class=\"elementor-field-label\">Nom<\/label><div class=\"uael-urf-field-wrapper\"><input id=\"form-field-last_name\" size=\"1\" type=\"text\" name=\"last_name\" placeholder=\"Nom\" class=\"elementor-field elementor-size-sm form-field-last_name elementor-field-textual\" required=\"required\" aria-required=\"true\"><\/div>\t\t\t\t\t\t\t\t\t\t\t\t\t\t\t\t\t\t\t\t\t<\/div>\n\t\t\t\t\t\t\t\t\t\t\t\t\t\t\t\t\t\t\t\t<div class=\"elementor-field-group uael-input-fields elementor-field-type-phone elementor-column elementor-col-100\">\n\t\t\t\t\t\t\t\t\t\t\t<label for=\"form-field-phone\" class=\"elementor-field-label\">T\u00e9l\u00e9phone<\/label><div class=\"uael-urf-field-wrapper\"><input id=\"form-field-phone\" size=\"1\" type=\"tel\" name=\"phone\" placeholder=\"T\u00e9l\u00e9phone\" class=\"elementor-field elementor-size-sm form-field-phone elementor-field-textual\"><\/div>\t\t\t\t\t\t\t\t\t\t\t\t\t\t\t\t\t\t\t\t\t<\/div>\n\t\t\t\t\t\t\t\t\t\t\t\t\t\t\t\t\t\t\t\t<div class=\"elementor-field-required elementor-mark-required elementor-field-group uael-input-fields elementor-field-type-email elementor-column elementor-col-100\">\n\t\t\t\t\t\t\t\t\t\t\t<label for=\"form-field-email\" class=\"elementor-field-label\">E-mail<\/label><div class=\"uael-urf-field-wrapper\"><input id=\"form-field-email\" size=\"1\" type=\"email\" name=\"email\" placeholder=\"E-mail\" class=\"elementor-field elementor-size-sm form-field-email elementor-field-textual\" required=\"required\" aria-required=\"true\"><\/div>\t\t\t\t\t\t\t\t\t\t\t\t\t\t\t\t\t\t\t\t\t<\/div>\n\t\t\t\t\t\t\t\t\t\t\t\t\t\t\t\t\t\t\t\t<div class=\"elementor-field-required elementor-mark-required elementor-field-group uael-input-fields elementor-field-type-password elementor-column elementor-col-100\">\n\t\t\t\t\t\t\t\t\t\t\t<label for=\"form-field-password\" class=\"elementor-field-label\">Mot de passe<\/label><div class=\"uael-urf-field-wrapper\"><input id=\"form-field-password\" size=\"1\" type=\"password\" name=\"password\" placeholder=\"Password\" class=\"elementor-field elementor-size-sm form-field-password elementor-field-textual\" required=\"required\" aria-required=\"true\"><\/div>\t\t\t\t\t\t\t\t\t\t\t\t\t\t\t\t\t\t\t\t\t\t\t<div class=\"uael-pass-wrapper\" style=\"display: none;\">\n\t\t\t\t\t\t\t\t\t\t\t\t\t<div class=\"uael-pass-bar\"><div class=\"uael-pass-bar-color\"><\/div><\/div>\n\t\t\t\t\t\t\t\t\t\t\t\t\t<span class=\"uael-pass-notice\"><\/span>\n\t\t\t\t\t\t\t\t\t\t\t\t<\/div>\n\t\t\t\t\t\t\t\t\t\t\t\t\t\t\t\t\t\t\t\t\t<\/div>\n\t\t\t\t\t\t\t\t\t\t\t\t\t\t\t\t\t\t\t\t\t\t\t\t\t\t\t<div class=\"uael-input-fields elementor-field-group acceptance-field\">\n\t\t\t\t\t\t\t\t\t\t\t\t\t\t\t\t\t\t\t\t\t<div class=\"acceptance-conditions\"><p>Veuillez lire attentivement <a href=\"\/fr\/politique-de-confidentialite\/\">les conditions g\u00e9n\u00e9rales<\/a> suivantes.<\/p><\/div>\n\t\t\t\t\t\t\t\t\t\t\t\t\t\t\t\t\t\t\t\t<div class=\"elementor-field-subgroup\">\n\t\t\t\t\t\t\t\t\t\t\t<label class=\"elementor-field-option\">\n\t\t\t\t\t\t\t\t\t\t\t\t<input size=\"1\" type=\"checkbox\" required=\"required\" aria-required=\"true\" name=\"uae-terms-checkbox\" class=\"elementor-acceptance-field elementor-field\">\n\t\t\t\t\t\t\t\t\t\t\t\t\t\t\t\t\t\t\t\t\t\t\t\t\t<span class=\"checkbox-label\">J'accepte les conditions d'utilisation.<\/span>\n\t\t\t\t\t\t\t\t\t\t\t\t\t\t\t\t\t\t\t\t\t\t\t<\/label>\n\t\t\t\t\t\t\t\t\t\t<\/div>\n\t\t\t\t\t\t\t\t\t\t<span class=\"uael-register-acceptance-message acceptance-error-message\"><span class=\"uael-register-error\">Please accept the Terms and Conditions to proceed.<\/span><\/span>\n\t\t\t\t\t\t\t\t\t<\/div>\n\t\t\t\t\t\t\t\t\n\t\t\t\t\t\t\t\t<div class=\"uael-reg-form-submit uael-button-wrapper elementor-widget-button elementor-field-group elementor-column elementor-field-type-submit elementor-col-100\">\n\t\t\t\t\t\t\t\t\t\t\t\t\t\t\t\t\t\t<button type=\"submit\" class=\"elementor-button uael-register-submit elementor-size-sm\">\n\t\t\t\t\t\t\t\t\t\t<span >\n\t\t\t\t\t\t\t\t\t\t\t\t\t\t\t\t\t\t\t\t\t\t\t\t\t\t\t\t\t\t\t\t<\/span>\n\t\t\t\t\t\t\t\t\t\t\t\t\t\t\t\t\t\t\t<span class=\"elementor-button-text uael-registration-submit\">Register<\/span>\n\t\t\t\t\t\t\t\t\t\t\t\t\t\t\t\t\t\t\t<\/span>\n\t\t\t\t\t\t\t\t\t<\/button>\n\t\t\t\t\t\t\t\t<\/div>\n\t\t\t\t\t\t\t\t<div class=\"uael-rform-footer elementor-field-group\">\n\n\t\t\t\t\t\t\t\t\t\n\t\t\t\t\t\t\t\t\t\t\t\t\t\t\t\t\t<\/div>\n\t\t\t\t\t\t\t<\/div>\n\t\t\t\t\t\t\t<input type=\"hidden\" id=\"uael-reg-form-nonce\" name=\"uael-reg-form-nonce\" value=\"3b1a95913d\" \/><input type=\"hidden\" name=\"_wp_http_referer\" value=\"\/fr\/wp-json\/wp\/v2\/pages\/11862\" \/>\t\t\t\t\t\t<\/form>\n\t\t\t\t\t\t\t\t\t\t\t\t<div class=\"uael-registration-message elementor-alert\"><\/div>\n\t\t\t\t\t<\/div>\n\t\t\t\t\t\t\t\t\t<\/div>\n\t\t\t\t<\/div>\n\t\t\t\t\t<\/div>\n\t\t\t\t<\/div>\n\t\t<div class=\"elementor-element elementor-element-81c3455 e-flex e-con-boxed e-con e-parent\" data-id=\"81c3455\" data-element_type=\"container\" data-e-type=\"container\">\n\t\t\t\t\t<div class=\"e-con-inner\">\n\t\t\t\t\t<\/div>\n\t\t\t\t<\/div>\n\t\t\t\t<\/div>\n\t\t","protected":false},"excerpt":{"rendered":"<p>Rejoignez le Club VIP de famaliving Montr\u00e9al ! Content de vous revoir ! Nous sommes heureux de voir que vous \u00eates connect\u00e9. Explorez nos derni\u00e8res mises \u00e0 jour et profitez de votre exp\u00e9rience !<\/p>\n","protected":false},"author":3,"featured_media":0,"parent":0,"menu_order":0,"comment_status":"closed","ping_status":"closed","template":"","meta":{"_acf_changed":false,"site-sidebar-layout":"no-sidebar","site-content-layout":"page-builder","ast-site-content-layout":"full-width-container","site-content-style":"default","site-sidebar-style":"default","ast-global-header-display":"","ast-banner-title-visibility":"","ast-main-header-display":"","ast-hfb-above-header-display":"","ast-hfb-below-header-display":"","ast-hfb-mobile-header-display":"","site-post-title":"disabled","ast-breadcrumbs-content":"","ast-featured-img":"disabled","footer-sml-layout":"","ast-disable-related-posts":"","theme-transparent-header-meta":"","adv-header-id-meta":"","stick-header-meta":"","header-above-stick-meta":"","header-main-stick-meta":"","header-below-stick-meta":"","astra-migrate-meta-layouts":"set","ast-page-background-enabled":"default","ast-page-background-meta":{"desktop":{"background-color":"var(--ast-global-color-4)","background-image":"","background-repeat":"repeat","background-position":"center center","background-size":"auto","background-attachment":"scroll","background-type":"","background-media":"","overlay-type":"","overlay-color":"","overlay-opacity":"","overlay-gradient":""},"tablet":{"background-color":"","background-image":"","background-repeat":"repeat","background-position":"center center","background-size":"auto","background-attachment":"scroll","background-type":"","background-media":"","overlay-type":"","overlay-color":"","overlay-opacity":"","overlay-gradient":""},"mobile":{"background-color":"","background-image":"","background-repeat":"repeat","background-position":"center center","background-size":"auto","background-attachment":"scroll","background-type":"","background-media":"","overlay-type":"","overlay-color":"","overlay-opacity":"","overlay-gradient":""}},"ast-content-background-meta":{"desktop":{"background-color":"var(--ast-global-color-5)","background-image":"","background-repeat":"repeat","background-position":"center center","background-size":"auto","background-attachment":"scroll","background-type":"","background-media":"","overlay-type":"","overlay-color":"","overlay-opacity":"","overlay-gradient":""},"tablet":{"background-color":"var(--ast-global-color-5)","background-image":"","background-repeat":"repeat","background-position":"center center","background-size":"auto","background-attachment":"scroll","background-type":"","background-media":"","overlay-type":"","overlay-color":"","overlay-opacity":"","overlay-gradient":""},"mobile":{"background-color":"var(--ast-global-color-5)","background-image":"","background-repeat":"repeat","background-position":"center center","background-size":"auto","background-attachment":"scroll","background-type":"","background-media":"","overlay-type":"","overlay-color":"","overlay-opacity":"","overlay-gradient":""}},"footnotes":""},"class_list":["post-11862","page","type-page","status-publish","hentry"],"acf":[],"_links":{"self":[{"href":"https:\/\/famaliving.ca\/fr\/wp-json\/wp\/v2\/pages\/11862","targetHints":{"allow":["GET"]}}],"collection":[{"href":"https:\/\/famaliving.ca\/fr\/wp-json\/wp\/v2\/pages"}],"about":[{"href":"https:\/\/famaliving.ca\/fr\/wp-json\/wp\/v2\/types\/page"}],"author":[{"embeddable":true,"href":"https:\/\/famaliving.ca\/fr\/wp-json\/wp\/v2\/users\/3"}],"replies":[{"embeddable":true,"href":"https:\/\/famaliving.ca\/fr\/wp-json\/wp\/v2\/comments?post=11862"}],"version-history":[{"count":77,"href":"https:\/\/famaliving.ca\/fr\/wp-json\/wp\/v2\/pages\/11862\/revisions"}],"predecessor-version":[{"id":18739,"href":"https:\/\/famaliving.ca\/fr\/wp-json\/wp\/v2\/pages\/11862\/revisions\/18739"}],"wp:attachment":[{"href":"https:\/\/famaliving.ca\/fr\/wp-json\/wp\/v2\/media?parent=11862"}],"curies":[{"name":"wp","href":"https:\/\/api.w.org\/{rel}","templated":true}]}}