{"id":11866,"date":"2022-07-26T17:05:56","date_gmt":"2022-07-26T21:05:56","guid":{"rendered":"https:\/\/famaliving.walkinclosetcanada.com\/mon-compte\/"},"modified":"2025-03-05T16:51:01","modified_gmt":"2025-03-05T21:51:01","slug":"mon-compte","status":"publish","type":"page","link":"https:\/\/famaliving.ca\/fr\/mon-compte\/","title":{"rendered":"Mon Compte"},"content":{"rendered":"\t\t<div data-elementor-type=\"wp-page\" data-elementor-id=\"11866\" class=\"elementor elementor-11866 elementor-843\" data-elementor-post-type=\"page\">\n\t\t\t\t<div class=\"elementor-element elementor-element-9cf58e3 e-flex e-con-boxed e-con e-parent\" data-id=\"9cf58e3\" data-element_type=\"container\" data-e-type=\"container\">\n\t\t\t\t\t<div class=\"e-con-inner\">\n\t\t<div class=\"elementor-element elementor-element-30bd850 e-con-full e-flex e-con e-child\" data-id=\"30bd850\" data-element_type=\"container\" data-e-type=\"container\">\n\t\t\t\t<div class=\"elementor-element elementor-element-a797c01 elementor-widget elementor-widget-image\" data-id=\"a797c01\" data-element_type=\"widget\" data-e-type=\"widget\" data-widget_type=\"image.default\">\n\t\t\t\t\t\t<div class=\"elementor-widget-container\">\n\t\t\t\t\t\t\t\t\t\t\t\t\t\t\t<img loading=\"lazy\" decoding=\"async\" width=\"1600\" height=\"1000\" src=\"https:\/\/famaliving.ca\/wp-content\/uploads\/sites\/29\/fama-club-1600x1000.webp\" class=\"attachment-large size-large wp-image-11377\" alt=\"\" srcset=\"https:\/\/famaliving.ca\/wp-content\/uploads\/sites\/29\/fama-club-1600x1000.webp 1600w, https:\/\/famaliving.ca\/wp-content\/uploads\/sites\/29\/fama-club-800x500.webp 800w, https:\/\/famaliving.ca\/wp-content\/uploads\/sites\/29\/fama-club-400x250.webp 400w, https:\/\/famaliving.ca\/wp-content\/uploads\/sites\/29\/fama-club-768x480.webp 768w, https:\/\/famaliving.ca\/wp-content\/uploads\/sites\/29\/fama-club-1536x960.webp 1536w, https:\/\/famaliving.ca\/wp-content\/uploads\/sites\/29\/fama-club.webp 1680w\" sizes=\"auto, (max-width: 1600px) 100vw, 1600px\" \/>\t\t\t\t\t\t\t\t\t\t\t\t\t\t\t<\/div>\n\t\t\t\t<\/div>\n\t\t\t\t<\/div>\n\t\t<div class=\"elementor-element elementor-element-aea5427 e-con-full e-flex e-con e-child\" data-id=\"aea5427\" data-element_type=\"container\" data-e-type=\"container\">\n\t\t\t\t<div class=\"elementor-element elementor-element-603b4ad elementor-widget elementor-widget-text-editor\" data-id=\"603b4ad\" data-element_type=\"widget\" data-e-type=\"widget\" data-widget_type=\"text-editor.default\">\n\t\t\t\t\t\t<div class=\"elementor-widget-container\">\n\t\t\t\t\t\t\t\t\t<h2 style=\"text-align: left;\">fama<span style=\"color: #bf2083;\">living<\/span> Club\u00a0VIP\u00a0de Montreal<\/h2>\r\n<h3 style=\"text-align: left;\">Prix de l&rsquo;adh\u00e9sion \u00e0 vie <span style=\"color: #bf2083; text-decoration: line-through;\"><strong><span style=\"color: black;\">$199<\/span><\/strong><\/span> <span style=\"color: #bf2083;\">Exempt\u00e9 pour le Canada!*<\/span><\/h3>\r\n<ul>\r\n \t<li style=\"text-align: left;\">Personnalisation illimit\u00e9e du mobilier et prix exclusifs<\/li>\r\n \t<li>Acc\u00e8s anticip\u00e9 aux ventes et aux nouveaux produits<\/li>\r\n \t<li style=\"text-align: left;\">Service de conciergerie d\u00e9di\u00e9 au Canada<\/li>\r\n \t<li style=\"text-align: left;\">Programme FamaPoints \u00e9changeables<\/li>\r\n \t<li style=\"text-align: left;\">Des r\u00e9compenses g\u00e9n\u00e9reuses pour les recommandations<\/li>\r\n<\/ul>\r\n<h6 style=\"text-align: left;\"><em>*L&rsquo;offre est limit\u00e9e aux d\u00e9tenteurs d&rsquo;un num\u00e9ro de t\u00e9l\u00e9phone canadien valide, aucune preuve de r\u00e9sidence n&rsquo;est requise.<\/em><\/h6>\t\t\t\t\t\t\t\t<\/div>\n\t\t\t\t<\/div>\n\t\t\t\t<div class=\"elementor-element elementor-element-be70587 elementor-widget elementor-widget-heading\" data-id=\"be70587\" data-element_type=\"widget\" data-e-type=\"widget\" data-widget_type=\"heading.default\">\n\t\t\t\t\t\t<div class=\"elementor-widget-container\">\n\t\t\t\t\t<h2 class=\"elementor-heading-title elementor-size-default\">Rejoignez-nous !<\/h2>\t\t\t\t<\/div>\n\t\t\t\t<\/div>\n\t\t\t\t<\/div>\n\t\t\t\t\t<\/div>\n\t\t\t\t<\/div>\n\t\t<div class=\"elementor-element elementor-element-954416a e-flex e-con-boxed e-con e-parent\" data-id=\"954416a\" data-element_type=\"container\" data-e-type=\"container\">\n\t\t\t\t\t<div class=\"e-con-inner\">\n\t\t\t\t<div class=\"elementor-element elementor-element-2d89b314 elementor-widget elementor-widget-text-editor\" data-id=\"2d89b314\" data-element_type=\"widget\" data-e-type=\"widget\" data-widget_type=\"text-editor.default\">\n\t\t\t\t\t\t<div class=\"elementor-widget-container\">\n\t\t\t\t\t\t\t\t\t<div class=\"woocommerce\"><\/div>\n\t\t\t\t\t\t\t\t<\/div>\n\t\t\t\t<\/div>\n\t\t\t\t\t<\/div>\n\t\t\t\t<\/div>\n\t\t\t\t<\/div>\n\t\t","protected":false},"excerpt":{"rendered":"<p>famaliving Club\u00a0VIP\u00a0de Montreal Prix de l&rsquo;adh\u00e9sion \u00e0 vie $199 Exempt\u00e9 pour le Canada!* Personnalisation illimit\u00e9e du mobilier et prix exclusifs Acc\u00e8s anticip\u00e9 aux ventes et aux nouveaux produits Service de conciergerie d\u00e9di\u00e9 au Canada Programme FamaPoints \u00e9changeables Des r\u00e9compenses g\u00e9n\u00e9reuses pour les recommandations *L&rsquo;offre est limit\u00e9e aux d\u00e9tenteurs d&rsquo;un num\u00e9ro de t\u00e9l\u00e9phone canadien valide, aucune [&hellip;]<\/p>\n","protected":false},"author":1,"featured_media":0,"parent":0,"menu_order":0,"comment_status":"closed","ping_status":"closed","template":"","meta":{"_acf_changed":false,"site-sidebar-layout":"default","site-content-layout":"","ast-site-content-layout":"default","site-content-style":"default","site-sidebar-style":"default","ast-global-header-display":"","ast-banner-title-visibility":"","ast-main-header-display":"","ast-hfb-above-header-display":"","ast-hfb-below-header-display":"","ast-hfb-mobile-header-display":"","site-post-title":"disabled","ast-breadcrumbs-content":"","ast-featured-img":"","footer-sml-layout":"","ast-disable-related-posts":"","theme-transparent-header-meta":"","adv-header-id-meta":"","stick-header-meta":"","header-above-stick-meta":"","header-main-stick-meta":"","header-below-stick-meta":"","astra-migrate-meta-layouts":"default","ast-page-background-enabled":"default","ast-page-background-meta":{"desktop":{"background-color":"var(--ast-global-color-4)","background-image":"","background-repeat":"repeat","background-position":"center center","background-size":"auto","background-attachment":"scroll","background-type":"","background-media":"","overlay-type":"","overlay-color":"","overlay-opacity":"","overlay-gradient":""},"tablet":{"background-color":"","background-image":"","background-repeat":"repeat","background-position":"center center","background-size":"auto","background-attachment":"scroll","background-type":"","background-media":"","overlay-type":"","overlay-color":"","overlay-opacity":"","overlay-gradient":""},"mobile":{"background-color":"","background-image":"","background-repeat":"repeat","background-position":"center center","background-size":"auto","background-attachment":"scroll","background-type":"","background-media":"","overlay-type":"","overlay-color":"","overlay-opacity":"","overlay-gradient":""}},"ast-content-background-meta":{"desktop":{"background-color":"var(--ast-global-color-5)","background-image":"","background-repeat":"repeat","background-position":"center center","background-size":"auto","background-attachment":"scroll","background-type":"","background-media":"","overlay-type":"","overlay-color":"","overlay-opacity":"","overlay-gradient":""},"tablet":{"background-color":"var(--ast-global-color-5)","background-image":"","background-repeat":"repeat","background-position":"center center","background-size":"auto","background-attachment":"scroll","background-type":"","background-media":"","overlay-type":"","overlay-color":"","overlay-opacity":"","overlay-gradient":""},"mobile":{"background-color":"var(--ast-global-color-5)","background-image":"","background-repeat":"repeat","background-position":"center center","background-size":"auto","background-attachment":"scroll","background-type":"","background-media":"","overlay-type":"","overlay-color":"","overlay-opacity":"","overlay-gradient":""}},"footnotes":""},"class_list":["post-11866","page","type-page","status-publish","hentry"],"acf":[],"_links":{"self":[{"href":"https:\/\/famaliving.ca\/fr\/wp-json\/wp\/v2\/pages\/11866","targetHints":{"allow":["GET"]}}],"collection":[{"href":"https:\/\/famaliving.ca\/fr\/wp-json\/wp\/v2\/pages"}],"about":[{"href":"https:\/\/famaliving.ca\/fr\/wp-json\/wp\/v2\/types\/page"}],"author":[{"embeddable":true,"href":"https:\/\/famaliving.ca\/fr\/wp-json\/wp\/v2\/users\/1"}],"replies":[{"embeddable":true,"href":"https:\/\/famaliving.ca\/fr\/wp-json\/wp\/v2\/comments?post=11866"}],"version-history":[{"count":13,"href":"https:\/\/famaliving.ca\/fr\/wp-json\/wp\/v2\/pages\/11866\/revisions"}],"predecessor-version":[{"id":25955,"href":"https:\/\/famaliving.ca\/fr\/wp-json\/wp\/v2\/pages\/11866\/revisions\/25955"}],"wp:attachment":[{"href":"https:\/\/famaliving.ca\/fr\/wp-json\/wp\/v2\/media?parent=11866"}],"curies":[{"name":"wp","href":"https:\/\/api.w.org\/{rel}","templated":true}]}}