{"id":11880,"date":"2023-12-20T20:05:16","date_gmt":"2023-12-21T01:05:16","guid":{"rendered":"https:\/\/famaliving.walkinclosetcanada.com\/salles-de-montre\/"},"modified":"2025-12-23T10:37:22","modified_gmt":"2025-12-23T15:37:22","slug":"contactez-nous","status":"publish","type":"page","link":"https:\/\/famaliving.ca\/fr\/contactez-nous\/","title":{"rendered":"Contactez nous"},"content":{"rendered":"\t\t<div data-elementor-type=\"wp-page\" data-elementor-id=\"11880\" class=\"elementor elementor-11880 elementor-2272\" data-elementor-post-type=\"page\">\n\t\t\t\t<div class=\"elementor-element elementor-element-807b3a0 e-flex e-con-boxed e-con e-parent\" data-id=\"807b3a0\" data-element_type=\"container\" data-e-type=\"container\">\n\t\t\t\t\t<div class=\"e-con-inner\">\n\t\t\t\t<div class=\"elementor-element elementor-element-94b9050 elementor-widget elementor-widget-uael-modal-popup\" data-id=\"94b9050\" data-element_type=\"widget\" data-e-type=\"widget\" data-widget_type=\"uael-modal-popup.default\">\n\t\t\t\t\t\t<div class=\"elementor-widget-container\">\n\t\t\t\t\t<div id=\"94b9050-overlay\" data-trigger-on=\"via_url\" data-close-on-esc=\"yes\" data-close-on-overlay=\"yes\" data-exit-intent=\"no\" data-after-sec=\"yes\" data-after-sec-val=\"0\" data-cookies=\"yes\" data-cookies-days=\"1\" data-cookies-type=\"closed\" data-custom=\"\" data-custom-id=\"\" data-content=\"content\" data-autoplay=\"no\" data-device=\"false\" data-async=\"\" data-scroll-direction=\"down\" data-scroll-percentage=\"30\" data-scroll-element=\"\" data-page-views-enabled=\"no\" data-page-views-count=\"3\" data-page-views-scope=\"global\" data-sessions-enabled=\"no\" data-sessions-count=\"2\" class=\"uael-modal-parent-wrapper uael-module-content uamodal-94b9050 uael-aspect-ratio-16_9 -popup\">\n\t<div id=\"modal-94b9050\" class=\"uael-modal uael-center-modal uael-modal-custom uael-modal-content uael-effect-1   uael-aspect-ratio-16_9\">\n\t\t<div class=\"uael-content\">\n\t\t\t\n\t\t<span class=\"uael-modal-close uael-close-icon elementor-clickable uael-close-custom-popup-top-right\" >\n\t\t<svg aria-hidden=\"true\" class=\"e-font-icon-svg e-fas-times\" viewBox=\"0 0 352 512\" xmlns=\"http:\/\/www.w3.org\/2000\/svg\"><path d=\"M242.72 256l100.07-100.07c12.28-12.28 12.28-32.19 0-44.48l-22.24-22.24c-12.28-12.28-32.19-12.28-44.48 0L176 189.28 75.93 89.21c-12.28-12.28-32.19-12.28-44.48 0L9.21 111.45c-12.28 12.28-12.28 32.19 0 44.48L109.28 256 9.21 356.07c-12.28 12.28-12.28 32.19 0 44.48l22.24 22.24c12.28 12.28 32.2 12.28 44.48 0L176 322.72l100.07 100.07c12.28 12.28 32.2 12.28 44.48 0l22.24-22.24c12.28-12.28 12.28-32.19 0-44.48L242.72 256z\"><\/path><\/svg>\t\t<\/span>\n\t\t\t\t\t<div class=\"uael-modal-text uael-modal-content-data clearfix\">\n\t\t\t<div class=\"uael-text-editor elementor-inline-editing\" data-elementor-setting-key=\"ct_content\" data-elementor-inline-editing-toolbar=\"advanced\"><p><img decoding=\"async\" class=\"aligncenter\" src=\"https:\/\/famaliving.ca\/wp-content\/uploads\/sites\/29\/2023\/11\/famaliving-montreal-logo-site-250x51.png\" alt=\"\" width=\"40%\"><br \/>\n<img decoding=\"async\" src=\"https:\/\/famaliving.ca\/wp-content\/uploads\/sites\/29\/popup_img_a.jpg\" alt=\"\"><\/p>\n<div class=\"buttons\">\n<div id=\"popupshopping\" class=\"button popupshopping\">Faire les magasins<\/div>\n<div id=\"popupdiscountButton\" class=\"button button-primary popupsignup\" style=\"cursor: pointer;text-align: center\">INSCRIVEZ-VOUS POUR 20&nbsp;% DE R\u00c9DUCTION<\/div>\n<\/div>\n<\/div>\t\t\t<\/div>\n\t\t<\/div>\n\t<\/div>\n\n\t\t<div class=\"uael-overlay\"><\/div>\n<\/div>\n\n<div class=\"uael-modal-action-wrap elementor-widget-button\">\n\t\t\t\t<div class=\"uael-modal-action elementor-clickable uael-trigger uael-modal-popup-hide\" data-modal=\"94b9050\">\n\t\t\t\t\t\t\t<\/div>\n\n\t\t\t<\/div>\n\t\t\t\t<\/div>\n\t\t\t\t<\/div>\n\t\t\t\t<div class=\"elementor-element elementor-element-0838f55 elementor-widget elementor-widget-spacer\" data-id=\"0838f55\" data-element_type=\"widget\" data-e-type=\"widget\" data-widget_type=\"spacer.default\">\n\t\t\t\t\t\t<div class=\"elementor-widget-container\">\n\t\t\t\t\t\t\t<div class=\"elementor-spacer\">\n\t\t\t<div class=\"elementor-spacer-inner\"><\/div>\n\t\t<\/div>\n\t\t\t\t\t\t<\/div>\n\t\t\t\t<\/div>\n\t\t\t\t\t<\/div>\n\t\t\t\t<\/div>\n\t\t<div class=\"elementor-element elementor-element-0926c7c e-flex e-con-boxed e-con e-parent\" data-id=\"0926c7c\" data-element_type=\"container\" data-e-type=\"container\">\n\t\t\t\t\t<div class=\"e-con-inner\">\n\t\t<div class=\"elementor-element elementor-element-5a75106 e-con-full e-flex e-con e-child\" data-id=\"5a75106\" data-element_type=\"container\" data-e-type=\"container\">\n\t\t\t\t<div class=\"elementor-element elementor-element-9acf8b6 elementor-widget elementor-widget-image\" data-id=\"9acf8b6\" data-element_type=\"widget\" data-e-type=\"widget\" data-widget_type=\"image.default\">\n\t\t\t\t\t\t<div class=\"elementor-widget-container\">\n\t\t\t\t\t\t\t\t\t\t\t\t\t\t\t<img loading=\"lazy\" decoding=\"async\" width=\"1400\" height=\"933\" src=\"https:\/\/famaliving.ca\/wp-content\/uploads\/sites\/29\/2000-2012-Boul-Saint-Laurent-Montreal-QC-Primary-Photo-1-LargeHighDefinition-new-1600x1066.jpg\" class=\"attachment-large size-large wp-image-18923\" alt=\"\" srcset=\"https:\/\/famaliving.ca\/wp-content\/uploads\/sites\/29\/2000-2012-Boul-Saint-Laurent-Montreal-QC-Primary-Photo-1-LargeHighDefinition-new-1600x1066.jpg 1600w, https:\/\/famaliving.ca\/wp-content\/uploads\/sites\/29\/2000-2012-Boul-Saint-Laurent-Montreal-QC-Primary-Photo-1-LargeHighDefinition-new-800x533.jpg 800w, https:\/\/famaliving.ca\/wp-content\/uploads\/sites\/29\/2000-2012-Boul-Saint-Laurent-Montreal-QC-Primary-Photo-1-LargeHighDefinition-new-400x267.jpg 400w, https:\/\/famaliving.ca\/wp-content\/uploads\/sites\/29\/2000-2012-Boul-Saint-Laurent-Montreal-QC-Primary-Photo-1-LargeHighDefinition-new-768x512.jpg 768w, https:\/\/famaliving.ca\/wp-content\/uploads\/sites\/29\/2000-2012-Boul-Saint-Laurent-Montreal-QC-Primary-Photo-1-LargeHighDefinition-new-1536x1024.jpg 1536w, https:\/\/famaliving.ca\/wp-content\/uploads\/sites\/29\/2000-2012-Boul-Saint-Laurent-Montreal-QC-Primary-Photo-1-LargeHighDefinition-new.jpg 2048w\" sizes=\"auto, (max-width: 1400px) 100vw, 1400px\" \/>\t\t\t\t\t\t\t\t\t\t\t\t\t\t\t<\/div>\n\t\t\t\t<\/div>\n\t\t\t\t<\/div>\n\t\t<div class=\"elementor-element elementor-element-f9476f5 e-con-full e-flex e-con e-child\" data-id=\"f9476f5\" data-element_type=\"container\" data-e-type=\"container\">\n\t\t\t\t<div class=\"elementor-element elementor-element-0055472 elementor-widget elementor-widget-text-editor\" data-id=\"0055472\" data-element_type=\"widget\" data-e-type=\"widget\" data-widget_type=\"text-editor.default\">\n\t\t\t\t\t\t<div class=\"elementor-widget-container\">\n\t\t\t\t\t\t\t\t\t<h2 style=\"text-align: left\"><strong>fama<\/strong><span style=\"color: #bf2083;font-weight: 100\">living <\/span>Centre-ville de Montr\u00e9al<\/h2><h4>2000 St Laurent Blvd<br>Montreal, Quebec H2X 2T2<\/h4><p><span class=\"w8qArf\">T\u00e9l\u00e9phone : <\/span><a style=\"color: white;background-color: black;padding: 5px;text-decoration: none;border-radius: 3px\" href=\"tel:+15148400990\"><span class=\"LrzXr zdqRlf kno-fv\"><span aria-label=\"Call Phone Number (514) 840-0990\">(514) 840-0990<\/span><\/span><\/a>  <\/p><p><span style=\"font-style: inherit;font-weight: inherit;text-align: var(--text-align);color: var(--ast-global-color-6);background-color: var(--ast-global-color-5)\">Courriel : <\/span><a style=\"font-style: inherit;font-weight: inherit;text-align: var(--text-align);color: white;background-color: black;padding: 5px;border-radius: 3px\" href=\"mailto:info@famaliving.ca\">info@famaliving.ca<\/a><\/p><p><strong> <\/strong><\/p><p><strong>Heures d&rsquo;ouverture<\/strong><\/p>\t\t\t\t\t\t\t\t<\/div>\n\t\t\t\t<\/div>\n\t\t\t\t<div class=\"elementor-element elementor-element-3f66335 elementor-widget elementor-widget-uael-business-hours\" data-id=\"3f66335\" data-element_type=\"widget\" data-e-type=\"widget\" data-settings=\"{&quot;section_bs_list_padding&quot;:{&quot;unit&quot;:&quot;px&quot;,&quot;top&quot;:&quot;6&quot;,&quot;right&quot;:&quot;20&quot;,&quot;bottom&quot;:&quot;6&quot;,&quot;left&quot;:&quot;20&quot;,&quot;isLinked&quot;:&quot;&quot;},&quot;section_bs_list_padding_tablet&quot;:{&quot;unit&quot;:&quot;px&quot;,&quot;top&quot;:&quot;&quot;,&quot;right&quot;:&quot;&quot;,&quot;bottom&quot;:&quot;&quot;,&quot;left&quot;:&quot;&quot;,&quot;isLinked&quot;:true},&quot;section_bs_list_padding_mobile&quot;:{&quot;unit&quot;:&quot;px&quot;,&quot;top&quot;:&quot;&quot;,&quot;right&quot;:&quot;&quot;,&quot;bottom&quot;:&quot;&quot;,&quot;left&quot;:&quot;&quot;,&quot;isLinked&quot;:true}}\" data-widget_type=\"uael-business-hours.default\">\n\t\t\t\t\t\t<div class=\"elementor-widget-container\">\n\t\t\t\t\t\t<div class=\"uael-business-scheduler-box-wrapper\">\n\t\t\t<div class=\"uael-days\">\n\t\t\t\t\t\t\t<!-- CURRENT_ITEM div -->\n\t\t\t\t<div class=\"elementor-repeater-item-ce8e81b top-border-divider uael-highlight-background\">\n\t\t\t\t\t<div class=\"uael-inner\">\n\t\t\t\t\t\t<span class=\"heading-date uael-business-day-highlight\">\n\t\t\t\t\t\t\t<span>Lundi<\/span>\n\t\t\t\t\t\t<\/span>\n\n\t\t\t\t\t\t<span class=\"heading-time uael-business-timing-highlight\">\n\t\t\t\t\t\t\t<span class=\"inner-heading-time\">\n\t\t\t\t\t\t\t\t<span>ferm\u00e9<\/span>\n\t\t\t\t\t\t\t<\/span>\n\t\t\t\t\t\t<\/span>\n\t\t\t\t\t<\/div>\n\t\t\t\t<\/div>\n\t\t\t\t\t\t\t\t<!-- CURRENT_ITEM div -->\n\t\t\t\t<div class=\"elementor-repeater-item-11c159b top-border-divider bs-background\">\n\t\t\t\t\t<div class=\"uael-inner uael-inner\">\n\t\t\t\t\t\t<span class=\"heading-date uael-business-day\">\n\t\t\t\t\t\t\t<span>Mardi - Samedi<\/span>\n\t\t\t\t\t\t<\/span>\n\n\t\t\t\t\t\t<span class=\"heading-time uael-business-time\">\n\t\t\t\t\t\t\t<span class=\"inner-heading-time inner-heading-time\">\n\t\t\t\t\t\t\t\t<span>10H00 - 18H00<\/span>\n\t\t\t\t\t\t\t<\/span>\n\t\t\t\t\t\t<\/span>\n\t\t\t\t\t<\/div>\n\t\t\t\t<\/div>\n\t\t\t\t\t\t\t\t<!-- CURRENT_ITEM div -->\n\t\t\t\t<div class=\"elementor-repeater-item-816a66b top-border-divider bs-background\">\n\t\t\t\t\t<div class=\"uael-inner uael-inner uael-inner\">\n\t\t\t\t\t\t<span class=\"heading-date uael-business-day\">\n\t\t\t\t\t\t\t<span>Dimanche<\/span>\n\t\t\t\t\t\t<\/span>\n\n\t\t\t\t\t\t<span class=\"heading-time uael-business-time\">\n\t\t\t\t\t\t\t<span class=\"inner-heading-time inner-heading-time inner-heading-time\">\n\t\t\t\t\t\t\t\t<span>10H00 - 17H00<\/span>\n\t\t\t\t\t\t\t<\/span>\n\t\t\t\t\t\t<\/span>\n\t\t\t\t\t<\/div>\n\t\t\t\t<\/div>\n\t\t\t\t\t\t<\/div>\n\t\t<\/div>\n\t\t\t\t\t<\/div>\n\t\t\t\t<\/div>\n\t\t\t\t<\/div>\n\t\t\t\t\t<\/div>\n\t\t\t\t<\/div>\n\t\t<div class=\"elementor-element elementor-element-dfeb6a8 e-flex e-con-boxed e-con e-parent\" data-id=\"dfeb6a8\" data-element_type=\"container\" data-e-type=\"container\">\n\t\t\t\t\t<div class=\"e-con-inner\">\n\t\t<div class=\"elementor-element elementor-element-7f90cf5 e-con-full e-flex e-con e-child\" data-id=\"7f90cf5\" data-element_type=\"container\" data-e-type=\"container\">\n\t\t\t\t<\/div>\n\t\t<div class=\"elementor-element elementor-element-3fe9229 e-con-full e-flex e-con e-child\" data-id=\"3fe9229\" data-element_type=\"container\" data-e-type=\"container\">\n\t\t\t\t<div class=\"elementor-element elementor-element-a71328b elementor-align-center elementor-hidden-desktop elementor-hidden-tablet elementor-hidden-mobile elementor-widget elementor-widget-button\" data-id=\"a71328b\" data-element_type=\"widget\" data-e-type=\"widget\" data-widget_type=\"button.default\">\n\t\t\t\t\t\t<div class=\"elementor-widget-container\">\n\t\t\t\t\t\t\t\t\t<div class=\"elementor-button-wrapper\">\n\t\t\t\t\t<a class=\"elementor-button elementor-button-link elementor-size-md\" href=\"https:\/\/famaliving.ca\/fr\/reservation\/\" id=\"F_book\">\n\t\t\t\t\t\t<span class=\"elementor-button-content-wrapper\">\n\t\t\t\t\t\t\t\t\t<span class=\"elementor-button-text\">Prendre rendez-vous gratuitement<\/span>\n\t\t\t\t\t<\/span>\n\t\t\t\t\t<\/a>\n\t\t\t\t<\/div>\n\t\t\t\t\t\t\t\t<\/div>\n\t\t\t\t<\/div>\n\t\t\t\t<\/div>\n\t\t<div class=\"elementor-element elementor-element-86a63e4 e-con-full e-flex e-con e-child\" data-id=\"86a63e4\" data-element_type=\"container\" data-e-type=\"container\">\n\t\t\t\t<div class=\"elementor-element elementor-element-885e17b elementor-align-center elementor-widget elementor-widget-button\" data-id=\"885e17b\" data-element_type=\"widget\" data-e-type=\"widget\" data-widget_type=\"button.default\">\n\t\t\t\t\t\t<div class=\"elementor-widget-container\">\n\t\t\t\t\t\t\t\t\t<div class=\"elementor-button-wrapper\">\n\t\t\t\t\t<a class=\"elementor-button elementor-button-link elementor-size-md\" href=\"https:\/\/www.google.com\/maps\/dir\/\/2000+Boul.+Saint-Laurent,+Montr%C3%A9al,+QC+H2X+2T2\/data=!4m6!4m5!1m1!4e2!1m2!1m1!1s0x4cc91a4c08231241:0xf21bd3c004e7863f?sa=Xved=2ahUKEwiwgf6p88GEAxUdN2IAHZlJAvQQwwV6BAgREAAcshid=1708706442848827\" target=\"_blank\" id=\"F_direction\">\n\t\t\t\t\t\t<span class=\"elementor-button-content-wrapper\">\n\t\t\t\t\t\t\t\t\t<span class=\"elementor-button-text\">Obtenir un itin\u00e9raire<\/span>\n\t\t\t\t\t<\/span>\n\t\t\t\t\t<\/a>\n\t\t\t\t<\/div>\n\t\t\t\t\t\t\t\t<\/div>\n\t\t\t\t<\/div>\n\t\t\t\t<\/div>\n\t\t\t\t\t<\/div>\n\t\t\t\t<\/div>\n\t\t<div class=\"elementor-element elementor-element-e5b73c1 e-flex e-con-boxed e-con e-parent\" data-id=\"e5b73c1\" data-element_type=\"container\" data-e-type=\"container\">\n\t\t\t\t\t<div class=\"e-con-inner\">\n\t\t\t\t<div class=\"elementor-element elementor-element-93da41f elementor-widget-divider--view-line elementor-widget elementor-widget-divider\" data-id=\"93da41f\" data-element_type=\"widget\" data-e-type=\"widget\" data-widget_type=\"divider.default\">\n\t\t\t\t\t\t<div class=\"elementor-widget-container\">\n\t\t\t\t\t\t\t<div class=\"elementor-divider\">\n\t\t\t<span class=\"elementor-divider-separator\">\n\t\t\t\t\t\t<\/span>\n\t\t<\/div>\n\t\t\t\t\t\t<\/div>\n\t\t\t\t<\/div>\n\t\t\t\t\t<\/div>\n\t\t\t\t<\/div>\n\t\t<div class=\"elementor-element elementor-element-0a5c298 e-flex e-con-boxed e-con e-parent\" data-id=\"0a5c298\" data-element_type=\"container\" data-e-type=\"container\">\n\t\t\t\t\t<div class=\"e-con-inner\">\n\t\t<div class=\"elementor-element elementor-element-e83472b e-con-full e-flex e-con e-child\" data-id=\"e83472b\" data-element_type=\"container\" data-e-type=\"container\">\n\t\t\t\t<div class=\"elementor-element elementor-element-545c9b6 elementor-widget elementor-widget-image\" data-id=\"545c9b6\" data-element_type=\"widget\" data-e-type=\"widget\" data-widget_type=\"image.default\">\n\t\t\t\t\t\t<div class=\"elementor-widget-container\">\n\t\t\t\t\t\t\t\t\t\t\t\t\t\t\t<img loading=\"lazy\" decoding=\"async\" width=\"966\" height=\"875\" src=\"https:\/\/famaliving.ca\/wp-content\/uploads\/sites\/29\/euro-style-store.jpg\" class=\"attachment-large size-large wp-image-11379\" alt=\"\" srcset=\"https:\/\/famaliving.ca\/wp-content\/uploads\/sites\/29\/euro-style-store.jpg 966w, https:\/\/famaliving.ca\/wp-content\/uploads\/sites\/29\/euro-style-store-800x725.jpg 800w, https:\/\/famaliving.ca\/wp-content\/uploads\/sites\/29\/euro-style-store-400x362.jpg 400w, https:\/\/famaliving.ca\/wp-content\/uploads\/sites\/29\/euro-style-store-768x696.jpg 768w\" sizes=\"auto, (max-width: 966px) 100vw, 966px\" \/>\t\t\t\t\t\t\t\t\t\t\t\t\t\t\t<\/div>\n\t\t\t\t<\/div>\n\t\t\t\t<\/div>\n\t\t<div class=\"elementor-element elementor-element-22e75f3 e-con-full e-flex e-con e-child\" data-id=\"22e75f3\" data-element_type=\"container\" data-e-type=\"container\">\n\t\t\t\t<div class=\"elementor-element elementor-element-4d738c7 elementor-widget elementor-widget-text-editor\" data-id=\"4d738c7\" data-element_type=\"widget\" data-e-type=\"widget\" data-widget_type=\"text-editor.default\">\n\t\t\t\t\t\t<div class=\"elementor-widget-container\">\n\t\t\t\t\t\t\t\t\t<h2 style=\"text-align: left\">Euro Style Design<\/h2><h4>Route transcanadienne de 2001,<br>Dorval (Qu\u00e9bec) H9P 1J1<\/h4><p><span class=\"w8qArf\">T\u00e9l\u00e9phone : <\/span><a style=\"color: white;background-color: black;padding: 5px;text-decoration: none;border-radius: 3px\" href=\"tel:+15144214021\"><span class=\"LrzXr zdqRlf kno-fv\"><span aria-label=\"Call Phone Number (514) 840-0990\">(514) 421-4021<\/span><\/span><\/a><\/p><p><span style=\"font-style: inherit;font-weight: inherit;text-align: var(--text-align);color: var(--ast-global-color-6);background-color: var(--ast-global-color-5)\">Courriel : <\/span><a style=\"font-style: inherit;font-weight: inherit;text-align: var(--text-align);color: white;background-color: black;padding: 5px;border-radius: 3px\" href=\"mailto:info@eurostyle.design\">info@eurostyle.design<\/a><\/p><p><strong>  Pour le site web du bureau principal : <a href=\"https:\/\/www.eurostyle.design\/\">http:\/\/eurostyle.design<\/a><\/strong><\/p>\t\t\t\t\t\t\t\t<\/div>\n\t\t\t\t<\/div>\n\t\t\t\t<div class=\"elementor-element elementor-element-4dce2a4 elementor-widget elementor-widget-uael-business-hours\" data-id=\"4dce2a4\" data-element_type=\"widget\" data-e-type=\"widget\" data-settings=\"{&quot;section_bs_list_padding&quot;:{&quot;unit&quot;:&quot;px&quot;,&quot;top&quot;:&quot;6&quot;,&quot;right&quot;:&quot;20&quot;,&quot;bottom&quot;:&quot;6&quot;,&quot;left&quot;:&quot;20&quot;,&quot;isLinked&quot;:&quot;&quot;},&quot;section_bs_list_padding_tablet&quot;:{&quot;unit&quot;:&quot;px&quot;,&quot;top&quot;:&quot;&quot;,&quot;right&quot;:&quot;&quot;,&quot;bottom&quot;:&quot;&quot;,&quot;left&quot;:&quot;&quot;,&quot;isLinked&quot;:true},&quot;section_bs_list_padding_mobile&quot;:{&quot;unit&quot;:&quot;px&quot;,&quot;top&quot;:&quot;&quot;,&quot;right&quot;:&quot;&quot;,&quot;bottom&quot;:&quot;&quot;,&quot;left&quot;:&quot;&quot;,&quot;isLinked&quot;:true}}\" data-widget_type=\"uael-business-hours.default\">\n\t\t\t\t\t\t<div class=\"elementor-widget-container\">\n\t\t\t\t\t\t<div class=\"uael-business-scheduler-box-wrapper\">\n\t\t\t<div class=\"uael-days\">\n\t\t\t\t\t\t\t<!-- CURRENT_ITEM div -->\n\t\t\t\t<div class=\"elementor-repeater-item-ce8e81b top-border-divider bs-background\">\n\t\t\t\t\t<div class=\"uael-inner\">\n\t\t\t\t\t\t<span class=\"heading-date uael-business-day\">\n\t\t\t\t\t\t\t<span>Du lundi au samedi<\/span>\n\t\t\t\t\t\t<\/span>\n\n\t\t\t\t\t\t<span class=\"heading-time uael-business-time\">\n\t\t\t\t\t\t\t<span class=\"inner-heading-time\">\n\t\t\t\t\t\t\t\t<span>10H00 - 18H00<\/span>\n\t\t\t\t\t\t\t<\/span>\n\t\t\t\t\t\t<\/span>\n\t\t\t\t\t<\/div>\n\t\t\t\t<\/div>\n\t\t\t\t\t\t\t\t<!-- CURRENT_ITEM div -->\n\t\t\t\t<div class=\"elementor-repeater-item-816a66b top-border-divider uael-highlight-background\">\n\t\t\t\t\t<div class=\"uael-inner uael-inner\">\n\t\t\t\t\t\t<span class=\"heading-date uael-business-day-highlight\">\n\t\t\t\t\t\t\t<span>Dimanche<\/span>\n\t\t\t\t\t\t<\/span>\n\n\t\t\t\t\t\t<span class=\"heading-time uael-business-timing-highlight\">\n\t\t\t\t\t\t\t<span class=\"inner-heading-time inner-heading-time\">\n\t\t\t\t\t\t\t\t<span>Ferm\u00e9<\/span>\n\t\t\t\t\t\t\t<\/span>\n\t\t\t\t\t\t<\/span>\n\t\t\t\t\t<\/div>\n\t\t\t\t<\/div>\n\t\t\t\t\t\t<\/div>\n\t\t<\/div>\n\t\t\t\t\t<\/div>\n\t\t\t\t<\/div>\n\t\t\t\t<\/div>\n\t\t\t\t\t<\/div>\n\t\t\t\t<\/div>\n\t\t<div class=\"elementor-element elementor-element-994d2f6 e-flex e-con-boxed e-con e-parent\" data-id=\"994d2f6\" data-element_type=\"container\" data-e-type=\"container\">\n\t\t\t\t\t<div class=\"e-con-inner\">\n\t\t<div class=\"elementor-element elementor-element-712407d e-con-full e-flex e-con e-child\" data-id=\"712407d\" data-element_type=\"container\" data-e-type=\"container\">\n\t\t\t\t<\/div>\n\t\t<div class=\"elementor-element elementor-element-fd4024e e-con-full e-flex e-con e-child\" data-id=\"fd4024e\" data-element_type=\"container\" data-e-type=\"container\">\n\t\t\t\t<div class=\"elementor-element elementor-element-fa3d382 elementor-align-center elementor-hidden-desktop elementor-hidden-tablet elementor-hidden-mobile elementor-widget elementor-widget-button\" data-id=\"fa3d382\" data-element_type=\"widget\" data-e-type=\"widget\" data-widget_type=\"button.default\">\n\t\t\t\t\t\t<div class=\"elementor-widget-container\">\n\t\t\t\t\t\t\t\t\t<div class=\"elementor-button-wrapper\">\n\t\t\t\t\t<a class=\"elementor-button elementor-button-link elementor-size-md\" href=\"https:\/\/famaliving.ca\/fr\/reservation\/\" id=\"E_book\">\n\t\t\t\t\t\t<span class=\"elementor-button-content-wrapper\">\n\t\t\t\t\t\t\t\t\t<span class=\"elementor-button-text\">Prendre rendez-vous<\/span>\n\t\t\t\t\t<\/span>\n\t\t\t\t\t<\/a>\n\t\t\t\t<\/div>\n\t\t\t\t\t\t\t\t<\/div>\n\t\t\t\t<\/div>\n\t\t\t\t<\/div>\n\t\t<div class=\"elementor-element elementor-element-7fdb3cb e-con-full e-flex e-con e-child\" data-id=\"7fdb3cb\" data-element_type=\"container\" data-e-type=\"container\">\n\t\t\t\t<div class=\"elementor-element elementor-element-cdf9b4d elementor-align-center elementor-widget elementor-widget-button\" data-id=\"cdf9b4d\" data-element_type=\"widget\" data-e-type=\"widget\" data-widget_type=\"button.default\">\n\t\t\t\t\t\t<div class=\"elementor-widget-container\">\n\t\t\t\t\t\t\t\t\t<div class=\"elementor-button-wrapper\">\n\t\t\t\t\t<a class=\"elementor-button elementor-button-link elementor-size-md\" href=\"https:\/\/www.google.com\/maps\/dir\/\/2001+Rte+Transcanadienne,+Dorval,+QC+H9P+1J1\/data=!4m6!4m5!1m1!4e2!1m2!1m1!1s0x4cc93ce4276e0d13:0xc5431ccf3914bd70?sa=Xved=2ahUKEwiz0o2J9MGEAxWHMVkFHZqiAggQwwV6BAgREAA\" target=\"_blank\" id=\"E_direction\">\n\t\t\t\t\t\t<span class=\"elementor-button-content-wrapper\">\n\t\t\t\t\t\t\t\t\t<span class=\"elementor-button-text\">Obtenir un itin\u00e9raire<\/span>\n\t\t\t\t\t<\/span>\n\t\t\t\t\t<\/a>\n\t\t\t\t<\/div>\n\t\t\t\t\t\t\t\t<\/div>\n\t\t\t\t<\/div>\n\t\t\t\t<\/div>\n\t\t\t\t\t<\/div>\n\t\t\t\t<\/div>\n\t\t\t\t<\/div>\n\t\t","protected":false},"excerpt":{"rendered":"<p>Faire les magasins INSCRIVEZ-VOUS POUR 20&nbsp;% DE R\u00c9DUCTION famaliving Centre-ville de Montr\u00e9al 2000 St Laurent BlvdMontreal, Quebec H2X 2T2 T\u00e9l\u00e9phone : (514) 840-0990 Courriel : info@famaliving.ca Heures d&rsquo;ouverture Lundi ferm\u00e9 Mardi &#8211; Samedi 10H00 &#8211; 18H00 Dimanche 10H00 &#8211; 17H00 Prendre rendez-vous gratuitement Obtenir un itin\u00e9raire Euro Style Design Route transcanadienne de 2001,Dorval (Qu\u00e9bec) H9P [&hellip;]<\/p>\n","protected":false},"author":1,"featured_media":0,"parent":0,"menu_order":0,"comment_status":"closed","ping_status":"closed","template":"","meta":{"_acf_changed":false,"site-sidebar-layout":"no-sidebar","site-content-layout":"page-builder","ast-site-content-layout":"full-width-container","site-content-style":"unboxed","site-sidebar-style":"unboxed","ast-global-header-display":"","ast-banner-title-visibility":"","ast-main-header-display":"","ast-hfb-above-header-display":"","ast-hfb-below-header-display":"","ast-hfb-mobile-header-display":"","site-post-title":"disabled","ast-breadcrumbs-content":"","ast-featured-img":"disabled","footer-sml-layout":"","ast-disable-related-posts":"","theme-transparent-header-meta":"","adv-header-id-meta":"","stick-header-meta":"","header-above-stick-meta":"","header-main-stick-meta":"","header-below-stick-meta":"","astra-migrate-meta-layouts":"set","ast-page-background-enabled":"default","ast-page-background-meta":{"desktop":{"background-color":"var(--ast-global-color-4)","background-image":"","background-repeat":"repeat","background-position":"center center","background-size":"auto","background-attachment":"scroll","background-type":"","background-media":"","overlay-type":"","overlay-color":"","overlay-opacity":"","overlay-gradient":""},"tablet":{"background-color":"","background-image":"","background-repeat":"repeat","background-position":"center center","background-size":"auto","background-attachment":"scroll","background-type":"","background-media":"","overlay-type":"","overlay-color":"","overlay-opacity":"","overlay-gradient":""},"mobile":{"background-color":"","background-image":"","background-repeat":"repeat","background-position":"center center","background-size":"auto","background-attachment":"scroll","background-type":"","background-media":"","overlay-type":"","overlay-color":"","overlay-opacity":"","overlay-gradient":""}},"ast-content-background-meta":{"desktop":{"background-color":"var(--ast-global-color-5)","background-image":"","background-repeat":"repeat","background-position":"center center","background-size":"auto","background-attachment":"scroll","background-type":"","background-media":"","overlay-type":"","overlay-color":"","overlay-opacity":"","overlay-gradient":""},"tablet":{"background-color":"var(--ast-global-color-5)","background-image":"","background-repeat":"repeat","background-position":"center center","background-size":"auto","background-attachment":"scroll","background-type":"","background-media":"","overlay-type":"","overlay-color":"","overlay-opacity":"","overlay-gradient":""},"mobile":{"background-color":"var(--ast-global-color-5)","background-image":"","background-repeat":"repeat","background-position":"center center","background-size":"auto","background-attachment":"scroll","background-type":"","background-media":"","overlay-type":"","overlay-color":"","overlay-opacity":"","overlay-gradient":""}},"footnotes":""},"class_list":["post-11880","page","type-page","status-publish","hentry"],"acf":[],"_links":{"self":[{"href":"https:\/\/famaliving.ca\/fr\/wp-json\/wp\/v2\/pages\/11880","targetHints":{"allow":["GET"]}}],"collection":[{"href":"https:\/\/famaliving.ca\/fr\/wp-json\/wp\/v2\/pages"}],"about":[{"href":"https:\/\/famaliving.ca\/fr\/wp-json\/wp\/v2\/types\/page"}],"author":[{"embeddable":true,"href":"https:\/\/famaliving.ca\/fr\/wp-json\/wp\/v2\/users\/1"}],"replies":[{"embeddable":true,"href":"https:\/\/famaliving.ca\/fr\/wp-json\/wp\/v2\/comments?post=11880"}],"version-history":[{"count":231,"href":"https:\/\/famaliving.ca\/fr\/wp-json\/wp\/v2\/pages\/11880\/revisions"}],"predecessor-version":[{"id":42187,"href":"https:\/\/famaliving.ca\/fr\/wp-json\/wp\/v2\/pages\/11880\/revisions\/42187"}],"wp:attachment":[{"href":"https:\/\/famaliving.ca\/fr\/wp-json\/wp\/v2\/media?parent=11880"}],"curies":[{"name":"wp","href":"https:\/\/api.w.org\/{rel}","templated":true}]}}