{"id":11886,"date":"2023-12-27T15:13:53","date_gmt":"2023-12-27T20:13:53","guid":{"rendered":"https:\/\/famaliving.walkinclosetcanada.com\/home-staging-et-location-de-mobilier\/"},"modified":"2024-09-16T10:18:36","modified_gmt":"2024-09-16T14:18:36","slug":"home-staging-et-location-de-mobilier","status":"publish","type":"page","link":"https:\/\/famaliving.ca\/fr\/home-staging-et-location-de-mobilier\/","title":{"rendered":"Famaliving Montr\u00e9al Home Staging : Transformez votre espace gr\u00e2ce \u00e0 des experts"},"content":{"rendered":"\t\t<div data-elementor-type=\"wp-page\" data-elementor-id=\"11886\" class=\"elementor elementor-11886 elementor-8357\" data-elementor-post-type=\"page\">\n\t\t\t\t<div class=\"elementor-element elementor-element-0fd7102 e-flex e-con-boxed e-con e-parent\" data-id=\"0fd7102\" data-element_type=\"container\" data-e-type=\"container\">\n\t\t\t\t\t<div class=\"e-con-inner\">\n\t\t\t\t\t<\/div>\n\t\t\t\t<\/div>\n\t\t<div class=\"elementor-element elementor-element-677d82c e-flex e-con-boxed e-con e-parent\" data-id=\"677d82c\" data-element_type=\"container\" data-e-type=\"container\">\n\t\t\t\t\t<div class=\"e-con-inner\">\n\t\t<div class=\"elementor-element elementor-element-540da56 e-flex e-con-boxed e-con e-child\" data-id=\"540da56\" data-element_type=\"container\" data-e-type=\"container\">\n\t\t\t\t\t<div class=\"e-con-inner\">\n\t\t<div class=\"elementor-element elementor-element-cac1d0b e-con-full e-flex e-con e-child\" data-id=\"cac1d0b\" data-element_type=\"container\" data-e-type=\"container\">\n\t\t\t\t<div class=\"elementor-element elementor-element-8c7fdb2 elementor-widget elementor-widget-heading\" data-id=\"8c7fdb2\" data-element_type=\"widget\" data-e-type=\"widget\" data-widget_type=\"heading.default\">\n\t\t\t\t\t\t<div class=\"elementor-widget-container\">\n\t\t\t\t\t<h2 class=\"elementor-heading-title elementor-size-default\">Location de meubles et Home Staging \u00e0 Montr\u00e9al<\/h2>\t\t\t\t<\/div>\n\t\t\t\t<\/div>\n\t\t\t\t<\/div>\n\t\t\t\t\t<\/div>\n\t\t\t\t<\/div>\n\t\t\t\t\t<\/div>\n\t\t\t\t<\/div>\n\t\t<div class=\"elementor-element elementor-element-70d8e60 e-flex e-con-boxed e-con e-parent\" data-id=\"70d8e60\" data-element_type=\"container\" data-e-type=\"container\">\n\t\t\t\t\t<div class=\"e-con-inner\">\n\t\t<div class=\"elementor-element elementor-element-400ddfd e-con-full e-flex e-con e-child\" data-id=\"400ddfd\" data-element_type=\"container\" data-e-type=\"container\">\n\t\t\t\t<div class=\"elementor-element elementor-element-9a9623d elementor-widget elementor-widget-text-editor\" data-id=\"9a9623d\" data-element_type=\"widget\" data-e-type=\"widget\" data-widget_type=\"text-editor.default\">\n\t\t\t\t\t\t<div class=\"elementor-widget-container\">\n\t\t\t\t\t\t\t\t\t<p>Chez Famaliving Montr\u00e9al, en collaboration avec Euro Style Furniture, nous offrons des services de location de meubles et de home staging. Que vous souhaitiez d\u00e9sencombrer et mettre en sc\u00e8ne votre maison pour la mettre sur le march\u00e9 ou simplement cr\u00e9er un nouvel environnement de vie, vous \u00eates au bon endroit. Nous sommes l\u00e0 pour vous aider \u00e0 tirer le meilleur parti de votre espace !<\/p>\n<p>Nous proposons diff\u00e9rents forfaits de location pour chaque espace de votre maison. Choisissez parmi notre large gamme de meubles contemporains, neutres, color\u00e9s, luxueux et esth\u00e9tiques pour meubler votre espace vide.<\/p>\n<p>Nos designers et conseillers en magasin sont toujours disponibles pour vous informer sur nos services. Des services \u00e0 domicile sont \u00e9galement disponibles moyennant un suppl\u00e9ment.<\/p>\n<p>Nous livrons et installons votre mobilier lou\u00e9 \u00e0 un prix tr\u00e8s raisonnable. Chaque produit est ensuite inspect\u00e9 avant et apr\u00e8s la p\u00e9riode de location. Au retour, notre personnel d\u00e9montera et r\u00e9cup\u00e9rera le mobilier lou\u00e9.<\/p>\n<p>Ainsi, lorsque vous \u00eates \u00e0 la recherche de meubles et de pi\u00e8ces d&rsquo;accent, que ce soit pour le home staging, le d\u00e9veloppement de condos, la relocalisation d&rsquo;entreprises, la production de films ou la prise de photos, vous trouverez toujours des meubles int\u00e9ressants, modernes et \u00e9l\u00e9gants \u00e0 louer qui r\u00e9pondent le mieux \u00e0 vos besoins chez Famaliving Montr\u00e9al et Euro Style Furniture Montr\u00e9al.<\/p>\t\t\t\t\t\t\t\t<\/div>\n\t\t\t\t<\/div>\n\t\t\t\t<\/div>\n\t\t<div class=\"elementor-element elementor-element-5b5692d e-con-full e-flex e-con e-child\" data-id=\"5b5692d\" data-element_type=\"container\" data-e-type=\"container\">\n\t\t\t\t<div class=\"elementor-element elementor-element-95731d6 elementor-widget elementor-widget-image\" data-id=\"95731d6\" data-element_type=\"widget\" data-e-type=\"widget\" data-widget_type=\"image.default\">\n\t\t\t\t\t\t<div class=\"elementor-widget-container\">\n\t\t\t\t\t\t\t\t\t\t\t\t\t\t\t<img loading=\"lazy\" decoding=\"async\" width=\"1400\" height=\"733\" src=\"https:\/\/famaliving.ca\/wp-content\/uploads\/sites\/29\/kalahari-sofa00003.jpg\" class=\"attachment-large size-large wp-image-11342\" alt=\"\" srcset=\"https:\/\/famaliving.ca\/wp-content\/uploads\/sites\/29\/kalahari-sofa00003.jpg 1600w, https:\/\/famaliving.ca\/wp-content\/uploads\/sites\/29\/kalahari-sofa00003-800x419.jpg 800w, https:\/\/famaliving.ca\/wp-content\/uploads\/sites\/29\/kalahari-sofa00003-600x314.jpg 600w, https:\/\/famaliving.ca\/wp-content\/uploads\/sites\/29\/kalahari-sofa00003-450x236.jpg 450w, https:\/\/famaliving.ca\/wp-content\/uploads\/sites\/29\/kalahari-sofa00003-768x402.jpg 768w, https:\/\/famaliving.ca\/wp-content\/uploads\/sites\/29\/kalahari-sofa00003-1536x804.jpg 1536w\" sizes=\"auto, (max-width: 1400px) 100vw, 1400px\" \/>\t\t\t\t\t\t\t\t\t\t\t\t\t\t\t<\/div>\n\t\t\t\t<\/div>\n\t\t\t\t<div class=\"elementor-element elementor-element-acf6d1b elementor-align-center elementor-widget elementor-widget-button\" data-id=\"acf6d1b\" data-element_type=\"widget\" data-e-type=\"widget\" data-widget_type=\"button.default\">\n\t\t\t\t\t\t<div class=\"elementor-widget-container\">\n\t\t\t\t\t\t\t\t\t<div class=\"elementor-button-wrapper\">\n\t\t\t\t\t<a class=\"elementor-button elementor-button-link elementor-size-xl\" href=\"https:\/\/famaliving.ca\/fr\/salles-dexposition\/#contact2famaliving\" target=\"_blank\">\n\t\t\t\t\t\t<span class=\"elementor-button-content-wrapper\">\n\t\t\t\t\t\t<span class=\"elementor-button-icon\">\n\t\t\t\t<svg aria-hidden=\"true\" class=\"e-font-icon-svg e-fas-file-download\" viewBox=\"0 0 384 512\" xmlns=\"http:\/\/www.w3.org\/2000\/svg\"><path d=\"M224 136V0H24C10.7 0 0 10.7 0 24v464c0 13.3 10.7 24 24 24h336c13.3 0 24-10.7 24-24V160H248c-13.2 0-24-10.8-24-24zm76.45 211.36l-96.42 95.7c-6.65 6.61-17.39 6.61-24.04 0l-96.42-95.7C73.42 337.29 80.54 320 94.82 320H160v-80c0-8.84 7.16-16 16-16h32c8.84 0 16 7.16 16 16v80h65.18c14.28 0 21.4 17.29 11.27 27.36zM377 105L279.1 7c-4.5-4.5-10.6-7-17-7H256v128h128v-6.1c0-6.3-2.5-12.4-7-16.9z\"><\/path><\/svg>\t\t\t<\/span>\n\t\t\t\t\t\t\t\t\t<span class=\"elementor-button-text\">Frais de location de meubles<\/span>\n\t\t\t\t\t<\/span>\n\t\t\t\t\t<\/a>\n\t\t\t\t<\/div>\n\t\t\t\t\t\t\t\t<\/div>\n\t\t\t\t<\/div>\n\t\t\t\t<\/div>\n\t\t\t\t\t<\/div>\n\t\t\t\t<\/div>\n\t\t<div class=\"elementor-element elementor-element-cf30aed e-flex e-con-boxed e-con e-parent\" data-id=\"cf30aed\" data-element_type=\"container\" data-e-type=\"container\" data-settings=\"{&quot;background_background&quot;:&quot;classic&quot;}\">\n\t\t\t\t\t<div class=\"e-con-inner\">\n\t\t\t\t<div class=\"elementor-element elementor-element-2cd73a0 elementor-widget elementor-widget-text-editor\" data-id=\"2cd73a0\" data-element_type=\"widget\" data-e-type=\"widget\" data-widget_type=\"text-editor.default\">\n\t\t\t\t\t\t<div class=\"elementor-widget-container\">\n\t\t\t\t\t\t\t\t\t<h3>Qu&rsquo;est-ce que le Home Staging ?<\/h3>\n<p>Le \u00ab\u00a0Home Staging\u00a0\u00bb est une technique de pr\u00e9paration, d&rsquo;ameublement et de pr\u00e9sentation d&rsquo;une maison priv\u00e9e qui est sur le march\u00e9 pour la vendre avec l&rsquo;objectif et le r\u00e9sultat de la vendre rapidement et pour son prix le plus \u00e9lev\u00e9 et le meilleur possible. Ces techniques de mise en sc\u00e8ne visent \u00e0 am\u00e9liorer l&rsquo;attrait d&rsquo;une maison en la transformant en une propri\u00e9t\u00e9 accueillante et invitante. L&rsquo;id\u00e9e est d&rsquo;attirer l&rsquo;attention de l&rsquo;acheteur sur les points forts du bien.<\/p>\n<p>\u00ab\u00a0La mise en sc\u00e8ne consiste \u00e0 pr\u00e9parer une maison \u00e0 la vente pour que l&rsquo;acheteur puisse s&rsquo;y installer mentalement\u00a0\u00bb, explique Barb Schwarz, pr\u00e9sidente de l&rsquo;International Association of Home Staging Professionals (Association internationale des professionnels de la mise en sc\u00e8ne).<\/p>\n<p>Selon l&rsquo;\u00e9tude RESA, un logement moyen passe environ 5 mois et demi sur le march\u00e9. La mise en valeur de votre maison peut contribuer \u00e0 r\u00e9duire d&rsquo;au moins un mois le temps pass\u00e9 sur le march\u00e9. Les statistiques montrent qu&rsquo;une fois mises en valeur, les maisons passent 73 % moins de temps sur le march\u00e9. De plus, les maisons mises en valeur avant la mise en vente se vendent 79 % plus rapidement que celles qui sont mises en valeur quelque temps apr\u00e8s la mise en vente.<\/p>\n\t\t\t\t\t\t\t\t<\/div>\n\t\t\t\t<\/div>\n\t\t\t\t\t<\/div>\n\t\t\t\t<\/div>\n\t\t<div class=\"elementor-element elementor-element-69d8e44 e-flex e-con-boxed e-con e-parent\" data-id=\"69d8e44\" data-element_type=\"container\" data-e-type=\"container\">\n\t\t\t\t\t<div class=\"e-con-inner\">\n\t\t<div class=\"elementor-element elementor-element-f36a096 e-con-full e-flex e-con e-child\" data-id=\"f36a096\" data-element_type=\"container\" data-e-type=\"container\">\n\t\t\t\t<div class=\"elementor-element elementor-element-df737e5 elementor-widget elementor-widget-image\" data-id=\"df737e5\" data-element_type=\"widget\" data-e-type=\"widget\" data-widget_type=\"image.default\">\n\t\t\t\t\t\t<div class=\"elementor-widget-container\">\n\t\t\t\t\t\t\t\t\t\t\t\t\t\t\t<img loading=\"lazy\" decoding=\"async\" width=\"1400\" height=\"733\" src=\"https:\/\/famaliving.ca\/wp-content\/uploads\/sites\/29\/manacor-sofa00003.jpg\" class=\"attachment-large size-large wp-image-11349\" alt=\"\" srcset=\"https:\/\/famaliving.ca\/wp-content\/uploads\/sites\/29\/manacor-sofa00003.jpg 1600w, https:\/\/famaliving.ca\/wp-content\/uploads\/sites\/29\/manacor-sofa00003-800x419.jpg 800w, https:\/\/famaliving.ca\/wp-content\/uploads\/sites\/29\/manacor-sofa00003-600x314.jpg 600w, https:\/\/famaliving.ca\/wp-content\/uploads\/sites\/29\/manacor-sofa00003-450x236.jpg 450w, https:\/\/famaliving.ca\/wp-content\/uploads\/sites\/29\/manacor-sofa00003-768x402.jpg 768w, https:\/\/famaliving.ca\/wp-content\/uploads\/sites\/29\/manacor-sofa00003-1536x804.jpg 1536w\" sizes=\"auto, (max-width: 1400px) 100vw, 1400px\" \/>\t\t\t\t\t\t\t\t\t\t\t\t\t\t\t<\/div>\n\t\t\t\t<\/div>\n\t\t\t\t<\/div>\n\t\t<div class=\"elementor-element elementor-element-443b58f e-con-full e-flex e-con e-child\" data-id=\"443b58f\" data-element_type=\"container\" data-e-type=\"container\">\n\t\t\t\t<div class=\"elementor-element elementor-element-0289e85 elementor-widget elementor-widget-text-editor\" data-id=\"0289e85\" data-element_type=\"widget\" data-e-type=\"widget\" data-widget_type=\"text-editor.default\">\n\t\t\t\t\t\t<div class=\"elementor-widget-container\">\n\t\t\t\t\t\t\t\t\t<h3>Avantages de la location de meubles et du Home Staging<\/h3>\n<ul>\n<li>Les statistiques prouvent que les propri\u00e9t\u00e9s se vendent deux fois plus vite avec l&rsquo;aide du home staging.<\/li>\n<li>La mise en sc\u00e8ne d&rsquo;un bien immobilier permet de le distinguer des autres biens vacants disponibles sur le march\u00e9 et d&rsquo;augmenter ses chances de vente.<\/li>\n<li>Le Home Staging, c&rsquo;est un maximum de r\u00e9sultats pour un minimum d&rsquo;investissement. Offrez \u00e0 votre maison un mobilier luxueux et moderne \u00e0 un prix raisonnable.<\/li>\n<li>La mise en valeur de votre propri\u00e9t\u00e9 vous \u00e9pargnera des mois d&rsquo;attente, ainsi que le stress et les soucis li\u00e9s \u00e0 la vente de votre maison.<\/li>\n<li>La location de meubles ou le home staging peuvent g\u00e9n\u00e9rer des offres plus rapides et plus avantageuses que celles que vous obtiendrez si votre bien n&rsquo;est pas meubl\u00e9.<\/li>\n<li>Le Home Staging est un investissement intelligent. Cela \u00e9vitera de r\u00e9duire le prix de votre logement et vous permettra de b\u00e9n\u00e9ficier d&rsquo;un meilleur revenu.<\/li>\n<li>Le Home Staging donne une seconde chance \u00e0 une maison qui est rest\u00e9e longtemps sur le march\u00e9.<\/li>\n<\/ul>\n\t\t\t\t\t\t\t\t<\/div>\n\t\t\t\t<\/div>\n\t\t\t\t<div class=\"elementor-element elementor-element-6b1df08 elementor-align-center elementor-widget elementor-widget-button\" data-id=\"6b1df08\" data-element_type=\"widget\" data-e-type=\"widget\" data-widget_type=\"button.default\">\n\t\t\t\t\t\t<div class=\"elementor-widget-container\">\n\t\t\t\t\t\t\t\t\t<div class=\"elementor-button-wrapper\">\n\t\t\t\t\t<a class=\"elementor-button elementor-button-link elementor-size-xl\" href=\"https:\/\/famaliving.ca\/fr\/salles-dexposition\/\">\n\t\t\t\t\t\t<span class=\"elementor-button-content-wrapper\">\n\t\t\t\t\t\t<span class=\"elementor-button-icon\">\n\t\t\t\t<svg aria-hidden=\"true\" class=\"e-font-icon-svg e-fas-phone-square-alt\" viewBox=\"0 0 448 512\" xmlns=\"http:\/\/www.w3.org\/2000\/svg\"><path d=\"M400 32H48A48 48 0 0 0 0 80v352a48 48 0 0 0 48 48h352a48 48 0 0 0 48-48V80a48 48 0 0 0-48-48zm-16.39 307.37l-15 65A15 15 0 0 1 354 416C194 416 64 286.29 64 126a15.7 15.7 0 0 1 11.63-14.61l65-15A18.23 18.23 0 0 1 144 96a16.27 16.27 0 0 1 13.79 9.09l30 70A17.9 17.9 0 0 1 189 181a17 17 0 0 1-5.5 11.61l-37.89 31a231.91 231.91 0 0 0 110.78 110.78l31-37.89A17 17 0 0 1 299 291a17.85 17.85 0 0 1 5.91 1.21l70 30A16.25 16.25 0 0 1 384 336a17.41 17.41 0 0 1-.39 3.37z\"><\/path><\/svg>\t\t\t<\/span>\n\t\t\t\t\t\t\t\t\t<span class=\"elementor-button-text\">Contactez nos salles de montre pour en discuter<\/span>\n\t\t\t\t\t<\/span>\n\t\t\t\t\t<\/a>\n\t\t\t\t<\/div>\n\t\t\t\t\t\t\t\t<\/div>\n\t\t\t\t<\/div>\n\t\t\t\t<\/div>\n\t\t\t\t\t<\/div>\n\t\t\t\t<\/div>\n\t\t\t\t<\/div>\n\t\t","protected":false},"excerpt":{"rendered":"<p>Location de meubles et Home Staging \u00e0 Montr\u00e9al Chez Famaliving Montr\u00e9al, en collaboration avec Euro Style Furniture, nous offrons des services de location de meubles et de home staging. Que vous souhaitiez d\u00e9sencombrer et mettre en sc\u00e8ne votre maison pour la mettre sur le march\u00e9 ou simplement cr\u00e9er un nouvel environnement de vie, vous \u00eates [&hellip;]<\/p>\n","protected":false},"author":1,"featured_media":0,"parent":0,"menu_order":0,"comment_status":"closed","ping_status":"closed","template":"","meta":{"_acf_changed":false,"site-sidebar-layout":"no-sidebar","site-content-layout":"page-builder","ast-site-content-layout":"full-width-container","site-content-style":"unboxed","site-sidebar-style":"unboxed","ast-global-header-display":"","ast-banner-title-visibility":"","ast-main-header-display":"","ast-hfb-above-header-display":"","ast-hfb-below-header-display":"","ast-hfb-mobile-header-display":"","site-post-title":"disabled","ast-breadcrumbs-content":"","ast-featured-img":"disabled","footer-sml-layout":"","ast-disable-related-posts":"","theme-transparent-header-meta":"","adv-header-id-meta":"","stick-header-meta":"","header-above-stick-meta":"","header-main-stick-meta":"","header-below-stick-meta":"","astra-migrate-meta-layouts":"default","ast-page-background-enabled":"default","ast-page-background-meta":{"desktop":{"background-color":"var(--ast-global-color-4)","background-image":"","background-repeat":"repeat","background-position":"center center","background-size":"auto","background-attachment":"scroll","background-type":"","background-media":"","overlay-type":"","overlay-color":"","overlay-opacity":"","overlay-gradient":""},"tablet":{"background-color":"","background-image":"","background-repeat":"repeat","background-position":"center center","background-size":"auto","background-attachment":"scroll","background-type":"","background-media":"","overlay-type":"","overlay-color":"","overlay-opacity":"","overlay-gradient":""},"mobile":{"background-color":"","background-image":"","background-repeat":"repeat","background-position":"center center","background-size":"auto","background-attachment":"scroll","background-type":"","background-media":"","overlay-type":"","overlay-color":"","overlay-opacity":"","overlay-gradient":""}},"ast-content-background-meta":{"desktop":{"background-color":"var(--ast-global-color-5)","background-image":"","background-repeat":"repeat","background-position":"center center","background-size":"auto","background-attachment":"scroll","background-type":"","background-media":"","overlay-type":"","overlay-color":"","overlay-opacity":"","overlay-gradient":""},"tablet":{"background-color":"var(--ast-global-color-5)","background-image":"","background-repeat":"repeat","background-position":"center center","background-size":"auto","background-attachment":"scroll","background-type":"","background-media":"","overlay-type":"","overlay-color":"","overlay-opacity":"","overlay-gradient":""},"mobile":{"background-color":"var(--ast-global-color-5)","background-image":"","background-repeat":"repeat","background-position":"center center","background-size":"auto","background-attachment":"scroll","background-type":"","background-media":"","overlay-type":"","overlay-color":"","overlay-opacity":"","overlay-gradient":""}},"footnotes":""},"class_list":["post-11886","page","type-page","status-publish","hentry"],"acf":[],"_links":{"self":[{"href":"https:\/\/famaliving.ca\/fr\/wp-json\/wp\/v2\/pages\/11886","targetHints":{"allow":["GET"]}}],"collection":[{"href":"https:\/\/famaliving.ca\/fr\/wp-json\/wp\/v2\/pages"}],"about":[{"href":"https:\/\/famaliving.ca\/fr\/wp-json\/wp\/v2\/types\/page"}],"author":[{"embeddable":true,"href":"https:\/\/famaliving.ca\/fr\/wp-json\/wp\/v2\/users\/1"}],"replies":[{"embeddable":true,"href":"https:\/\/famaliving.ca\/fr\/wp-json\/wp\/v2\/comments?post=11886"}],"version-history":[{"count":27,"href":"https:\/\/famaliving.ca\/fr\/wp-json\/wp\/v2\/pages\/11886\/revisions"}],"predecessor-version":[{"id":19306,"href":"https:\/\/famaliving.ca\/fr\/wp-json\/wp\/v2\/pages\/11886\/revisions\/19306"}],"wp:attachment":[{"href":"https:\/\/famaliving.ca\/fr\/wp-json\/wp\/v2\/media?parent=11886"}],"curies":[{"name":"wp","href":"https:\/\/api.w.org\/{rel}","templated":true}]}}