{"id":11890,"date":"2023-12-27T15:53:18","date_gmt":"2023-12-27T20:53:18","guid":{"rendered":"https:\/\/famaliving.walkinclosetcanada.com\/conseil-en-design-dinterieur\/"},"modified":"2025-03-13T14:40:08","modified_gmt":"2025-03-13T18:40:08","slug":"conseil-en-design-dinterieur","status":"publish","type":"page","link":"https:\/\/famaliving.ca\/fr\/conseil-en-design-dinterieur\/","title":{"rendered":"Conseil en design d&rsquo;interieur"},"content":{"rendered":"\t\t<div data-elementor-type=\"wp-page\" data-elementor-id=\"11890\" class=\"elementor elementor-11890 elementor-8373\" data-elementor-post-type=\"page\">\n\t\t\t\t<div class=\"elementor-element elementor-element-1d9c5f8 e-flex e-con-boxed e-con e-parent\" data-id=\"1d9c5f8\" data-element_type=\"container\" data-e-type=\"container\">\n\t\t\t\t\t<div class=\"e-con-inner\">\n\t\t\t\t\t<\/div>\n\t\t\t\t<\/div>\n\t\t<div class=\"elementor-element elementor-element-677d82c e-flex e-con-boxed e-con e-parent\" data-id=\"677d82c\" data-element_type=\"container\" data-e-type=\"container\">\n\t\t\t\t\t<div class=\"e-con-inner\">\n\t\t<div class=\"elementor-element elementor-element-540da56 e-flex e-con-boxed e-con e-child\" data-id=\"540da56\" data-element_type=\"container\" data-e-type=\"container\">\n\t\t\t\t\t<div class=\"e-con-inner\">\n\t\t<div class=\"elementor-element elementor-element-cac1d0b e-con-full e-flex e-con e-child\" data-id=\"cac1d0b\" data-element_type=\"container\" data-e-type=\"container\">\n\t\t\t\t<div class=\"elementor-element elementor-element-8c7fdb2 elementor-widget elementor-widget-heading\" data-id=\"8c7fdb2\" data-element_type=\"widget\" data-e-type=\"widget\" data-widget_type=\"heading.default\">\n\t\t\t\t\t\t<div class=\"elementor-widget-container\">\n\t\t\t\t\t<h2 class=\"elementor-heading-title elementor-size-default\">Conseil en design d'int\u00e9rieur <\/h2>\t\t\t\t<\/div>\n\t\t\t\t<\/div>\n\t\t\t\t<\/div>\n\t\t\t\t\t<\/div>\n\t\t\t\t<\/div>\n\t\t\t\t\t<\/div>\n\t\t\t\t<\/div>\n\t\t<div class=\"elementor-element elementor-element-70d8e60 e-flex e-con-boxed e-con e-parent\" data-id=\"70d8e60\" data-element_type=\"container\" data-e-type=\"container\">\n\t\t\t\t\t<div class=\"e-con-inner\">\n\t\t<div class=\"elementor-element elementor-element-400ddfd e-con-full e-flex e-con e-child\" data-id=\"400ddfd\" data-element_type=\"container\" data-e-type=\"container\">\n\t\t\t\t<div class=\"elementor-element elementor-element-9a9623d elementor-widget elementor-widget-text-editor\" data-id=\"9a9623d\" data-element_type=\"widget\" data-e-type=\"widget\" data-widget_type=\"text-editor.default\">\n\t\t\t\t\t\t<div class=\"elementor-widget-container\">\n\t\t\t\t\t\t\t\t\t<p>Le design d&rsquo;int\u00e9rieur influence profond\u00e9ment notre quotidien, refl\u00e9tant les go\u00fbts personnels et am\u00e9liorant le confort. Famaliving se distingue dans ce domaine gr\u00e2ce \u00e0 son engagement envers la personnalisation et la qualit\u00e9 artisanale de ses meubles. Originaire d&rsquo;Espagne, chaque pi\u00e8ce incarne un savoir-faire m\u00e9ticuleux, con\u00e7ue pour rehausser tout espace avec confort et style. Avec son expansion en Am\u00e9rique du Nord, d\u00e9butant avec son premier magasin \u00e0 Montr\u00e9al en 2004, Famaliving a fait le pont entre l&rsquo;\u00e9l\u00e9gance europ\u00e9enne et la praticit\u00e9 nord-am\u00e9ricaine.<\/p><p>Contrairement aux marques typiques, Famaliving ne vend pas ses meubles exclusifs en ligne \u00e0 l&rsquo;\u00e9chelle mondiale, soulignant l&rsquo;importance de la personnalisation et des conseils d&rsquo;experts dans le processus de s\u00e9lection. Cependant, dans un mouvement pionnier, le Canada propose un service de commande en ligne \u00e0 travers le Club VIP Famaliving, fusionnant la commodit\u00e9 avec la personnalisation embl\u00e9matique de la marque, assurant que chaque pi\u00e8ce s&rsquo;adapte parfaitement \u00e0 la maison et au mode de vie de l&rsquo;acheteur.<\/p><p><strong>Discutez de vos pr\u00e9f\u00e9rences en mati\u00e8re de style et de design, des dimensions et des contraintes d&rsquo;espace avec nos concepteurs qui vous aideront \u00e0 choisir le mod\u00e8le qui vous convient le mieux.<\/strong><\/p>\t\t\t\t\t\t\t\t<\/div>\n\t\t\t\t<\/div>\n\t\t\t\t<div class=\"elementor-element elementor-element-acf6d1b elementor-align-center elementor-widget elementor-widget-button\" data-id=\"acf6d1b\" data-element_type=\"widget\" data-e-type=\"widget\" data-widget_type=\"button.default\">\n\t\t\t\t\t\t<div class=\"elementor-widget-container\">\n\t\t\t\t\t\t\t\t\t<div class=\"elementor-button-wrapper\">\n\t\t\t\t\t<a class=\"elementor-button elementor-button-link elementor-size-xl\" href=\"\/fr\/reservation\/\">\n\t\t\t\t\t\t<span class=\"elementor-button-content-wrapper\">\n\t\t\t\t\t\t<span class=\"elementor-button-icon\">\n\t\t\t\t<svg aria-hidden=\"true\" class=\"e-font-icon-svg e-fas-swatchbook\" viewBox=\"0 0 512 512\" xmlns=\"http:\/\/www.w3.org\/2000\/svg\"><path d=\"M434.66,167.71h0L344.5,77.36a31.83,31.83,0,0,0-45-.07h0l-.07.07L224,152.88V424L434.66,212.9A32,32,0,0,0,434.66,167.71ZM480,320H373.09L186.68,506.51c-2.06,2.07-4.5,3.58-6.68,5.49H480a32,32,0,0,0,32-32V352A32,32,0,0,0,480,320ZM192,32A32,32,0,0,0,160,0H32A32,32,0,0,0,0,32V416a96,96,0,0,0,192,0ZM96,440a24,24,0,1,1,24-24A24,24,0,0,1,96,440Zm32-184H64V192h64Zm0-128H64V64h64Z\"><\/path><\/svg>\t\t\t<\/span>\n\t\t\t\t\t\t\t\t\t<span class=\"elementor-button-text\">Prendre un rendez-vous \u00e0 la salle de montre<\/span>\n\t\t\t\t\t<\/span>\n\t\t\t\t\t<\/a>\n\t\t\t\t<\/div>\n\t\t\t\t\t\t\t\t<\/div>\n\t\t\t\t<\/div>\n\t\t\t\t<\/div>\n\t\t<div class=\"elementor-element elementor-element-5b5692d e-con-full e-flex e-con e-child\" data-id=\"5b5692d\" data-element_type=\"container\" data-e-type=\"container\">\n\t\t\t\t<div class=\"elementor-element elementor-element-95731d6 elementor-widget elementor-widget-image\" data-id=\"95731d6\" data-element_type=\"widget\" data-e-type=\"widget\" data-widget_type=\"image.default\">\n\t\t\t\t\t\t<div class=\"elementor-widget-container\">\n\t\t\t\t\t\t\t\t\t\t\t\t\t\t\t<img loading=\"lazy\" decoding=\"async\" width=\"1400\" height=\"733\" src=\"https:\/\/famaliving.ca\/wp-content\/uploads\/sites\/29\/variables00008.jpg\" class=\"attachment-large size-large wp-image-11363\" alt=\"\" srcset=\"https:\/\/famaliving.ca\/wp-content\/uploads\/sites\/29\/variables00008.jpg 1600w, https:\/\/famaliving.ca\/wp-content\/uploads\/sites\/29\/variables00008-800x419.jpg 800w, https:\/\/famaliving.ca\/wp-content\/uploads\/sites\/29\/variables00008-400x210.jpg 400w, https:\/\/famaliving.ca\/wp-content\/uploads\/sites\/29\/variables00008-768x402.jpg 768w, https:\/\/famaliving.ca\/wp-content\/uploads\/sites\/29\/variables00008-1536x804.jpg 1536w\" sizes=\"auto, (max-width: 1400px) 100vw, 1400px\" \/>\t\t\t\t\t\t\t\t\t\t\t\t\t\t\t<\/div>\n\t\t\t\t<\/div>\n\t\t\t\t<\/div>\n\t\t\t\t\t<\/div>\n\t\t\t\t<\/div>\n\t\t<div class=\"elementor-element elementor-element-178bac8 e-flex e-con-boxed e-con e-parent\" data-id=\"178bac8\" data-element_type=\"container\" data-e-type=\"container\">\n\t\t\t\t\t<div class=\"e-con-inner\">\n\t\t\t\t<div class=\"elementor-element elementor-element-6ff01ff elementor-widget elementor-widget-spacer\" data-id=\"6ff01ff\" data-element_type=\"widget\" data-e-type=\"widget\" data-widget_type=\"spacer.default\">\n\t\t\t\t\t\t<div class=\"elementor-widget-container\">\n\t\t\t\t\t\t\t<div class=\"elementor-spacer\">\n\t\t\t<div class=\"elementor-spacer-inner\"><\/div>\n\t\t<\/div>\n\t\t\t\t\t\t<\/div>\n\t\t\t\t<\/div>\n\t\t\t\t\t<\/div>\n\t\t\t\t<\/div>\n\t\t\t\t<\/div>\n\t\t","protected":false},"excerpt":{"rendered":"<p>Conseil en design d&rsquo;int\u00e9rieur Le design d&rsquo;int\u00e9rieur influence profond\u00e9ment notre quotidien, refl\u00e9tant les go\u00fbts personnels et am\u00e9liorant le confort. Famaliving se distingue dans ce domaine gr\u00e2ce \u00e0 son engagement envers la personnalisation et la qualit\u00e9 artisanale de ses meubles. Originaire d&rsquo;Espagne, chaque pi\u00e8ce incarne un savoir-faire m\u00e9ticuleux, con\u00e7ue pour rehausser tout espace avec confort et [&hellip;]<\/p>\n","protected":false},"author":1,"featured_media":0,"parent":0,"menu_order":0,"comment_status":"closed","ping_status":"closed","template":"","meta":{"_acf_changed":false,"site-sidebar-layout":"no-sidebar","site-content-layout":"page-builder","ast-site-content-layout":"full-width-container","site-content-style":"unboxed","site-sidebar-style":"unboxed","ast-global-header-display":"","ast-banner-title-visibility":"","ast-main-header-display":"","ast-hfb-above-header-display":"","ast-hfb-below-header-display":"","ast-hfb-mobile-header-display":"","site-post-title":"disabled","ast-breadcrumbs-content":"","ast-featured-img":"disabled","footer-sml-layout":"","ast-disable-related-posts":"","theme-transparent-header-meta":"","adv-header-id-meta":"","stick-header-meta":"","header-above-stick-meta":"","header-main-stick-meta":"","header-below-stick-meta":"","astra-migrate-meta-layouts":"default","ast-page-background-enabled":"default","ast-page-background-meta":{"desktop":{"background-color":"var(--ast-global-color-4)","background-image":"","background-repeat":"repeat","background-position":"center center","background-size":"auto","background-attachment":"scroll","background-type":"","background-media":"","overlay-type":"","overlay-color":"","overlay-opacity":"","overlay-gradient":""},"tablet":{"background-color":"","background-image":"","background-repeat":"repeat","background-position":"center center","background-size":"auto","background-attachment":"scroll","background-type":"","background-media":"","overlay-type":"","overlay-color":"","overlay-opacity":"","overlay-gradient":""},"mobile":{"background-color":"","background-image":"","background-repeat":"repeat","background-position":"center center","background-size":"auto","background-attachment":"scroll","background-type":"","background-media":"","overlay-type":"","overlay-color":"","overlay-opacity":"","overlay-gradient":""}},"ast-content-background-meta":{"desktop":{"background-color":"var(--ast-global-color-5)","background-image":"","background-repeat":"repeat","background-position":"center center","background-size":"auto","background-attachment":"scroll","background-type":"","background-media":"","overlay-type":"","overlay-color":"","overlay-opacity":"","overlay-gradient":""},"tablet":{"background-color":"var(--ast-global-color-5)","background-image":"","background-repeat":"repeat","background-position":"center center","background-size":"auto","background-attachment":"scroll","background-type":"","background-media":"","overlay-type":"","overlay-color":"","overlay-opacity":"","overlay-gradient":""},"mobile":{"background-color":"var(--ast-global-color-5)","background-image":"","background-repeat":"repeat","background-position":"center center","background-size":"auto","background-attachment":"scroll","background-type":"","background-media":"","overlay-type":"","overlay-color":"","overlay-opacity":"","overlay-gradient":""}},"footnotes":""},"class_list":["post-11890","page","type-page","status-publish","hentry"],"acf":[],"_links":{"self":[{"href":"https:\/\/famaliving.ca\/fr\/wp-json\/wp\/v2\/pages\/11890","targetHints":{"allow":["GET"]}}],"collection":[{"href":"https:\/\/famaliving.ca\/fr\/wp-json\/wp\/v2\/pages"}],"about":[{"href":"https:\/\/famaliving.ca\/fr\/wp-json\/wp\/v2\/types\/page"}],"author":[{"embeddable":true,"href":"https:\/\/famaliving.ca\/fr\/wp-json\/wp\/v2\/users\/1"}],"replies":[{"embeddable":true,"href":"https:\/\/famaliving.ca\/fr\/wp-json\/wp\/v2\/comments?post=11890"}],"version-history":[{"count":22,"href":"https:\/\/famaliving.ca\/fr\/wp-json\/wp\/v2\/pages\/11890\/revisions"}],"predecessor-version":[{"id":28975,"href":"https:\/\/famaliving.ca\/fr\/wp-json\/wp\/v2\/pages\/11890\/revisions\/28975"}],"wp:attachment":[{"href":"https:\/\/famaliving.ca\/fr\/wp-json\/wp\/v2\/media?parent=11890"}],"curies":[{"name":"wp","href":"https:\/\/api.w.org\/{rel}","templated":true}]}}