{"id":11896,"date":"2023-12-29T13:47:30","date_gmt":"2023-12-29T18:47:30","guid":{"rendered":"https:\/\/famaliving.walkinclosetcanada.com\/conception-modulaire\/"},"modified":"2024-03-14T13:51:11","modified_gmt":"2024-03-14T17:51:11","slug":"conception-modulaire","status":"publish","type":"page","link":"https:\/\/famaliving.ca\/fr\/conception-modulaire\/","title":{"rendered":"Personnalisez une solution d&rsquo;assise avec les modules d&rsquo;ameublement de Famaliving Montr\u00e9al"},"content":{"rendered":"\t\t<div data-elementor-type=\"wp-page\" data-elementor-id=\"11896\" class=\"elementor elementor-11896 elementor-8584\" data-elementor-post-type=\"page\">\n\t\t\t\t<div class=\"elementor-element elementor-element-677d82c e-flex e-con-boxed e-con e-parent\" data-id=\"677d82c\" data-element_type=\"container\" data-e-type=\"container\">\n\t\t\t\t\t<div class=\"e-con-inner\">\n\t\t<div class=\"elementor-element elementor-element-540da56 e-flex e-con-boxed e-con e-child\" data-id=\"540da56\" data-element_type=\"container\" data-e-type=\"container\">\n\t\t\t\t\t<div class=\"e-con-inner\">\n\t\t<div class=\"elementor-element elementor-element-cac1d0b e-con-full e-flex e-con e-child\" data-id=\"cac1d0b\" data-element_type=\"container\" data-e-type=\"container\">\n\t\t\t\t<div class=\"elementor-element elementor-element-8c7fdb2 elementor-widget elementor-widget-heading\" data-id=\"8c7fdb2\" data-element_type=\"widget\" data-e-type=\"widget\" data-widget_type=\"heading.default\">\n\t\t\t\t\t\t<div class=\"elementor-widget-container\">\n\t\t\t\t\t<h2 class=\"elementor-heading-title elementor-size-default\">La philosophie modulaire<\/h2>\t\t\t\t<\/div>\n\t\t\t\t<\/div>\n\t\t\t\t<div class=\"elementor-element elementor-element-850b007 elementor-widget elementor-widget-video\" data-id=\"850b007\" data-element_type=\"widget\" data-e-type=\"widget\" data-settings=\"{&quot;youtube_url&quot;:&quot;https:\\\/\\\/www.youtube.com\\\/watch?v=JJYJieiJhSk&quot;,&quot;autoplay&quot;:&quot;yes&quot;,&quot;mute&quot;:&quot;yes&quot;,&quot;video_type&quot;:&quot;youtube&quot;,&quot;controls&quot;:&quot;yes&quot;}\" data-widget_type=\"video.default\">\n\t\t\t\t\t\t<div class=\"elementor-widget-container\">\n\t\t\t\t\t\t\t<div class=\"elementor-wrapper elementor-open-inline\">\n\t\t\t<div class=\"elementor-video\"><\/div>\t\t<\/div>\n\t\t\t\t\t\t<\/div>\n\t\t\t\t<\/div>\n\t\t<div class=\"elementor-element elementor-element-0fdfeee e-con-full e-flex e-con e-child\" data-id=\"0fdfeee\" data-element_type=\"container\" data-e-type=\"container\">\n\t\t<div class=\"elementor-element elementor-element-cffafe6 e-con-full e-flex e-con e-child\" data-id=\"cffafe6\" data-element_type=\"container\" data-e-type=\"container\">\n\t\t\t\t<div class=\"elementor-element elementor-element-eaf3225 elementor-widget elementor-widget-text-editor\" data-id=\"eaf3225\" data-element_type=\"widget\" data-e-type=\"widget\" data-widget_type=\"text-editor.default\">\n\t\t\t\t\t\t<div class=\"elementor-widget-container\">\n\t\t\t\t\t\t\t\t\t<h3>Modulaire par conception<\/h3>\n<p>Le concept modulaire des canap\u00e9s Famaliving permet un large \u00e9ventail de configurations, r\u00e9pondant ainsi aux besoins de divers espaces et styles de vie. Les clients peuvent m\u00e9langer et assortir diff\u00e9rents modules \u2013 des chaises aux accoudoirs, des pi\u00e8ces d\u2019angle aux poufs \u2013 pour\u00a0<strong>cr\u00e9er une solution d\u2019assise personnalis\u00e9e qui s\u2019adapte parfaitement \u00e0 leur espace de vie.<\/strong><\/p>\n<p>La beaut\u00e9 de la conception modulaire de Famaliving r\u00e9side dans sa flexibilit\u00e9. Qu\u2019il s\u2019agisse d\u2019un coin douillet pour les petits appartements ou d\u2019un vaste sectionnel pour les grandes salles familiales, ces canap\u00e9s s\u2019adaptent sans probl\u00e8me.<\/p>\n\t\t\t\t\t\t\t\t<\/div>\n\t\t\t\t<\/div>\n\t\t\t\t<\/div>\n\t\t\t\t<\/div>\n\t\t\t\t<\/div>\n\t\t\t\t\t<\/div>\n\t\t\t\t<\/div>\n\t\t\t\t\t<\/div>\n\t\t\t\t<\/div>\n\t\t\t\t<\/div>\n\t\t","protected":false},"excerpt":{"rendered":"<p>La philosophie modulaire https:\/\/www.youtube.com\/watch?v=JJYJieiJhSk Modulaire par conception Le concept modulaire des canap\u00e9s Famaliving permet un large \u00e9ventail de configurations, r\u00e9pondant ainsi aux besoins de divers espaces et styles de vie. Les clients peuvent m\u00e9langer et assortir diff\u00e9rents modules \u2013 des chaises aux accoudoirs, des pi\u00e8ces d\u2019angle aux poufs \u2013 pour\u00a0cr\u00e9er une solution d\u2019assise personnalis\u00e9e qui [&hellip;]<\/p>\n","protected":false},"author":1,"featured_media":0,"parent":0,"menu_order":0,"comment_status":"closed","ping_status":"closed","template":"","meta":{"_acf_changed":false,"site-sidebar-layout":"no-sidebar","site-content-layout":"page-builder","ast-site-content-layout":"full-width-container","site-content-style":"unboxed","site-sidebar-style":"unboxed","ast-global-header-display":"","ast-banner-title-visibility":"","ast-main-header-display":"","ast-hfb-above-header-display":"","ast-hfb-below-header-display":"","ast-hfb-mobile-header-display":"","site-post-title":"disabled","ast-breadcrumbs-content":"","ast-featured-img":"disabled","footer-sml-layout":"","ast-disable-related-posts":"","theme-transparent-header-meta":"","adv-header-id-meta":"","stick-header-meta":"","header-above-stick-meta":"","header-main-stick-meta":"","header-below-stick-meta":"","astra-migrate-meta-layouts":"default","ast-page-background-enabled":"default","ast-page-background-meta":{"desktop":{"background-color":"var(--ast-global-color-4)","background-image":"","background-repeat":"repeat","background-position":"center center","background-size":"auto","background-attachment":"scroll","background-type":"","background-media":"","overlay-type":"","overlay-color":"","overlay-opacity":"","overlay-gradient":""},"tablet":{"background-color":"","background-image":"","background-repeat":"repeat","background-position":"center center","background-size":"auto","background-attachment":"scroll","background-type":"","background-media":"","overlay-type":"","overlay-color":"","overlay-opacity":"","overlay-gradient":""},"mobile":{"background-color":"","background-image":"","background-repeat":"repeat","background-position":"center center","background-size":"auto","background-attachment":"scroll","background-type":"","background-media":"","overlay-type":"","overlay-color":"","overlay-opacity":"","overlay-gradient":""}},"ast-content-background-meta":{"desktop":{"background-color":"var(--ast-global-color-5)","background-image":"","background-repeat":"repeat","background-position":"center center","background-size":"auto","background-attachment":"scroll","background-type":"","background-media":"","overlay-type":"","overlay-color":"","overlay-opacity":"","overlay-gradient":""},"tablet":{"background-color":"var(--ast-global-color-5)","background-image":"","background-repeat":"repeat","background-position":"center center","background-size":"auto","background-attachment":"scroll","background-type":"","background-media":"","overlay-type":"","overlay-color":"","overlay-opacity":"","overlay-gradient":""},"mobile":{"background-color":"var(--ast-global-color-5)","background-image":"","background-repeat":"repeat","background-position":"center center","background-size":"auto","background-attachment":"scroll","background-type":"","background-media":"","overlay-type":"","overlay-color":"","overlay-opacity":"","overlay-gradient":""}},"footnotes":""},"class_list":["post-11896","page","type-page","status-publish","hentry"],"acf":[],"_links":{"self":[{"href":"https:\/\/famaliving.ca\/fr\/wp-json\/wp\/v2\/pages\/11896","targetHints":{"allow":["GET"]}}],"collection":[{"href":"https:\/\/famaliving.ca\/fr\/wp-json\/wp\/v2\/pages"}],"about":[{"href":"https:\/\/famaliving.ca\/fr\/wp-json\/wp\/v2\/types\/page"}],"author":[{"embeddable":true,"href":"https:\/\/famaliving.ca\/fr\/wp-json\/wp\/v2\/users\/1"}],"replies":[{"embeddable":true,"href":"https:\/\/famaliving.ca\/fr\/wp-json\/wp\/v2\/comments?post=11896"}],"version-history":[{"count":3,"href":"https:\/\/famaliving.ca\/fr\/wp-json\/wp\/v2\/pages\/11896\/revisions"}],"predecessor-version":[{"id":15251,"href":"https:\/\/famaliving.ca\/fr\/wp-json\/wp\/v2\/pages\/11896\/revisions\/15251"}],"wp:attachment":[{"href":"https:\/\/famaliving.ca\/fr\/wp-json\/wp\/v2\/media?parent=11896"}],"curies":[{"name":"wp","href":"https:\/\/api.w.org\/{rel}","templated":true}]}}