{"id":11898,"date":"2023-12-27T14:49:03","date_gmt":"2023-12-27T19:49:03","guid":{"rendered":"https:\/\/famaliving.walkinclosetcanada.com\/choix-de-plus-de-1-000-tissus\/"},"modified":"2025-01-20T12:48:28","modified_gmt":"2025-01-20T17:48:28","slug":"choix-de-plus-de-1-000-tissus","status":"publish","type":"page","link":"https:\/\/famaliving.ca\/fr\/choix-de-plus-de-1-000-tissus\/","title":{"rendered":"D\u00e9couvrez l&rsquo;ultime s\u00e9lection de tissus avec plus de 1000 choix disponibles, pour que vos meubles refl\u00e8tent votre style unique !"},"content":{"rendered":"\t\t<div data-elementor-type=\"wp-page\" data-elementor-id=\"11898\" class=\"elementor elementor-11898 elementor-8324\" data-elementor-post-type=\"page\">\n\t\t\t\t<div class=\"elementor-element elementor-element-677d82c e-flex e-con-boxed e-con e-parent\" data-id=\"677d82c\" data-element_type=\"container\" data-e-type=\"container\">\n\t\t\t\t\t<div class=\"e-con-inner\">\n\t\t<div class=\"elementor-element elementor-element-540da56 e-flex e-con-boxed e-con e-child\" data-id=\"540da56\" data-element_type=\"container\" data-e-type=\"container\">\n\t\t\t\t\t<div class=\"e-con-inner\">\n\t\t<div class=\"elementor-element elementor-element-cac1d0b e-con-full e-flex e-con e-child\" data-id=\"cac1d0b\" data-element_type=\"container\" data-e-type=\"container\">\n\t\t\t\t<div class=\"elementor-element elementor-element-8c7fdb2 elementor-widget elementor-widget-heading\" data-id=\"8c7fdb2\" data-element_type=\"widget\" data-e-type=\"widget\" data-widget_type=\"heading.default\">\n\t\t\t\t\t\t<div class=\"elementor-widget-container\">\n\t\t\t\t\t<h2 class=\"elementor-heading-title elementor-size-default\">Choisissez parmi plus de 1000 tissus diff\u00e9rents dans notre catalogue !\n<\/h2>\t\t\t\t<\/div>\n\t\t\t\t<\/div>\n\t\t\t\t<\/div>\n\t\t\t\t\t<\/div>\n\t\t\t\t<\/div>\n\t\t\t\t\t<\/div>\n\t\t\t\t<\/div>\n\t\t<div class=\"elementor-element elementor-element-70d8e60 e-flex e-con-boxed e-con e-parent\" data-id=\"70d8e60\" data-element_type=\"container\" data-e-type=\"container\">\n\t\t\t\t\t<div class=\"e-con-inner\">\n\t\t<div class=\"elementor-element elementor-element-400ddfd e-con-full e-flex e-con e-child\" data-id=\"400ddfd\" data-element_type=\"container\" data-e-type=\"container\">\n\t\t\t\t<div class=\"elementor-element elementor-element-9a9623d elementor-widget elementor-widget-text-editor\" data-id=\"9a9623d\" data-element_type=\"widget\" data-e-type=\"widget\" data-widget_type=\"text-editor.default\">\n\t\t\t\t\t\t<div class=\"elementor-widget-container\">\n\t\t\t\t\t\t\t\t\t<p>D\u00e9couvrez notre extraordinaire gamme de tissus d&rsquo;ameublement personnalisables, parfaits pour personnaliser vos canap\u00e9s et fauteuils. <strong>Avec plus de 1000 mati\u00e8res diff\u00e9rentes dans notre collection<\/strong>, vous avez la libert\u00e9 de choisir un tissu qui refl\u00e8te vraiment votre style.<\/p>\n<p>Chaque ann\u00e9e, nous d\u00e9voilons une nouvelle collection de tissus, captivant constamment nos clients avec des designs innovants et des couleurs vibrantes. Notre engagement en faveur de la cr\u00e9ation de tissus uniques signifie que nous <strong>collaborons souvent avec des designers et des artistes pour donner vie \u00e0 des collections d&rsquo;imprim\u00e9s exclusives<\/strong>. En outre, nos tissus unis exclusifs, fabriqu\u00e9s sp\u00e9cifiquement pour notre marque, poss\u00e8dent des qualit\u00e9s distinctives que l&rsquo;on ne trouve pas couramment sur le march\u00e9.<\/p>\n<p>Notre gamme de tissus r\u00e9pond \u00e0 toutes les pr\u00e9f\u00e9rences et \u00e0 toutes les exigences. Des mat\u00e9riaux naturels qui ajoutent une touche d&rsquo;\u00e9l\u00e9gance aux options synth\u00e9tiques connues pour leur facilit\u00e9 d&rsquo;entretien et leur durabilit\u00e9 accrue, nous en avons pour tous les go\u00fbts.<\/p>\n<p>Notre <strong>ligne de tissus Recover, fabriqu\u00e9e \u00e0 partir de mat\u00e9riaux 100 % recycl\u00e9s, comprend du polyester provenant de bouteilles en plastique PET et du coton provenant de v\u00eatements r\u00e9utilis\u00e9s<\/strong>, ce qui souligne notre engagement en faveur du d\u00e9veloppement durable.<\/p>\n<h2><img loading=\"lazy\" decoding=\"async\" class=\"size-full wp-image-8330 aligncenter\" src=\"http:\/\/famaliving.walkinclosetcanada.com\/wp-content\/uploads\/fama-enviroment.png\" alt=\"\" width=\"564\" height=\"175\" srcset=\"https:\/\/famaliving.ca\/wp-content\/uploads\/sites\/29\/fama-enviroment.png 564w, https:\/\/famaliving.ca\/wp-content\/uploads\/sites\/29\/fama-enviroment-400x124.png 400w\" sizes=\"auto, (max-width: 564px) 100vw, 564px\" \/><\/h2>\n<p>En outre, <strong>nos tissus sont exempts de PFC, des substances chimiques nocives<\/strong> souvent utilis\u00e9es dans les traitements antitaches ou faciles \u00e0 nettoyer, ce qui garantit la s\u00e9curit\u00e9 des \u00eatres humains, des animaux et de l&rsquo;environnement. D\u00e9couvrez la diff\u00e9rence avec nos tissus d&rsquo;ameublement personnalisables, con\u00e7us pour r\u00e9pondre \u00e0 tous les go\u00fbts et \u00e0 tous les besoins.<\/p>\n\t\t\t\t\t\t\t\t<\/div>\n\t\t\t\t<\/div>\n\t\t\t\t<\/div>\n\t\t<div class=\"elementor-element elementor-element-5b5692d e-con-full e-flex e-con e-child\" data-id=\"5b5692d\" data-element_type=\"container\" data-e-type=\"container\">\n\t\t\t\t<div class=\"elementor-element elementor-element-a1a64f9 elementor-widget elementor-widget-video\" data-id=\"a1a64f9\" data-element_type=\"widget\" data-e-type=\"widget\" data-settings=\"{&quot;autoplay&quot;:&quot;yes&quot;,&quot;play_on_mobile&quot;:&quot;yes&quot;,&quot;mute&quot;:&quot;yes&quot;,&quot;video_type&quot;:&quot;hosted&quot;,&quot;controls&quot;:&quot;yes&quot;}\" data-widget_type=\"video.default\">\n\t\t\t\t\t\t<div class=\"elementor-widget-container\">\n\t\t\t\t\t\t\t<div class=\"e-hosted-video elementor-wrapper elementor-open-inline\">\n\t\t\t\t\t<video class=\"elementor-video\" src=\"https:\/\/famaliving.ca\/wp-content\/uploads\/sites\/29\/EN-3D-Simulator-Customisation.mp4-1.mp4\" autoplay=\"\" controls=\"\" muted=\"muted\" playsinline=\"\" controlsList=\"nodownload\"><\/video>\n\t\t\t\t<\/div>\n\t\t\t\t\t\t<\/div>\n\t\t\t\t<\/div>\n\t\t\t\t<\/div>\n\t\t\t\t\t<\/div>\n\t\t\t\t<\/div>\n\t\t\t\t<\/div>\n\t\t","protected":false},"excerpt":{"rendered":"<p>Choisissez parmi plus de 1000 tissus diff\u00e9rents dans notre catalogue ! D\u00e9couvrez notre extraordinaire gamme de tissus d&rsquo;ameublement personnalisables, parfaits pour personnaliser vos canap\u00e9s et fauteuils. Avec plus de 1000 mati\u00e8res diff\u00e9rentes dans notre collection, vous avez la libert\u00e9 de choisir un tissu qui refl\u00e8te vraiment votre style. Chaque ann\u00e9e, nous d\u00e9voilons une nouvelle collection [&hellip;]<\/p>\n","protected":false},"author":1,"featured_media":0,"parent":0,"menu_order":0,"comment_status":"closed","ping_status":"closed","template":"","meta":{"_acf_changed":false,"site-sidebar-layout":"no-sidebar","site-content-layout":"page-builder","ast-site-content-layout":"full-width-container","site-content-style":"unboxed","site-sidebar-style":"unboxed","ast-global-header-display":"","ast-banner-title-visibility":"","ast-main-header-display":"","ast-hfb-above-header-display":"","ast-hfb-below-header-display":"","ast-hfb-mobile-header-display":"","site-post-title":"disabled","ast-breadcrumbs-content":"","ast-featured-img":"disabled","footer-sml-layout":"","ast-disable-related-posts":"","theme-transparent-header-meta":"","adv-header-id-meta":"","stick-header-meta":"","header-above-stick-meta":"","header-main-stick-meta":"","header-below-stick-meta":"","astra-migrate-meta-layouts":"default","ast-page-background-enabled":"default","ast-page-background-meta":{"desktop":{"background-color":"var(--ast-global-color-4)","background-image":"","background-repeat":"repeat","background-position":"center center","background-size":"auto","background-attachment":"scroll","background-type":"","background-media":"","overlay-type":"","overlay-color":"","overlay-opacity":"","overlay-gradient":""},"tablet":{"background-color":"","background-image":"","background-repeat":"repeat","background-position":"center center","background-size":"auto","background-attachment":"scroll","background-type":"","background-media":"","overlay-type":"","overlay-color":"","overlay-opacity":"","overlay-gradient":""},"mobile":{"background-color":"","background-image":"","background-repeat":"repeat","background-position":"center center","background-size":"auto","background-attachment":"scroll","background-type":"","background-media":"","overlay-type":"","overlay-color":"","overlay-opacity":"","overlay-gradient":""}},"ast-content-background-meta":{"desktop":{"background-color":"var(--ast-global-color-5)","background-image":"","background-repeat":"repeat","background-position":"center center","background-size":"auto","background-attachment":"scroll","background-type":"","background-media":"","overlay-type":"","overlay-color":"","overlay-opacity":"","overlay-gradient":""},"tablet":{"background-color":"var(--ast-global-color-5)","background-image":"","background-repeat":"repeat","background-position":"center center","background-size":"auto","background-attachment":"scroll","background-type":"","background-media":"","overlay-type":"","overlay-color":"","overlay-opacity":"","overlay-gradient":""},"mobile":{"background-color":"var(--ast-global-color-5)","background-image":"","background-repeat":"repeat","background-position":"center center","background-size":"auto","background-attachment":"scroll","background-type":"","background-media":"","overlay-type":"","overlay-color":"","overlay-opacity":"","overlay-gradient":""}},"footnotes":""},"class_list":["post-11898","page","type-page","status-publish","hentry"],"acf":[],"_links":{"self":[{"href":"https:\/\/famaliving.ca\/fr\/wp-json\/wp\/v2\/pages\/11898","targetHints":{"allow":["GET"]}}],"collection":[{"href":"https:\/\/famaliving.ca\/fr\/wp-json\/wp\/v2\/pages"}],"about":[{"href":"https:\/\/famaliving.ca\/fr\/wp-json\/wp\/v2\/types\/page"}],"author":[{"embeddable":true,"href":"https:\/\/famaliving.ca\/fr\/wp-json\/wp\/v2\/users\/1"}],"replies":[{"embeddable":true,"href":"https:\/\/famaliving.ca\/fr\/wp-json\/wp\/v2\/comments?post=11898"}],"version-history":[{"count":13,"href":"https:\/\/famaliving.ca\/fr\/wp-json\/wp\/v2\/pages\/11898\/revisions"}],"predecessor-version":[{"id":24584,"href":"https:\/\/famaliving.ca\/fr\/wp-json\/wp\/v2\/pages\/11898\/revisions\/24584"}],"wp:attachment":[{"href":"https:\/\/famaliving.ca\/fr\/wp-json\/wp\/v2\/media?parent=11898"}],"curies":[{"name":"wp","href":"https:\/\/api.w.org\/{rel}","templated":true}]}}