{"id":11902,"date":"2024-01-07T20:50:45","date_gmt":"2024-01-08T01:50:45","guid":{"rendered":"https:\/\/famaliving.walkinclosetcanada.com\/confort-garanti-a-vie\/"},"modified":"2024-03-14T14:44:31","modified_gmt":"2024-03-14T18:44:31","slug":"confort-garanti-a-vie","status":"publish","type":"page","link":"https:\/\/famaliving.ca\/fr\/confort-garanti-a-vie\/","title":{"rendered":"Famaliving Montr\u00e9al : Garantie \u00e0 vie, confort d&rsquo;assise in\u00e9gal\u00e9"},"content":{"rendered":"\t\t<div data-elementor-type=\"wp-page\" data-elementor-id=\"11902\" class=\"elementor elementor-11902 elementor-9871\" data-elementor-post-type=\"page\">\n\t\t\t\t<div class=\"elementor-element elementor-element-677d82c e-flex e-con-boxed e-con e-parent\" data-id=\"677d82c\" data-element_type=\"container\" data-e-type=\"container\">\n\t\t\t\t\t<div class=\"e-con-inner\">\n\t\t<div class=\"elementor-element elementor-element-540da56 e-flex e-con-boxed e-con e-child\" data-id=\"540da56\" data-element_type=\"container\" data-e-type=\"container\">\n\t\t\t\t\t<div class=\"e-con-inner\">\n\t\t<div class=\"elementor-element elementor-element-cac1d0b e-con-full e-flex e-con e-child\" data-id=\"cac1d0b\" data-element_type=\"container\" data-e-type=\"container\">\n\t\t\t\t<div class=\"elementor-element elementor-element-8c7fdb2 elementor-widget elementor-widget-heading\" data-id=\"8c7fdb2\" data-element_type=\"widget\" data-e-type=\"widget\" data-widget_type=\"heading.default\">\n\t\t\t\t\t\t<div class=\"elementor-widget-container\">\n\t\t\t\t\t<h2 class=\"elementor-heading-title elementor-size-default\">Qualit\u00e9 d'assise et confort in\u00e9gal\u00e9s<\/h2>\t\t\t\t<\/div>\n\t\t\t\t<\/div>\n\t\t\t\t<div class=\"elementor-element elementor-element-6b8a56f elementor-headline--style-highlight elementor-widget elementor-widget-animated-headline\" data-id=\"6b8a56f\" data-element_type=\"widget\" data-e-type=\"widget\" data-settings=\"{&quot;marker&quot;:&quot;underline&quot;,&quot;highlighted_text&quot;:&quot;une garantie \\u00e0 vie&quot;,&quot;headline_style&quot;:&quot;highlight&quot;,&quot;loop&quot;:&quot;yes&quot;,&quot;highlight_animation_duration&quot;:1200,&quot;highlight_iteration_delay&quot;:8000}\" data-widget_type=\"animated-headline.default\">\n\t\t\t\t\t\t<div class=\"elementor-widget-container\">\n\t\t\t\t\t\t\t<h3 class=\"elementor-headline\">\n\t\t\t\t\t<span class=\"elementor-headline-plain-text elementor-headline-text-wrapper\">Nous sommes tellement convaincus de la fiabilit\u00e9 de nos r\u00e9seaux de si\u00e8ges que nous proposons les services suivants<\/span>\n\t\t\t\t<span class=\"elementor-headline-dynamic-wrapper elementor-headline-text-wrapper\">\n\t\t\t\t\t<span class=\"elementor-headline-dynamic-text elementor-headline-text-active\">une garantie \u00e0 vie<\/span>\n\t\t\t\t<\/span>\n\t\t\t\t\t<span class=\"elementor-headline-plain-text elementor-headline-text-wrapper\">sur eux !<\/span>\n\t\t\t\t\t<\/h3>\n\t\t\t\t\t\t<\/div>\n\t\t\t\t<\/div>\n\t\t\t\t<div class=\"elementor-element elementor-element-850b007 elementor-widget elementor-widget-video\" data-id=\"850b007\" data-element_type=\"widget\" data-e-type=\"widget\" data-settings=\"{&quot;autoplay&quot;:&quot;yes&quot;,&quot;mute&quot;:&quot;yes&quot;,&quot;video_type&quot;:&quot;vimeo&quot;}\" data-widget_type=\"video.default\">\n\t\t\t\t\t\t<div class=\"elementor-widget-container\">\n\t\t\t\t\t\t\t<div class=\"elementor-wrapper elementor-open-inline\">\n\t\t\t<iframe class=\"elementor-video-iframe\" allowfullscreen allow=\"autoplay\" title=\"Lecteur vid\u00e9o vimeo\" src=\"https:\/\/player.vimeo.com\/video\/828040154?autoplay=1&amp;color&amp;autopause=0&amp;loop=0&amp;muted=1&amp;title=1&amp;portrait=1&amp;byline=1#t=\"><\/iframe>\t\t<\/div>\n\t\t\t\t\t\t<\/div>\n\t\t\t\t<\/div>\n\t\t<div class=\"elementor-element elementor-element-0fdfeee e-con-full e-flex e-con e-child\" data-id=\"0fdfeee\" data-element_type=\"container\" data-e-type=\"container\">\n\t\t<div class=\"elementor-element elementor-element-535020e e-con-full e-flex e-con e-child\" data-id=\"535020e\" data-element_type=\"container\" data-e-type=\"container\">\n\t\t\t\t<div class=\"elementor-element elementor-element-49dfb9e elementor-widget elementor-widget-text-editor\" data-id=\"49dfb9e\" data-element_type=\"widget\" data-e-type=\"widget\" data-widget_type=\"text-editor.default\">\n\t\t\t\t\t\t<div class=\"elementor-widget-container\">\n\t\t\t\t\t\t\t\t\t<h3>S&rsquo;asseoir sur les nuages<\/h3>\n<h3><img loading=\"lazy\" decoding=\"async\" class=\"alignnone size-medium wp-image-9874\" src=\"http:\/\/famaliving.walkinclosetcanada.com\/wp-content\/uploads\/teseo-o-sillon-grande-fama-2023-baja-05-e1704678473431-800x800.webp\" alt=\"\" width=\"800\" height=\"800\" srcset=\"https:\/\/famaliving.ca\/wp-content\/uploads\/sites\/29\/teseo-o-sillon-grande-fama-2023-baja-05-e1704678473431-800x800.webp 800w, https:\/\/famaliving.ca\/wp-content\/uploads\/sites\/29\/teseo-o-sillon-grande-fama-2023-baja-05-e1704678473431-100x100.webp 100w, https:\/\/famaliving.ca\/wp-content\/uploads\/sites\/29\/teseo-o-sillon-grande-fama-2023-baja-05-e1704678473431-400x400.webp 400w, https:\/\/famaliving.ca\/wp-content\/uploads\/sites\/29\/teseo-o-sillon-grande-fama-2023-baja-05-e1704678473431-768x768.webp 768w, https:\/\/famaliving.ca\/wp-content\/uploads\/sites\/29\/teseo-o-sillon-grande-fama-2023-baja-05-e1704678473431.webp 999w\" sizes=\"auto, (max-width: 800px) 100vw, 800px\" \/><\/h3>\nNous avons r\u00e9alis\u00e9 une perc\u00e9e en mati\u00e8re de confort d&rsquo;assise, cr\u00e9ant une sensation proche de celle d&rsquo;\u00eatre assis sur un nuage. Cette avanc\u00e9e est le r\u00e9sultat d&rsquo;un projet de R&amp;D de plusieurs ann\u00e9es, qui a abouti \u00e0 un syst\u00e8me de si\u00e8ge qui s&rsquo;\u00e9carte des conceptions conventionnelles pour offrir un <strong>confort in\u00e9gal\u00e9 par rapport aux autres produits sur le march\u00e9<\/strong>. <img loading=\"lazy\" decoding=\"async\" class=\"wp-image-9251 aligncenter\" src=\"http:\/\/famaliving.walkinclosetcanada.com\/wp-content\/uploads\/sit-on-clouds-e1704396422203.webp\" alt=\"Canap\u00e9s les plus doux de Famaliving\" width=\"271\" height=\"148\" srcset=\"https:\/\/famaliving.ca\/wp-content\/uploads\/sites\/29\/sit-on-clouds-e1704396422203.webp 541w, https:\/\/famaliving.ca\/wp-content\/uploads\/sites\/29\/sit-on-clouds-e1704396422203-400x219.webp 400w\" sizes=\"auto, (max-width: 271px) 100vw, 271px\" \/>\t\t\t\t\t\t\t\t<\/div>\n\t\t\t\t<\/div>\n\t\t\t\t<\/div>\n\t\t<div class=\"elementor-element elementor-element-a242750 e-con-full e-flex e-con e-child\" data-id=\"a242750\" data-element_type=\"container\" data-e-type=\"container\">\n\t\t\t\t<div class=\"elementor-element elementor-element-ac52c18 elementor-widget elementor-widget-text-editor\" data-id=\"ac52c18\" data-element_type=\"widget\" data-e-type=\"widget\" data-widget_type=\"text-editor.default\">\n\t\t\t\t\t\t<div class=\"elementor-widget-container\">\n\t\t\t\t\t\t\t\t\t<h3>Le si\u00e8ge qui convient<\/h3>\n<h3><img loading=\"lazy\" decoding=\"async\" class=\"alignnone size-medium wp-image-9873\" src=\"http:\/\/famaliving.walkinclosetcanada.com\/wp-content\/uploads\/teseo-move-octogonal-1-800x800.webp\" alt=\"Profondeur d'assise r\u00e9glable du canap\u00e9 Teseo\" width=\"800\" height=\"800\" srcset=\"https:\/\/famaliving.ca\/wp-content\/uploads\/sites\/29\/teseo-move-octogonal-1-800x800.webp 800w, https:\/\/famaliving.ca\/wp-content\/uploads\/sites\/29\/teseo-move-octogonal-1-100x100.webp 100w, https:\/\/famaliving.ca\/wp-content\/uploads\/sites\/29\/teseo-move-octogonal-1-400x400.webp 400w, https:\/\/famaliving.ca\/wp-content\/uploads\/sites\/29\/teseo-move-octogonal-1-768x768.webp 768w, https:\/\/famaliving.ca\/wp-content\/uploads\/sites\/29\/teseo-move-octogonal-1.webp 1000w\" sizes=\"auto, (max-width: 800px) 100vw, 800px\" \/><\/h3>\n<p>Plusieurs de nos meubles int\u00e8grent un syst\u00e8me <strong>unique de r\u00e9glage de la profondeur du dossier,<\/strong> permettant \u00e0 un seul module d&rsquo;offrir deux styles d&rsquo;assise : standard et chaise.<\/p>\n<p>Les syst\u00e8mes de charni\u00e8res actuellement disponibles sur le march\u00e9 et con\u00e7us pour r\u00e9gler la position du dossier pr\u00e9sentent g\u00e9n\u00e9ralement un d\u00e9faut important : ils n\u00e9cessitent de d\u00e9couper le coussin d&rsquo;assise pour y loger le m\u00e9canisme de mouvement.<\/p>\n<p>Cependant, Famaliving a mis au point un syst\u00e8me de charni\u00e8re innovant. Cette nouvelle conception offre le m\u00eame niveau de fonctionnalit\u00e9 sans que le coussin d&rsquo;assise <strong>ne soit coup\u00e9 de mani\u00e8re visible<\/strong>.<\/p>\n\t\t\t\t\t\t\t\t<\/div>\n\t\t\t\t<\/div>\n\t\t\t\t<\/div>\n\t\t<div class=\"elementor-element elementor-element-cffafe6 e-con-full e-flex e-con e-child\" data-id=\"cffafe6\" data-element_type=\"container\" data-e-type=\"container\">\n\t\t\t\t<div class=\"elementor-element elementor-element-eaf3225 elementor-widget elementor-widget-text-editor\" data-id=\"eaf3225\" data-element_type=\"widget\" data-e-type=\"widget\" data-widget_type=\"text-editor.default\">\n\t\t\t\t\t\t<div class=\"elementor-widget-container\">\n\t\t\t\t\t\t\t\t\t<h3>Durabilit\u00e9 \u00e0 vie<\/h3>\n<h3><img loading=\"lazy\" decoding=\"async\" class=\"alignnone size-medium wp-image-9875\" src=\"http:\/\/famaliving.walkinclosetcanada.com\/wp-content\/uploads\/teseo-o-sillon-grande-fama-2023-baja-04-e1704678743923-800x800.webp\" alt=\"\" width=\"800\" height=\"800\" srcset=\"https:\/\/famaliving.ca\/wp-content\/uploads\/sites\/29\/teseo-o-sillon-grande-fama-2023-baja-04-e1704678743923-800x800.webp 800w, https:\/\/famaliving.ca\/wp-content\/uploads\/sites\/29\/teseo-o-sillon-grande-fama-2023-baja-04-e1704678743923-100x100.webp 100w, https:\/\/famaliving.ca\/wp-content\/uploads\/sites\/29\/teseo-o-sillon-grande-fama-2023-baja-04-e1704678743923-400x400.webp 400w, https:\/\/famaliving.ca\/wp-content\/uploads\/sites\/29\/teseo-o-sillon-grande-fama-2023-baja-04-e1704678743923-768x768.webp 768w, https:\/\/famaliving.ca\/wp-content\/uploads\/sites\/29\/teseo-o-sillon-grande-fama-2023-baja-04-e1704678743923.webp 999w\" sizes=\"auto, (max-width: 800px) 100vw, 800px\" \/><\/h3>\n<p>Il existe diff\u00e9rents types de suspension de l&rsquo;assise (\u00e0 ressorts ou \u00e0 sangles \u00e9lastiques), mais beaucoup d&rsquo;entre eux conduisent \u00e0 l&rsquo;affaissement des si\u00e8ges du canap\u00e9 au fil du temps. Cette question est absente de notre syst\u00e8me.<\/p>\n<p><strong>Chez Fama, nous \u00e9vitons ces syst\u00e8mes traditionnels. Au lieu de cela, nous utilisons le syst\u00e8me propri\u00e9taire NEA dans nos si\u00e8ges. <\/strong>Ce syst\u00e8me innovant de suspension du si\u00e8ge est fabriqu\u00e9 \u00e0 partir de mat\u00e9riaux de haute qualit\u00e9, garantissant une durabilit\u00e9 in\u00e9gal\u00e9e. Pour joindre l&rsquo;acte \u00e0 la parole, nous garantissons nos si\u00e8ges \u00e0 <strong>vie<\/strong>. <\/p>\n\t\t\t\t\t\t\t\t<\/div>\n\t\t\t\t<\/div>\n\t\t\t\t<\/div>\n\t\t\t\t<\/div>\n\t\t\t\t<\/div>\n\t\t\t\t\t<\/div>\n\t\t\t\t<\/div>\n\t\t\t\t\t<\/div>\n\t\t\t\t<\/div>\n\t\t\t\t<\/div>\n\t\t","protected":false},"excerpt":{"rendered":"<p>Qualit\u00e9 d&rsquo;assise et confort in\u00e9gal\u00e9s Nous sommes tellement convaincus de la fiabilit\u00e9 de nos r\u00e9seaux de si\u00e8ges que nous proposons les services suivants une garantie \u00e0 vie sur eux ! https:\/\/vimeo.com\/828040154 S&rsquo;asseoir sur les nuages Nous avons r\u00e9alis\u00e9 une perc\u00e9e en mati\u00e8re de confort d&rsquo;assise, cr\u00e9ant une sensation proche de celle d&rsquo;\u00eatre assis sur un [&hellip;]<\/p>\n","protected":false},"author":1,"featured_media":0,"parent":0,"menu_order":0,"comment_status":"closed","ping_status":"closed","template":"","meta":{"_acf_changed":false,"site-sidebar-layout":"no-sidebar","site-content-layout":"page-builder","ast-site-content-layout":"full-width-container","site-content-style":"unboxed","site-sidebar-style":"unboxed","ast-global-header-display":"","ast-banner-title-visibility":"","ast-main-header-display":"","ast-hfb-above-header-display":"","ast-hfb-below-header-display":"","ast-hfb-mobile-header-display":"","site-post-title":"disabled","ast-breadcrumbs-content":"","ast-featured-img":"disabled","footer-sml-layout":"","ast-disable-related-posts":"","theme-transparent-header-meta":"","adv-header-id-meta":"","stick-header-meta":"","header-above-stick-meta":"","header-main-stick-meta":"","header-below-stick-meta":"","astra-migrate-meta-layouts":"default","ast-page-background-enabled":"default","ast-page-background-meta":{"desktop":{"background-color":"var(--ast-global-color-4)","background-image":"","background-repeat":"repeat","background-position":"center center","background-size":"auto","background-attachment":"scroll","background-type":"","background-media":"","overlay-type":"","overlay-color":"","overlay-opacity":"","overlay-gradient":""},"tablet":{"background-color":"","background-image":"","background-repeat":"repeat","background-position":"center center","background-size":"auto","background-attachment":"scroll","background-type":"","background-media":"","overlay-type":"","overlay-color":"","overlay-opacity":"","overlay-gradient":""},"mobile":{"background-color":"","background-image":"","background-repeat":"repeat","background-position":"center center","background-size":"auto","background-attachment":"scroll","background-type":"","background-media":"","overlay-type":"","overlay-color":"","overlay-opacity":"","overlay-gradient":""}},"ast-content-background-meta":{"desktop":{"background-color":"var(--ast-global-color-5)","background-image":"","background-repeat":"repeat","background-position":"center center","background-size":"auto","background-attachment":"scroll","background-type":"","background-media":"","overlay-type":"","overlay-color":"","overlay-opacity":"","overlay-gradient":""},"tablet":{"background-color":"var(--ast-global-color-5)","background-image":"","background-repeat":"repeat","background-position":"center center","background-size":"auto","background-attachment":"scroll","background-type":"","background-media":"","overlay-type":"","overlay-color":"","overlay-opacity":"","overlay-gradient":""},"mobile":{"background-color":"var(--ast-global-color-5)","background-image":"","background-repeat":"repeat","background-position":"center center","background-size":"auto","background-attachment":"scroll","background-type":"","background-media":"","overlay-type":"","overlay-color":"","overlay-opacity":"","overlay-gradient":""}},"footnotes":""},"class_list":["post-11902","page","type-page","status-publish","hentry"],"acf":[],"_links":{"self":[{"href":"https:\/\/famaliving.ca\/fr\/wp-json\/wp\/v2\/pages\/11902","targetHints":{"allow":["GET"]}}],"collection":[{"href":"https:\/\/famaliving.ca\/fr\/wp-json\/wp\/v2\/pages"}],"about":[{"href":"https:\/\/famaliving.ca\/fr\/wp-json\/wp\/v2\/types\/page"}],"author":[{"embeddable":true,"href":"https:\/\/famaliving.ca\/fr\/wp-json\/wp\/v2\/users\/1"}],"replies":[{"embeddable":true,"href":"https:\/\/famaliving.ca\/fr\/wp-json\/wp\/v2\/comments?post=11902"}],"version-history":[{"count":8,"href":"https:\/\/famaliving.ca\/fr\/wp-json\/wp\/v2\/pages\/11902\/revisions"}],"predecessor-version":[{"id":15284,"href":"https:\/\/famaliving.ca\/fr\/wp-json\/wp\/v2\/pages\/11902\/revisions\/15284"}],"wp:attachment":[{"href":"https:\/\/famaliving.ca\/fr\/wp-json\/wp\/v2\/media?parent=11902"}],"curies":[{"name":"wp","href":"https:\/\/api.w.org\/{rel}","templated":true}]}}