{"id":11908,"date":"2023-12-22T17:08:54","date_gmt":"2023-12-22T22:08:54","guid":{"rendered":"https:\/\/famaliving.walkinclosetcanada.com\/nos-services\/"},"modified":"2024-03-14T14:04:43","modified_gmt":"2024-03-14T18:04:43","slug":"nos-services","status":"publish","type":"page","link":"https:\/\/famaliving.ca\/fr\/nos-services\/","title":{"rendered":"Services exclusifs de design d&rsquo;int\u00e9rieur \u00e0 Montr\u00e9al par Famaliving"},"content":{"rendered":"\t\t<div data-elementor-type=\"wp-page\" data-elementor-id=\"11908\" class=\"elementor elementor-11908 elementor-2327\" data-elementor-post-type=\"page\">\n\t\t\t\t<div class=\"elementor-element elementor-element-677d82c e-flex e-con-boxed e-con e-parent\" data-id=\"677d82c\" data-element_type=\"container\" data-e-type=\"container\">\n\t\t\t\t\t<div class=\"e-con-inner\">\n\t\t<div class=\"elementor-element elementor-element-540da56 e-flex e-con-boxed e-con e-child\" data-id=\"540da56\" data-element_type=\"container\" data-e-type=\"container\">\n\t\t\t\t\t<div class=\"e-con-inner\">\n\t\t<div class=\"elementor-element elementor-element-cac1d0b e-con-full e-flex e-con e-child\" data-id=\"cac1d0b\" data-element_type=\"container\" data-e-type=\"container\">\n\t\t\t\t<div class=\"elementor-element elementor-element-8c7fdb2 elementor-widget elementor-widget-heading\" data-id=\"8c7fdb2\" data-element_type=\"widget\" data-e-type=\"widget\" data-widget_type=\"heading.default\">\n\t\t\t\t\t\t<div class=\"elementor-widget-container\">\n\t\t\t\t\t<h2 class=\"elementor-heading-title elementor-size-default\">Services de design d'int\u00e9rieur \u00e0 Montr\u00e9al<\/h2>\t\t\t\t<\/div>\n\t\t\t\t<\/div>\n\t\t\t\t<div class=\"elementor-element elementor-element-537815a elementor-widget elementor-widget-image\" data-id=\"537815a\" data-element_type=\"widget\" data-e-type=\"widget\" data-widget_type=\"image.default\">\n\t\t\t\t\t\t<div class=\"elementor-widget-container\">\n\t\t\t\t\t\t\t\t\t\t\t\t\t\t\t<img loading=\"lazy\" decoding=\"async\" width=\"1800\" height=\"675\" src=\"https:\/\/famaliving.ca\/wp-content\/uploads\/sites\/29\/fama-design-services.jpg\" class=\"attachment-full size-full wp-image-11380\" alt=\"\" srcset=\"https:\/\/famaliving.ca\/wp-content\/uploads\/sites\/29\/fama-design-services.jpg 1800w, https:\/\/famaliving.ca\/wp-content\/uploads\/sites\/29\/fama-design-services-800x300.jpg 800w, https:\/\/famaliving.ca\/wp-content\/uploads\/sites\/29\/fama-design-services-1600x600.jpg 1600w, https:\/\/famaliving.ca\/wp-content\/uploads\/sites\/29\/fama-design-services-400x150.jpg 400w, https:\/\/famaliving.ca\/wp-content\/uploads\/sites\/29\/fama-design-services-768x288.jpg 768w, https:\/\/famaliving.ca\/wp-content\/uploads\/sites\/29\/fama-design-services-1536x576.jpg 1536w\" sizes=\"auto, (max-width: 1800px) 100vw, 1800px\" \/>\t\t\t\t\t\t\t\t\t\t\t\t\t\t\t<\/div>\n\t\t\t\t<\/div>\n\t\t<div class=\"elementor-element elementor-element-0fdfeee e-con-full e-flex e-con e-child\" data-id=\"0fdfeee\" data-element_type=\"container\" data-e-type=\"container\">\n\t\t<div class=\"elementor-element elementor-element-cffafe6 e-con-full e-flex e-con e-child\" data-id=\"cffafe6\" data-element_type=\"container\" data-e-type=\"container\">\n\t\t\t\t<div class=\"elementor-element elementor-element-eaf3225 elementor-widget elementor-widget-text-editor\" data-id=\"eaf3225\" data-element_type=\"widget\" data-e-type=\"widget\" data-widget_type=\"text-editor.default\">\n\t\t\t\t\t\t<div class=\"elementor-widget-container\">\n\t\t\t\t\t\t\t\t\t<h3>Conseil en design d&rsquo;int\u00e9rieur <\/h3>\n<p>Discutez de vos pr\u00e9f\u00e9rences en mati\u00e8re de style et de design, des dimensions et des contraintes d&rsquo;espace avec nos concepteurs qui vous aideront \u00e0 choisir le mod\u00e8le qui vous convient le mieux.<\/p>\n\t\t\t\t\t\t\t\t<\/div>\n\t\t\t\t<\/div>\n\t\t\t\t<div class=\"elementor-element elementor-element-7ec6826 elementor-align-left elementor-widget elementor-widget-button\" data-id=\"7ec6826\" data-element_type=\"widget\" data-e-type=\"widget\" data-widget_type=\"button.default\">\n\t\t\t\t\t\t<div class=\"elementor-widget-container\">\n\t\t\t\t\t\t\t\t\t<div class=\"elementor-button-wrapper\">\n\t\t\t\t\t<a class=\"elementor-button elementor-button-link elementor-size-xl\" href=\"https:\/\/famaliving.ca\/fr\/conseil-en-design-dinterieur\/\">\n\t\t\t\t\t\t<span class=\"elementor-button-content-wrapper\">\n\t\t\t\t\t\t\t\t\t<span class=\"elementor-button-text\">Que pouvons-nous offrir ?<\/span>\n\t\t\t\t\t<\/span>\n\t\t\t\t\t<\/a>\n\t\t\t\t<\/div>\n\t\t\t\t\t\t\t\t<\/div>\n\t\t\t\t<\/div>\n\t\t\t\t<\/div>\n\t\t<div class=\"elementor-element elementor-element-535020e e-con-full e-flex e-con e-child\" data-id=\"535020e\" data-element_type=\"container\" data-e-type=\"container\">\n\t\t\t\t<div class=\"elementor-element elementor-element-49dfb9e elementor-widget elementor-widget-text-editor\" data-id=\"49dfb9e\" data-element_type=\"widget\" data-e-type=\"widget\" data-widget_type=\"text-editor.default\">\n\t\t\t\t\t\t<div class=\"elementor-widget-container\">\n\t\t\t\t\t\t\t\t\t<h3>Visualisation 3D du mobilier<\/h3>\n<p>Obtenez des simulations professionnelles en 3D du mod\u00e8le que vous avez choisi, qui vous aideront \u00e0 visualiser votre pi\u00e8ce FAMA parfaite dans votre espace.<\/p>\n\t\t\t\t\t\t\t\t<\/div>\n\t\t\t\t<\/div>\n\t\t\t\t<div class=\"elementor-element elementor-element-56f554f elementor-align-left elementor-widget elementor-widget-button\" data-id=\"56f554f\" data-element_type=\"widget\" data-e-type=\"widget\" data-widget_type=\"button.default\">\n\t\t\t\t\t\t<div class=\"elementor-widget-container\">\n\t\t\t\t\t\t\t\t\t<div class=\"elementor-button-wrapper\">\n\t\t\t\t\t<a class=\"elementor-button elementor-button-link elementor-size-xl\" href=\"https:\/\/famaliving.ca\/fr\/visualisation-3d-des-meubles-famaliving\/\">\n\t\t\t\t\t\t<span class=\"elementor-button-content-wrapper\">\n\t\t\t\t\t\t\t\t\t<span class=\"elementor-button-text\">Visualisez vos r\u00eaves<\/span>\n\t\t\t\t\t<\/span>\n\t\t\t\t\t<\/a>\n\t\t\t\t<\/div>\n\t\t\t\t\t\t\t\t<\/div>\n\t\t\t\t<\/div>\n\t\t\t\t<\/div>\n\t\t<div class=\"elementor-element elementor-element-6d337ce e-con-full e-flex e-con e-child\" data-id=\"6d337ce\" data-element_type=\"container\" data-e-type=\"container\">\n\t\t\t\t<div class=\"elementor-element elementor-element-9aaf2f7 elementor-widget elementor-widget-text-editor\" data-id=\"9aaf2f7\" data-element_type=\"widget\" data-e-type=\"widget\" data-widget_type=\"text-editor.default\">\n\t\t\t\t\t\t<div class=\"elementor-widget-container\">\n\t\t\t\t\t\t\t\t\t<h3>Parcourir et toucher les tissus<\/h3>\n<p>V\u00e9rifiez les \u00e9chantillons de tissus r\u00e9els et obtenez des conseils qualifi\u00e9s sur plus de 1000 tissus et options de couleurs pour trouver le style et le toucher qui vous conviennent.<\/p>\n\t\t\t\t\t\t\t\t<\/div>\n\t\t\t\t<\/div>\n\t\t\t\t<div class=\"elementor-element elementor-element-e0f1d4c elementor-align-left elementor-widget elementor-widget-button\" data-id=\"e0f1d4c\" data-element_type=\"widget\" data-e-type=\"widget\" data-widget_type=\"button.default\">\n\t\t\t\t\t\t<div class=\"elementor-widget-container\">\n\t\t\t\t\t\t\t\t\t<div class=\"elementor-button-wrapper\">\n\t\t\t\t\t<a class=\"elementor-button elementor-button-link elementor-size-xl\" href=\"https:\/\/famaliving.ca\/fr\/choix-de-plus-de-1-000-tissus\/\">\n\t\t\t\t\t\t<span class=\"elementor-button-content-wrapper\">\n\t\t\t\t\t\t\t\t\t<span class=\"elementor-button-text\">D\u00e9couvrez nos tissus<\/span>\n\t\t\t\t\t<\/span>\n\t\t\t\t\t<\/a>\n\t\t\t\t<\/div>\n\t\t\t\t\t\t\t\t<\/div>\n\t\t\t\t<\/div>\n\t\t\t\t<\/div>\n\t\t<div class=\"elementor-element elementor-element-019903e e-con-full e-flex e-con e-child\" data-id=\"019903e\" data-element_type=\"container\" data-e-type=\"container\">\n\t\t\t\t<div class=\"elementor-element elementor-element-9fc2900 elementor-widget elementor-widget-text-editor\" data-id=\"9fc2900\" data-element_type=\"widget\" data-e-type=\"widget\" data-widget_type=\"text-editor.default\">\n\t\t\t\t\t\t<div class=\"elementor-widget-container\">\n\t\t\t\t\t\t\t\t\t<h3>Home Staging et location de mobilier <\/h3>\n<p>Que vous souhaitiez d\u00e9sencombrer et mettre en sc\u00e8ne votre maison pour la mettre sur le march\u00e9 ou simplement cr\u00e9er un nouvel environnement de vie, vous \u00eates au bon endroit. <\/p>\n\t\t\t\t\t\t\t\t<\/div>\n\t\t\t\t<\/div>\n\t\t\t\t<div class=\"elementor-element elementor-element-3dfe62b elementor-align-left elementor-widget elementor-widget-button\" data-id=\"3dfe62b\" data-element_type=\"widget\" data-e-type=\"widget\" data-widget_type=\"button.default\">\n\t\t\t\t\t\t<div class=\"elementor-widget-container\">\n\t\t\t\t\t\t\t\t\t<div class=\"elementor-button-wrapper\">\n\t\t\t\t\t<a class=\"elementor-button elementor-button-link elementor-size-xl\" href=\"https:\/\/famaliving.ca\/fr\/home-staging-et-location-de-mobilier\/\">\n\t\t\t\t\t\t<span class=\"elementor-button-content-wrapper\">\n\t\t\t\t\t\t\t\t\t<span class=\"elementor-button-text\">Home Staging<\/span>\n\t\t\t\t\t<\/span>\n\t\t\t\t\t<\/a>\n\t\t\t\t<\/div>\n\t\t\t\t\t\t\t\t<\/div>\n\t\t\t\t<\/div>\n\t\t\t\t<\/div>\n\t\t\t\t<\/div>\n\t\t\t\t<\/div>\n\t\t\t\t\t<\/div>\n\t\t\t\t<\/div>\n\t\t\t\t\t<\/div>\n\t\t\t\t<\/div>\n\t\t\t\t<\/div>\n\t\t","protected":false},"excerpt":{"rendered":"<p>Services de design d&rsquo;int\u00e9rieur \u00e0 Montr\u00e9al Conseil en design d&rsquo;int\u00e9rieur Discutez de vos pr\u00e9f\u00e9rences en mati\u00e8re de style et de design, des dimensions et des contraintes d&rsquo;espace avec nos concepteurs qui vous aideront \u00e0 choisir le mod\u00e8le qui vous convient le mieux. Que pouvons-nous offrir ? Visualisation 3D du mobilier Obtenez des simulations professionnelles en [&hellip;]<\/p>\n","protected":false},"author":1,"featured_media":0,"parent":0,"menu_order":0,"comment_status":"closed","ping_status":"closed","template":"","meta":{"_acf_changed":false,"site-sidebar-layout":"no-sidebar","site-content-layout":"page-builder","ast-site-content-layout":"full-width-container","site-content-style":"unboxed","site-sidebar-style":"unboxed","ast-global-header-display":"","ast-banner-title-visibility":"","ast-main-header-display":"","ast-hfb-above-header-display":"","ast-hfb-below-header-display":"","ast-hfb-mobile-header-display":"","site-post-title":"disabled","ast-breadcrumbs-content":"","ast-featured-img":"disabled","footer-sml-layout":"","ast-disable-related-posts":"","theme-transparent-header-meta":"","adv-header-id-meta":"","stick-header-meta":"","header-above-stick-meta":"","header-main-stick-meta":"","header-below-stick-meta":"","astra-migrate-meta-layouts":"default","ast-page-background-enabled":"default","ast-page-background-meta":{"desktop":{"background-color":"var(--ast-global-color-4)","background-image":"","background-repeat":"repeat","background-position":"center center","background-size":"auto","background-attachment":"scroll","background-type":"","background-media":"","overlay-type":"","overlay-color":"","overlay-opacity":"","overlay-gradient":""},"tablet":{"background-color":"","background-image":"","background-repeat":"repeat","background-position":"center center","background-size":"auto","background-attachment":"scroll","background-type":"","background-media":"","overlay-type":"","overlay-color":"","overlay-opacity":"","overlay-gradient":""},"mobile":{"background-color":"","background-image":"","background-repeat":"repeat","background-position":"center center","background-size":"auto","background-attachment":"scroll","background-type":"","background-media":"","overlay-type":"","overlay-color":"","overlay-opacity":"","overlay-gradient":""}},"ast-content-background-meta":{"desktop":{"background-color":"var(--ast-global-color-5)","background-image":"","background-repeat":"repeat","background-position":"center center","background-size":"auto","background-attachment":"scroll","background-type":"","background-media":"","overlay-type":"","overlay-color":"","overlay-opacity":"","overlay-gradient":""},"tablet":{"background-color":"var(--ast-global-color-5)","background-image":"","background-repeat":"repeat","background-position":"center center","background-size":"auto","background-attachment":"scroll","background-type":"","background-media":"","overlay-type":"","overlay-color":"","overlay-opacity":"","overlay-gradient":""},"mobile":{"background-color":"var(--ast-global-color-5)","background-image":"","background-repeat":"repeat","background-position":"center center","background-size":"auto","background-attachment":"scroll","background-type":"","background-media":"","overlay-type":"","overlay-color":"","overlay-opacity":"","overlay-gradient":""}},"footnotes":""},"class_list":["post-11908","page","type-page","status-publish","hentry"],"acf":[],"_links":{"self":[{"href":"https:\/\/famaliving.ca\/fr\/wp-json\/wp\/v2\/pages\/11908","targetHints":{"allow":["GET"]}}],"collection":[{"href":"https:\/\/famaliving.ca\/fr\/wp-json\/wp\/v2\/pages"}],"about":[{"href":"https:\/\/famaliving.ca\/fr\/wp-json\/wp\/v2\/types\/page"}],"author":[{"embeddable":true,"href":"https:\/\/famaliving.ca\/fr\/wp-json\/wp\/v2\/users\/1"}],"replies":[{"embeddable":true,"href":"https:\/\/famaliving.ca\/fr\/wp-json\/wp\/v2\/comments?post=11908"}],"version-history":[{"count":21,"href":"https:\/\/famaliving.ca\/fr\/wp-json\/wp\/v2\/pages\/11908\/revisions"}],"predecessor-version":[{"id":15259,"href":"https:\/\/famaliving.ca\/fr\/wp-json\/wp\/v2\/pages\/11908\/revisions\/15259"}],"wp:attachment":[{"href":"https:\/\/famaliving.ca\/fr\/wp-json\/wp\/v2\/media?parent=11908"}],"curies":[{"name":"wp","href":"https:\/\/api.w.org\/{rel}","templated":true}]}}