{"id":15425,"date":"2024-03-14T16:19:42","date_gmt":"2024-03-14T20:19:42","guid":{"rendered":"https:\/\/famaliving.ca\/expedition-et-livraison-de-meubles-famaliving\/"},"modified":"2025-05-23T17:08:44","modified_gmt":"2025-05-23T21:08:44","slug":"expedition-et-livraison","status":"publish","type":"page","link":"https:\/\/famaliving.ca\/fr\/expedition-et-livraison\/","title":{"rendered":"Exp\u00e9dition et Livraison"},"content":{"rendered":"\t\t<div data-elementor-type=\"wp-page\" data-elementor-id=\"15425\" class=\"elementor elementor-15425 elementor-15307\" data-elementor-post-type=\"page\">\n\t\t\t\t<div class=\"elementor-element elementor-element-68a37b7 e-flex e-con-boxed e-con e-parent\" data-id=\"68a37b7\" data-element_type=\"container\" data-e-type=\"container\">\n\t\t\t\t\t<div class=\"e-con-inner\">\n\t\t\t\t<div class=\"elementor-element elementor-element-73d922f elementor-widget elementor-widget-heading\" data-id=\"73d922f\" data-element_type=\"widget\" data-e-type=\"widget\" data-widget_type=\"heading.default\">\n\t\t\t\t\t\t<div class=\"elementor-widget-container\">\n\t\t\t\t\t<h2 class=\"elementor-heading-title elementor-size-default\">Exp\u00e9dition &amp; Livraison<\/h2>\t\t\t\t<\/div>\n\t\t\t\t<\/div>\n\t\t\t\t<div class=\"elementor-element elementor-element-6d45a2e elementor-widget elementor-widget-text-editor\" data-id=\"6d45a2e\" data-element_type=\"widget\" data-e-type=\"widget\" data-widget_type=\"text-editor.default\">\n\t\t\t\t\t\t<div class=\"elementor-widget-container\">\n\t\t\t\t\t\t\t\t\t<p data-start=\"166\" data-end=\"235\"><strong data-start=\"53\" data-end=\"93\">Date d\u2019entr\u00e9e en vigueur :<\/strong> Mars 2025<br data-start=\"93\" data-end=\"96\"><strong data-start=\"96\" data-end=\"132\">Derni\u00e8re mise \u00e0 jour : <\/strong>Mars 2025<\/p>\n<h5 data-start=\"136\" data-end=\"187\">1. Livraison gratuite (\u00e0 l\u2019\u00e9chelle nationale)<\/h5>\n<p data-start=\"189\" data-end=\"739\">Parfois, les seuls obstacles \u00e0 l\u2019achat de meubles sont les frais d\u2019exp\u00e9dition \u00e9lev\u00e9s et l\u2019impossibilit\u00e9 de les transporter dans votre voiture en raison de leur taille. Chez Famaliving, nous nous effor\u00e7ons de rendre la livraison de vos meubles aussi simple et abordable que possible. C\u2019est pourquoi nous sommes ravis d\u2019offrir la livraison GRATUITE \u00e0 travers le Canada, dans toutes ses grandes villes, pour toute commande de plus de $4000 . Pour les commandes en dessous de ce montant, nous proposons des tarifs de livraison comp\u00e9titifs.<\/p>\n<p data-start=\"741\" data-end=\"1084\">La livraison gratuite de Famaliving correspond \u00e0 une livraison standard au sol, o\u00f9 les meubles sont livr\u00e9s \u00e0 l\u2019entr\u00e9e accessible de votre domicile dans leur emballage d\u2019origine du fabricant. Si vous habitez dans un condo ou un appartement, vos meubles seront d\u00e9pos\u00e9s dans le hall d\u2019entr\u00e9e ou dans l\u2019aire de chargement d\u00e9sign\u00e9e**.<\/p>\n<h5 data-start=\"1086\" data-end=\"1138\">2. Livraison locale \u00ab White Glove \u00bb (Montr\u00e9al)<\/h5>\n<p data-start=\"1140\" data-end=\"1567\">Nous proposons un service de livraison \u00ab White Glove \u00bb pour nos clients r\u00e9sidant \u00e0 Montr\u00e9al. Ce service est id\u00e9al pour les articles n\u00e9cessitant une attention particuli\u00e8re, offrant une approche de livraison soign\u00e9e et respectueuse. Notre \u00e9quipe professionnelle est form\u00e9e pour offrir un service de qualit\u00e9 sup\u00e9rieure, garantissant que votre marchandise arrive \u00e0 destination en parfait \u00e9tat et dans les d\u00e9lais convenus.<\/p>\n<p data-start=\"1569\" data-end=\"1954\">Lorsque vos meubles seront pr\u00eats \u00e0 \u00eatre livr\u00e9s, notre service de planification vous contactera 1 \u00e0 2 jours avant l\u2019exp\u00e9dition pour confirmer la date et l\u2019heure de livraison. Pour les commandes pass\u00e9es par t\u00e9l\u00e9phone ou par e-mail, une empreinte sign\u00e9e ainsi qu\u2019une pi\u00e8ce d\u2019identit\u00e9 du titulaire de la carte peuvent \u00eatre requises avant l\u2019exp\u00e9dition gratuite de la commande.<\/p>\n<p data-start=\"1956\" data-end=\"2185\">Votre commande sera pr\u00e9par\u00e9e pour la livraison une fois le solde enti\u00e8rement pay\u00e9. Les paiements peuvent \u00eatre effectu\u00e9s par carte de cr\u00e9dit ou de d\u00e9bit en magasin, virement \u00e9lectronique, virement bancaire ou en esp\u00e8ces.<\/p>\n<p data-start=\"2187\" data-end=\"2963\">\u00c0 la r\u00e9ception de votre commande, veuillez vous assurer que tous les articles achet\u00e9s ont bien \u00e9t\u00e9 livr\u00e9s. Nous vous recommandons de v\u00e9rifier votre commande avec le personnel de livraison avant leur d\u00e9part et de signaler imm\u00e9diatement toute anomalie. Une fois le bon de livraison sign\u00e9, vous reconnaissez que les meubles ont \u00e9t\u00e9 inspect\u00e9s et sont en parfait \u00e9tat. S\u2019il y a un probl\u00e8me avec un article ou si un \u00e9l\u00e9ment est manquant, veuillez l\u2019indiquer clairement sur le bon de livraison et contacter le magasin dans un d\u00e9lai de 24 heures pour signaler le probl\u00e8me \u00e0 un repr\u00e9sentant des ventes. Gardez tous les emballages d\u2019origine ; si un \u00e9change est n\u00e9cessaire, l\u2019emballage d\u2019origine sera requis, sinon des frais suppl\u00e9mentaires peuvent s\u2019appliquer.<\/p>\n<p data-start=\"2965\" data-end=\"3542\">Veuillez pr\u00e9parer votre domicile pour la livraison en retirant tout obstacle susceptible d\u2019entraver le passage des meubles. En hiver, assurez-vous que les trottoirs et all\u00e9es sont d\u00e9gag\u00e9s de la neige et de la glace. Le chemin entre l\u2019entr\u00e9e ext\u00e9rieure et l\u2019emplacement final doit \u00eatre libre de tout d\u00e9bris ou obstruction. Les objets comme les luminaires, tableaux, tapis et autres \u00e9l\u00e9ments fixes doivent \u00eatre d\u00e9gag\u00e9s des couloirs et des entr\u00e9es. De plus, l\u2019\u00e9quipe de livraison ne peut pas modifier ou retirer de portes, moulures ou plinthes dans votre maison.<\/p>\n<p data-start=\"3544\" data-end=\"3777\">Une signature d\u2019un adulte (minimum 18 ans) est requise pour toute livraison gratuite. Assurez-vous qu\u2019une personne responsable soit pr\u00e9sente \u00e0 votre domicile au moment de la livraison pour accompagner l\u2019\u00e9quipe de livraison.<\/p>\n<h5>Clause de non-responsabilit\u00e9<\/h5>\n<ul>\n<li><em>*La livraison gratuite ne peut \u00eatre combin\u00e9e \u00e0 aucune autre offre.<\/em><\/li>\n<li><em>**Le d\u00e9placement suppl\u00e9mentaire des meubles \u00e0 l\u2019int\u00e9rieur du domicile, l\u2019installation, l\u2019assemblage et le recyclage des emballages ne sont pas inclus.<\/em><\/li>\n<li>Le client est invit\u00e9 \u00e0 inspecter minutieusement tous les articles re\u00e7us et \u00e0 noter toute anomalie sur le bon de livraison en cas de dommages visibles sur les cartons. Tous les produits Famaliving sont soumis \u00e0 des contr\u00f4les qualit\u00e9 rigoureux, mais en cas de r\u00e9ception d\u2019un article d\u00e9fectueux, il est n\u00e9cessaire de nous envoyer des photos montrant clairement les d\u00e9fauts, accompagn\u00e9es d\u2019une description \u00e9crite, afin que nous puissions soumettre une r\u00e9clamation au fabricant. Le d\u00e9faut sera corrig\u00e9 ou l\u2019article remplac\u00e9 en fonction de la situation.<\/li>\n<\/ul>\t\t\t\t\t\t\t\t<\/div>\n\t\t\t\t<\/div>\n\t\t\t\t\t<\/div>\n\t\t\t\t<\/div>\n\t\t\t\t<\/div>\n\t\t","protected":false},"excerpt":{"rendered":"<p>Exp\u00e9dition &#038; Livraison Date d\u2019entr\u00e9e en vigueur : Mars 2025Derni\u00e8re mise \u00e0 jour : Mars 2025 1. Livraison gratuite (\u00e0 l\u2019\u00e9chelle nationale) Parfois, les seuls obstacles \u00e0 l\u2019achat de meubles sont les frais d\u2019exp\u00e9dition \u00e9lev\u00e9s et l\u2019impossibilit\u00e9 de les transporter dans votre voiture en raison de leur taille. Chez Famaliving, nous nous effor\u00e7ons de rendre [&hellip;]<\/p>\n","protected":false},"author":1895,"featured_media":0,"parent":0,"menu_order":0,"comment_status":"closed","ping_status":"closed","template":"","meta":{"_acf_changed":false,"site-sidebar-layout":"no-sidebar","site-content-layout":"page-builder","ast-site-content-layout":"full-width-container","site-content-style":"unboxed","site-sidebar-style":"unboxed","ast-global-header-display":"","ast-banner-title-visibility":"","ast-main-header-display":"","ast-hfb-above-header-display":"","ast-hfb-below-header-display":"","ast-hfb-mobile-header-display":"","site-post-title":"disabled","ast-breadcrumbs-content":"","ast-featured-img":"disabled","footer-sml-layout":"","ast-disable-related-posts":"","theme-transparent-header-meta":"","adv-header-id-meta":"","stick-header-meta":"","header-above-stick-meta":"","header-main-stick-meta":"","header-below-stick-meta":"","astra-migrate-meta-layouts":"set","ast-page-background-enabled":"default","ast-page-background-meta":{"desktop":{"background-color":"var(--ast-global-color-4)","background-image":"","background-repeat":"repeat","background-position":"center center","background-size":"auto","background-attachment":"scroll","background-type":"","background-media":"","overlay-type":"","overlay-color":"","overlay-opacity":"","overlay-gradient":""},"tablet":{"background-color":"","background-image":"","background-repeat":"repeat","background-position":"center center","background-size":"auto","background-attachment":"scroll","background-type":"","background-media":"","overlay-type":"","overlay-color":"","overlay-opacity":"","overlay-gradient":""},"mobile":{"background-color":"","background-image":"","background-repeat":"repeat","background-position":"center center","background-size":"auto","background-attachment":"scroll","background-type":"","background-media":"","overlay-type":"","overlay-color":"","overlay-opacity":"","overlay-gradient":""}},"ast-content-background-meta":{"desktop":{"background-color":"var(--ast-global-color-5)","background-image":"","background-repeat":"repeat","background-position":"center center","background-size":"auto","background-attachment":"scroll","background-type":"","background-media":"","overlay-type":"","overlay-color":"","overlay-opacity":"","overlay-gradient":""},"tablet":{"background-color":"var(--ast-global-color-5)","background-image":"","background-repeat":"repeat","background-position":"center center","background-size":"auto","background-attachment":"scroll","background-type":"","background-media":"","overlay-type":"","overlay-color":"","overlay-opacity":"","overlay-gradient":""},"mobile":{"background-color":"var(--ast-global-color-5)","background-image":"","background-repeat":"repeat","background-position":"center center","background-size":"auto","background-attachment":"scroll","background-type":"","background-media":"","overlay-type":"","overlay-color":"","overlay-opacity":"","overlay-gradient":""}},"footnotes":""},"class_list":["post-15425","page","type-page","status-publish","hentry"],"acf":[],"_links":{"self":[{"href":"https:\/\/famaliving.ca\/fr\/wp-json\/wp\/v2\/pages\/15425","targetHints":{"allow":["GET"]}}],"collection":[{"href":"https:\/\/famaliving.ca\/fr\/wp-json\/wp\/v2\/pages"}],"about":[{"href":"https:\/\/famaliving.ca\/fr\/wp-json\/wp\/v2\/types\/page"}],"author":[{"embeddable":true,"href":"https:\/\/famaliving.ca\/fr\/wp-json\/wp\/v2\/users\/1895"}],"replies":[{"embeddable":true,"href":"https:\/\/famaliving.ca\/fr\/wp-json\/wp\/v2\/comments?post=15425"}],"version-history":[{"count":13,"href":"https:\/\/famaliving.ca\/fr\/wp-json\/wp\/v2\/pages\/15425\/revisions"}],"predecessor-version":[{"id":41871,"href":"https:\/\/famaliving.ca\/fr\/wp-json\/wp\/v2\/pages\/15425\/revisions\/41871"}],"wp:attachment":[{"href":"https:\/\/famaliving.ca\/fr\/wp-json\/wp\/v2\/media?parent=15425"}],"curies":[{"name":"wp","href":"https:\/\/api.w.org\/{rel}","templated":true}]}}