{"id":19017,"date":"2024-05-21T14:39:45","date_gmt":"2024-05-21T18:39:45","guid":{"rendered":"https:\/\/famaliving.ca\/programme-de-recommandation-de-clients\/"},"modified":"2024-05-22T21:37:47","modified_gmt":"2024-05-23T01:37:47","slug":"programme-de-recommandation-de-clients","status":"publish","type":"page","link":"https:\/\/famaliving.ca\/fr\/programme-de-recommandation-de-clients\/","title":{"rendered":"Programme de recommandation de clients"},"content":{"rendered":"\t\t<div data-elementor-type=\"wp-page\" data-elementor-id=\"19017\" class=\"elementor elementor-19017 elementor-18947\" data-elementor-post-type=\"page\">\n\t\t\t\t<div class=\"elementor-element elementor-element-9e815df e-flex e-con-boxed e-con e-parent\" data-id=\"9e815df\" data-element_type=\"container\" data-e-type=\"container\">\n\t\t\t\t\t<div class=\"e-con-inner\">\n\t\t\t\t<div class=\"elementor-element elementor-element-4d2c794 elementor-widget elementor-widget-heading\" data-id=\"4d2c794\" data-element_type=\"widget\" data-e-type=\"widget\" data-widget_type=\"heading.default\">\n\t\t\t\t\t\t<div class=\"elementor-widget-container\">\n\t\t\t\t\t<h2 class=\"elementor-heading-title elementor-size-default\">Lancement du programme de recommandation de clients Euro Style Design et Fama Living Montr\u00e9al<\/h2>\t\t\t\t<\/div>\n\t\t\t\t<\/div>\n\t\t\t\t\t<\/div>\n\t\t\t\t<\/div>\n\t\t<div class=\"elementor-element elementor-element-2357c2e e-flex e-con-boxed e-con e-parent\" data-id=\"2357c2e\" data-element_type=\"container\" data-e-type=\"container\">\n\t\t\t\t\t<div class=\"e-con-inner\">\n\t\t\t\t<div class=\"elementor-element elementor-element-72b40ee elementor-widget elementor-widget-text-editor\" data-id=\"72b40ee\" data-element_type=\"widget\" data-e-type=\"widget\" data-widget_type=\"text-editor.default\">\n\t\t\t\t\t\t<div class=\"elementor-widget-container\">\n\t\t\t\t\t\t\t\t\t<p>Chez Euro Style Design et Fama Living Montr\u00e9al, nous sommes fiers d&rsquo;offrir le meilleur mobilier europ\u00e9en. Avec plus de mille \u00e9chantillons de tissus et plus de cent \u00e9chantillons de cuir v\u00e9ritable, trouver le mobilier moderne id\u00e9al \u00e0 Montr\u00e9al n&rsquo;a jamais \u00e9t\u00e9 aussi facile. Nos meubles sont personnalisables non seulement au niveau de la couleur, mais aussi des dimensions. Vous pouvez choisir n&rsquo;importe quelle pi\u00e8ce de notre collection sur mesure et en ajuster les dimensions pour qu&rsquo;elle s&rsquo;adapte parfaitement \u00e0 votre espace. Provenant d&rsquo;Europe, notre mobilier vous garantit une qualit\u00e9 sup\u00e9rieure \u00e0 un prix abordable.<\/p>\n<p>Chez Euro Style Design et Fama Living Montr\u00e9al, nous sommes fiers d&rsquo;offrir le meilleur mobilier europ\u00e9en. Avec plus de mille \u00e9chantillons de tissus et plus de cent \u00e9chantillons de cuir v\u00e9ritable, trouver le mobilier moderne id\u00e9al \u00e0 Montr\u00e9al n&rsquo;a jamais \u00e9t\u00e9 aussi facile. Nos meubles sont personnalisables non seulement au niveau de la couleur, mais aussi des dimensions. Vous pouvez choisir n&rsquo;importe quelle pi\u00e8ce de notre collection sur mesure et en ajuster les dimensions pour qu&rsquo;elle s&rsquo;adapte parfaitement \u00e0 votre espace. Provenant d&rsquo;Europe, notre mobilier vous garantit une qualit\u00e9 sup\u00e9rieure \u00e0 un prix abordable.<\/p>\n\t\t\t\t\t\t\t\t<\/div>\n\t\t\t\t<\/div>\n\t\t\t\t\t<\/div>\n\t\t\t\t<\/div>\n\t\t<div class=\"elementor-element elementor-element-5a0566c e-flex e-con-boxed e-con e-parent\" data-id=\"5a0566c\" data-element_type=\"container\" data-e-type=\"container\">\n\t\t\t\t\t<div class=\"e-con-inner\">\n\t\t\t\t<div class=\"elementor-element elementor-element-ba0cdcd elementor-widget elementor-widget-heading\" data-id=\"ba0cdcd\" data-element_type=\"widget\" data-e-type=\"widget\" data-widget_type=\"heading.default\">\n\t\t\t\t\t\t<div class=\"elementor-widget-container\">\n\t\t\t\t\t<h2 class=\"elementor-heading-title elementor-size-default\">Participez \u00e0 notre programme de recommandation et obtenez 3 % de remise en argent!<\/h2>\t\t\t\t<\/div>\n\t\t\t\t<\/div>\n\t\t\t\t\t<\/div>\n\t\t\t\t<\/div>\n\t\t<div class=\"elementor-element elementor-element-c5cfe43 e-flex e-con-boxed e-con e-parent\" data-id=\"c5cfe43\" data-element_type=\"container\" data-e-type=\"container\">\n\t\t\t\t\t<div class=\"e-con-inner\">\n\t\t\t\t<div class=\"elementor-element elementor-element-3f82713 elementor-widget elementor-widget-text-editor\" data-id=\"3f82713\" data-element_type=\"widget\" data-e-type=\"widget\" data-widget_type=\"text-editor.default\">\n\t\t\t\t\t\t<div class=\"elementor-widget-container\">\n\t\t\t\t\t\t\t\t\t<p>Nous sommes ravis de vous pr\u00e9senter notre nouveau programme de recommandation en guise de remerciement \u00e0 notre fid\u00e8le client\u00e8le. R\u00e9f\u00e9rez un nouveau client \u00e0 Euro Style Design et Fama Living Montr\u00e9al et obtenez 3 % de remise en argent sur son premier achat. C&rsquo;est notre fa\u00e7on de vous remercier de nous aider \u00e0 faire grandir notre communaut\u00e9 et \u00e0 partager notre passion pour le mobilier raffin\u00e9 et sur mesure.<\/p>\n\t\t\t\t\t\t\t\t<\/div>\n\t\t\t\t<\/div>\n\t\t\t\t\t<\/div>\n\t\t\t\t<\/div>\n\t\t<div class=\"elementor-element elementor-element-16461d9 e-flex e-con-boxed e-con e-parent\" data-id=\"16461d9\" data-element_type=\"container\" data-e-type=\"container\">\n\t\t\t\t\t<div class=\"e-con-inner\">\n\t\t\t\t<div class=\"elementor-element elementor-element-aff39db elementor-button-align-stretch elementor-widget elementor-widget-form\" data-id=\"aff39db\" data-element_type=\"widget\" data-e-type=\"widget\" data-settings=\"{&quot;step_next_label&quot;:&quot;Suivant&quot;,&quot;step_previous_label&quot;:&quot;Pr\\u00e9c\\u00e9dent&quot;,&quot;button_width&quot;:&quot;30&quot;,&quot;step_type&quot;:&quot;number_text&quot;,&quot;step_icon_shape&quot;:&quot;circle&quot;}\" data-widget_type=\"form.default\">\n\t\t\t\t\t\t<div class=\"elementor-widget-container\">\n\t\t\t\t\t\t\t<form class=\"elementor-form\" method=\"post\" name=\"New Form\" aria-label=\"New Form\">\n\t\t\t<input type=\"hidden\" name=\"post_id\" value=\"19017\"\/>\n\t\t\t<input type=\"hidden\" name=\"form_id\" value=\"aff39db\"\/>\n\t\t\t<input type=\"hidden\" name=\"referer_title\" value=\"Programme de recommandation de clients\" \/>\n\n\t\t\t\t\t\t\t<input type=\"hidden\" name=\"queried_id\" value=\"19017\"\/>\n\t\t\t\n\t\t\t<div class=\"elementor-form-fields-wrapper elementor-labels-above\">\n\t\t\t\t\t\t\t\t<div class=\"elementor-field-type-text elementor-field-group elementor-column elementor-field-group-name elementor-col-100 elementor-field-required elementor-mark-required\">\n\t\t\t\t\t\t\t\t\t\t\t\t<label for=\"form-field-name\" class=\"elementor-field-label\">\n\t\t\t\t\t\t\t\tVotre nom\t\t\t\t\t\t\t<\/label>\n\t\t\t\t\t\t\t\t\t\t\t\t\t\t<input size=\"1\" type=\"text\" name=\"form_fields[name]\" id=\"form-field-name\" class=\"elementor-field elementor-size-sm  elementor-field-textual\" placeholder=\"Votre nom\" required=\"required\">\n\t\t\t\t\t\t\t\t\t\t\t<\/div>\n\t\t\t\t\t\t\t\t<div class=\"elementor-field-type-email elementor-field-group elementor-column elementor-field-group-email elementor-col-100 elementor-field-required elementor-mark-required\">\n\t\t\t\t\t\t\t\t\t\t\t\t<label for=\"form-field-email\" class=\"elementor-field-label\">\n\t\t\t\t\t\t\t\tVotre adresse courriel\t\t\t\t\t\t\t<\/label>\n\t\t\t\t\t\t\t\t\t\t\t\t\t\t<input size=\"1\" type=\"email\" name=\"form_fields[email]\" id=\"form-field-email\" class=\"elementor-field elementor-size-sm  elementor-field-textual\" placeholder=\"Votre adresse courriel\" required=\"required\">\n\t\t\t\t\t\t\t\t\t\t\t<\/div>\n\t\t\t\t\t\t\t\t<div class=\"elementor-field-type-text elementor-field-group elementor-column elementor-field-group-field_f626f22 elementor-col-100 elementor-field-required elementor-mark-required\">\n\t\t\t\t\t\t\t\t\t\t\t\t<label for=\"form-field-field_f626f22\" class=\"elementor-field-label\">\n\t\t\t\t\t\t\t\tNom de l'ami(e)\t\t\t\t\t\t\t<\/label>\n\t\t\t\t\t\t\t\t\t\t\t\t\t\t<input size=\"1\" type=\"text\" name=\"form_fields[field_f626f22]\" id=\"form-field-field_f626f22\" class=\"elementor-field elementor-size-sm  elementor-field-textual\" placeholder=\"Nom de l&#039;ami(e)\" required=\"required\">\n\t\t\t\t\t\t\t\t\t\t\t<\/div>\n\t\t\t\t\t\t\t\t<div class=\"elementor-field-type-email elementor-field-group elementor-column elementor-field-group-field_5326d82 elementor-col-100 elementor-field-required elementor-mark-required\">\n\t\t\t\t\t\t\t\t\t\t\t\t<label for=\"form-field-field_5326d82\" class=\"elementor-field-label\">\n\t\t\t\t\t\t\t\tAdresse courriel de l'ami(e)\t\t\t\t\t\t\t<\/label>\n\t\t\t\t\t\t\t\t\t\t\t\t\t\t<input size=\"1\" type=\"email\" name=\"form_fields[field_5326d82]\" id=\"form-field-field_5326d82\" class=\"elementor-field elementor-size-sm  elementor-field-textual\" placeholder=\"Adresse courriel de l&#039;ami(e)\" required=\"required\">\n\t\t\t\t\t\t\t\t\t\t\t<\/div>\n\t\t\t\t\t\t\t\t<div class=\"elementor-field-type-number elementor-field-group elementor-column elementor-field-group-field_1856117 elementor-col-100\">\n\t\t\t\t\t\t\t\t\t\t\t\t<label for=\"form-field-field_1856117\" class=\"elementor-field-label\">\n\t\t\t\t\t\t\t\tNum\u00e9ro de t\u00e9l\u00e9phone de l'ami(e)\t\t\t\t\t\t\t<\/label>\n\t\t\t\t\t\t\t\t\t<input type=\"number\" name=\"form_fields[field_1856117]\" id=\"form-field-field_1856117\" class=\"elementor-field elementor-size-sm  elementor-field-textual\" placeholder=\"Num\u00e9ro de t\u00e9l\u00e9phone de l&#039;ami(e)\" min=\"\" max=\"\" >\n\t\t\t\t\t\t<\/div>\n\t\t\t\t\t\t\t\t<div class=\"elementor-field-group elementor-column elementor-field-type-submit elementor-col-30 e-form__buttons\">\n\t\t\t\t\t<button class=\"elementor-button elementor-size-md\" type=\"submit\">\n\t\t\t\t\t\t<span class=\"elementor-button-content-wrapper\">\n\t\t\t\t\t\t\t\t\t\t\t\t\t\t\t\t\t\t\t\t\t\t<span class=\"elementor-button-text\">Envoyer<\/span>\n\t\t\t\t\t\t\t\t\t\t\t\t\t<\/span>\n\t\t\t\t\t<\/button>\n\t\t\t\t<\/div>\n\t\t\t<\/div>\n\t\t<\/form>\n\t\t\t\t\t\t<\/div>\n\t\t\t\t<\/div>\n\t\t\t\t\t<\/div>\n\t\t\t\t<\/div>\n\t\t<div class=\"elementor-element elementor-element-bed3a44 e-flex e-con-boxed e-con e-parent\" data-id=\"bed3a44\" data-element_type=\"container\" data-e-type=\"container\">\n\t\t\t\t\t<div class=\"e-con-inner\">\n\t\t\t\t<div class=\"elementor-element elementor-element-59bd0a5 elementor-widget elementor-widget-text-editor\" data-id=\"59bd0a5\" data-element_type=\"widget\" data-e-type=\"widget\" data-widget_type=\"text-editor.default\">\n\t\t\t\t\t\t<div class=\"elementor-widget-container\">\n\t\t\t\t\t\t\t\t\t<strong>Comment \u00e7a fonctionne:<\/strong>\n<ul>\n \t<li>Parlez-en \u00e0 un ami(e) : Faites d\u00e9couvrir le raffinement d&rsquo;Euro Style Design et de Fama Living Montr\u00e9al \u00e0 vos amis, votre famille et vos coll\u00e8gues.<\/li>\n \t<li>Lors de leur premier achat, votre ami(e) devra mentionner votre recommandation au moment de payer.<\/li>\n \t<li>Remise de 3 % : Vous recevrez une remise en argent de 3 % sur le montant total de leur premier achat.<\/li>\n<\/ul>\n<strong>Pourquoi choisir Euro Style Design et Fama Living Montr\u00e9al?<\/strong>\n<ul>\n \t<li><strong>Personnalisation pouss\u00e9e<\/strong> : Gr\u00e2ce \u00e0 un vaste choix d&rsquo;\u00e9chantillons de tissus et de cuirs, ainsi qu&rsquo;\u00e0 des dimensions personnalisables, cr\u00e9ez sans effort la pi\u00e8ce parfaite pour votre espace.<\/li>\n \t<li><strong>Qualit\u00e9 europ\u00e9enne <\/strong> : Provenant d&rsquo;Europe, notre mobilier r\u00e9pond aux normes les plus strictes en mati\u00e8re de qualit\u00e9 et de savoir-faire.<\/li>\n \t<li><strong>Prix abordables : Offrez-vous du mobilier de luxe sans vous ruiner.<\/strong><\/li>\n<\/ul>\nParlez-en \u00e0 vos proches d\u00e8s maintenant et profitez de notre programme de recommandation unique! Merci d&rsquo;\u00eatre un client estim\u00e9 et de faire d\u00e9couvrir le raffinement d&rsquo;Euro Style Design et de Fama Living Montr\u00e9al \u00e0 votre entourage!\n\nD\u00e9couvrez notre vaste s\u00e9lection de mobilier europ\u00e9en et moderne \u00e0 Montr\u00e9al et trouvez les pi\u00e8ces id\u00e9ales pour vos espaces.\t\t\t\t\t\t\t\t<\/div>\n\t\t\t\t<\/div>\n\t\t\t\t\t<\/div>\n\t\t\t\t<\/div>\n\t\t\t\t<\/div>\n\t\t","protected":false},"excerpt":{"rendered":"<p>Lancement du programme de recommandation de clients Euro Style Design et Fama Living Montr\u00e9al Chez Euro Style Design et Fama Living Montr\u00e9al, nous sommes fiers d&rsquo;offrir le meilleur mobilier europ\u00e9en. Avec plus de mille \u00e9chantillons de tissus et plus de cent \u00e9chantillons de cuir v\u00e9ritable, trouver le mobilier moderne id\u00e9al \u00e0 Montr\u00e9al n&rsquo;a jamais \u00e9t\u00e9 [&hellip;]<\/p>\n","protected":false},"author":3,"featured_media":0,"parent":0,"menu_order":0,"comment_status":"closed","ping_status":"closed","template":"","meta":{"_acf_changed":false,"site-sidebar-layout":"no-sidebar","site-content-layout":"page-builder","ast-site-content-layout":"full-width-container","site-content-style":"default","site-sidebar-style":"default","ast-global-header-display":"","ast-banner-title-visibility":"","ast-main-header-display":"","ast-hfb-above-header-display":"","ast-hfb-below-header-display":"","ast-hfb-mobile-header-display":"","site-post-title":"disabled","ast-breadcrumbs-content":"","ast-featured-img":"disabled","footer-sml-layout":"","ast-disable-related-posts":"","theme-transparent-header-meta":"","adv-header-id-meta":"","stick-header-meta":"","header-above-stick-meta":"","header-main-stick-meta":"","header-below-stick-meta":"","astra-migrate-meta-layouts":"default","ast-page-background-enabled":"default","ast-page-background-meta":{"desktop":{"background-color":"var(--ast-global-color-4)","background-image":"","background-repeat":"repeat","background-position":"center center","background-size":"auto","background-attachment":"scroll","background-type":"","background-media":"","overlay-type":"","overlay-color":"","overlay-opacity":"","overlay-gradient":""},"tablet":{"background-color":"","background-image":"","background-repeat":"repeat","background-position":"center center","background-size":"auto","background-attachment":"scroll","background-type":"","background-media":"","overlay-type":"","overlay-color":"","overlay-opacity":"","overlay-gradient":""},"mobile":{"background-color":"","background-image":"","background-repeat":"repeat","background-position":"center center","background-size":"auto","background-attachment":"scroll","background-type":"","background-media":"","overlay-type":"","overlay-color":"","overlay-opacity":"","overlay-gradient":""}},"ast-content-background-meta":{"desktop":{"background-color":"var(--ast-global-color-5)","background-image":"","background-repeat":"repeat","background-position":"center center","background-size":"auto","background-attachment":"scroll","background-type":"","background-media":"","overlay-type":"","overlay-color":"","overlay-opacity":"","overlay-gradient":""},"tablet":{"background-color":"var(--ast-global-color-5)","background-image":"","background-repeat":"repeat","background-position":"center center","background-size":"auto","background-attachment":"scroll","background-type":"","background-media":"","overlay-type":"","overlay-color":"","overlay-opacity":"","overlay-gradient":""},"mobile":{"background-color":"var(--ast-global-color-5)","background-image":"","background-repeat":"repeat","background-position":"center center","background-size":"auto","background-attachment":"scroll","background-type":"","background-media":"","overlay-type":"","overlay-color":"","overlay-opacity":"","overlay-gradient":""}},"footnotes":""},"class_list":["post-19017","page","type-page","status-publish","hentry"],"acf":[],"_links":{"self":[{"href":"https:\/\/famaliving.ca\/fr\/wp-json\/wp\/v2\/pages\/19017","targetHints":{"allow":["GET"]}}],"collection":[{"href":"https:\/\/famaliving.ca\/fr\/wp-json\/wp\/v2\/pages"}],"about":[{"href":"https:\/\/famaliving.ca\/fr\/wp-json\/wp\/v2\/types\/page"}],"author":[{"embeddable":true,"href":"https:\/\/famaliving.ca\/fr\/wp-json\/wp\/v2\/users\/3"}],"replies":[{"embeddable":true,"href":"https:\/\/famaliving.ca\/fr\/wp-json\/wp\/v2\/comments?post=19017"}],"version-history":[{"count":7,"href":"https:\/\/famaliving.ca\/fr\/wp-json\/wp\/v2\/pages\/19017\/revisions"}],"predecessor-version":[{"id":19037,"href":"https:\/\/famaliving.ca\/fr\/wp-json\/wp\/v2\/pages\/19017\/revisions\/19037"}],"wp:attachment":[{"href":"https:\/\/famaliving.ca\/fr\/wp-json\/wp\/v2\/media?parent=19017"}],"curies":[{"name":"wp","href":"https:\/\/api.w.org\/{rel}","templated":true}]}}