{"id":25946,"date":"2025-03-05T11:19:20","date_gmt":"2025-03-05T16:19:20","guid":{"rendered":"https:\/\/famaliving.ca\/registre\/"},"modified":"2025-03-11T15:38:40","modified_gmt":"2025-03-11T19:38:40","slug":"registre","status":"publish","type":"page","link":"https:\/\/famaliving.ca\/fr\/registre\/","title":{"rendered":"Registre"},"content":{"rendered":"\t\t<div data-elementor-type=\"wp-page\" data-elementor-id=\"25946\" class=\"elementor elementor-25946 elementor-25843\" data-elementor-post-type=\"page\">\n\t\t\t\t<div class=\"elementor-element elementor-element-f83b81f e-flex e-con-boxed e-con e-parent\" data-id=\"f83b81f\" data-element_type=\"container\" data-e-type=\"container\">\n\t\t\t\t\t<div class=\"e-con-inner\">\n\t\t<div class=\"elementor-element elementor-element-3c58a3d e-con-full e-flex e-con e-child\" data-id=\"3c58a3d\" data-element_type=\"container\" data-e-type=\"container\" data-settings=\"{&quot;background_background&quot;:&quot;classic&quot;}\">\n\t\t\t\t<div class=\"elementor-element elementor-element-45f02e0 elementor-widget elementor-widget-image\" data-id=\"45f02e0\" data-element_type=\"widget\" data-e-type=\"widget\" data-widget_type=\"image.default\">\n\t\t\t\t\t\t<div class=\"elementor-widget-container\">\n\t\t\t\t\t\t\t\t\t\t\t\t\t\t\t<img loading=\"lazy\" decoding=\"async\" width=\"1400\" height=\"875\" src=\"https:\/\/famaliving.ca\/wp-content\/uploads\/sites\/29\/fama-club-1600x1000.webp\" class=\"attachment-large size-large wp-image-11377\" alt=\"\" srcset=\"https:\/\/famaliving.ca\/wp-content\/uploads\/sites\/29\/fama-club-1600x1000.webp 1600w, https:\/\/famaliving.ca\/wp-content\/uploads\/sites\/29\/fama-club-800x500.webp 800w, https:\/\/famaliving.ca\/wp-content\/uploads\/sites\/29\/fama-club-400x250.webp 400w, https:\/\/famaliving.ca\/wp-content\/uploads\/sites\/29\/fama-club-768x480.webp 768w, https:\/\/famaliving.ca\/wp-content\/uploads\/sites\/29\/fama-club-1536x960.webp 1536w, https:\/\/famaliving.ca\/wp-content\/uploads\/sites\/29\/fama-club.webp 1680w\" sizes=\"auto, (max-width: 1400px) 100vw, 1400px\" \/>\t\t\t\t\t\t\t\t\t\t\t\t\t\t\t<\/div>\n\t\t\t\t<\/div>\n\t\t\t\t<div class=\"elementor-element elementor-element-b00e43c elementor-widget elementor-widget-text-editor\" data-id=\"b00e43c\" data-element_type=\"widget\" data-e-type=\"widget\" data-widget_type=\"text-editor.default\">\n\t\t\t\t\t\t<div class=\"elementor-widget-container\">\n\t\t\t\t\t\t\t\t\t<h3>Fama<span style=\"color: #bf2083;\">Living<\/span> Montr\u00e9al VIP Club<\/h3>\n<h4>\n Prix \n de l\u2019adh\u00e9sion r\u00e9guli\u00e8re \u00e0 vie <span class=\"strike\"><span class=\"black-text\">: 199<\/span><\/span> \n $ <span class=\"highlight\">annul\u00e9 pour le Canada&nbsp;!*<\/span>        \n<\/h4>\n\n<ul>\n \t<li style=\"text-align: left;\">Personnalisation illimit\u00e9e du mobilier et prix exclusifs<\/li>\n \t<li>Acc\u00e8s anticip\u00e9 aux ventes et aux nouveaux produits<\/li>\n \t<li>Service de conciergerie d\u00e9di\u00e9 au Canada<\/li>\n \t<li>Programme FamaPoints \u00e9changeables<\/li>\n \t<li>Des r\u00e9compenses g\u00e9n\u00e9reuses pour les recommandations<\/li>\n<\/ul>\n<small>*L\u2019offre est limit\u00e9e aux d\u00e9tenteurs d\u2019un num\u00e9ro de t\u00e9l\u00e9phone canadien valide, aucune preuve de r\u00e9sidence n\u2019est requise.<\/small>\t\t\t\t\t\t\t\t<\/div>\n\t\t\t\t<\/div>\n\t\t\t\t<\/div>\n\t\t<div class=\"elementor-element elementor-element-4355f17 e-con-full e-flex e-con e-child\" data-id=\"4355f17\" data-element_type=\"container\" data-e-type=\"container\">\n\t\t\t\t<div class=\"elementor-element elementor-element-c504908 elementor-widget elementor-widget-heading\" data-id=\"c504908\" data-element_type=\"widget\" data-e-type=\"widget\" data-widget_type=\"heading.default\">\n\t\t\t\t\t\t<div class=\"elementor-widget-container\">\n\t\t\t\t\t<h3 class=\"elementor-heading-title elementor-size-default\">Cr\u00e9ez votre compte<\/h3>\t\t\t\t<\/div>\n\t\t\t\t<\/div>\n\t\t\t\t<div class=\"elementor-element elementor-element-0d7093c uael-urf-icon-yes uael-rform-footer-text-align-center elementor-button-align-stretch uael-form-message-style-default elementor-widget elementor-widget-uael-registration-form\" data-id=\"0d7093c\" data-element_type=\"widget\" data-e-type=\"widget\" data-settings=\"{&quot;footer_text_align&quot;:&quot;center&quot;,&quot;field_border_width_underline&quot;:{&quot;unit&quot;:&quot;px&quot;,&quot;size&quot;:1,&quot;sizes&quot;:[]},&quot;button_width&quot;:&quot;100&quot;,&quot;button_align&quot;:&quot;stretch&quot;,&quot;field_border_width_underline_tablet&quot;:{&quot;unit&quot;:&quot;px&quot;,&quot;size&quot;:&quot;&quot;,&quot;sizes&quot;:[]},&quot;field_border_width_underline_mobile&quot;:{&quot;unit&quot;:&quot;px&quot;,&quot;size&quot;:&quot;&quot;,&quot;sizes&quot;:[]},&quot;fields_icon_size&quot;:{&quot;unit&quot;:&quot;px&quot;,&quot;size&quot;:&quot;&quot;,&quot;sizes&quot;:[]},&quot;fields_icon_size_tablet&quot;:{&quot;unit&quot;:&quot;px&quot;,&quot;size&quot;:&quot;&quot;,&quot;sizes&quot;:[]},&quot;fields_icon_size_mobile&quot;:{&quot;unit&quot;:&quot;px&quot;,&quot;size&quot;:&quot;&quot;,&quot;sizes&quot;:[]}}\" data-widget_type=\"uael-registration-form.default\">\n\t\t\t\t\t\t<div class=\"elementor-widget-container\">\n\t\t\t\t\t\t\t\t\t\t<div class=\"uael-registration-form\" data-page-id=\"25946\" data-success-message=\"Merci de vous \u00eatre inscrit avec nous&nbsp;!\" data-error-message=\"Erreur : Quelque chose s\u2019est mal pass\u00e9 ! Impossible de terminer le processus d\u2019inscription. \" data-strength-check=\"\" data-hide_form=\"yes\" data-redirect-url=\"https:\/\/famaliving.ca\/fr\/connectez-vous\/\" data-auto_login=\"yes\" data-send_email=\"both\">\n\t\t\t\t\t\t<form class=\"elementor-form\" method=\"post\">\n\n\t\t\t\t\t\t\t<div class=\"uael-registration-form-wrapper elementor-form-fields-wrapper elementor-labels-above\">\n\t\t\t\t\t\t\t\t\t\t\t\t\t\t\t\t\t\t<div class=\"elementor-field-required elementor-field-group uael-input-fields elementor-field-type-first_name elementor-column elementor-col-100\">\n\t\t\t\t\t\t\t\t\t\t\t<div class=\"uael-urf-field-wrapper\"><input id=\"form-field-first_name\" size=\"1\" type=\"text\" name=\"first_name\" placeholder=\"Pr\u00e9nom\" class=\"elementor-field elementor-size-sm form-field-first_name elementor-field-textual\" required=\"required\" aria-required=\"true\"><span class=\"uael-fields-icon\"><i class=\"fa fa-user\"><\/i><\/span><\/div>\t\t\t\t\t\t\t\t\t\t\t\t\t\t\t\t\t\t\t\t\t<\/div>\n\t\t\t\t\t\t\t\t\t\t\t\t\t\t\t\t\t\t\t\t<div class=\"elementor-field-required elementor-field-group uael-input-fields elementor-field-type-last_name elementor-column elementor-col-100\">\n\t\t\t\t\t\t\t\t\t\t\t<div class=\"uael-urf-field-wrapper\"><input id=\"form-field-last_name\" size=\"1\" type=\"text\" name=\"last_name\" placeholder=\"Nom\" class=\"elementor-field elementor-size-sm form-field-last_name elementor-field-textual\" required=\"required\" aria-required=\"true\"><span class=\"uael-fields-icon\"><i class=\"fa fa-user\"><\/i><\/span><\/div>\t\t\t\t\t\t\t\t\t\t\t\t\t\t\t\t\t\t\t\t\t<\/div>\n\t\t\t\t\t\t\t\t\t\t\t\t\t\t\t\t\t\t\t\t<div class=\"elementor-field-required elementor-field-group uael-input-fields elementor-field-type-phone elementor-column elementor-col-100\">\n\t\t\t\t\t\t\t\t\t\t\t<div class=\"uael-urf-field-wrapper\"><input id=\"form-field-phone\" size=\"1\" type=\"tel\" name=\"phone\" placeholder=\"T\u00e9l\u00e9phone\" class=\"elementor-field elementor-size-sm form-field-phone elementor-field-textual\" required=\"required\" aria-required=\"true\"><span class=\"uael-fields-icon\"><i class=\"fas fa-phone-alt\"><\/i><\/span><\/div>\t\t\t\t\t\t\t\t\t\t\t\t\t\t\t\t\t\t\t\t\t<\/div>\n\t\t\t\t\t\t\t\t\t\t\t\t\t\t\t\t\t\t\t\t<div class=\"elementor-field-required elementor-field-group uael-input-fields elementor-field-type-email elementor-column elementor-col-100\">\n\t\t\t\t\t\t\t\t\t\t\t<div class=\"uael-urf-field-wrapper\"><input id=\"form-field-email\" size=\"1\" type=\"email\" name=\"email\" placeholder=\"Courriel\" class=\"elementor-field elementor-size-sm form-field-email elementor-field-textual\" required=\"required\" aria-required=\"true\"><span class=\"uael-fields-icon\"><i class=\"fas fa-envelope\"><\/i><\/span><\/div>\t\t\t\t\t\t\t\t\t\t\t\t\t\t\t\t\t\t\t\t\t<\/div>\n\t\t\t\t\t\t\t\t\t\t\t\t\t\t\t\t\t\t\t\t<div class=\"elementor-field-required elementor-field-group uael-input-fields elementor-field-type-password elementor-column elementor-col-100\">\n\t\t\t\t\t\t\t\t\t\t\t<div class=\"uael-urf-field-wrapper\"><input id=\"form-field-password\" size=\"1\" type=\"password\" name=\"password\" placeholder=\"Mot de passe\" class=\"elementor-field elementor-size-sm form-field-password elementor-field-textual\" required=\"required\" aria-required=\"true\"><span class=\"uael-fields-icon\"><i class=\"fa fa-lock\"><\/i><\/span><\/div>\t\t\t\t\t\t\t\t\t\t\t\t\t\t\t\t\t\t\t\t\t\t\t<div class=\"uael-pass-wrapper\" style=\"display: none;\">\n\t\t\t\t\t\t\t\t\t\t\t\t\t<div class=\"uael-pass-bar\"><div class=\"uael-pass-bar-color\"><\/div><\/div>\n\t\t\t\t\t\t\t\t\t\t\t\t\t<span class=\"uael-pass-notice\"><\/span>\n\t\t\t\t\t\t\t\t\t\t\t\t<\/div>\n\t\t\t\t\t\t\t\t\t\t\t\t\t\t\t\t\t\t\t\t\t<\/div>\n\t\t\t\t\t\t\t\t\t\t\t\t\t\t\t\t\t\t\t\t\t\t\t\t\t\t\t<div class=\"uael-input-fields elementor-field-group acceptance-field\">\n\t\t\t\t\t\t\t\t\t\t\t\t\t\t\t\t\t\t\t\t<div class=\"elementor-field-subgroup\">\n\t\t\t\t\t\t\t\t\t\t\t<label class=\"elementor-field-option\">\n\t\t\t\t\t\t\t\t\t\t\t\t<input size=\"1\" type=\"checkbox\" required=\"required\" aria-required=\"true\" name=\"uae-terms-checkbox\" class=\"elementor-acceptance-field elementor-field\">\n\t\t\t\t\t\t\t\t\t\t\t\t\t\t\t\t\t\t\t\t\t\t\t\t\t<span class=\"checkbox-label\">I Accept the <a href=\"\/terms-conditions\/\" target=\"_blank\">Terms and Conditions<\/a> &amp; <a href=\"\/privacy-policy\" target=\"_blank\"> Privacy Policy<\/a>.<\/span>\n\t\t\t\t\t\t\t\t\t\t\t\t\t\t\t\t\t\t\t\t\t\t\t<\/label>\n\t\t\t\t\t\t\t\t\t\t<\/div>\n\t\t\t\t\t\t\t\t\t\t<span class=\"uael-register-acceptance-message acceptance-error-message\"><span class=\"uael-register-error\">Please accept the Terms and Conditions to proceed.<\/span><\/span>\n\t\t\t\t\t\t\t\t\t<\/div>\n\t\t\t\t\t\t\t\t\n\t\t\t\t\t\t\t\t<div class=\"uael-reg-form-submit uael-button-wrapper elementor-widget-button elementor-field-group elementor-column elementor-field-type-submit elementor-col-100\">\n\t\t\t\t\t\t\t\t\t\t\t\t\t\t\t\t\t\t<button type=\"submit\" class=\"elementor-button uael-register-submit elementor-size-sm\">\n\t\t\t\t\t\t\t\t\t\t<span >\n\t\t\t\t\t\t\t\t\t\t\t\t\t\t\t\t\t\t\t\t\t\t\t\t\t\t\t\t\t\t\t\t<\/span>\n\t\t\t\t\t\t\t\t\t\t\t\t\t\t\t\t\t\t\t<span class=\"elementor-button-text uael-registration-submit\">Inscrivez-vous<\/span>\n\t\t\t\t\t\t\t\t\t\t\t\t\t\t\t\t\t\t\t<\/span>\n\t\t\t\t\t\t\t\t\t<\/button>\n\t\t\t\t\t\t\t\t<\/div>\n\t\t\t\t\t\t\t\t<div class=\"uael-rform-footer elementor-field-group\">\n\n\t\t\t\t\t\t\t\t\t\n\t\t\t\t\t\t\t\t\t\t<a class=\"uael-rform-footer-link\" href=\"https:\/\/famaliving.ca\/fr\/connectez-vous\/\">\n\t\t\t\t\t\t\t\t\t\t\t<span>Connectez-vous<\/span>\n\t\t\t\t\t\t\t\t\t\t<\/a>\n\t\t\t\t\t\t\t\t\t\n\t\t\t\t\t\t\t\t\t\n\t\t\t\t\t\t\t\t\t\t<a class=\"uael-rform-footer-link\" href=\"https:\/\/famaliving.ca\/fr\/mon-compte\/lost\/\">\n\t\t\t\t\t\t\t\t\t\t\t<span>Vous avez perdu votre mot de passe ?<\/span>\n\t\t\t\t\t\t\t\t\t\t<\/a>\n\t\t\t\t\t\t\t\t\t\t\t\t\t\t\t\t\t<\/div>\n\t\t\t\t\t\t\t<\/div>\n\t\t\t\t\t\t\t<input type=\"hidden\" id=\"uael-reg-form-nonce\" name=\"uael-reg-form-nonce\" value=\"ae2426475f\" \/><input type=\"hidden\" name=\"_wp_http_referer\" value=\"\/fr\/wp-json\/wp\/v2\/pages\/25946\" \/>\t\t\t\t\t\t<\/form>\n\t\t\t\t\t\t\t\t\t\t\t\t<div class=\"uael-registration-message elementor-alert\"><\/div>\n\t\t\t\t\t<\/div>\n\t\t\t\t\t\t\t\t\t<\/div>\n\t\t\t\t<\/div>\n\t\t\t\t<div class=\"elementor-element elementor-element-ea4b86d uael-login-form-icon-yes elementor-hidden-desktop elementor-hidden-tablet elementor-hidden-mobile elementor-widget elementor-widget-uael-login-form\" data-id=\"ea4b86d\" data-element_type=\"widget\" data-e-type=\"widget\" data-settings=\"{&quot;input_border&quot;:{&quot;unit&quot;:&quot;px&quot;,&quot;top&quot;:&quot;0&quot;,&quot;right&quot;:&quot;0&quot;,&quot;bottom&quot;:&quot;1&quot;,&quot;left&quot;:&quot;0&quot;,&quot;isLinked&quot;:false},&quot;footer_text_align&quot;:&quot;flex-start&quot;,&quot;row_gap&quot;:{&quot;unit&quot;:&quot;px&quot;,&quot;size&quot;:20,&quot;sizes&quot;:[]},&quot;row_gap_tablet&quot;:{&quot;unit&quot;:&quot;px&quot;,&quot;size&quot;:&quot;&quot;,&quot;sizes&quot;:[]},&quot;row_gap_mobile&quot;:{&quot;unit&quot;:&quot;px&quot;,&quot;size&quot;:&quot;&quot;,&quot;sizes&quot;:[]},&quot;label_spacing&quot;:{&quot;unit&quot;:&quot;px&quot;,&quot;size&quot;:&quot;&quot;,&quot;sizes&quot;:[]},&quot;label_spacing_tablet&quot;:{&quot;unit&quot;:&quot;px&quot;,&quot;size&quot;:&quot;&quot;,&quot;sizes&quot;:[]},&quot;label_spacing_mobile&quot;:{&quot;unit&quot;:&quot;px&quot;,&quot;size&quot;:&quot;&quot;,&quot;sizes&quot;:[]},&quot;input_padding&quot;:{&quot;unit&quot;:&quot;px&quot;,&quot;top&quot;:&quot;&quot;,&quot;right&quot;:&quot;&quot;,&quot;bottom&quot;:&quot;&quot;,&quot;left&quot;:&quot;&quot;,&quot;isLinked&quot;:true},&quot;input_padding_tablet&quot;:{&quot;unit&quot;:&quot;px&quot;,&quot;top&quot;:&quot;&quot;,&quot;right&quot;:&quot;&quot;,&quot;bottom&quot;:&quot;&quot;,&quot;left&quot;:&quot;&quot;,&quot;isLinked&quot;:true},&quot;input_padding_mobile&quot;:{&quot;unit&quot;:&quot;px&quot;,&quot;top&quot;:&quot;&quot;,&quot;right&quot;:&quot;&quot;,&quot;bottom&quot;:&quot;&quot;,&quot;left&quot;:&quot;&quot;,&quot;isLinked&quot;:true},&quot;input_border_tablet&quot;:{&quot;unit&quot;:&quot;px&quot;,&quot;top&quot;:&quot;&quot;,&quot;right&quot;:&quot;&quot;,&quot;bottom&quot;:&quot;&quot;,&quot;left&quot;:&quot;&quot;,&quot;isLinked&quot;:true},&quot;input_border_mobile&quot;:{&quot;unit&quot;:&quot;px&quot;,&quot;top&quot;:&quot;&quot;,&quot;right&quot;:&quot;&quot;,&quot;bottom&quot;:&quot;&quot;,&quot;left&quot;:&quot;&quot;,&quot;isLinked&quot;:true}}\" data-widget_type=\"uael-login-form.default\">\n\t\t\t\t\t\t<div class=\"elementor-widget-container\">\n\t\t\t\t\t\t\t\t<div class=\"uael-login-form-wrapper\" data-nonce=\"849bae1096\">\n\t\t\t\t\t\t\t\t\t\t<form class=\"uael-form uael-login-form\" method=\"post\">\n\t\t\t\t\t\n\t\t\t\t\t<div class=\"elementor-form-fields-wrapper\">\n\t\t\t\t\t\t<div class=\"elementor-field-type-text elementor-field-group elementor-column elementor-col-100 elementor-field-required\">\n\t\t\t\t\t\t\t<div class=\"uael-username-wrapper\"><input size=\"1\" type=\"text\" name=\"username\" id=\"user\" placeholder=\"Nom d\u2019utilisateur ou adresse e-mail\" class=\"elementor-field elementor-field-textual elementor-size-sm uael-login-form-username\"><span class=\"uael-fields-icon\"><i class=\"fa fa-user\"><\/i><\/span><\/div>\t\t\t\t\t\t\t\t\t\t\t\t\t<\/div>\n\n\t\t\t\t\t\t<div class=\"elementor-field-type-text elementor-field-group elementor-column elementor-col-100 elementor-field-required\">\n\t\t\t\t\t\t\t<div class=\"uael-password-wrapper\"><input size=\"1\" type=\"password\" name=\"password\" id=\"password\" placeholder=\"Mot de passe\" class=\"elementor-field elementor-field-textual elementor-size-sm uael-login-form-password\"><span class=\"uael-fields-icon\"><i class=\"fa fa-lock\"><\/i><\/span><span toggle=\"#password-field\" class=\"fa fa-fw fa-eye field-icon toggle-password\"><\/span><\/div>\t\t\t\t\t\t\t\t\t\t\t\t\t<\/div>\n\n\t\t\t\t\t\t<div class=\"elementor-field-type-text elementor-field-group elementor-column elementor-col-100 elementor-field-required\">\n\t\t\t\t\t\t\t\t\t\t\t\t\t<\/div>\n\n\t\t\t\t\t\t\t\t\t\t\t\t\t\t\t\t\t\t\t\t<div class=\"elementor-field-type-checkbox elementor-field-group elementor-column elementor-col-100 elementor-remember-me\">\n\t\t\t\t\t\t\t\t<label for=\"uael-login-remember-me\">\n\t\t\t\t\t\t\t\t\t<input type=\"checkbox\" id=\"uael-login-remember-me\" class=\"uael-login-form-remember\" name=\"rememberme\" value=\"forever\">\n\t\t\t\t\t\t\t\t\t<span class=\"uael-login-form-remember\">Remember Me<\/span>\n\t\t\t\t\t\t\t\t<\/label>\n\t\t\t\t\t\t\t<\/div>\n\t\t\t\t\t\t\n\t\t\t\t\t\t<div class=\"elementor-field-group elementor-column elementor-widget-button uael-login-form-submit-group elementor-field-type-submit elementor-col-100\">\n\t\t\t\t\t\t\t\t\t\t\t\t\t\t<button type=\"submit\" class=\"elementor-button uael-login-form-submit elementor-size-sm\" name=\"uael-login-submit\" data-ajax-enable=\"yes\">\n\t\t\t\t\t\t\t\t\t\t\t\t\t\t\t\t\t\t\t\t\t\t\t\t\t<span class=\"elementor-button-text\">S'identifier<\/span>\n\t\t\t\t\t\t\t\t\t\t\t\t\t\t\t\t\t\t\t\t\t\t\t<\/button>\n\t\t\t\t\t\t\t\t\t\t\t\t\t<\/div>\n\n\t\t\t\t\t\t\t\t\t\t\t\t\t<div class=\"elementor-field-group elementor-column elementor-col-100 uael-login-form-footer\">\n\t\t\t\t\t\t\t\t\t\t\t\t\t\t\t\t\t<a class=\"uael-login-form-footer-link\" href=\"\/register\">\n\t\t\t\t\t\t\t\t\t\t<span class=\"elementor-inline-editing\" data-elementor-setting-key=\"show_register_text\" data-elementor-inline-editing-toolbar=\"basic\">Registre<\/span>\n\t\t\t\t\t\t\t\t\t<\/a>\n\t\t\t\t\t\t\t\t\n\t\t\t\t\t\t\t\t\t\t\t\t\t\t\t\t\t<a class=\"uael-login-form-footer-link\" href=\"https:\/\/famaliving.ca\/fr\/mon-compte\/lost\/\">\n\t\t\t\t\t\t\t\t\t\t<span class=\"elementor-inline-editing\" data-elementor-setting-key=\"show_lost_password_text\" data-elementor-inline-editing-toolbar=\"basic\">Vous avez perdu votre mot de passe ?<\/span>\n\t\t\t\t\t\t\t\t\t<\/a>\n\t\t\t\t\t\t\t\t\t\t\t\t\t\t\t<\/div>\n\t\t\t\t\t\t\n\t\t\t\t\t<\/div>\n\t\t\t\t<\/form>\n\t\t\t\t\t\t\t\t<\/div>\n\t\t\t\t\t\t<\/div>\n\t\t\t\t<\/div>\n\t\t\t\t<\/div>\n\t\t\t\t\t<\/div>\n\t\t\t\t<\/div>\n\t\t\t\t<\/div>\n\t\t","protected":false},"excerpt":{"rendered":"<p>FamaLiving Montr\u00e9al VIP Club Prix de l\u2019adh\u00e9sion r\u00e9guli\u00e8re \u00e0 vie : 199 $ annul\u00e9 pour le Canada&nbsp;!* Personnalisation illimit\u00e9e du mobilier et prix exclusifs Acc\u00e8s anticip\u00e9 aux ventes et aux nouveaux produits Service de conciergerie d\u00e9di\u00e9 au Canada Programme FamaPoints \u00e9changeables Des r\u00e9compenses g\u00e9n\u00e9reuses pour les recommandations *L\u2019offre est limit\u00e9e aux d\u00e9tenteurs d\u2019un num\u00e9ro de [&hellip;]<\/p>\n","protected":false},"author":1895,"featured_media":0,"parent":0,"menu_order":0,"comment_status":"closed","ping_status":"closed","template":"","meta":{"_acf_changed":false,"site-sidebar-layout":"no-sidebar","site-content-layout":"page-builder","ast-site-content-layout":"full-width-container","site-content-style":"default","site-sidebar-style":"default","ast-global-header-display":"","ast-banner-title-visibility":"","ast-main-header-display":"","ast-hfb-above-header-display":"","ast-hfb-below-header-display":"","ast-hfb-mobile-header-display":"","site-post-title":"disabled","ast-breadcrumbs-content":"","ast-featured-img":"disabled","footer-sml-layout":"","ast-disable-related-posts":"","theme-transparent-header-meta":"","adv-header-id-meta":"","stick-header-meta":"","header-above-stick-meta":"","header-main-stick-meta":"","header-below-stick-meta":"","astra-migrate-meta-layouts":"default","ast-page-background-enabled":"default","ast-page-background-meta":{"desktop":{"background-color":"var(--ast-global-color-4)","background-image":"","background-repeat":"repeat","background-position":"center center","background-size":"auto","background-attachment":"scroll","background-type":"","background-media":"","overlay-type":"","overlay-color":"","overlay-opacity":"","overlay-gradient":""},"tablet":{"background-color":"","background-image":"","background-repeat":"repeat","background-position":"center center","background-size":"auto","background-attachment":"scroll","background-type":"","background-media":"","overlay-type":"","overlay-color":"","overlay-opacity":"","overlay-gradient":""},"mobile":{"background-color":"","background-image":"","background-repeat":"repeat","background-position":"center center","background-size":"auto","background-attachment":"scroll","background-type":"","background-media":"","overlay-type":"","overlay-color":"","overlay-opacity":"","overlay-gradient":""}},"ast-content-background-meta":{"desktop":{"background-color":"var(--ast-global-color-5)","background-image":"","background-repeat":"repeat","background-position":"center center","background-size":"auto","background-attachment":"scroll","background-type":"","background-media":"","overlay-type":"","overlay-color":"","overlay-opacity":"","overlay-gradient":""},"tablet":{"background-color":"var(--ast-global-color-5)","background-image":"","background-repeat":"repeat","background-position":"center center","background-size":"auto","background-attachment":"scroll","background-type":"","background-media":"","overlay-type":"","overlay-color":"","overlay-opacity":"","overlay-gradient":""},"mobile":{"background-color":"var(--ast-global-color-5)","background-image":"","background-repeat":"repeat","background-position":"center center","background-size":"auto","background-attachment":"scroll","background-type":"","background-media":"","overlay-type":"","overlay-color":"","overlay-opacity":"","overlay-gradient":""}},"footnotes":""},"class_list":["post-25946","page","type-page","status-publish","hentry"],"acf":[],"_links":{"self":[{"href":"https:\/\/famaliving.ca\/fr\/wp-json\/wp\/v2\/pages\/25946","targetHints":{"allow":["GET"]}}],"collection":[{"href":"https:\/\/famaliving.ca\/fr\/wp-json\/wp\/v2\/pages"}],"about":[{"href":"https:\/\/famaliving.ca\/fr\/wp-json\/wp\/v2\/types\/page"}],"author":[{"embeddable":true,"href":"https:\/\/famaliving.ca\/fr\/wp-json\/wp\/v2\/users\/1895"}],"replies":[{"embeddable":true,"href":"https:\/\/famaliving.ca\/fr\/wp-json\/wp\/v2\/comments?post=25946"}],"version-history":[{"count":2,"href":"https:\/\/famaliving.ca\/fr\/wp-json\/wp\/v2\/pages\/25946\/revisions"}],"predecessor-version":[{"id":25951,"href":"https:\/\/famaliving.ca\/fr\/wp-json\/wp\/v2\/pages\/25946\/revisions\/25951"}],"wp:attachment":[{"href":"https:\/\/famaliving.ca\/fr\/wp-json\/wp\/v2\/media?parent=25946"}],"curies":[{"name":"wp","href":"https:\/\/api.w.org\/{rel}","templated":true}]}}