{"id":28902,"date":"2025-03-04T17:16:07","date_gmt":"2025-03-04T22:16:07","guid":{"rendered":"https:\/\/famaliving.ca\/conditions-generales\/"},"modified":"2025-03-13T13:47:50","modified_gmt":"2025-03-13T17:47:50","slug":"conditions-generales","status":"publish","type":"page","link":"https:\/\/famaliving.ca\/fr\/conditions-generales\/","title":{"rendered":"Conditions g\u00e9n\u00e9rales"},"content":{"rendered":"\t\t<div data-elementor-type=\"wp-page\" data-elementor-id=\"28902\" class=\"elementor elementor-28902 elementor-25818\" data-elementor-post-type=\"page\">\n\t\t\t\t<div class=\"elementor-element elementor-element-09c7acf e-flex e-con-boxed e-con e-parent\" data-id=\"09c7acf\" data-element_type=\"container\" data-e-type=\"container\">\n\t\t\t\t\t<div class=\"e-con-inner\">\n\t\t\t\t<div class=\"elementor-element elementor-element-158cb2b elementor-widget elementor-widget-heading\" data-id=\"158cb2b\" data-element_type=\"widget\" data-e-type=\"widget\" data-widget_type=\"heading.default\">\n\t\t\t\t\t\t<div class=\"elementor-widget-container\">\n\t\t\t\t\t<h2 class=\"elementor-heading-title elementor-size-default\">Conditions g\u00e9n\u00e9rales<\/h2>\t\t\t\t<\/div>\n\t\t\t\t<\/div>\n\t\t\t\t<div class=\"elementor-element elementor-element-67beb7b elementor-widget elementor-widget-text-editor\" data-id=\"67beb7b\" data-element_type=\"widget\" data-e-type=\"widget\" data-widget_type=\"text-editor.default\">\n\t\t\t\t\t\t<div class=\"elementor-widget-container\">\n\t\t\t\t\t\t\t\t\t<p data-start=\"29\" data-end=\"98\"><strong data-start=\"29\" data-end=\"48\">Date d\u2019entr\u00e9e en vigueur :<\/strong> Mars.2025<br data-start=\"62\" data-end=\"65\" \/><strong data-start=\"65\" data-end=\"82\">Derni\u00e8re mise \u00e0 jour :<\/strong> Mars.2025<\/p><h5 data-start=\"100\" data-end=\"124\"><strong data-start=\"103\" data-end=\"122\">1. Pr\u00e9sentation<\/strong><\/h5><p data-start=\"96\" data-end=\"552\">Ces Termes et Conditions (\u00ab Conditions \u00bb) r\u00e9gissent l&rsquo;utilisation du site web <a href=\"http:\/\/www.famaliving.ca\" target=\"_new\" rel=\"noopener\" data-start=\"174\" data-end=\"219\">www.famaliving.ca<\/a> (le \u00ab Site Web \u00bb) ainsi que les services fournis par <strong data-start=\"273\" data-end=\"296\">Famaliving Montr\u00e9al<\/strong> (\u00ab Soci\u00e9t\u00e9 \u00bb, \u00ab nous \u00bb, \u00ab notre \u00bb ou \u00ab nos \u00bb). En acc\u00e9dant et en utilisant le Site Web, les utilisateurs acceptent de se conformer \u00e0 ces Conditions. Si un utilisateur n\u2019accepte pas une partie de ces Conditions, il doit s\u2019abstenir d\u2019utiliser le Site Web.<\/p><p data-start=\"554\" data-end=\"783\">Famaliving Montr\u00e9al op\u00e8re exclusivement au Canada. Bien que la marque Famaliving soit reconnue \u00e0 l\u2019\u00e9chelle internationale, ce Site Web et tous les services associ\u00e9s sont destin\u00e9s uniquement aux clients situ\u00e9s au Canada.<\/p><p data-start=\"126\" data-end=\"495\"><strong style=\"font-size: 1.2em;\" data-start=\"707\" data-end=\"727\">2. Annulations, Remboursements et \u00c9changes<\/strong><\/p><p data-start=\"844\" data-end=\"1163\">Famaliving Montr\u00e9al autorise les annulations, remboursements et \u00e9changes, mais chaque demande sera \u00e9valu\u00e9e au cas par cas. Les remboursements et \u00e9changes sont possibles dans un d\u00e9lai de 5 jours suivant la r\u00e9ception de la marchandise. Les articles doivent \u00eatre dans leur \u00e9tat d&rsquo;origine avec l&#8217;emballage intact.<br \/>Des frais de remise en stock de 25 % s&rsquo;appliquent aux retours. Les frais de livraison et de manutention ne sont pas remboursables, y compris pour les articles initialement propos\u00e9s avec la mention \u00ab livraison gratuite \u00bb.<br \/>Les commandes sp\u00e9ciales et les mod\u00e8les d&rsquo;exposition sont des ventes finales et ne peuvent \u00eatre ni annul\u00e9s, ni retourn\u00e9s, ni \u00e9chang\u00e9s.<\/p><p data-start=\"731\" data-end=\"1126\"><strong style=\"font-size: 1.2em;\" data-start=\"1301\" data-end=\"1347\">3. Commandes Personnalis\u00e9es et Livraison<\/strong><\/p><p data-start=\"1595\" data-end=\"1819\">Tous les produits propos\u00e9s par Famaliving Montr\u00e9al sont personnalis\u00e9s en fonction des pr\u00e9f\u00e9rences du client. En raison de cette personnalisation, la production et la livraison peuvent n\u00e9cessiter plusieurs mois.<br \/>Les clients sont responsables de fournir des informations de livraison exactes. Si une tentative de livraison \u00e9choue en raison d\u2019informations incorrectes ou d&rsquo;une absence du client, des frais suppl\u00e9mentaires peuvent s\u2019appliquer pour une nouvelle livraison.<\/p><p data-start=\"2089\" data-end=\"2323\"><strong data-start=\"2092\" data-end=\"2121\">Politique d\u2019entreposage :<\/strong> Une fois la marchandise arriv\u00e9e \u00e0 notre entrep\u00f4t, Famaliving Montr\u00e9al la stockera gratuitement pendant un mois. Apr\u00e8s cette p\u00e9riode, des frais d\u2019entreposage de 10 % par mois seront appliqu\u00e9s.<\/p><p data-start=\"1351\" data-end=\"1709\"><strong style=\"font-size: 1.2em;\" data-start=\"2156\" data-end=\"2191\">4. Politique de Garantie<\/strong><\/p><p data-start=\"2366\" data-end=\"2582\">Famaliving Montr\u00e9al offre une garantie \u00e0 vie sur certains articles. La couverture de la garantie s\u2019applique uniquement aux produits \u00e9ligibles et est conditionn\u00e9e par un usage et un entretien appropri\u00e9s.<\/p><p data-start=\"2584\" data-end=\"2622\"><strong data-start=\"2586\" data-end=\"2620\">Non couverts par la garantie :<\/strong><\/p><ul data-start=\"2623\" data-end=\"2977\"><li data-start=\"2623\" data-end=\"2701\">Variations naturelles de teinte, de grain et de texture des mat\u00e9riaux.<\/li><li data-start=\"2702\" data-end=\"2831\">Les produits en cuir peuvent pr\u00e9senter des marques naturelles ou des cicatrices qui n&rsquo;affectent pas leur qualit\u00e9.<\/li><li data-start=\"2832\" data-end=\"2977\">Dommages r\u00e9sultant d\u2019un mauvais usage, d\u2019un accident, d\u2019une mauvaise manipulation, de modifications non autoris\u00e9es ou de l\u2019usure normale.<\/li><\/ul><p data-start=\"2979\" data-end=\"3167\">Les r\u00e9clamations de garantie seront examin\u00e9es au cas par cas, et les solutions peuvent inclure une r\u00e9paration, un remplacement ou d&rsquo;autres mesures, \u00e0 la discr\u00e9tion de la Soci\u00e9t\u00e9.<\/p><p data-start=\"2195\" data-end=\"2496\"><strong style=\"font-size: 1.2em;\" data-start=\"2945\" data-end=\"2989\">5. Droits de Propri\u00e9t\u00e9 Intellectuelle<\/strong><\/p><p data-start=\"3223\" data-end=\"3440\">Tout le contenu du Site Web, y compris les logos, les images de produits, les descriptions et les marques d\u00e9pos\u00e9es, est la propri\u00e9t\u00e9 exclusive de Famaliving Montr\u00e9al et, le cas \u00e9ch\u00e9ant, de Fama, Espagne.<\/p><p data-start=\"3442\" data-end=\"3583\">Toute reproduction, distribution, modification ou utilisation non autoris\u00e9e du contenu pourra entra\u00eener des poursuites judiciaires.<\/p><p data-start=\"2993\" data-end=\"3296\"><strong style=\"font-size: 1.2em;\" data-start=\"3511\" data-end=\"3544\">6. Responsabilit\u00e9 et D\u00e9clarations<\/strong><\/p><p data-start=\"3635\" data-end=\"3783\">Famaliving Montr\u00e9al n\u2019est pas responsable des dommages caus\u00e9s par une utilisation, manipulation ou assemblage inappropri\u00e9 de ses produits.<\/p><p data-start=\"3785\" data-end=\"3803\"><strong data-start=\"3788\" data-end=\"3801\">\u00c0 noter :<\/strong><\/p><ul data-start=\"3804\" data-end=\"4243\"><li data-start=\"3804\" data-end=\"3993\">Bien que nous nous efforcions d\u2019assurer une exactitude maximale, il peut exister des variations de couleur, de mat\u00e9riau et de finition, qui ne justifient ni retour ni remboursement.<\/li><li data-start=\"3994\" data-end=\"4137\">Nous ne sommes pas responsables des services fournis par des tiers, y compris les transporteurs ou les processeurs de paiement.<\/li><li data-start=\"4138\" data-end=\"4243\">Famaliving Montr\u00e9al d\u00e9cline toute garantie, expresse ou implicite, concernant les services tiers.<\/li><\/ul><p data-start=\"3548\" data-end=\"3932\"><strong style=\"font-size: 1.2em;\" data-start=\"4304\" data-end=\"4326\">7. Droit Applicable et R\u00e9solution des Litiges<\/strong><\/p><p data-start=\"4307\" data-end=\"4476\">Ces Conditions sont r\u00e9gies par les lois du Canada. En cas de litige, les parties doivent tenter une m\u00e9diation ou un arbitrage avant toute poursuite judiciaire.<\/p><p data-start=\"4478\" data-end=\"4567\">Les r\u00e9clamations doivent \u00eatre d\u00e9pos\u00e9es devant une juridiction comp\u00e9tente au Canada.<\/p><p data-start=\"29\" data-end=\"326\"><strong style=\"font-size: 1.2em;\" data-start=\"4805\" data-end=\"4840\">8. Livraison et Installation<\/strong><\/p><ul><li data-start=\"4614\" data-end=\"4707\">La livraison standard se fait jusqu\u2019au premier \u00e9tage, sauf arrangement pr\u00e9alable.<\/li><li data-start=\"4708\" data-end=\"4794\">L\u2019installation n\u2019inclut pas le montage mural ni les raccordements \u00e9lectriques.<\/li><li data-start=\"4795\" data-end=\"4889\">Des frais de relivraison s\u2019appliqueront si le destinataire est absent au moment pr\u00e9vu.<\/li><li data-start=\"4890\" data-end=\"4998\">Retrait en magasin disponible : le client est responsable du transport s\u00e9curis\u00e9 de ses articles.<\/li><li data-start=\"4999\" data-end=\"5142\">Exp\u00e9dition par transporteur : Les clients doivent inspecter les articles \u00e0 la livraison et signaler imm\u00e9diatement tout dommage.<\/li><\/ul><p data-start=\"4844\" data-end=\"5090\"><strong style=\"font-size: 1.2em;\" data-start=\"5374\" data-end=\"5406\">9. Modifications et Mises \u00e0 Jour<\/strong><\/p><p data-start=\"5193\" data-end=\"5397\">Ces Conditions sont publiquement accessibles sur le Site Web et peuvent \u00eatre mises \u00e0 jour \u00e0 tout moment sans pr\u00e9avis. L\u2019utilisation continue du Site Web vaut acceptation des Conditions r\u00e9vis\u00e9es.<\/p><h5 data-start=\"7377\" data-end=\"7409\"><strong data-start=\"7380\" data-end=\"7407\">13. Coordonn\u00e9es<\/strong><\/h5><p data-start=\"7411\" data-end=\"7534\">Pour toute question concernant les pr\u00e9sentes conditions g\u00e9n\u00e9rales, les utilisateurs peuvent contacter Famaliving Montr\u00e9al:<\/p><ul data-start=\"6232\" data-end=\"6357\"><li data-start=\"6232\" data-end=\"6282\"><strong data-start=\"6234\" data-end=\"6254\">Visite en personne :<\/strong> 2000, boul. Saint-Laurent, Montr\u00e9al, QC H2X 2T2<\/li><li data-start=\"6283\" data-end=\"6319\"><strong data-start=\"6285\" data-end=\"6295\">T\u00e9l\u00e9phone :<\/strong> (514) 840 0990<\/li><li data-start=\"6320\" data-end=\"6357\"><strong data-start=\"6322\" data-end=\"6332\">Courriel :<\/strong> info@famaliving.ca<\/li><\/ul>\t\t\t\t\t\t\t\t<\/div>\n\t\t\t\t<\/div>\n\t\t\t\t\t<\/div>\n\t\t\t\t<\/div>\n\t\t\t\t<\/div>\n\t\t","protected":false},"excerpt":{"rendered":"<p>Conditions g\u00e9n\u00e9rales Date d\u2019entr\u00e9e en vigueur : Mars.2025Derni\u00e8re mise \u00e0 jour : Mars.2025 1. Pr\u00e9sentation Ces Termes et Conditions (\u00ab Conditions \u00bb) r\u00e9gissent l&rsquo;utilisation du site web www.famaliving.ca (le \u00ab Site Web \u00bb) ainsi que les services fournis par Famaliving Montr\u00e9al (\u00ab Soci\u00e9t\u00e9 \u00bb, \u00ab nous \u00bb, \u00ab notre \u00bb ou \u00ab nos \u00bb). En [&hellip;]<\/p>\n","protected":false},"author":1895,"featured_media":0,"parent":0,"menu_order":0,"comment_status":"closed","ping_status":"closed","template":"","meta":{"_acf_changed":false,"site-sidebar-layout":"no-sidebar","site-content-layout":"page-builder","ast-site-content-layout":"full-width-container","site-content-style":"default","site-sidebar-style":"default","ast-global-header-display":"","ast-banner-title-visibility":"","ast-main-header-display":"","ast-hfb-above-header-display":"","ast-hfb-below-header-display":"","ast-hfb-mobile-header-display":"","site-post-title":"disabled","ast-breadcrumbs-content":"","ast-featured-img":"disabled","footer-sml-layout":"","ast-disable-related-posts":"","theme-transparent-header-meta":"","adv-header-id-meta":"","stick-header-meta":"","header-above-stick-meta":"","header-main-stick-meta":"","header-below-stick-meta":"","astra-migrate-meta-layouts":"default","ast-page-background-enabled":"default","ast-page-background-meta":{"desktop":{"background-color":"var(--ast-global-color-4)","background-image":"","background-repeat":"repeat","background-position":"center center","background-size":"auto","background-attachment":"scroll","background-type":"","background-media":"","overlay-type":"","overlay-color":"","overlay-opacity":"","overlay-gradient":""},"tablet":{"background-color":"","background-image":"","background-repeat":"repeat","background-position":"center center","background-size":"auto","background-attachment":"scroll","background-type":"","background-media":"","overlay-type":"","overlay-color":"","overlay-opacity":"","overlay-gradient":""},"mobile":{"background-color":"","background-image":"","background-repeat":"repeat","background-position":"center center","background-size":"auto","background-attachment":"scroll","background-type":"","background-media":"","overlay-type":"","overlay-color":"","overlay-opacity":"","overlay-gradient":""}},"ast-content-background-meta":{"desktop":{"background-color":"var(--ast-global-color-5)","background-image":"","background-repeat":"repeat","background-position":"center center","background-size":"auto","background-attachment":"scroll","background-type":"","background-media":"","overlay-type":"","overlay-color":"","overlay-opacity":"","overlay-gradient":""},"tablet":{"background-color":"var(--ast-global-color-5)","background-image":"","background-repeat":"repeat","background-position":"center center","background-size":"auto","background-attachment":"scroll","background-type":"","background-media":"","overlay-type":"","overlay-color":"","overlay-opacity":"","overlay-gradient":""},"mobile":{"background-color":"var(--ast-global-color-5)","background-image":"","background-repeat":"repeat","background-position":"center center","background-size":"auto","background-attachment":"scroll","background-type":"","background-media":"","overlay-type":"","overlay-color":"","overlay-opacity":"","overlay-gradient":""}},"footnotes":""},"class_list":["post-28902","page","type-page","status-publish","hentry"],"acf":[],"_links":{"self":[{"href":"https:\/\/famaliving.ca\/fr\/wp-json\/wp\/v2\/pages\/28902","targetHints":{"allow":["GET"]}}],"collection":[{"href":"https:\/\/famaliving.ca\/fr\/wp-json\/wp\/v2\/pages"}],"about":[{"href":"https:\/\/famaliving.ca\/fr\/wp-json\/wp\/v2\/types\/page"}],"author":[{"embeddable":true,"href":"https:\/\/famaliving.ca\/fr\/wp-json\/wp\/v2\/users\/1895"}],"replies":[{"embeddable":true,"href":"https:\/\/famaliving.ca\/fr\/wp-json\/wp\/v2\/comments?post=28902"}],"version-history":[{"count":10,"href":"https:\/\/famaliving.ca\/fr\/wp-json\/wp\/v2\/pages\/28902\/revisions"}],"predecessor-version":[{"id":28968,"href":"https:\/\/famaliving.ca\/fr\/wp-json\/wp\/v2\/pages\/28902\/revisions\/28968"}],"wp:attachment":[{"href":"https:\/\/famaliving.ca\/fr\/wp-json\/wp\/v2\/media?parent=28902"}],"curies":[{"name":"wp","href":"https:\/\/api.w.org\/{rel}","templated":true}]}}