{"id":38291,"date":"2025-04-11T11:22:03","date_gmt":"2025-04-11T15:22:03","guid":{"rendered":"https:\/\/famaliving.ca\/politique-de-garantie\/"},"modified":"2025-04-11T11:32:39","modified_gmt":"2025-04-11T15:32:39","slug":"politique-de-garantie","status":"publish","type":"page","link":"https:\/\/famaliving.ca\/fr\/politique-de-garantie\/","title":{"rendered":"Politique de garantie"},"content":{"rendered":"\t\t<div data-elementor-type=\"wp-page\" data-elementor-id=\"38291\" class=\"elementor elementor-38291 elementor-38283\" data-elementor-post-type=\"page\">\n\t\t\t\t<div class=\"elementor-element elementor-element-4c91106 e-flex e-con-boxed e-con e-parent\" data-id=\"4c91106\" data-element_type=\"container\" data-e-type=\"container\">\n\t\t\t\t\t<div class=\"e-con-inner\">\n\t\t\t\t<div class=\"elementor-element elementor-element-b82dd13 elementor-widget elementor-widget-heading\" data-id=\"b82dd13\" data-element_type=\"widget\" data-e-type=\"widget\" data-widget_type=\"heading.default\">\n\t\t\t\t\t\t<div class=\"elementor-widget-container\">\n\t\t\t\t\t<h2 class=\"elementor-heading-title elementor-size-default\">Politique de garantie<\/h2>\t\t\t\t<\/div>\n\t\t\t\t<\/div>\n\t\t\t\t<div class=\"elementor-element elementor-element-fa823c1 elementor-widget elementor-widget-text-editor\" data-id=\"fa823c1\" data-element_type=\"widget\" data-e-type=\"widget\" data-widget_type=\"text-editor.default\">\n\t\t\t\t\t\t<div class=\"elementor-widget-container\">\n\t\t\t\t\t\t\t\t\t<p data-start=\"29\" data-end=\"98\"><strong data-start=\"29\" data-end=\"48\">Date d\u2019entr\u00e9e en vigueur :<\/strong>\u00a0Mars.2025<br data-start=\"62\" data-end=\"65\" \/><strong data-start=\"65\" data-end=\"82\">Derni\u00e8re mise \u00e0 jour :<\/strong>\u00a0Mars.2025<\/p><p class=\"\" data-start=\"256\" data-end=\"598\">La pr\u00e9sente politique de garantie (\u00ab Garantie \u00bb) est \u00e9mise par <strong data-start=\"319\" data-end=\"342\">Famaliving Montr\u00e9al<\/strong> (\u00ab Famaliving \u00bb, \u00ab nous \u00bb, \u00ab notre \u00bb), franchise officielle de <strong data-start=\"406\" data-end=\"427\">Fama Sof\u00e1s S.L.U.<\/strong>, dont le si\u00e8ge social est situ\u00e9 \u00e0 Yecla, en Espagne. Cette Garantie couvre les produits achet\u00e9s chez Famaliving Montr\u00e9al et est soumise aux modalit\u00e9s d\u00e9crites ci-dessous.<\/p><h5 data-start=\"605\" data-end=\"634\"><strong data-start=\"609\" data-end=\"634\">1. Engagement Qualit\u00e9<\/strong><\/h5><p class=\"\" data-start=\"636\" data-end=\"958\">Famaliving Montr\u00e9al respecte les plus hauts standards de qualit\u00e9 en mati\u00e8re de conception, de mat\u00e9riaux et de fabrication. Tous nos produits sont fabriqu\u00e9s selon des proc\u00e9d\u00e9s certifi\u00e9s <strong data-start=\"821\" data-end=\"849\">ISO 9001 par AENOR-IQNET<\/strong>. Les mat\u00e9riaux utilis\u00e9s sont rigoureusement s\u00e9lectionn\u00e9s et conformes aux normes internationales de qualit\u00e9.<\/p><p class=\"\" data-start=\"960\" data-end=\"1148\">Nous nous engageons \u00e0 agir avec honn\u00eatet\u00e9 et transparence. En cas de probl\u00e8me, Famaliving Montr\u00e9al s\u2019engage \u00e0 intervenir rapidement et de mani\u00e8re professionnelle pour trouver une solution.<\/p><h5 data-start=\"1155\" data-end=\"1187\"><strong data-start=\"1159\" data-end=\"1187\">2. Port\u00e9e de la Garantie<\/strong><\/h5><p class=\"\" data-start=\"1189\" data-end=\"1442\">Cette Garantie couvre les d\u00e9fauts de mat\u00e9riaux et de fabrication dans le cadre d&rsquo;une utilisation r\u00e9sidentielle normale. Elle est valable uniquement pour l\u2019acheteur original et n\u2019est pas transf\u00e9rable. Une preuve d\u2019achat est exig\u00e9e pour toute r\u00e9clamation.<\/p><p class=\"\" data-start=\"1444\" data-end=\"1479\">Voici les couvertures applicables :<\/p><div class=\"pointer-events-none relative left-[50%] flex w-[100cqw] translate-x-[-50%] justify-center *:pointer-events-auto\"><div class=\"tableContainer horzScrollShadows\"><table class=\"min-w-full\" data-start=\"1481\" data-end=\"2446\"><thead data-start=\"1481\" data-end=\"1615\"><tr data-start=\"1481\" data-end=\"1615\"><th data-start=\"1481\" data-end=\"1508\">Composant<\/th><th data-start=\"1508\" data-end=\"1553\">Dur\u00e9e de la garantie<\/th><th data-start=\"1553\" data-end=\"1615\">Conditions applicables<\/th><\/tr><\/thead><tbody data-start=\"1751\" data-end=\"2446\"><tr data-start=\"1751\" data-end=\"1886\"><td class=\"max-w-[calc(var(--thread-content-max-width)*2\/3)]\" data-start=\"1751\" data-end=\"1779\"><strong data-start=\"1753\" data-end=\"1778\">Moteurs et m\u00e9canismes<\/strong><\/td><td class=\"max-w-[calc(var(--thread-content-max-width)*2\/3)]\" data-start=\"1779\" data-end=\"1824\">5 ans<\/td><td class=\"max-w-[calc(var(--thread-content-max-width)*2\/3)] min-w-[calc(var(--thread-content-max-width)\/3)]\" data-start=\"1824\" data-end=\"1886\">Inclut les m\u00e9canismes inclinables et motoris\u00e9s.<\/td><\/tr><tr data-start=\"1887\" data-end=\"2022\"><td class=\"max-w-[calc(var(--thread-content-max-width)*2\/3)]\" data-start=\"1887\" data-end=\"1915\"><strong data-start=\"1889\" data-end=\"1902\">Batteries<\/strong><\/td><td class=\"max-w-[calc(var(--thread-content-max-width)*2\/3)]\" data-start=\"1915\" data-end=\"1960\">1 an<\/td><td class=\"max-w-[calc(var(--thread-content-max-width)*2\/3)] min-w-[calc(var(--thread-content-max-width)\/3)]\" data-start=\"1960\" data-end=\"2022\">Les batteries sont consid\u00e9r\u00e9es comme des consommables.<\/td><\/tr><tr data-start=\"2023\" data-end=\"2157\"><td class=\"max-w-[calc(var(--thread-content-max-width)*2\/3)]\" data-start=\"2023\" data-end=\"2050\"><strong data-start=\"2025\" data-end=\"2048\">Suspension d\u2019assise<\/strong><\/td><td class=\"max-w-[calc(var(--thread-content-max-width)*2\/3)]\" data-start=\"2050\" data-end=\"2095\">Garantie \u00e0 vie<\/td><td class=\"max-w-[calc(var(--thread-content-max-width)*2\/3)] min-w-[calc(var(--thread-content-max-width)\/3)]\" data-start=\"2095\" data-end=\"2157\">Couvre les sangles \u00e9lastiques sous les coussins d\u2019assise.<\/td><\/tr><tr data-start=\"2158\" data-end=\"2292\"><td class=\"max-w-[calc(var(--thread-content-max-width)*2\/3)]\" data-start=\"2158\" data-end=\"2185\"><strong data-start=\"2160\" data-end=\"2183\">Structures (cadres)<\/strong><\/td><td class=\"max-w-[calc(var(--thread-content-max-width)*2\/3)]\" data-start=\"2185\" data-end=\"2230\">Garantie \u00e0 vie<\/td><td class=\"max-w-[calc(var(--thread-content-max-width)*2\/3)] min-w-[calc(var(--thread-content-max-width)\/3)]\" data-start=\"2230\" data-end=\"2292\">Couvre les cadres internes en bois ou en acier.<\/td><\/tr><tr data-start=\"2293\" data-end=\"2446\"><td class=\"max-w-[calc(var(--thread-content-max-width)*2\/3)]\" data-start=\"2293\" data-end=\"2320\"><strong data-start=\"2295\" data-end=\"2317\">Autres composantes<\/strong><\/td><td class=\"max-w-[calc(var(--thread-content-max-width)*2\/3)] min-w-[calc(var(--thread-content-max-width)\/3)]\" data-start=\"2320\" data-end=\"2380\">3 ans (standard) \/ 3,5 ans (avec enregistrement en ligne)<\/td><td class=\"max-w-[calc(var(--thread-content-max-width)*2\/3)] min-w-[calc(var(--thread-content-max-width)\/3)]\" data-start=\"2380\" data-end=\"2446\">Inclut les mousses, tissus, coutures, accoudoirs, pattes, etc.<\/td><\/tr><\/tbody><\/table><\/div><\/div><h5 data-start=\"2453\" data-end=\"2489\"><strong data-start=\"2457\" data-end=\"2489\">3. Activation de la Garantie<\/strong><\/h5><p class=\"\" data-start=\"2491\" data-end=\"2753\">La garantie des \u00ab autres composantes \u00bb est automatiquement <strong data-start=\"2550\" data-end=\"2579\">prolong\u00e9e de six (6) mois<\/strong> si l\u2019acheteur effectue l\u2019enregistrement en ligne dans les trente (30) jours suivant la livraison. L\u2019enregistrement peut \u00eatre effectu\u00e9 \u00e0 : [Ins\u00e9rer le lien vers le site Web].<\/p><h5 data-start=\"2760\" data-end=\"2781\"><strong data-start=\"2764\" data-end=\"2781\">4. Exclusions<\/strong><\/h5><p class=\"\" data-start=\"2783\" data-end=\"2819\">La pr\u00e9sente Garantie ne couvre pas :<\/p><ul data-start=\"2821\" data-end=\"3471\"><li class=\"\" data-start=\"2821\" data-end=\"2941\"><p class=\"\" data-start=\"2823\" data-end=\"2941\">Les dommages caus\u00e9s par une mauvaise utilisation, un abus, un accident, une n\u00e9gligence ou une utilisation commerciale.<\/p><\/li><li class=\"\" data-start=\"2942\" data-end=\"3049\"><p class=\"\" data-start=\"2944\" data-end=\"3049\">L\u2019usure normale, y compris le boulochage, la d\u00e9coloration, le froissement ou l\u2019affaissement des coussins.<\/p><\/li><li class=\"\" data-start=\"3050\" data-end=\"3137\"><p class=\"\" data-start=\"3052\" data-end=\"3137\">Les d\u00e9fauts caus\u00e9s par un nettoyage inad\u00e9quat ou l\u2019utilisation de produits chimiques.<\/p><\/li><li class=\"\" data-start=\"3138\" data-end=\"3238\"><p class=\"\" data-start=\"3140\" data-end=\"3238\">Les variations naturelles de teinte dans le cuir ou les tissus, ou leurs imperfections naturelles.<\/p><\/li><li class=\"\" data-start=\"3239\" data-end=\"3328\"><p class=\"\" data-start=\"3241\" data-end=\"3328\">Les dommages caus\u00e9s par une exposition directe au soleil, \u00e0 la chaleur ou \u00e0 l\u2019humidit\u00e9.<\/p><\/li><li class=\"\" data-start=\"3329\" data-end=\"3420\"><p class=\"\" data-start=\"3331\" data-end=\"3420\">Les produits vendus en d\u00e9monstration ou en liquidation, sauf indication \u00e9crite contraire.<\/p><\/li><li class=\"\" data-start=\"3421\" data-end=\"3471\"><p class=\"\" data-start=\"3423\" data-end=\"3471\">Les r\u00e9parations ou modifications non autoris\u00e9es.<\/p><\/li><\/ul><h5 data-start=\"3478\" data-end=\"3513\"><strong data-start=\"3482\" data-end=\"3513\">5. Proc\u00e9dure de R\u00e9clamation<\/strong><\/h5><p class=\"\" data-start=\"3515\" data-end=\"3569\">Pour faire une r\u00e9clamation, l\u2019acheteur original doit :<\/p><ol data-start=\"3571\" data-end=\"3845\"><li class=\"\" data-start=\"3571\" data-end=\"3698\"><p class=\"\" data-start=\"3574\" data-end=\"3698\">Aviser Famaliving Montr\u00e9al par \u00e9crit \u00e0 [Ins\u00e9rer les coordonn\u00e9es] dans les trente (30) jours suivant la d\u00e9couverte du d\u00e9faut;<\/p><\/li><li class=\"\" data-start=\"3699\" data-end=\"3753\"><p class=\"\" data-start=\"3702\" data-end=\"3753\">Fournir une preuve d\u2019achat et des photos du d\u00e9faut;<\/p><\/li><li class=\"\" data-start=\"3754\" data-end=\"3845\"><p class=\"\" data-start=\"3757\" data-end=\"3845\">Permettre \u00e0 Famaliving Montr\u00e9al ou \u00e0 ses repr\u00e9sentants autoris\u00e9s d\u2019inspecter le produit.<\/p><\/li><\/ol><h5 data-start=\"3852\" data-end=\"3878\"><strong data-start=\"3856\" data-end=\"3878\">6. Recours Offerts<\/strong><\/h5><p class=\"\" data-start=\"3880\" data-end=\"3925\">\u00c0 sa discr\u00e9tion, Famaliving Montr\u00e9al pourra :<\/p><ul data-start=\"3927\" data-end=\"4090\"><li class=\"\" data-start=\"3927\" data-end=\"3959\"><p class=\"\" data-start=\"3929\" data-end=\"3959\">R\u00e9parer le produit d\u00e9fectueux;<\/p><\/li><li class=\"\" data-start=\"3960\" data-end=\"4021\"><p class=\"\" data-start=\"3962\" data-end=\"4021\">Remplacer le produit par un mod\u00e8le identique ou comparable;<\/p><\/li><li class=\"\" data-start=\"4022\" data-end=\"4090\"><p class=\"\" data-start=\"4024\" data-end=\"4090\">Offrir un remboursement partiel au prorata du temps d&rsquo;utilisation.<\/p><\/li><\/ul><p class=\"\" data-start=\"4092\" data-end=\"4199\">Les r\u00e9parations ou remplacements n\u2019entra\u00eenent <strong data-start=\"4138\" data-end=\"4145\">pas<\/strong> une prolongation de la p\u00e9riode de garantie d&rsquo;origine.<\/p><h5 data-start=\"4206\" data-end=\"4245\"><strong data-start=\"4210\" data-end=\"4245\">7. Limitation de Responsabilit\u00e9<\/strong><\/h5><p class=\"\" data-start=\"4247\" data-end=\"4459\">Dans les limites permises par la loi, Famaliving Montr\u00e9al ne pourra \u00eatre tenue responsable des dommages indirects, cons\u00e9cutifs ou sp\u00e9ciaux. Notre responsabilit\u00e9 est strictement limit\u00e9e au prix d\u2019achat du produit.<\/p><h5 data-start=\"4466\" data-end=\"4493\"><strong data-start=\"4470\" data-end=\"4493\">8. Droit Applicable<\/strong><\/h5><p class=\"\" data-start=\"4495\" data-end=\"4650\">Cette Garantie est r\u00e9gie et interpr\u00e9t\u00e9e selon les lois de la <strong data-start=\"4556\" data-end=\"4578\">province de Qu\u00e9bec<\/strong> ainsi que les lois f\u00e9d\u00e9rales du Canada applicables dans cette province.<\/p><h5>9.<strong data-start=\"7380\" data-end=\"7407\">Coordonn\u00e9es<\/strong><\/h5><p data-start=\"7411\" data-end=\"7534\">Pour toute question concernant les pr\u00e9sentes conditions g\u00e9n\u00e9rales, les utilisateurs peuvent contacter Famaliving Montr\u00e9al:<\/p><ul><li data-start=\"6232\" data-end=\"6282\"><strong data-start=\"6234\" data-end=\"6254\">Visite en personne :<\/strong>\u00a02000, boul. Saint-Laurent, Montr\u00e9al, QC H2X 2T2<\/li><li data-start=\"6283\" data-end=\"6319\"><strong data-start=\"6285\" data-end=\"6295\">T\u00e9l\u00e9phone :<\/strong>\u00a0(514) 840 0990<\/li><li data-start=\"6320\" data-end=\"6357\"><strong data-start=\"6322\" data-end=\"6332\">Courriel :<\/strong>\u00a0info@famaliving.ca<\/li><\/ul>\t\t\t\t\t\t\t\t<\/div>\n\t\t\t\t<\/div>\n\t\t\t\t\t<\/div>\n\t\t\t\t<\/div>\n\t\t\t\t<\/div>\n\t\t","protected":false},"excerpt":{"rendered":"<p>Politique de garantie Date d\u2019entr\u00e9e en vigueur :\u00a0Mars.2025Derni\u00e8re mise \u00e0 jour :\u00a0Mars.2025 La pr\u00e9sente politique de garantie (\u00ab Garantie \u00bb) est \u00e9mise par Famaliving Montr\u00e9al (\u00ab Famaliving \u00bb, \u00ab nous \u00bb, \u00ab notre \u00bb), franchise officielle de Fama Sof\u00e1s S.L.U., dont le si\u00e8ge social est situ\u00e9 \u00e0 Yecla, en Espagne. Cette Garantie couvre les produits [&hellip;]<\/p>\n","protected":false},"author":247,"featured_media":0,"parent":0,"menu_order":0,"comment_status":"closed","ping_status":"closed","template":"","meta":{"_acf_changed":false,"site-sidebar-layout":"no-sidebar","site-content-layout":"page-builder","ast-site-content-layout":"full-width-container","site-content-style":"default","site-sidebar-style":"default","ast-global-header-display":"","ast-banner-title-visibility":"","ast-main-header-display":"","ast-hfb-above-header-display":"","ast-hfb-below-header-display":"","ast-hfb-mobile-header-display":"","site-post-title":"disabled","ast-breadcrumbs-content":"","ast-featured-img":"disabled","footer-sml-layout":"","ast-disable-related-posts":"","theme-transparent-header-meta":"","adv-header-id-meta":"","stick-header-meta":"","header-above-stick-meta":"","header-main-stick-meta":"","header-below-stick-meta":"","astra-migrate-meta-layouts":"default","ast-page-background-enabled":"default","ast-page-background-meta":{"desktop":{"background-color":"var(--ast-global-color-4)","background-image":"","background-repeat":"repeat","background-position":"center center","background-size":"auto","background-attachment":"scroll","background-type":"","background-media":"","overlay-type":"","overlay-color":"","overlay-opacity":"","overlay-gradient":""},"tablet":{"background-color":"","background-image":"","background-repeat":"repeat","background-position":"center center","background-size":"auto","background-attachment":"scroll","background-type":"","background-media":"","overlay-type":"","overlay-color":"","overlay-opacity":"","overlay-gradient":""},"mobile":{"background-color":"","background-image":"","background-repeat":"repeat","background-position":"center center","background-size":"auto","background-attachment":"scroll","background-type":"","background-media":"","overlay-type":"","overlay-color":"","overlay-opacity":"","overlay-gradient":""}},"ast-content-background-meta":{"desktop":{"background-color":"var(--ast-global-color-5)","background-image":"","background-repeat":"repeat","background-position":"center center","background-size":"auto","background-attachment":"scroll","background-type":"","background-media":"","overlay-type":"","overlay-color":"","overlay-opacity":"","overlay-gradient":""},"tablet":{"background-color":"var(--ast-global-color-5)","background-image":"","background-repeat":"repeat","background-position":"center center","background-size":"auto","background-attachment":"scroll","background-type":"","background-media":"","overlay-type":"","overlay-color":"","overlay-opacity":"","overlay-gradient":""},"mobile":{"background-color":"var(--ast-global-color-5)","background-image":"","background-repeat":"repeat","background-position":"center center","background-size":"auto","background-attachment":"scroll","background-type":"","background-media":"","overlay-type":"","overlay-color":"","overlay-opacity":"","overlay-gradient":""}},"footnotes":""},"class_list":["post-38291","page","type-page","status-publish","hentry"],"acf":[],"_links":{"self":[{"href":"https:\/\/famaliving.ca\/fr\/wp-json\/wp\/v2\/pages\/38291","targetHints":{"allow":["GET"]}}],"collection":[{"href":"https:\/\/famaliving.ca\/fr\/wp-json\/wp\/v2\/pages"}],"about":[{"href":"https:\/\/famaliving.ca\/fr\/wp-json\/wp\/v2\/types\/page"}],"author":[{"embeddable":true,"href":"https:\/\/famaliving.ca\/fr\/wp-json\/wp\/v2\/users\/247"}],"replies":[{"embeddable":true,"href":"https:\/\/famaliving.ca\/fr\/wp-json\/wp\/v2\/comments?post=38291"}],"version-history":[{"count":3,"href":"https:\/\/famaliving.ca\/fr\/wp-json\/wp\/v2\/pages\/38291\/revisions"}],"predecessor-version":[{"id":38294,"href":"https:\/\/famaliving.ca\/fr\/wp-json\/wp\/v2\/pages\/38291\/revisions\/38294"}],"wp:attachment":[{"href":"https:\/\/famaliving.ca\/fr\/wp-json\/wp\/v2\/media?parent=38291"}],"curies":[{"name":"wp","href":"https:\/\/api.w.org\/{rel}","templated":true}]}}