{"id":39419,"date":"2024-01-04T11:18:21","date_gmt":"2024-01-04T16:18:21","guid":{"rendered":"https:\/\/famaliving.ca\/?post_type=product&#038;p=39419"},"modified":"2025-04-29T13:13:11","modified_gmt":"2025-04-29T17:13:11","slug":"canape-lit-moderne-gala","status":"publish","type":"product","link":"https:\/\/famaliving.ca\/fr\/produit\/canape-lit-moderne-gala\/","title":{"rendered":"Canap\u00e9-lit moderne Gala"},"content":{"rendered":"<p><a>Configuration et t\u00e9l\u00e9chargements<\/a><\/p>\n<p>T\u00e9l\u00e9chargez la documentation technique : sch\u00e9mas, mesures, d\u00e9tails techniques, brochures et manuels.<\/p>\n<ul>\n<li><a href=\"https:\/\/famaliving.ca\/wp-content\/uploads\/sites\/29\/Gala-Armchair-Bed-Schematics-famaliving-Montreal.pdf\" target=\"_blank\" rel=\"noopener noreferrer\"> Fauteuil-lit Gala \u2013 Sch\u00e9mas <\/a><\/li>\n<li><a href=\"https:\/\/famaliving.ca\/wp-content\/uploads\/sites\/29\/Gala-Armchair-Bed-Brochure-famaliving-Montreal.pdf\" target=\"_blank\" rel=\"noopener noreferrer\"> Fauteuil-lit Gala \u2013 Brochure <\/a><\/li>\n<li><a href=\"https:\/\/famaliving.ca\/wp-content\/uploads\/sites\/29\/Gala-armchair-bed-Instructions-famaliving-Montreal.pdf\" target=\"_blank\" rel=\"noopener noreferrer\"> Fauteuil-lit Gala \u2013 Instructions <\/a><\/li>\n<li><a href=\"https:\/\/famaliving.ca\/wp-content\/uploads\/sites\/29\/Gala-Data-sheet-famaliving-Montreal.pdf\" target=\"_blank\" rel=\"noopener noreferrer\"> Gala \u2013 Fiche technique <\/a><\/li>\n<\/ul>\n<p><strong>Explorez la configurabilit\u00e9 du fauteuil-lit Gala avec notre <a href=\"\/fama-3d-sim\/\" target=\"_blank\" rel=\"noopener\">Simulation de conception 3D&gt;&gt;<\/a><\/strong><\/p>\n<p><a>\u00c0 propos du produit<\/a><\/p>\n<p><strong>Gala Canap\u00e9-Lit Moderne<\/strong><\/p>\n<p><strong>Q\u00a0:\u00a0Qu&rsquo;est-ce que le Gala du canap\u00e9-lit moderne\u00a0?<\/strong><br \/>\nR : Le canap\u00e9-lit Gala cache son lit gr\u00e2ce \u00e0 un syst\u00e8me italien sans couture, alliant \u00e9l\u00e9gance et fonctionnalit\u00e9. Son design l\u00e9ger comporte de hauts pieds en bois et offre un confort moderne avec des accoudoirs courb\u00e9s.<\/p>\n<p><strong>Q\u00a0:\u00a0Quelles configurations sont disponibles pour le Gala du canap\u00e9-lit moderne\u00a0?<\/strong><br \/>\nR : Il est disponible dans une configuration canap\u00e9-lit rectangulaire.<\/p>\n<p><strong>Q\u00a0: Le canap\u00e9-lit moderne Gala est-il disponible en fauteuil\u00a0?<\/strong><br \/>\nR : Oui, ce canap\u00e9 est disponible en fauteuil.<\/p>\n<p><strong>Q\u00a0: Puis-je personnaliser le canap\u00e9-lit moderne Gala avec des fonctionnalit\u00e9s suppl\u00e9mentaires\u00a0?<\/strong><br \/>\nR : Oui, vous pouvez ajouter des coussins pour les accoudoirs.<\/p>\n<p><strong>Q\u00a0: Quelles sont les dimensions du canap\u00e9-lit moderne Gala\u00a0?<\/strong><br \/>\nR : La hauteur du si\u00e8ge est de 47 cm, avec une profondeur totale de 95 cm et une hauteur totale de 97 cm.<\/p>\n<p><strong>Q\u00a0: Quelles sont les options de pieds et d&rsquo;accoudoirs pour le canap\u00e9-lit moderne Gala\u00a0?<\/strong><br \/>\nR\u00a0: Il propose des bras en \u00ab\u00a0G\u00a0\u00bb et le pied par d\u00e9faut est constitu\u00e9 de pieds m\u00e9talliques cach\u00e9s. Vous pouvez \u00e9galement choisir des pieds en bois \u00ab Y \u00bb naturel ou en noyer.<\/p>\n<p><strong>Q\u00a0: Y a-t-il des augmentations de prix pour la personnalisation\u00a0?<\/strong><br \/>\nR : Non, il n\u2019y a pas d\u2019augmentation de prix.<\/p>\n<p><a>Options du produit<\/a><\/p>\n<h3><strong>Gala canap\u00e9-lit moderne<\/strong><\/h3>\n<p><strong>L&rsquo;\u00e9l\u00e9gance rencontre la fonctionnalit\u00e9<\/strong><br \/>\nLe canap\u00e9-lit moderne Gala allie design \u00e9l\u00e9gant et confort pratique. Son m\u00e9canisme de lit italien est parfaitement int\u00e9gr\u00e9, offrant un lit cach\u00e9 sans compromettre le style. Dot\u00e9 de hauts pieds en bois et d&rsquo;accoudoirs courb\u00e9s, le Gala apporte une touche contemporaine \u00e0 votre espace de vie. <a href=\"https:\/\/famaliving.ca\/blog\/modern-sofa-bed-gala-stylish-convertible-furniture\/\">Lire la suite<\/a><\/p>\n","protected":false},"excerpt":{"rendered":"<p>Gala et Dal\u00ed, nos canap\u00e9s-lits innovants, cachent discr\u00e8tement leurs lits et s&rsquo;int\u00e8grent parfaitement dans n&rsquo;importe quel espace. L&rsquo;int\u00e9gration d&rsquo;un syst\u00e8me de lit italien se cache dans un design qui d\u00e9fie les attentes. Les deux mod\u00e8les pr\u00e9sentent une l\u00e9g\u00e8ret\u00e9 visuelle avec de hauts pieds en bois et un confort surprenant. Gala pr\u00e9sente un design moderne et a\u00e9r\u00e9 avec des accoudoirs courb\u00e9s, tandis que Dal\u00ed d\u00e9gage une \u00e9l\u00e9gance plus discr\u00e8te avec des accoudoirs droits.<br \/>\n<strong>Ce mod\u00e8le de canap\u00e9 permet une personnalisation pratiquement illimit\u00e9e. Pour de meilleurs r\u00e9sultats, notre repr\u00e9sentant en conception vous contactera une fois que vous aurez soumis une demande de devis.<\/strong><\/p>\n","protected":false},"featured_media":36319,"template":"","meta":{"_acf_changed":false,"site-sidebar-layout":"no-sidebar","site-content-layout":"plain-container","ast-site-content-layout":"normal-width-container","site-content-style":"unboxed","site-sidebar-style":"unboxed","ast-global-header-display":"","ast-banner-title-visibility":"","ast-main-header-display":"","ast-hfb-above-header-display":"","ast-hfb-below-header-display":"","ast-hfb-mobile-header-display":"","site-post-title":"disabled","ast-breadcrumbs-content":"","ast-featured-img":"disabled","footer-sml-layout":"","ast-disable-related-posts":"","theme-transparent-header-meta":"default","adv-header-id-meta":"","stick-header-meta":"default","header-above-stick-meta":"","header-main-stick-meta":"","header-below-stick-meta":"","astra-migrate-meta-layouts":"set","ast-page-background-enabled":"default","ast-page-background-meta":{"desktop":{"background-color":"var(--ast-global-color-4)","background-image":"","background-repeat":"repeat","background-position":"center center","background-size":"auto","background-attachment":"scroll","background-type":"","background-media":"","overlay-type":"","overlay-color":"","overlay-opacity":"","overlay-gradient":""},"tablet":{"background-color":"","background-image":"","background-repeat":"repeat","background-position":"center center","background-size":"auto","background-attachment":"scroll","background-type":"","background-media":"","overlay-type":"","overlay-color":"","overlay-opacity":"","overlay-gradient":""},"mobile":{"background-color":"","background-image":"","background-repeat":"repeat","background-position":"center center","background-size":"auto","background-attachment":"scroll","background-type":"","background-media":"","overlay-type":"","overlay-color":"","overlay-opacity":"","overlay-gradient":""}},"ast-content-background-meta":{"desktop":{"background-color":"var(--ast-global-color-5)","background-image":"","background-repeat":"repeat","background-position":"center center","background-size":"auto","background-attachment":"scroll","background-type":"","background-media":"","overlay-type":"","overlay-color":"","overlay-opacity":"","overlay-gradient":""},"tablet":{"background-color":"var(--ast-global-color-5)","background-image":"","background-repeat":"repeat","background-position":"center center","background-size":"auto","background-attachment":"scroll","background-type":"","background-media":"","overlay-type":"","overlay-color":"","overlay-opacity":"","overlay-gradient":""},"mobile":{"background-color":"var(--ast-global-color-5)","background-image":"","background-repeat":"repeat","background-position":"center center","background-size":"auto","background-attachment":"scroll","background-type":"","background-media":"","overlay-type":"","overlay-color":"","overlay-opacity":"","overlay-gradient":""}}},"product_brand":[],"product_cat":[76],"product_tag":[],"class_list":{"0":"post-39419","1":"product","2":"type-product","3":"status-publish","4":"has-post-thumbnail","6":"product_cat-canapes-lits","7":"desktop-align-center","8":"tablet-align-left","9":"mobile-align-left","11":"first","12":"instock","13":"sold-individually","14":"shipping-taxable","15":"purchasable","16":"product-type-variable"},"acf":[],"_links":{"self":[{"href":"https:\/\/famaliving.ca\/fr\/wp-json\/wp\/v2\/product\/39419","targetHints":{"allow":["GET"]}}],"collection":[{"href":"https:\/\/famaliving.ca\/fr\/wp-json\/wp\/v2\/product"}],"about":[{"href":"https:\/\/famaliving.ca\/fr\/wp-json\/wp\/v2\/types\/product"}],"version-history":[{"count":2,"href":"https:\/\/famaliving.ca\/fr\/wp-json\/wp\/v2\/product\/39419\/revisions"}],"predecessor-version":[{"id":39631,"href":"https:\/\/famaliving.ca\/fr\/wp-json\/wp\/v2\/product\/39419\/revisions\/39631"}],"wp:featuredmedia":[{"embeddable":true,"href":"https:\/\/famaliving.ca\/fr\/wp-json\/wp\/v2\/media\/36319"}],"wp:attachment":[{"href":"https:\/\/famaliving.ca\/fr\/wp-json\/wp\/v2\/media?parent=39419"}],"wp:term":[{"taxonomy":"product_brand","embeddable":true,"href":"https:\/\/famaliving.ca\/fr\/wp-json\/wp\/v2\/product_brand?post=39419"},{"taxonomy":"product_cat","embeddable":true,"href":"https:\/\/famaliving.ca\/fr\/wp-json\/wp\/v2\/product_cat?post=39419"},{"taxonomy":"product_tag","embeddable":true,"href":"https:\/\/famaliving.ca\/fr\/wp-json\/wp\/v2\/product_tag?post=39419"}],"curies":[{"name":"wp","href":"https:\/\/api.w.org\/{rel}","templated":true}]}}