{"id":39421,"date":"2024-01-04T11:23:57","date_gmt":"2024-01-04T16:23:57","guid":{"rendered":"https:\/\/famaliving.ca\/product\/canape-lit-moderne-dali\/"},"modified":"2025-04-29T13:11:26","modified_gmt":"2025-04-29T17:11:26","slug":"canape-lit-moderne-dali","status":"publish","type":"product","link":"https:\/\/famaliving.ca\/fr\/produit\/canape-lit-moderne-dali\/","title":{"rendered":"Canap\u00e9-lit moderne Dali"},"content":{"rendered":"<style>\/*\u00a0! elementor - v3.19.0 - 07-02-2024 *\/<br \/>.elementor-accordion{text-align:left}.elementor-accordion .elementor-accordion-item{border:1px solid #d5d8dc}.elementor-accordion .elementor-accordion-item+.elementor-accordion-item{border-top:none}.elementor-accordion .elementor-tab-title{margin:0;padding:15px 20px;font-weight:700;line-height:1;cursor:pointer;outline:none}.elementor-accordion .elementor-tab-title .elementor-accordion-icon{display:inline-block;width:1.5em}.elementor-accordion .elementor-tab-title .elementor-accordion-icon svg{largeur:1em;height:1em}.elementor-accordion .elementor-tab-title .elementor-accordion-icon.elementor-accordion-icon-right{float:right;text-align:right}.elementor-accordion .elementor-tab-title .elementor-accordion-icon.elementor-accordion-icon-left{float:left;text-align:left}.elementor-accordion .elementor-tab-title .elementor-accordion-icon .elementor-accordion-icon-closed{display:block}.elementor-accordion .elementor-tab-title .elementor-accordion-icon .elementor-accordion-icon-opened,.elementor-accordion .elementor-tab-title.elementor-active .elementor-accordion-icon-closed{display:none}.elementor-accordion .elementor-tab-title.elementor-active .elementor-accordion-icon-opened{display:block}.elementor-accordion .elementor-tab-content{display:none;padding:15px 20px;border-top:1px solid #d5d8dc}@media (largeur maximale\u00a0: 767px){.elementor-accordion .elementor-tab-title{padding:12px 15px}.elementor-accordion .elementor-tab-title .elementor-accordion-icon{largeur:1.2em}.elementor-accordion .elementor-tab-content{padding:7px 15px}}.e-con-inner>.elementor-widget-accordion,.e-con>.elementor-widget-accordion{width:var(--container-widget-width);--flex-grow:var(--container-widget-flex-grow)}<\/style>\n<p><a tabindex=\"0\">\u00c0 propos du produit<\/a><\/p>\n<p><strong>Personnalisation sans fin avec le canap\u00e9-lit moderne Dali<\/strong><\/p>\n<p>Dal\u00ed repr\u00e9sente un mod\u00e8le de canap\u00e9-lit unique qui cache parfaitement sa vraie nature : un lit cach\u00e9 qui passe inaper\u00e7u. L\u2019int\u00e9gration innovante d\u2019un m\u00e9canisme de syst\u00e8me de lit italien est r\u00e9alis\u00e9e sans compromettre l\u2019attrait esth\u00e9tique du canap\u00e9. Dal\u00ed, aux c\u00f4t\u00e9s de son homologue Gala, se distingue par une remarquable l\u00e9g\u00e8ret\u00e9 visuelle, attribu\u00e9e \u00e0 ses hauts pieds en bois. Les deux canap\u00e9s privil\u00e9gient un confort surprenant, Gala pr\u00e9sentant un design l\u00e9g\u00e8rement plus moderne, caract\u00e9ris\u00e9 par des accoudoirs courb\u00e9s, tandis que Dal\u00ed adopte un style plus sobre avec des accoudoirs droits. Ce m\u00e9lange harmonieux de fonctionnalit\u00e9 et de style garantit que Dal\u00ed transcende sans effort les attentes traditionnelles d&rsquo;un canap\u00e9-lit.<\/p>\n<p><strong>Explorez la configurabilit\u00e9 de Dali avec notre <a href=\"\/fama-3d-sim\/\">Simulateur 3D&gt;&gt;<\/a><\/strong><\/p>\n<p><a tabindex=\"0\">Options du produit<\/a><\/p>\n<p><strong>Compte tenu de la grande polyvalence et des nombreuses options de personnalisation disponibles pour ce meuble, nous vous conseillons fortement de vous connecter et d&rsquo;utiliser le bouton \u00ab\u00a0Ajouter au devis\u00a0\u00bb.<\/strong><\/p>\n<p><a tabindex=\"0\">T\u00e9l\u00e9chargements (PDF)<\/a><br \/>\nT\u00e9l\u00e9chargez la documentation technique : sch\u00e9mas, mesures, d\u00e9tails techniques, brochures et manuels.<\/p>\n<ul>\n<li><a href=\"https:\/\/famasofas.com\/storage\/media\/files\/shares\/fichas%20tecnicas\/DAL%C3%8D\/00_FICHAS%20T%C3%89CNICAS_DAL%C3%8D_EN.pdf\" target=\"_blank\" rel=\"noopener\" download=\"\">Dal\u00ed \u2013 Fiche technique<\/a><\/li>\n<li><a href=\"https:\/\/famasofas.com\/storage\/media\/files\/shares\/croquis\/SOFAS%20CAMA%20rv05.pdf\" target=\"_blank\" rel=\"noopener\" download=\"\">Dal\u00ed \u2013 Croquis<\/a><\/li>\n<li><a href=\"https:\/\/famasofas.com\/storage\/media\/files\/shares\/instrucciones\/FOLLETO_MANTENIMIENTO%20FINAL_ENG.pdf\" target=\"_blank\" rel=\"noopener\" download=\"\">Dal\u00ed \u2013 Instructions<\/a><\/li>\n<li><a href=\"https:\/\/famasofas.com\/storage\/media\/files\/shares\/folletos\/2018\/Gala%26Dal%C3%AD_2019_folleto.pdf\" target=\"_blank\" rel=\"noopener\" download=\"\">Dal\u00ed \u2013 Informations<\/a><\/li>\n<li><a href=\"https:\/\/famasofas.com\/storage\/media\/files\/shares\/fichas%20tecnicas\/COLCH%C3%93N\/COLCH%C3%93N_EN\/00_FICHAS%20T%C3%89CNICAS_COLCH%C3%93N_ZEUS_EN.pdf\" target=\"_blank\" rel=\"noopener\" download=\"\">Matelas 18cm \u2013 Fiche technique<\/a><\/li>\n<li><a href=\"https:\/\/famasofas.com\/storage\/media\/files\/shares\/fichas%20tecnicas\/COLCH%C3%93N\/COLCH%C3%93N_EN\/00_FICHAS%20T%C3%89CNICAS_COLCH%C3%93N_IGN%C3%8DFUGO_EN.pdf\" target=\"_blank\" rel=\"noopener\" download=\"\">Matelas ignifug\u00e9 \u2013 Fiche technique<\/a><\/li>\n<li><a href=\"https:\/\/famasofas.com\/storage\/media\/files\/shares\/fichas%20tecnicas\/COLCH%C3%93N\/COLCH%C3%93N_EN\/00_FICHAS%20T%C3%89CNICAS_COLCH%C3%93N_BOLERO_EN.pdf\" target=\"_blank\" rel=\"noopener\" download=\"\">Matelas 14cm \u2013 Fiche technique<\/a><\/li>\n<\/ul>\n","protected":false},"excerpt":{"rendered":"<p>Dal\u00ed, un canap\u00e9-lit unique, cache discr\u00e8tement son lit pour se fondre harmonieusement dans son environnement. Son int\u00e9gration du syst\u00e8me de lit italien conserve son attrait esth\u00e9tique. Dal\u00ed et Gala partagent la l\u00e9g\u00e8ret\u00e9 visuelle des hauts pieds en bois. Tous deux privil\u00e9gient un confort inattendu, Gala ayant un design plus moderne et des accoudoirs courb\u00e9s, tandis que Dal\u00ed opte pour un style subtil avec des accoudoirs droits. Cette fusion de fonctionnalit\u00e9 et de style \u00e9l\u00e8ve Dal\u00ed au-del\u00e0 des attentes traditionnelles en mati\u00e8re de canap\u00e9-lit.<br \/>\n<strong>Ce mod\u00e8le de canap\u00e9 permet une personnalisation pratiquement illimit\u00e9e. Pour de meilleurs r\u00e9sultats, notre repr\u00e9sentant en conception vous contactera une fois que vous aurez soumis une demande de devis.<\/strong><\/p>\n","protected":false},"featured_media":36309,"template":"","meta":{"_acf_changed":false,"site-sidebar-layout":"no-sidebar","site-content-layout":"plain-container","ast-site-content-layout":"normal-width-container","site-content-style":"unboxed","site-sidebar-style":"unboxed","ast-global-header-display":"","ast-banner-title-visibility":"","ast-main-header-display":"","ast-hfb-above-header-display":"","ast-hfb-below-header-display":"","ast-hfb-mobile-header-display":"","site-post-title":"disabled","ast-breadcrumbs-content":"","ast-featured-img":"disabled","footer-sml-layout":"","ast-disable-related-posts":"","theme-transparent-header-meta":"default","adv-header-id-meta":"","stick-header-meta":"default","header-above-stick-meta":"","header-main-stick-meta":"","header-below-stick-meta":"","astra-migrate-meta-layouts":"set","ast-page-background-enabled":"default","ast-page-background-meta":{"desktop":{"background-color":"var(--ast-global-color-4)","background-image":"","background-repeat":"repeat","background-position":"center center","background-size":"auto","background-attachment":"scroll","background-type":"","background-media":"","overlay-type":"","overlay-color":"","overlay-opacity":"","overlay-gradient":""},"tablet":{"background-color":"","background-image":"","background-repeat":"repeat","background-position":"center center","background-size":"auto","background-attachment":"scroll","background-type":"","background-media":"","overlay-type":"","overlay-color":"","overlay-opacity":"","overlay-gradient":""},"mobile":{"background-color":"","background-image":"","background-repeat":"repeat","background-position":"center center","background-size":"auto","background-attachment":"scroll","background-type":"","background-media":"","overlay-type":"","overlay-color":"","overlay-opacity":"","overlay-gradient":""}},"ast-content-background-meta":{"desktop":{"background-color":"var(--ast-global-color-5)","background-image":"","background-repeat":"repeat","background-position":"center center","background-size":"auto","background-attachment":"scroll","background-type":"","background-media":"","overlay-type":"","overlay-color":"","overlay-opacity":"","overlay-gradient":""},"tablet":{"background-color":"var(--ast-global-color-5)","background-image":"","background-repeat":"repeat","background-position":"center center","background-size":"auto","background-attachment":"scroll","background-type":"","background-media":"","overlay-type":"","overlay-color":"","overlay-opacity":"","overlay-gradient":""},"mobile":{"background-color":"var(--ast-global-color-5)","background-image":"","background-repeat":"repeat","background-position":"center center","background-size":"auto","background-attachment":"scroll","background-type":"","background-media":"","overlay-type":"","overlay-color":"","overlay-opacity":"","overlay-gradient":""}}},"product_brand":[],"product_cat":[76],"product_tag":[],"class_list":{"0":"post-39421","1":"product","2":"type-product","3":"status-publish","4":"has-post-thumbnail","6":"product_cat-canapes-lits","7":"desktop-align-center","8":"tablet-align-left","9":"mobile-align-left","11":"first","12":"instock","13":"sold-individually","14":"shipping-taxable","15":"purchasable","16":"product-type-variable"},"acf":[],"_links":{"self":[{"href":"https:\/\/famaliving.ca\/fr\/wp-json\/wp\/v2\/product\/39421","targetHints":{"allow":["GET"]}}],"collection":[{"href":"https:\/\/famaliving.ca\/fr\/wp-json\/wp\/v2\/product"}],"about":[{"href":"https:\/\/famaliving.ca\/fr\/wp-json\/wp\/v2\/types\/product"}],"version-history":[{"count":1,"href":"https:\/\/famaliving.ca\/fr\/wp-json\/wp\/v2\/product\/39421\/revisions"}],"predecessor-version":[{"id":39630,"href":"https:\/\/famaliving.ca\/fr\/wp-json\/wp\/v2\/product\/39421\/revisions\/39630"}],"wp:featuredmedia":[{"embeddable":true,"href":"https:\/\/famaliving.ca\/fr\/wp-json\/wp\/v2\/media\/36309"}],"wp:attachment":[{"href":"https:\/\/famaliving.ca\/fr\/wp-json\/wp\/v2\/media?parent=39421"}],"wp:term":[{"taxonomy":"product_brand","embeddable":true,"href":"https:\/\/famaliving.ca\/fr\/wp-json\/wp\/v2\/product_brand?post=39421"},{"taxonomy":"product_cat","embeddable":true,"href":"https:\/\/famaliving.ca\/fr\/wp-json\/wp\/v2\/product_cat?post=39421"},{"taxonomy":"product_tag","embeddable":true,"href":"https:\/\/famaliving.ca\/fr\/wp-json\/wp\/v2\/product_tag?post=39421"}],"curies":[{"name":"wp","href":"https:\/\/api.w.org\/{rel}","templated":true}]}}