{"id":39422,"date":"2024-01-04T11:31:00","date_gmt":"2024-01-04T16:31:00","guid":{"rendered":"https:\/\/famaliving.ca\/product\/canape-lit-moderne-indy\/"},"modified":"2025-04-29T13:11:16","modified_gmt":"2025-04-29T17:11:16","slug":"canape-lit-moderne-indy","status":"publish","type":"product","link":"https:\/\/famaliving.ca\/fr\/produit\/canape-lit-moderne-indy\/","title":{"rendered":"Canap\u00e9-lit moderne Indy"},"content":{"rendered":"<p><a>Configuration et t\u00e9l\u00e9chargements<\/a><br \/>\nT\u00e9l\u00e9chargez la documentation technique : sch\u00e9mas, mesures, d\u00e9tails techniques, brochures et manuels.<\/p>\n<ul>\n<li><a href=\"https:\/\/famaliving.ca\/wp-content\/uploads\/sites\/29\/Indy-Data-sheet-famaliving-Montreal.pdf\" target=\"_blank\" rel=\"noopener noreferrer\"> Indy \u2013 Fiche technique <\/a><\/li>\n<li><a href=\"https:\/\/famaliving.ca\/wp-content\/uploads\/sites\/29\/Indy-Sketch-famaliving-Montreal.pdf\" target=\"_blank\" rel=\"noopener noreferrer\"> Indy \u2013 Croquis <\/a><\/li>\n<li><a href=\"https:\/\/famaliving.ca\/wp-content\/uploads\/sites\/29\/Indy-Instructions-famaliving-Montreal.pdf\" target=\"_blank\" rel=\"noopener noreferrer\"> Indy \u2013 Instructions <\/a><\/li>\n<li><a href=\"https:\/\/famaliving.ca\/wp-content\/uploads\/sites\/29\/Indy-Information-famaliving-Montreal.pdf\" target=\"_blank\" rel=\"noopener noreferrer\"> Indy \u2013 Informations <\/a><\/li>\n<\/ul>\n<p><strong>Explorez la configurabilit\u00e9 d&rsquo;Indy avec notre <a href=\"\/fama-3d-sim\/\" target=\"_blank\" rel=\"noopener\">Simulation de conception 3D&gt;&gt;<\/a><\/strong><\/p>\n<p><a>\u00c0 propos du produit<\/a><\/p>\n<p><strong>Canap\u00e9-lit moderne Indy<\/strong><\/p>\n<p><strong>Q\u00a0: Qu&rsquo;est-ce que le canap\u00e9-lit moderne Indy\u00a0?<\/strong><br \/>\nR : Le canap\u00e9-lit Indy de Fama red\u00e9finit l&rsquo;exp\u00e9rience du canap\u00e9-lit, offrant une combinaison de fauteuil inclinable et de lit qui excelle en termes de confort et de qualit\u00e9. Contr\u00f4l\u00e9 par t\u00e9l\u00e9commande ou application, il se transforme en un matelas complet sans cloisons, disponible en lit simple ou double.<\/p>\n<p><strong>Q\u00a0: Quelles configurations sont disponibles pour le canap\u00e9-lit moderne Indy\u00a0?<\/strong><br \/>\nR : Il est disponible dans une configuration de style futon rectangulaire, avec un devant pliable et un dossier r\u00e9glable.<\/p>\n<p><strong>Q\u00a0: Puis-je personnaliser le canap\u00e9-lit moderne Indy avec des fonctionnalit\u00e9s suppl\u00e9mentaires\u00a0?<\/strong><br \/>\nR : Oui, vous pouvez inclure de grands coussins de dossier, des appuis-t\u00eate papillon, des coussins d&rsquo;accoudoirs et des draps-housses.<\/p>\n<p><strong>Q\u00a0: Quelles sont les dimensions du canap\u00e9-lit moderne Indy\u00a0?<\/strong><br \/>\nR : La hauteur du si\u00e8ge est de 49 cm, avec une profondeur totale de 105 cm et une hauteur totale de 93 cm.<\/p>\n<p><strong>Q\u00a0: Quelles sont les options de pieds et d&rsquo;accoudoirs pour le canap\u00e9-lit moderne Indy\u00a0?<\/strong><br \/>\nR : Le canap\u00e9 propose trois styles d&rsquo;accoudoirs\u00a0: un rev\u00eatement fin avec un coussin, un rev\u00eatement plus \u00e9pais avec des coussins lombaires ou un accoudoir pouvant servir de table avec des coussins. Le pied par d\u00e9faut est un pied en plastique noir de 3 cm.<\/p>\n<p><strong>Q\u00a0: Y a-t-il des augmentations de prix pour la personnalisation\u00a0?<\/strong><br \/>\nR : Oui, des augmentations de prix s&rsquo;appliquent pour certaines configurations de bras.<\/p>\n<p><strong>Q\u00a0: Y a-t-il des d\u00e9tails uniques sur le canap\u00e9-lit moderne Indy\u00a0?<\/strong><br \/>\nR : Le canap\u00e9 est disponible en deux largeurs : 204 cm et 194 cm.<\/p>\n<p><a>Options du produit<\/a><\/p>\n<h3>Canap\u00e9-lit moderne Indy<\/h3>\n<p>Le <strong>canap\u00e9-lit Indy<\/strong> de Fama est la fusion parfaite de style, de confort et de fonctionnalit\u00e9, transformant votre espace de vie en un refuge multifonctionnel. Que vous ayez besoin d&rsquo;un canap\u00e9 confortable pour vous pr\u00e9lasser ou d&rsquo;un lit douillet pour un sommeil r\u00e9parateur, l&rsquo;Indy offre une solution transparente. Cette conception innovante comprend un m\u00e9canisme t\u00e9l\u00e9command\u00e9 ou contr\u00f4l\u00e9 par application, vous permettant de transformer sans effort le canap\u00e9 en un matelas complet sans cloisons g\u00eanantes. Choisissez parmi une configuration de lit simple ou double pour une flexibilit\u00e9 ultime. <a href=\"https:\/\/famaliving.ca\/blog\/modern-sofa-bed-indy-versatile-living-room-furniture\/\">Lire la suite<\/a><\/p>\n","protected":false},"excerpt":{"rendered":"<p>Indy by Fama red\u00e9finit les canap\u00e9s-lits, offrant un design et une ing\u00e9niosit\u00e9 r\u00e9volutionnaires. \u00c0 la fois canap\u00e9 inclinable et lit, il excelle en termes de confort et de qualit\u00e9. Pilot\u00e9 par t\u00e9l\u00e9commande ou application, il se transforme rapidement en un v\u00e9ritable matelas sans cloisons, adaptable en lit simple ou double. Avec des configurations sur mesure, d&rsquo;un canap\u00e9 compact \u00e0 un lit remarquable de 140 cm x 204 cm avec un matelas en polyur\u00e9thane de 35 kg, Indy r\u00e9pond \u00e0 divers besoins, le tout envelopp\u00e9 dans un confort et un style modernes.<\/p>\n<p><strong>Ce mod\u00e8le de canap\u00e9 permet une personnalisation pratiquement illimit\u00e9e. Pour de meilleurs r\u00e9sultats, notre repr\u00e9sentant en conception vous contactera une fois que vous aurez soumis une demande de devis.<\/strong><\/p>\n","protected":false},"featured_media":36327,"template":"","meta":{"_acf_changed":false,"site-sidebar-layout":"no-sidebar","site-content-layout":"plain-container","ast-site-content-layout":"normal-width-container","site-content-style":"unboxed","site-sidebar-style":"unboxed","ast-global-header-display":"","ast-banner-title-visibility":"","ast-main-header-display":"","ast-hfb-above-header-display":"","ast-hfb-below-header-display":"","ast-hfb-mobile-header-display":"","site-post-title":"disabled","ast-breadcrumbs-content":"","ast-featured-img":"disabled","footer-sml-layout":"","ast-disable-related-posts":"","theme-transparent-header-meta":"default","adv-header-id-meta":"","stick-header-meta":"default","header-above-stick-meta":"","header-main-stick-meta":"","header-below-stick-meta":"","astra-migrate-meta-layouts":"set","ast-page-background-enabled":"default","ast-page-background-meta":{"desktop":{"background-color":"var(--ast-global-color-4)","background-image":"","background-repeat":"repeat","background-position":"center center","background-size":"auto","background-attachment":"scroll","background-type":"","background-media":"","overlay-type":"","overlay-color":"","overlay-opacity":"","overlay-gradient":""},"tablet":{"background-color":"","background-image":"","background-repeat":"repeat","background-position":"center center","background-size":"auto","background-attachment":"scroll","background-type":"","background-media":"","overlay-type":"","overlay-color":"","overlay-opacity":"","overlay-gradient":""},"mobile":{"background-color":"","background-image":"","background-repeat":"repeat","background-position":"center center","background-size":"auto","background-attachment":"scroll","background-type":"","background-media":"","overlay-type":"","overlay-color":"","overlay-opacity":"","overlay-gradient":""}},"ast-content-background-meta":{"desktop":{"background-color":"var(--ast-global-color-5)","background-image":"","background-repeat":"repeat","background-position":"center center","background-size":"auto","background-attachment":"scroll","background-type":"","background-media":"","overlay-type":"","overlay-color":"","overlay-opacity":"","overlay-gradient":""},"tablet":{"background-color":"var(--ast-global-color-5)","background-image":"","background-repeat":"repeat","background-position":"center center","background-size":"auto","background-attachment":"scroll","background-type":"","background-media":"","overlay-type":"","overlay-color":"","overlay-opacity":"","overlay-gradient":""},"mobile":{"background-color":"var(--ast-global-color-5)","background-image":"","background-repeat":"repeat","background-position":"center center","background-size":"auto","background-attachment":"scroll","background-type":"","background-media":"","overlay-type":"","overlay-color":"","overlay-opacity":"","overlay-gradient":""}}},"product_brand":[],"product_cat":[76],"product_tag":[],"class_list":{"0":"post-39422","1":"product","2":"type-product","3":"status-publish","4":"has-post-thumbnail","6":"product_cat-canapes-lits","7":"desktop-align-center","8":"tablet-align-left","9":"mobile-align-left","11":"first","12":"instock","13":"sold-individually","14":"shipping-taxable","15":"purchasable","16":"product-type-variable"},"acf":[],"_links":{"self":[{"href":"https:\/\/famaliving.ca\/fr\/wp-json\/wp\/v2\/product\/39422","targetHints":{"allow":["GET"]}}],"collection":[{"href":"https:\/\/famaliving.ca\/fr\/wp-json\/wp\/v2\/product"}],"about":[{"href":"https:\/\/famaliving.ca\/fr\/wp-json\/wp\/v2\/types\/product"}],"version-history":[{"count":1,"href":"https:\/\/famaliving.ca\/fr\/wp-json\/wp\/v2\/product\/39422\/revisions"}],"predecessor-version":[{"id":39629,"href":"https:\/\/famaliving.ca\/fr\/wp-json\/wp\/v2\/product\/39422\/revisions\/39629"}],"wp:featuredmedia":[{"embeddable":true,"href":"https:\/\/famaliving.ca\/fr\/wp-json\/wp\/v2\/media\/36327"}],"wp:attachment":[{"href":"https:\/\/famaliving.ca\/fr\/wp-json\/wp\/v2\/media?parent=39422"}],"wp:term":[{"taxonomy":"product_brand","embeddable":true,"href":"https:\/\/famaliving.ca\/fr\/wp-json\/wp\/v2\/product_brand?post=39422"},{"taxonomy":"product_cat","embeddable":true,"href":"https:\/\/famaliving.ca\/fr\/wp-json\/wp\/v2\/product_cat?post=39422"},{"taxonomy":"product_tag","embeddable":true,"href":"https:\/\/famaliving.ca\/fr\/wp-json\/wp\/v2\/product_tag?post=39422"}],"curies":[{"name":"wp","href":"https:\/\/api.w.org\/{rel}","templated":true}]}}