{"id":39423,"date":"2024-01-04T11:36:21","date_gmt":"2024-01-04T16:36:21","guid":{"rendered":"https:\/\/famaliving.ca\/product\/fauteuil-lit-helsinki\/"},"modified":"2025-04-29T13:05:02","modified_gmt":"2025-04-29T17:05:02","slug":"fauteuil-lit-helsinki","status":"publish","type":"product","link":"https:\/\/famaliving.ca\/fr\/produit\/fauteuil-lit-helsinki\/","title":{"rendered":"Fauteuil-Lit Helsinki"},"content":{"rendered":"<p><a>Configuration et t\u00e9l\u00e9chargements<\/a><br \/>\nT\u00e9l\u00e9chargez la documentation technique : sch\u00e9mas, mesures, d\u00e9tails techniques, brochures et manuels.<\/p>\n<ul>\n<li><a href=\"https:\/\/famaliving.ca\/wp-content\/uploads\/sites\/29\/Helsinki-Armchair-Bed-Schematics-famaliving-Montreal.pdf\" target=\"_blank\" rel=\"noopener noreferrer\"> Fauteuil-lit Helsinki \u2013 Sch\u00e9mas <\/a><\/li>\n<li><a href=\"https:\/\/famaliving.ca\/wp-content\/uploads\/sites\/29\/Helsinki-Armchair-Bed-Brochure-famaliving-Montreal.pdf\" target=\"_blank\" rel=\"noopener noreferrer\"> Fauteuil-lit Helsinki \u2013 Brochure <\/a><\/li>\n<li><a href=\"https:\/\/famaliving.ca\/wp-content\/uploads\/sites\/29\/Matelas-ignifuge-Fiche-technique-famaliving-Montreal-2.pdf\" target=\"_blank\" rel=\"noopener noreferrer\"> Matelas ignifug\u00e9 \u2013 Fiche technique <\/a><\/li>\n<li><a href=\"https:\/\/famaliving.ca\/wp-content\/uploads\/sites\/29\/Mattress-14cm-Data-sheet-famaliving-Montreal-2.pdf\" target=\"_blank\" rel=\"noopener noreferrer\"> Matelas 14cm \u2013 Fiche technique <\/a><\/li>\n<\/ul>\n<p><strong>Explorez la configurabilit\u00e9 du fauteuil-lit Helsinki avec notre <a href=\"\/fama-3d-sim\/\" target=\"_blank\" rel=\"noopener\">Simulation de conception 3D&gt;&gt;<\/a><\/strong><\/p>\n<p><a>\u00c0 propos du produit<\/a><\/p>\n<p><strong>Q\u00a0: Qu&rsquo;est-ce que le canap\u00e9-lit Helsinki\u00a0?<\/strong><br \/>\nR : Le canap\u00e9-lit Helsinki de Famaliving est un meuble \u00e9l\u00e9gant et fonctionnel con\u00e7u pour servir \u00e0 la fois de canap\u00e9 confortable et de lit pratique. Son design moderne en fait un ajout polyvalent \u00e0 tout espace de vie, en particulier pour ceux qui cherchent \u00e0 maximiser l&rsquo;espace sans compromettre le style ou le confort.<\/p>\n<p><strong>Q\u00a0:\u00a0Qu&rsquo;est-ce qui rend le canap\u00e9-lit Helsinki unique\u00a0?<\/strong><br \/>\nR : Le canap\u00e9-lit Helsinki se distingue par son design \u00e9pur\u00e9 et minimaliste alli\u00e9 \u00e0 la praticit\u00e9 d&rsquo;un lit gigogne. Il passe facilement d&rsquo;un canap\u00e9 \u00e0 un lit, ce qui le rend parfait pour les chambres d&rsquo;amis, les petits appartements ou les espaces de vie multifonctionnels. Son esth\u00e9tique moderne lui permet de s&rsquo;int\u00e9grer sans effort dans tout int\u00e9rieur contemporain.<\/p>\n<p><strong>Q\u00a0: Puis-je personnaliser le canap\u00e9-lit Helsinki avec des accessoires\u00a0?<\/strong><br \/>\nR : Oui, le canap\u00e9-lit Helsinki est enti\u00e8rement personnalisable. Vous pouvez choisir parmi plus de 500 options de tissus, dont une vari\u00e9t\u00e9 de couleurs, de textures et de motifs adapt\u00e9s \u00e0 votre d\u00e9cor. De plus, vous pouvez ajouter des coussins ou des plaids pour am\u00e9liorer \u00e0 la fois l&rsquo;apparence et le confort du canap\u00e9.<\/p>\n<p><strong>Q\u00a0: Quelles sont les caract\u00e9ristiques d&rsquo;assise et de couchage du canap\u00e9-lit Helsinki\u00a0?<\/strong><br \/>\nR : Le canap\u00e9-lit Helsinki offre une assise moelleuse et offrant un bon soutien lorsqu&rsquo;il est en mode canap\u00e9 et se transforme facilement en un lit confortable. Sa conception ergonomique garantit que l&rsquo;exp\u00e9rience d&rsquo;assise et de sommeil est confortable, ce qui le rend id\u00e9al pour une utilisation quotidienne comme canap\u00e9 et une utilisation occasionnelle comme lit.<\/p>\n<p><strong>Q\u00a0: Existe-t-il diff\u00e9rentes options de pieds pour le canap\u00e9-lit Helsinki\u00a0?<\/strong><br \/>\nR : Les pieds par d\u00e9faut du canap\u00e9-lit Helsinki sont \u00e9l\u00e9gants et modernes, mais vous pouvez les personnaliser avec diff\u00e9rentes finitions et mat\u00e9riaux pour les assortir \u00e0 votre style personnel et \u00e0 votre d\u00e9coration int\u00e9rieure.<\/p>\n<p><strong>Q\u00a0: Quelles sont les dimensions du canap\u00e9-lit Helsinki\u00a0?<\/strong><br \/>\nR : Les dimensions du canap\u00e9-lit Helsinki varient en fonction du mod\u00e8le sp\u00e9cifique et de la configuration que vous choisissez. La hauteur du si\u00e8ge est de 44 cm (17,32 po), et la profondeur et la hauteur hors tout d\u00e9pendront du mod\u00e8le choisi. Lorsqu&rsquo;il est \u00e9tendu en lit, les dimensions augmenteront pour permettre de dormir.<\/p>\n<p><strong>Q\u00a0: Un rev\u00eatement en cuir est-il disponible pour le canap\u00e9-lit Helsinki\u00a0?<\/strong><br \/>\nR : Oui, un rev\u00eatement en cuir est disponible pour le canap\u00e9-lit Helsinki, mais cela peut entra\u00eener un co\u00fbt suppl\u00e9mentaire. Vous pouvez \u00e9galement choisir parmi une large gamme d\u2019options de tissus pour personnaliser l\u2019apparence et la sensation du canap\u00e9.<\/p>\n<p><strong>Q\u00a0: Comment puis-je personnaliser le canap\u00e9-lit Helsinki\u00a0?<\/strong><br \/>\nR : Le canap\u00e9-lit Helsinki offre de nombreuses options de personnalisation, notamment un rev\u00eatement en tissu ou en cuir, des finitions de pieds et l&rsquo;ajout de coussins ou d&rsquo;autres accessoires. Cela vous permet d&rsquo;adapter le canap\u00e9-lit \u00e0 vos besoins sp\u00e9cifiques, garantissant \u00e0 la fois confort et style.<\/p>\n<p><a>Options du produit<\/a><\/p>\n<p><strong>Canap\u00e9-lit Helsinki de Famaliving<\/strong><br \/>\nLe <strong>canap\u00e9-lit Helsinki<\/strong> de Famaliving est la fusion parfaite de style et de fonctionnalit\u00e9, con\u00e7u pour rehausser tout espace de vie moderne. Que vous ayez besoin d&rsquo;une solution de si\u00e8ge confortable pendant la journ\u00e9e ou d&rsquo;un lit douillet pour vos invit\u00e9s la nuit, cette pi\u00e8ce polyvalente s&rsquo;adapte sans effort \u00e0 vos besoins. Son design minimaliste et contemporain en fait un excellent choix pour ceux qui cherchent \u00e0 maximiser l&rsquo;espace sans compromettre le confort ou l&rsquo;esth\u00e9tique. <a href=\"https:\/\/famaliving.ca\/blog\/cozy-armchair-bed-helsinki-perfect-for-small-spaces\/\">Lire la suite<\/a><\/p>\n","protected":false},"excerpt":{"rendered":"<p>Difficile de croire que ce fauteuil de la ligne Helsinki puisse se transformer en lit ! Au sein de la gamme Helsinki, nous avons introduit ce fauteuil innovant \u00e9quip\u00e9 d&rsquo;un m\u00e9canisme de lit. Nous avons conserv\u00e9 le confort exceptionnel et le design \u00e9l\u00e9gant et l\u00e9ger du mod\u00e8le Helsinki You&amp;Me, en veillant \u00e0 ce qu&rsquo;il ne ressemble pas \u00e0 un canap\u00e9-lit traditionnel. Cette version am\u00e9lior\u00e9e ajoute une valeur significative au mod\u00e8le, s&rsquo;int\u00e9grant parfaitement \u00e0 n&rsquo;importe quel espace de vie tout en offrant la commodit\u00e9 de se transformer en lit si n\u00e9cessaire.<\/p>\n","protected":false},"featured_media":36189,"template":"","meta":{"_acf_changed":false,"site-sidebar-layout":"no-sidebar","site-content-layout":"plain-container","ast-site-content-layout":"normal-width-container","site-content-style":"unboxed","site-sidebar-style":"unboxed","ast-global-header-display":"","ast-banner-title-visibility":"","ast-main-header-display":"","ast-hfb-above-header-display":"","ast-hfb-below-header-display":"","ast-hfb-mobile-header-display":"","site-post-title":"disabled","ast-breadcrumbs-content":"","ast-featured-img":"disabled","footer-sml-layout":"","ast-disable-related-posts":"","theme-transparent-header-meta":"default","adv-header-id-meta":"","stick-header-meta":"default","header-above-stick-meta":"","header-main-stick-meta":"","header-below-stick-meta":"","astra-migrate-meta-layouts":"set","ast-page-background-enabled":"default","ast-page-background-meta":{"desktop":{"background-color":"var(--ast-global-color-4)","background-image":"","background-repeat":"repeat","background-position":"center center","background-size":"auto","background-attachment":"scroll","background-type":"","background-media":"","overlay-type":"","overlay-color":"","overlay-opacity":"","overlay-gradient":""},"tablet":{"background-color":"","background-image":"","background-repeat":"repeat","background-position":"center center","background-size":"auto","background-attachment":"scroll","background-type":"","background-media":"","overlay-type":"","overlay-color":"","overlay-opacity":"","overlay-gradient":""},"mobile":{"background-color":"","background-image":"","background-repeat":"repeat","background-position":"center center","background-size":"auto","background-attachment":"scroll","background-type":"","background-media":"","overlay-type":"","overlay-color":"","overlay-opacity":"","overlay-gradient":""}},"ast-content-background-meta":{"desktop":{"background-color":"var(--ast-global-color-5)","background-image":"","background-repeat":"repeat","background-position":"center center","background-size":"auto","background-attachment":"scroll","background-type":"","background-media":"","overlay-type":"","overlay-color":"","overlay-opacity":"","overlay-gradient":""},"tablet":{"background-color":"var(--ast-global-color-5)","background-image":"","background-repeat":"repeat","background-position":"center center","background-size":"auto","background-attachment":"scroll","background-type":"","background-media":"","overlay-type":"","overlay-color":"","overlay-opacity":"","overlay-gradient":""},"mobile":{"background-color":"var(--ast-global-color-5)","background-image":"","background-repeat":"repeat","background-position":"center center","background-size":"auto","background-attachment":"scroll","background-type":"","background-media":"","overlay-type":"","overlay-color":"","overlay-opacity":"","overlay-gradient":""}}},"product_brand":[],"product_cat":[76,72],"product_tag":[],"class_list":{"0":"post-39423","1":"product","2":"type-product","3":"status-publish","4":"has-post-thumbnail","6":"product_cat-canapes-lits","7":"product_cat-fauteuils-et-inclinaisons","8":"desktop-align-center","9":"tablet-align-left","10":"mobile-align-left","12":"first","13":"instock","14":"sold-individually","15":"shipping-taxable","16":"purchasable","17":"product-type-variable"},"acf":[],"_links":{"self":[{"href":"https:\/\/famaliving.ca\/fr\/wp-json\/wp\/v2\/product\/39423","targetHints":{"allow":["GET"]}}],"collection":[{"href":"https:\/\/famaliving.ca\/fr\/wp-json\/wp\/v2\/product"}],"about":[{"href":"https:\/\/famaliving.ca\/fr\/wp-json\/wp\/v2\/types\/product"}],"version-history":[{"count":2,"href":"https:\/\/famaliving.ca\/fr\/wp-json\/wp\/v2\/product\/39423\/revisions"}],"predecessor-version":[{"id":41543,"href":"https:\/\/famaliving.ca\/fr\/wp-json\/wp\/v2\/product\/39423\/revisions\/41543"}],"wp:featuredmedia":[{"embeddable":true,"href":"https:\/\/famaliving.ca\/fr\/wp-json\/wp\/v2\/media\/36189"}],"wp:attachment":[{"href":"https:\/\/famaliving.ca\/fr\/wp-json\/wp\/v2\/media?parent=39423"}],"wp:term":[{"taxonomy":"product_brand","embeddable":true,"href":"https:\/\/famaliving.ca\/fr\/wp-json\/wp\/v2\/product_brand?post=39423"},{"taxonomy":"product_cat","embeddable":true,"href":"https:\/\/famaliving.ca\/fr\/wp-json\/wp\/v2\/product_cat?post=39423"},{"taxonomy":"product_tag","embeddable":true,"href":"https:\/\/famaliving.ca\/fr\/wp-json\/wp\/v2\/product_tag?post=39423"}],"curies":[{"name":"wp","href":"https:\/\/api.w.org\/{rel}","templated":true}]}}