{"id":39425,"date":"2024-01-07T15:14:29","date_gmt":"2024-01-07T20:14:29","guid":{"rendered":"https:\/\/famaliving.ca\/product\/fauteuil-lit-moderne-hermes\/"},"modified":"2025-04-29T13:12:50","modified_gmt":"2025-04-29T17:12:50","slug":"fauteuil-lit-moderne-hermes","status":"publish","type":"product","link":"https:\/\/famaliving.ca\/fr\/produit\/fauteuil-lit-moderne-hermes\/","title":{"rendered":"Fauteuil-Lit Moderne Hermes"},"content":{"rendered":"<p><a>\u00c0 propos du produit<\/a><\/p>\n<h3>Personnalisation sans fin avec le fauteuil-lit moderne Mario<\/h3>\n<p>Mario red\u00e9finit le concept des canap\u00e9s-lits avec son design de fauteuil-lit droit et moelleux, parfait pour les pi\u00e8ces compactes n\u00e9cessitant de la polyvalence. Son esth\u00e9tique sobre et simple dissimule ses capacit\u00e9s de transformation, se transformant sans effort en un lit confortable en cas de besoin. Contrairement aux canap\u00e9s-lits traditionnels, le m\u00e9canisme de Mario assure une transformation rapide et s\u00e9curis\u00e9e sans l\u2019inconfort d\u2019une barre centrale. Avec un vrai matelas et sans cloisons, Mario promet un sommeil r\u00e9parateur et sans mal de dos. Sa polyvalence va au-del\u00e0 de la fonctionnalit\u00e9, servant aussi bien de canap\u00e9 que de chaise longue pour la d\u00e9tente. Choisissez parmi une large s\u00e9lection de tissus exclusifs pour personnaliser votre Mario, en vous assurant qu&rsquo;il s&rsquo;int\u00e8gre parfaitement \u00e0 votre d\u00e9cor tout en offrant un confort et un style in\u00e9gal\u00e9s. <a href=\"https:\/\/famaliving.ca\/blog\/modern-armchair-bed-mario-comfort-meets-style\/\">Lire la suite<\/a><\/p>\n<p><strong>Explorez la configurabilit\u00e9 de Mario avec notre <a href=\"\/fama-3d-sim\/\" target=\"_blank\" rel=\"noopener\">3D Simulator&gt;&gt;<\/a><\/strong><\/p>\n<p><a>Options du produit<\/a><\/p>\n<p><strong>Q\u00a0: Qu&rsquo;est-ce que le fauteuil-lit moderne Mario\u00a0?<\/strong><br \/>\nR : Le Mario est un fauteuil-lit polyvalent de Famaliving, con\u00e7u pour offrir \u00e0 la fois une assise confortable et une solution de couchage pratique. Son design \u00e9l\u00e9gant et moderne en fait un ajout \u00e9l\u00e9gant \u00e0 n&rsquo;importe quel espace de vie, tandis que la fonction de lit int\u00e9gr\u00e9e offre une fonctionnalit\u00e9 pratique pour les invit\u00e9s ou les petits espaces.<\/p>\n<p><strong>Q\u00a0: Qu&rsquo;est-ce qui rend le fauteuil-lit Mario unique\u00a0?<\/strong><br \/>\nR : Le fauteuil-lit Mario se d\u00e9marque par son design astucieux \u00e0 double usage. De jour, il fonctionne comme un fauteuil \u00e9l\u00e9gant et compact et de nuit, il se transforme facilement en un lit confortable. Cela en fait une solution id\u00e9ale pour les maisons avec un espace limit\u00e9 ou pour ceux qui accueillent fr\u00e9quemment des invit\u00e9s pour la nuit.<\/p>\n<p><strong>Q\u00a0: Puis-je personnaliser le fauteuil-lit Mario avec des accessoires\u00a0?<\/strong><br \/>\nR : Oui, le fauteuil-lit Mario est enti\u00e8rement personnalisable. Vous pouvez choisir parmi plus de 500 options de tissus, dont une vari\u00e9t\u00e9 de couleurs et de textures, pour correspondre \u00e0 votre d\u00e9cor. Vous pouvez \u00e9galement ajouter des coussins d\u00e9coratifs pour plus de confort et de style.<\/p>\n<p><strong>Q\u00a0: Quelles sont les caract\u00e9ristiques d&rsquo;assise et de couchage du fauteuil-lit Mario\u00a0?<\/strong><br \/>\nR : Le Mario offre des si\u00e8ges profonds et de soutien avec des coussins moelleux, assurant le confort d&rsquo;un fauteuil. Une fois d\u00e9pli\u00e9 en lit, il offre une surface de couchage ferme et confortable, ce qui le rend parfait pour une utilisation occasionnelle par les invit\u00e9s.<\/p>\n<p><strong>Q\u00a0: Existe-t-il diff\u00e9rentes options de pieds pour le fauteuil-lit Mario\u00a0?<\/strong><br \/>\nR : Le fauteuil-lit Mario est dot\u00e9 de pieds en m\u00e9tal \u00e9l\u00e9gants qui s&rsquo;harmonisent avec son design moderne. Bien que les pieds par d\u00e9faut fassent partie de son look signature, des options personnalisables sont disponibles pour mieux s&rsquo;adapter \u00e0 votre d\u00e9cor.<\/p>\n<p><strong>Q\u00a0: Quelles sont les dimensions du fauteuil-lit Mario\u00a0?<\/strong><br \/>\nR : La hauteur du si\u00e8ge est de 44 cm (17,32 po), avec une profondeur totale de 85 cm (33,46 po) et une hauteur totale de 90 cm (35,43 po) lorsqu&rsquo;il est utilis\u00e9 comme fauteuil. Lorsqu&rsquo;il est \u00e9tendu en lit, les dimensions d\u00e9pendent de la configuration sp\u00e9cifique choisie.<\/p>\n<p><strong>Q\u00a0: Un rev\u00eatement en cuir est-il disponible pour le fauteuil-lit Mario\u00a0?<\/strong><br \/>\nR : Oui, un rev\u00eatement en cuir est disponible pour le fauteuil-lit Mario, mais cela entra\u00eene un co\u00fbt suppl\u00e9mentaire. Vous pouvez \u00e9galement choisir parmi une large gamme de tissus pour personnaliser la chaise \u00e0 votre go\u00fbt.<\/p>\n<p><strong>Q\u00a0: Comment personnaliser le fauteuil-lit Mario\u00a0?<\/strong><br \/>\nR : Le fauteuil-lit Mario offre de nombreuses options de personnalisation, notamment un rev\u00eatement en tissu ou en cuir, des finitions de pieds et des accessoires suppl\u00e9mentaires comme des coussins. Vous pouvez personnaliser le fauteuil pour qu&rsquo;il s&rsquo;int\u00e8gre parfaitement \u00e0 votre espace de vie, \u00e0 la fois comme si\u00e8ge ou comme lit d&rsquo;appoint.<\/p>\n<p><a>T\u00e9l\u00e9chargements (PDF)<\/a><\/p>\n<p>T\u00e9l\u00e9chargez la documentation technique : sch\u00e9mas, mesures, d\u00e9tails techniques, brochures et manuels.<\/p>\n","protected":false},"excerpt":{"rendered":"<p>Pr\u00e9sentation d&rsquo;Hermes, le fauteuil-lit r\u00e9volutionnaire de Fama, alliant design \u00e9l\u00e9gant et multifonctionnalit\u00e9 pour les petits espaces.<\/p>\n<p><strong>Ce mod\u00e8le de canap\u00e9 permet une personnalisation pratiquement illimit\u00e9e. Pour de meilleurs r\u00e9sultats, notre repr\u00e9sentant en conception vous contactera une fois que vous aurez soumis une demande de devis.<\/strong><\/p>\n","protected":false},"featured_media":36105,"template":"","meta":{"_acf_changed":false,"site-sidebar-layout":"no-sidebar","site-content-layout":"plain-container","ast-site-content-layout":"normal-width-container","site-content-style":"unboxed","site-sidebar-style":"unboxed","ast-global-header-display":"","ast-banner-title-visibility":"","ast-main-header-display":"","ast-hfb-above-header-display":"","ast-hfb-below-header-display":"","ast-hfb-mobile-header-display":"","site-post-title":"disabled","ast-breadcrumbs-content":"","ast-featured-img":"disabled","footer-sml-layout":"","ast-disable-related-posts":"","theme-transparent-header-meta":"default","adv-header-id-meta":"","stick-header-meta":"default","header-above-stick-meta":"","header-main-stick-meta":"","header-below-stick-meta":"","astra-migrate-meta-layouts":"set","ast-page-background-enabled":"default","ast-page-background-meta":{"desktop":{"background-color":"var(--ast-global-color-4)","background-image":"","background-repeat":"repeat","background-position":"center center","background-size":"auto","background-attachment":"scroll","background-type":"","background-media":"","overlay-type":"","overlay-color":"","overlay-opacity":"","overlay-gradient":""},"tablet":{"background-color":"","background-image":"","background-repeat":"repeat","background-position":"center center","background-size":"auto","background-attachment":"scroll","background-type":"","background-media":"","overlay-type":"","overlay-color":"","overlay-opacity":"","overlay-gradient":""},"mobile":{"background-color":"","background-image":"","background-repeat":"repeat","background-position":"center center","background-size":"auto","background-attachment":"scroll","background-type":"","background-media":"","overlay-type":"","overlay-color":"","overlay-opacity":"","overlay-gradient":""}},"ast-content-background-meta":{"desktop":{"background-color":"var(--ast-global-color-5)","background-image":"","background-repeat":"repeat","background-position":"center center","background-size":"auto","background-attachment":"scroll","background-type":"","background-media":"","overlay-type":"","overlay-color":"","overlay-opacity":"","overlay-gradient":""},"tablet":{"background-color":"var(--ast-global-color-5)","background-image":"","background-repeat":"repeat","background-position":"center center","background-size":"auto","background-attachment":"scroll","background-type":"","background-media":"","overlay-type":"","overlay-color":"","overlay-opacity":"","overlay-gradient":""},"mobile":{"background-color":"var(--ast-global-color-5)","background-image":"","background-repeat":"repeat","background-position":"center center","background-size":"auto","background-attachment":"scroll","background-type":"","background-media":"","overlay-type":"","overlay-color":"","overlay-opacity":"","overlay-gradient":""}}},"product_brand":[],"product_cat":[76],"product_tag":[],"class_list":{"0":"post-39425","1":"product","2":"type-product","3":"status-publish","4":"has-post-thumbnail","6":"product_cat-canapes-lits","7":"desktop-align-center","8":"tablet-align-left","9":"mobile-align-left","11":"first","12":"instock","13":"sold-individually","14":"shipping-taxable","15":"purchasable","16":"product-type-variable"},"acf":[],"_links":{"self":[{"href":"https:\/\/famaliving.ca\/fr\/wp-json\/wp\/v2\/product\/39425","targetHints":{"allow":["GET"]}}],"collection":[{"href":"https:\/\/famaliving.ca\/fr\/wp-json\/wp\/v2\/product"}],"about":[{"href":"https:\/\/famaliving.ca\/fr\/wp-json\/wp\/v2\/types\/product"}],"version-history":[{"count":1,"href":"https:\/\/famaliving.ca\/fr\/wp-json\/wp\/v2\/product\/39425\/revisions"}],"predecessor-version":[{"id":41549,"href":"https:\/\/famaliving.ca\/fr\/wp-json\/wp\/v2\/product\/39425\/revisions\/41549"}],"wp:featuredmedia":[{"embeddable":true,"href":"https:\/\/famaliving.ca\/fr\/wp-json\/wp\/v2\/media\/36105"}],"wp:attachment":[{"href":"https:\/\/famaliving.ca\/fr\/wp-json\/wp\/v2\/media?parent=39425"}],"wp:term":[{"taxonomy":"product_brand","embeddable":true,"href":"https:\/\/famaliving.ca\/fr\/wp-json\/wp\/v2\/product_brand?post=39425"},{"taxonomy":"product_cat","embeddable":true,"href":"https:\/\/famaliving.ca\/fr\/wp-json\/wp\/v2\/product_cat?post=39425"},{"taxonomy":"product_tag","embeddable":true,"href":"https:\/\/famaliving.ca\/fr\/wp-json\/wp\/v2\/product_tag?post=39425"}],"curies":[{"name":"wp","href":"https:\/\/api.w.org\/{rel}","templated":true}]}}