{"id":39427,"date":"2024-01-08T11:24:32","date_gmt":"2024-01-08T16:24:32","guid":{"rendered":"https:\/\/famaliving.ca\/product\/canape-lit-bolero\/"},"modified":"2025-04-29T13:13:52","modified_gmt":"2025-04-29T17:13:52","slug":"canape-lit-bolero","status":"publish","type":"product","link":"https:\/\/famaliving.ca\/fr\/produit\/canape-lit-bolero\/","title":{"rendered":"Canap\u00e9-lit Bol\u00e9ro"},"content":{"rendered":"<p><a tabindex=\"0\">Configuration et t\u00e9l\u00e9chargements<\/a><br \/>\nT\u00e9l\u00e9chargez la documentation technique : sch\u00e9mas, mesures, d\u00e9tails techniques, brochures et manuels.<\/p>\n<ul>\n<li><a href=\"https:\/\/famaliving.ca\/wp-content\/uploads\/sites\/29\/Bolero-\u2013-Data-sheet-Famaliving-Montreal.pdf\" target=\"_blank\" rel=\"noopener\">Bol\u00e9ro \u2013 Fiche technique<\/a><\/li>\n<li><a href=\"https:\/\/famaliving.ca\/wp-content\/uploads\/sites\/29\/Bolero-\u2013-Sketch-Famaliving-Montreal.pdf\" target=\"_blank\" rel=\"noopener\">Bol\u00e9ro \u2013 Croquis<\/a><\/li>\n<li><a href=\"https:\/\/famaliving.ca\/wp-content\/uploads\/sites\/29\/Bolero-\u2013-Instruction-Famaliving-Montreal.pdf\" target=\"_blank\" rel=\"noopener\">Bol\u00e9ro \u2013 Instruction<\/a><\/li>\n<li><a href=\"https:\/\/famaliving.ca\/wp-content\/uploads\/sites\/29\/Bolero-\u2013-Information-Famaliving-Montreal.pdf\" target=\"_blank\" rel=\"noopener\">Bol\u00e9ro \u2013 Informations<\/a><\/li>\n<li><a href=\"https:\/\/famaliving.ca\/wp-content\/uploads\/sites\/29\/Mattress-18cm-\u2013-Technical-sheet-Famaliving-Montreal.pdf\" target=\"_blank\" rel=\"noopener\">Matelas 18cm \u2013 Fiche technique<\/a><\/li>\n<li><a href=\"https:\/\/famaliving.ca\/wp-content\/uploads\/sites\/29\/Flame-retardant-Mattress-\u2013-Technical-Sheet-Famaliving-Montreal.pdf\" target=\"_blank\" rel=\"noopener\">Matelas ignifuge \u2013 Fiche technique<\/a><\/li>\n<li><a href=\"https:\/\/famaliving.ca\/wp-content\/uploads\/sites\/29\/Mattress-14cm-\u2013-Data-sheet-Famaliving-Montreal.pdf\" target=\"_blank\" rel=\"noopener\">Matelas 14cm \u2013 Fiche technique<\/a><\/li>\n<\/ul>\n<p><strong>Explorez la configurabilit\u00e9 de Bolero avec notre <a href=\"\/fama-3d-sim\/\" target=\"_blank\" rel=\"noopener\">Simulation de conception 3D&gt;&gt;<\/a><\/strong><\/p>\n<p><a tabindex=\"0\">\u00c0 propos du produit<\/a><\/p>\n<p><strong>Canap\u00e9-lit Bolero<\/strong><\/p>\n<p><strong>Q\u00a0:\u00a0Qu&rsquo;est-ce que le canap\u00e9-lit Bol\u00e9ro\u00a0?<\/strong><br \/>\nR : Le canap\u00e9-lit Bolero offre une assise plus basse et une profondeur plus courte, ce qui le rend aussi confortable qu&rsquo;un canap\u00e9 et qu&rsquo;un lit. Son design lui permet de ne pas ressembler \u00e0 un canap\u00e9-lit typique, tout en conservant le style distinctif de Fama. Les appuis-t\u00eate en option offrent une fonctionnalit\u00e9 suppl\u00e9mentaire.<\/p>\n<p><strong>Q\u00a0: Quelles configurations sont disponibles pour le canap\u00e9-lit Bolero\u00a0?<\/strong><br \/>\nR : Le canap\u00e9-lit est disponible avec un m\u00e9canisme de lit flexible et diff\u00e9rentes configurations d&rsquo;accoudoirs.<\/p>\n<p><strong>Q\u00a0: Le canap\u00e9-lit Bolero est-il disponible en fauteuil\u00a0?<\/strong><br \/>\nR : Oui, le Bol\u00e9ro est disponible sous forme de fauteuil.<\/p>\n<p><strong>Q\u00a0: Puis-je personnaliser le canap\u00e9-lit Bolero avec des fonctionnalit\u00e9s suppl\u00e9mentaires\u00a0?<\/strong><br \/>\nR : Oui, vous pouvez inclure des coussins d\u2019accoudoirs ainsi que des matelas plus \u00e9pais pour plus de confort.<\/p>\n<p><strong>Q\u00a0: Quelles sont les dimensions du canap\u00e9-lit Bolero\u00a0?<\/strong><br \/>\nR : La hauteur du si\u00e8ge est de 43 cm, avec une profondeur totale de 95 cm et une hauteur totale de 90 cm.<\/p>\n<p><strong>Q\u00a0: Quelles sont les options de pieds et d&rsquo;accoudoirs pour le canap\u00e9-lit Bolero\u00a0?<\/strong><br \/>\nR : Les bras sont int\u00e9gr\u00e9s, avec diff\u00e9rents styles tels que \u00ab Z \u00bb, \u00ab B \u00bb, \u00ab M \u00bb ou \u00ab W \u00bb. L\u2019option de pied par d\u00e9faut est les pieds bas noirs cach\u00e9s.<\/p>\n<p><strong>Q\u00a0: Y a-t-il des augmentations de prix pour la personnalisation\u00a0?<\/strong><br \/>\nR : Oui, des augmentations de prix s\u2019appliquent aux matelas plus \u00e9pais.<\/p>\n<p><strong>Q\u00a0: Y a-t-il des d\u00e9tails uniques sur le canap\u00e9-lit Bolero\u00a0?<\/strong><br \/>\nR : Bolero peut \u00eatre command\u00e9 comme canap\u00e9 fixe sans m\u00e9canisme de lit.<\/p>\n<p><a tabindex=\"0\">Options du produit<\/a><\/p>\n<p><strong>Compte tenu de la grande polyvalence et des nombreuses options de personnalisation disponibles pour ce meuble, nous vous conseillons fortement de vous connecter et d&rsquo;utiliser le bouton \u00ab\u00a0Ajouter au devis\u00a0\u00bb.<\/strong><\/p>\n","protected":false},"excerpt":{"rendered":"<p>Bolero est un canap\u00e9 ou un canap\u00e9-lit au style distinctif de Fama. Un canap\u00e9 qui r\u00e9pond \u00e0 toutes les demandes des utilisateurs : il a une assise plus basse et une profondeur plus courte. Il est aussi confortable qu&rsquo;un canap\u00e9 et tout aussi confortable qu&rsquo;un lit, et tout cela sans ressembler \u00e0 un canap\u00e9-lit. Les appuis-t\u00eate (en option) sont joliment con\u00e7us et pratiques.<\/p>\n<p><em>*Le Canap\u00e9 Bol\u00e9ro est \u00e9galement disponible en version fixe, sans fonction lit.<\/em><\/p>\n","protected":false},"featured_media":36425,"template":"","meta":{"_acf_changed":false,"site-sidebar-layout":"no-sidebar","site-content-layout":"plain-container","ast-site-content-layout":"normal-width-container","site-content-style":"unboxed","site-sidebar-style":"unboxed","ast-global-header-display":"","ast-banner-title-visibility":"","ast-main-header-display":"","ast-hfb-above-header-display":"","ast-hfb-below-header-display":"","ast-hfb-mobile-header-display":"","site-post-title":"disabled","ast-breadcrumbs-content":"","ast-featured-img":"disabled","footer-sml-layout":"","ast-disable-related-posts":"","theme-transparent-header-meta":"default","adv-header-id-meta":"","stick-header-meta":"default","header-above-stick-meta":"","header-main-stick-meta":"","header-below-stick-meta":"","astra-migrate-meta-layouts":"set","ast-page-background-enabled":"default","ast-page-background-meta":{"desktop":{"background-color":"var(--ast-global-color-4)","background-image":"","background-repeat":"repeat","background-position":"center center","background-size":"auto","background-attachment":"scroll","background-type":"","background-media":"","overlay-type":"","overlay-color":"","overlay-opacity":"","overlay-gradient":""},"tablet":{"background-color":"","background-image":"","background-repeat":"repeat","background-position":"center center","background-size":"auto","background-attachment":"scroll","background-type":"","background-media":"","overlay-type":"","overlay-color":"","overlay-opacity":"","overlay-gradient":""},"mobile":{"background-color":"","background-image":"","background-repeat":"repeat","background-position":"center center","background-size":"auto","background-attachment":"scroll","background-type":"","background-media":"","overlay-type":"","overlay-color":"","overlay-opacity":"","overlay-gradient":""}},"ast-content-background-meta":{"desktop":{"background-color":"var(--ast-global-color-5)","background-image":"","background-repeat":"repeat","background-position":"center center","background-size":"auto","background-attachment":"scroll","background-type":"","background-media":"","overlay-type":"","overlay-color":"","overlay-opacity":"","overlay-gradient":""},"tablet":{"background-color":"var(--ast-global-color-5)","background-image":"","background-repeat":"repeat","background-position":"center center","background-size":"auto","background-attachment":"scroll","background-type":"","background-media":"","overlay-type":"","overlay-color":"","overlay-opacity":"","overlay-gradient":""},"mobile":{"background-color":"var(--ast-global-color-5)","background-image":"","background-repeat":"repeat","background-position":"center center","background-size":"auto","background-attachment":"scroll","background-type":"","background-media":"","overlay-type":"","overlay-color":"","overlay-opacity":"","overlay-gradient":""}}},"product_brand":[],"product_cat":[76],"product_tag":[],"class_list":{"0":"post-39427","1":"product","2":"type-product","3":"status-publish","4":"has-post-thumbnail","6":"product_cat-canapes-lits","7":"desktop-align-center","8":"tablet-align-left","9":"mobile-align-left","11":"first","12":"instock","13":"sold-individually","14":"shipping-taxable","15":"purchasable","16":"product-type-variable"},"acf":[],"_links":{"self":[{"href":"https:\/\/famaliving.ca\/fr\/wp-json\/wp\/v2\/product\/39427","targetHints":{"allow":["GET"]}}],"collection":[{"href":"https:\/\/famaliving.ca\/fr\/wp-json\/wp\/v2\/product"}],"about":[{"href":"https:\/\/famaliving.ca\/fr\/wp-json\/wp\/v2\/types\/product"}],"version-history":[{"count":1,"href":"https:\/\/famaliving.ca\/fr\/wp-json\/wp\/v2\/product\/39427\/revisions"}],"predecessor-version":[{"id":39625,"href":"https:\/\/famaliving.ca\/fr\/wp-json\/wp\/v2\/product\/39427\/revisions\/39625"}],"wp:featuredmedia":[{"embeddable":true,"href":"https:\/\/famaliving.ca\/fr\/wp-json\/wp\/v2\/media\/36425"}],"wp:attachment":[{"href":"https:\/\/famaliving.ca\/fr\/wp-json\/wp\/v2\/media?parent=39427"}],"wp:term":[{"taxonomy":"product_brand","embeddable":true,"href":"https:\/\/famaliving.ca\/fr\/wp-json\/wp\/v2\/product_brand?post=39427"},{"taxonomy":"product_cat","embeddable":true,"href":"https:\/\/famaliving.ca\/fr\/wp-json\/wp\/v2\/product_cat?post=39427"},{"taxonomy":"product_tag","embeddable":true,"href":"https:\/\/famaliving.ca\/fr\/wp-json\/wp\/v2\/product_tag?post=39427"}],"curies":[{"name":"wp","href":"https:\/\/api.w.org\/{rel}","templated":true}]}}