{"id":39428,"date":"2024-01-30T14:00:02","date_gmt":"2024-01-30T19:00:02","guid":{"rendered":"https:\/\/famaliving.ca\/product\/canape-lit-moderne-apolo\/"},"modified":"2025-04-29T13:14:00","modified_gmt":"2025-04-29T17:14:00","slug":"canape-lit-moderne-apolo","status":"publish","type":"product","link":"https:\/\/famaliving.ca\/fr\/produit\/canape-lit-moderne-apolo\/","title":{"rendered":"Canap\u00e9-lit moderne Apolo"},"content":{"rendered":"<p><a>Configuration et t\u00e9l\u00e9chargements<\/a><\/p>\n<p>T\u00e9l\u00e9chargez la documentation technique : sch\u00e9mas, mesures, d\u00e9tails techniques, brochures et manuels.<\/p>\n<ul>\n<li><a href=\"https:\/\/famaliving.ca\/wp-content\/uploads\/sites\/29\/Apolo-Sketch-famaliving-Montreal.pdf\" target=\"_blank\" rel=\"noopener noreferrer\"> Apolo \u2013 Croquis <\/a><\/li>\n<li><a href=\"https:\/\/famaliving.ca\/wp-content\/uploads\/sites\/29\/Apolo-Data-sheet-famaliving-Montreal.pdf\" target=\"_blank\" rel=\"noopener noreferrer\"> Apolo \u2013 Fiche technique <\/a><\/li>\n<li><a href=\"https:\/\/famaliving.ca\/wp-content\/uploads\/sites\/29\/Training-Book-ZZ-Universe-famaliving-Montreal.pdf\" target=\"_blank\" rel=\"noopener noreferrer\"> Livre de formation ZZ Universe <\/a><\/li>\n<li><a href=\"https:\/\/famaliving.ca\/wp-content\/uploads\/sites\/29\/Mattress-18cm-Technical-sheet-famaliving-Montreal.pdf\" target=\"_blank\" rel=\"noopener noreferrer\"> Matelas 18cm \u2013 Fiche technique <\/a><\/li>\n<li><a href=\"https:\/\/famaliving.ca\/wp-content\/uploads\/sites\/29\/Matelas-ignifuge-Fiche-technique-famaliving-Montreal.pdf\" target=\"_blank\" rel=\"noopener noreferrer\"> Matelas ignifug\u00e9 \u2013 Fiche technique <\/a><\/li>\n<li><a href=\"https:\/\/famaliving.ca\/wp-content\/uploads\/sites\/29\/Mattress-14cm-Data-sheet-famaliving-Montreal.pdf\" target=\"_blank\" rel=\"noopener noreferrer\"> Matelas 14cm \u2013 Fiche technique <\/a><\/li>\n<\/ul>\n<p><strong>Explorez la configurabilit\u00e9 du canap\u00e9-lit Apolo avec notre <a href=\"\/fama-3d-sim\/\" target=\"_blank\" rel=\"noopener\">Simulation de conception 3D&gt;&gt;<\/a><\/strong><\/p>\n<p><a>\u00c0 propos du produit<\/a><\/p>\n<p><strong>Canap\u00e9-lit Apolo<\/strong><\/p>\n<p><strong>Q\u00a0: Qu&rsquo;est-ce que le canap\u00e9-lit Apolo\u00a0?<\/strong><br \/>\nR : Le canap\u00e9-lit Apolo offre une solution polyvalente et personnalisable, s&rsquo;adaptant aux diff\u00e9rents besoins et styles. Avec de nombreuses options disponibles, il offre des possibilit\u00e9s de personnalisation illimit\u00e9es pour cr\u00e9er l\u2019ajustement parfait \u00e0 votre espace.<\/p>\n<p><strong>Q\u00a0: Quelles configurations sont disponibles pour le canap\u00e9-lit Apolo\u00a0?<\/strong><br \/>\nR : Le canap\u00e9-lit est disponible en modules rectangulaires avec accoudoirs interchangeables, ou sans accoudoirs.<\/p>\n<p><strong>Q\u00a0: Le canap\u00e9-lit Apolo est-il disponible en fauteuil\u00a0?<\/strong><br \/>\nR : Oui, ce canap\u00e9 est disponible en fauteuil.<\/p>\n<p><strong>Q\u00a0: Puis-je personnaliser le canap\u00e9-lit Apolo avec des fonctionnalit\u00e9s suppl\u00e9mentaires\u00a0?<\/strong><br \/>\nR : Oui, vous pouvez inclure des coussins d\u2019accoudoirs. De plus, des matelas plus \u00e9pais sont disponibles pour plus de confort.<\/p>\n<p><strong>Q\u00a0: Quelles sont les dimensions du canap\u00e9-lit Apolo\u00a0?<\/strong><br \/>\nR : La hauteur du si\u00e8ge est de 48 cm, avec une profondeur totale de 95 cm et une hauteur totale de 96 cm.<\/p>\n<p><strong>Q\u00a0: Quelles sont les options de pieds et d&rsquo;accoudoirs pour le canap\u00e9-lit Apolo\u00a0?<\/strong><br \/>\nR : Le canap\u00e9-lit propose 9 styles d&rsquo;accoudoirs : \u00ab Z \u00bb, \u00ab R \u00bb, \u00ab V \u00bb, \u00ab B \u00bb, \u00ab M \u00bb, \u00ab A \u00bb, \u00ab T \u00bb, \u00ab W \u00bb et \u00ab RV \u00bb. L\u2019option de pied par d\u00e9faut est les pieds bas noirs cach\u00e9s.<\/p>\n<p><strong>Q\u00a0: Y a-t-il des augmentations de prix pour la personnalisation\u00a0?<\/strong><br \/>\nR : Oui, des augmentations de prix s\u2019appliquent aux matelas plus \u00e9pais.<\/p>\n<p><strong>Q\u00a0: Y a-t-il des d\u00e9tails uniques sur le canap\u00e9-lit Apolo\u00a0?<\/strong><br \/>\nR : Aucun coussin n&rsquo;est inclus avec les styles d&rsquo;accoudoirs \u00ab Z \u00bb, \u00ab B \u00bb, \u00ab M \u00bb et \u00ab W \u00bb.<\/p>\n<p><a>Options du produit<\/a><\/p>\n<h3>Description raffin\u00e9e du produit\u00a0: Canap\u00e9-lit Apolo<\/h3>\n<p><strong>Faites l&rsquo;exp\u00e9rience d&rsquo;un confort polyvalent avec le canap\u00e9-lit Apolo<\/strong><br \/>\nLe canap\u00e9-lit Apolo est la solution ultime pour la vie moderne, offrant une polyvalence et un style exceptionnels. Parfait pour n\u2019importe quel espace, il s\u2019adapte parfaitement \u00e0 votre style de vie, alliant praticit\u00e9 et sophistication avec des options de personnalisation infinies. <a href=\"https:\/\/famaliving.ca\/blog\/modern-sofa-bed-apolo-stylish-comfort-for-your-home\/\">Lire la suite<\/a><\/p>\n","protected":false},"excerpt":{"rendered":"<p>Pr\u00e9sentation du canap\u00e9-lit Apolo, une solution polyvalente et personnalisable qui s&rsquo;adapte \u00e0 vos besoins. Avec de nombreuses options disponibles, vous pouvez concevoir le canap\u00e9 parfait pour votre espace et votre style.<\/p>\n<p><strong>Ce mod\u00e8le de canap\u00e9 permet une personnalisation pratiquement illimit\u00e9e. Pour de meilleurs r\u00e9sultats, notre repr\u00e9sentant en conception vous contactera une fois que vous aurez soumis une demande de devis.<\/strong><\/p>\n","protected":false},"featured_media":36137,"template":"","meta":{"_acf_changed":false,"site-sidebar-layout":"no-sidebar","site-content-layout":"plain-container","ast-site-content-layout":"normal-width-container","site-content-style":"unboxed","site-sidebar-style":"unboxed","ast-global-header-display":"","ast-banner-title-visibility":"","ast-main-header-display":"","ast-hfb-above-header-display":"","ast-hfb-below-header-display":"","ast-hfb-mobile-header-display":"","site-post-title":"disabled","ast-breadcrumbs-content":"","ast-featured-img":"disabled","footer-sml-layout":"","ast-disable-related-posts":"","theme-transparent-header-meta":"default","adv-header-id-meta":"","stick-header-meta":"default","header-above-stick-meta":"","header-main-stick-meta":"","header-below-stick-meta":"","astra-migrate-meta-layouts":"set","ast-page-background-enabled":"default","ast-page-background-meta":{"desktop":{"background-color":"var(--ast-global-color-4)","background-image":"","background-repeat":"repeat","background-position":"center center","background-size":"auto","background-attachment":"scroll","background-type":"","background-media":"","overlay-type":"","overlay-color":"","overlay-opacity":"","overlay-gradient":""},"tablet":{"background-color":"","background-image":"","background-repeat":"repeat","background-position":"center center","background-size":"auto","background-attachment":"scroll","background-type":"","background-media":"","overlay-type":"","overlay-color":"","overlay-opacity":"","overlay-gradient":""},"mobile":{"background-color":"","background-image":"","background-repeat":"repeat","background-position":"center center","background-size":"auto","background-attachment":"scroll","background-type":"","background-media":"","overlay-type":"","overlay-color":"","overlay-opacity":"","overlay-gradient":""}},"ast-content-background-meta":{"desktop":{"background-color":"var(--ast-global-color-5)","background-image":"","background-repeat":"repeat","background-position":"center center","background-size":"auto","background-attachment":"scroll","background-type":"","background-media":"","overlay-type":"","overlay-color":"","overlay-opacity":"","overlay-gradient":""},"tablet":{"background-color":"var(--ast-global-color-5)","background-image":"","background-repeat":"repeat","background-position":"center center","background-size":"auto","background-attachment":"scroll","background-type":"","background-media":"","overlay-type":"","overlay-color":"","overlay-opacity":"","overlay-gradient":""},"mobile":{"background-color":"var(--ast-global-color-5)","background-image":"","background-repeat":"repeat","background-position":"center center","background-size":"auto","background-attachment":"scroll","background-type":"","background-media":"","overlay-type":"","overlay-color":"","overlay-opacity":"","overlay-gradient":""}}},"product_brand":[],"product_cat":[76],"product_tag":[],"class_list":{"0":"post-39428","1":"product","2":"type-product","3":"status-publish","4":"has-post-thumbnail","6":"product_cat-canapes-lits","7":"desktop-align-center","8":"tablet-align-left","9":"mobile-align-left","11":"first","12":"instock","13":"sold-individually","14":"shipping-taxable","15":"purchasable","16":"product-type-variable"},"acf":[],"_links":{"self":[{"href":"https:\/\/famaliving.ca\/fr\/wp-json\/wp\/v2\/product\/39428","targetHints":{"allow":["GET"]}}],"collection":[{"href":"https:\/\/famaliving.ca\/fr\/wp-json\/wp\/v2\/product"}],"about":[{"href":"https:\/\/famaliving.ca\/fr\/wp-json\/wp\/v2\/types\/product"}],"version-history":[{"count":1,"href":"https:\/\/famaliving.ca\/fr\/wp-json\/wp\/v2\/product\/39428\/revisions"}],"predecessor-version":[{"id":39624,"href":"https:\/\/famaliving.ca\/fr\/wp-json\/wp\/v2\/product\/39428\/revisions\/39624"}],"wp:featuredmedia":[{"embeddable":true,"href":"https:\/\/famaliving.ca\/fr\/wp-json\/wp\/v2\/media\/36137"}],"wp:attachment":[{"href":"https:\/\/famaliving.ca\/fr\/wp-json\/wp\/v2\/media?parent=39428"}],"wp:term":[{"taxonomy":"product_brand","embeddable":true,"href":"https:\/\/famaliving.ca\/fr\/wp-json\/wp\/v2\/product_brand?post=39428"},{"taxonomy":"product_cat","embeddable":true,"href":"https:\/\/famaliving.ca\/fr\/wp-json\/wp\/v2\/product_cat?post=39428"},{"taxonomy":"product_tag","embeddable":true,"href":"https:\/\/famaliving.ca\/fr\/wp-json\/wp\/v2\/product_tag?post=39428"}],"curies":[{"name":"wp","href":"https:\/\/api.w.org\/{rel}","templated":true}]}}