{"id":39430,"date":"2024-01-31T14:58:03","date_gmt":"2024-01-31T19:58:03","guid":{"rendered":"https:\/\/famaliving.ca\/product\/canape-lit-design-zeus\/"},"modified":"2025-04-29T13:08:04","modified_gmt":"2025-04-29T17:08:04","slug":"canape-lit-design-zeus","status":"publish","type":"product","link":"https:\/\/famaliving.ca\/fr\/produit\/canape-lit-design-zeus\/","title":{"rendered":"Canap\u00e9-lit design Zeus"},"content":{"rendered":"<p><a>Configuration et t\u00e9l\u00e9chargements<\/a><\/p>\n<p>T\u00e9l\u00e9chargez la documentation technique : sch\u00e9mas, mesures, d\u00e9tails techniques, brochures et manuels.<\/p>\n<ul>\n<li><a href=\"https:\/\/famaliving.ca\/wp-content\/uploads\/sites\/29\/Zeus-Sketch-Famaliving-Montreal.pdf\" target=\"_blank\" rel=\"noopener\">Zeus \u2013 Croquis<\/a><\/li>\n<li><a href=\"https:\/\/famaliving.ca\/wp-content\/uploads\/sites\/29\/Zeus-Data-sheet-Famaliving-Montreal.pdf\" target=\"_blank\" rel=\"noopener\">Zeus \u2013 Fiche technique<\/a><\/li>\n<li><a href=\"https:\/\/famaliving.ca\/wp-content\/uploads\/sites\/29\/Zeus-Training-BookZZUniverse-Famaliving-Montreal.pdf\" target=\"_blank\" rel=\"noopener\">Livre de formation ZZ Universe<\/a><\/li>\n<li><a href=\"https:\/\/famaliving.ca\/wp-content\/uploads\/sites\/29\/Zeus-Mattress18cm-Technical-sheet-Famaliving-Montreal.pdf\" target=\"_blank\" rel=\"noopener\">Matelas 18cm \u2013 Fiche technique<\/a><\/li>\n<li><a href=\"https:\/\/famaliving.ca\/wp-content\/uploads\/sites\/29\/Zeus-Fire-proof-mattress-Technical-sheet-Famaliving-Montreal.pdf\" target=\"_blank\" rel=\"noopener\">Matelas r\u00e9sistant au feu \u2013 Fiche technique<\/a><\/li>\n<li><a href=\"https:\/\/famaliving.ca\/wp-content\/uploads\/sites\/29\/Zeus-Mattress14cm-Data-sheet-Famaliving-Montreal.pdf\" target=\"_blank\" rel=\"noopener\">Matelas 14cm \u2013 Fiche technique<\/a><\/li>\n<\/ul>\n<p><strong>Explorez la configurabilit\u00e9 de Zeus avec notre <a href=\"\/fama-3d-sim\/\" target=\"_blank\" rel=\"noopener\">Simulation de conception 3D&gt;&gt;<\/a><\/strong><\/p>\n<p><a>\u00c0 propos du produit<\/a><\/p>\n<p><strong>Canap\u00e9-lit design Zeus<\/strong><\/p>\n<p><strong>Q\u00a0:\u00a0Qu&rsquo;est-ce que le canap\u00e9-lit design Zeus\u00a0?<\/strong><br \/>\nR : Le Zeus est un canap\u00e9-lit europ\u00e9en unique dot\u00e9 d&rsquo;un dossier bas et d&rsquo;un design ax\u00e9 sur l&rsquo;esth\u00e9tique. Avec son apparence \u00e9l\u00e9gante et sa polyvalence, Zeus ajoute une touche moderne \u00e0 n&rsquo;importe quel espace de vie.<\/p>\n<p><strong>Q\u00a0: Quelles configurations sont disponibles pour le canap\u00e9-lit design Zeus\u00a0?<\/strong><br \/>\nR : Le canap\u00e9-lit est disponible en modules rectangulaires avec accoudoirs interchangeables, ou sans accoudoirs.<\/p>\n<p><strong>Q\u00a0: Le canap\u00e9-lit design Zeus est-il disponible en fauteuil\u00a0?<\/strong><br \/>\nR : Oui, ce canap\u00e9 est disponible en fauteuil.<\/p>\n<p><strong>Q\u00a0: Puis-je personnaliser le canap\u00e9-lit design Zeus avec des fonctionnalit\u00e9s suppl\u00e9mentaires\u00a0?<\/strong><br \/>\nR : Oui, des matelas et des plinthes plus \u00e9pais (en bois ou en m\u00e9tal) sont disponibles pour une personnalisation suppl\u00e9mentaire.<\/p>\n<p><strong>Q\u00a0: Quelles sont les dimensions du canap\u00e9-lit design Zeus\u00a0?<\/strong><br \/>\nR : La hauteur du si\u00e8ge est de 48 cm, avec une profondeur totale de 105 cm et une hauteur totale de 95 cm.<\/p>\n<p><strong>Q\u00a0: Quelles sont les options de pieds et d&rsquo;accoudoirs pour le canap\u00e9-lit design Zeus\u00a0?<\/strong><br \/>\nR : Le canap\u00e9-lit propose 9 styles d&rsquo;accoudoirs : \u00ab Z \u00bb, \u00ab R \u00bb, \u00ab V \u00bb, \u00ab B \u00bb, \u00ab M \u00bb, \u00ab A \u00bb, \u00ab T \u00bb, \u00ab W \u00bb et \u00ab RV \u00bb. L\u2019option de pied par d\u00e9faut est les pieds bas noirs cach\u00e9s.<\/p>\n<p><strong>Q\u00a0: Y a-t-il des augmentations de prix pour la personnalisation\u00a0?<\/strong><br \/>\nR : Oui, des augmentations de prix s\u2019appliquent pour les matelas plus \u00e9pais et l\u2019option plinthe (bois ou m\u00e9tal).<\/p>\n<p><strong>Q\u00a0: Y a-t-il des d\u00e9tails uniques sur le canap\u00e9-lit design Zeus\u00a0?<\/strong><br \/>\nR : Le canap\u00e9-lit Zeus peut inclure une plinthe pour cacher les pieds, disponible en bois ou en m\u00e9tal.<\/p>\n<p><a>Options du produit<\/a><\/p>\n<p>Le <strong>Canap\u00e9-Lit Design Zeus<\/strong> se distingue par son design europ\u00e9en \u00e9pur\u00e9, parfait pour ajouter une touche contemporaine \u00e0 n&rsquo;importe quel espace de vie. Son dossier bas et ses options de configuration polyvalentes en font une pi\u00e8ce ma\u00eetresse \u00e0 la fois \u00e9l\u00e9gante et fonctionnelle pour votre maison. <a href=\"https:\/\/famaliving.ca\/blog\/discover-the-design-sofa-bed-zeus-for-your-home\/\">Lire la suite<\/a><\/p>\n","protected":false},"excerpt":{"rendered":"<p>Le canap\u00e9 Zeus est un nouveau canap\u00e9-lit europ\u00e9en unique avec un dossier bas, o\u00f9 nous avons mis l&rsquo;accent sur l&rsquo;esth\u00e9tique.<br \/>\nAvec son design unique et sa polyvalence dans les options de configuration, Zeus est un ajout passionnant au monde des canap\u00e9s-lits de haute qualit\u00e9.<\/p>\n<p><strong>Ce mod\u00e8le de canap\u00e9 permet une personnalisation pratiquement illimit\u00e9e. Pour de meilleurs r\u00e9sultats, notre repr\u00e9sentant en conception vous contactera une fois que vous aurez soumis une demande de devis.<\/strong><\/p>\n","protected":false},"featured_media":36477,"template":"","meta":{"_acf_changed":false,"site-sidebar-layout":"no-sidebar","site-content-layout":"plain-container","ast-site-content-layout":"normal-width-container","site-content-style":"unboxed","site-sidebar-style":"unboxed","ast-global-header-display":"","ast-banner-title-visibility":"","ast-main-header-display":"","ast-hfb-above-header-display":"","ast-hfb-below-header-display":"","ast-hfb-mobile-header-display":"","site-post-title":"disabled","ast-breadcrumbs-content":"","ast-featured-img":"disabled","footer-sml-layout":"","ast-disable-related-posts":"","theme-transparent-header-meta":"default","adv-header-id-meta":"","stick-header-meta":"default","header-above-stick-meta":"","header-main-stick-meta":"","header-below-stick-meta":"","astra-migrate-meta-layouts":"set","ast-page-background-enabled":"default","ast-page-background-meta":{"desktop":{"background-color":"var(--ast-global-color-4)","background-image":"","background-repeat":"repeat","background-position":"center center","background-size":"auto","background-attachment":"scroll","background-type":"","background-media":"","overlay-type":"","overlay-color":"","overlay-opacity":"","overlay-gradient":""},"tablet":{"background-color":"","background-image":"","background-repeat":"repeat","background-position":"center center","background-size":"auto","background-attachment":"scroll","background-type":"","background-media":"","overlay-type":"","overlay-color":"","overlay-opacity":"","overlay-gradient":""},"mobile":{"background-color":"","background-image":"","background-repeat":"repeat","background-position":"center center","background-size":"auto","background-attachment":"scroll","background-type":"","background-media":"","overlay-type":"","overlay-color":"","overlay-opacity":"","overlay-gradient":""}},"ast-content-background-meta":{"desktop":{"background-color":"var(--ast-global-color-5)","background-image":"","background-repeat":"repeat","background-position":"center center","background-size":"auto","background-attachment":"scroll","background-type":"","background-media":"","overlay-type":"","overlay-color":"","overlay-opacity":"","overlay-gradient":""},"tablet":{"background-color":"var(--ast-global-color-5)","background-image":"","background-repeat":"repeat","background-position":"center center","background-size":"auto","background-attachment":"scroll","background-type":"","background-media":"","overlay-type":"","overlay-color":"","overlay-opacity":"","overlay-gradient":""},"mobile":{"background-color":"var(--ast-global-color-5)","background-image":"","background-repeat":"repeat","background-position":"center center","background-size":"auto","background-attachment":"scroll","background-type":"","background-media":"","overlay-type":"","overlay-color":"","overlay-opacity":"","overlay-gradient":""}}},"product_brand":[],"product_cat":[76],"product_tag":[],"class_list":{"0":"post-39430","1":"product","2":"type-product","3":"status-publish","4":"has-post-thumbnail","6":"product_cat-canapes-lits","7":"desktop-align-center","8":"tablet-align-left","9":"mobile-align-left","11":"first","12":"instock","13":"sold-individually","14":"shipping-taxable","15":"purchasable","16":"product-type-variable"},"acf":[],"_links":{"self":[{"href":"https:\/\/famaliving.ca\/fr\/wp-json\/wp\/v2\/product\/39430","targetHints":{"allow":["GET"]}}],"collection":[{"href":"https:\/\/famaliving.ca\/fr\/wp-json\/wp\/v2\/product"}],"about":[{"href":"https:\/\/famaliving.ca\/fr\/wp-json\/wp\/v2\/types\/product"}],"version-history":[{"count":2,"href":"https:\/\/famaliving.ca\/fr\/wp-json\/wp\/v2\/product\/39430\/revisions"}],"predecessor-version":[{"id":41546,"href":"https:\/\/famaliving.ca\/fr\/wp-json\/wp\/v2\/product\/39430\/revisions\/41546"}],"wp:featuredmedia":[{"embeddable":true,"href":"https:\/\/famaliving.ca\/fr\/wp-json\/wp\/v2\/media\/36477"}],"wp:attachment":[{"href":"https:\/\/famaliving.ca\/fr\/wp-json\/wp\/v2\/media?parent=39430"}],"wp:term":[{"taxonomy":"product_brand","embeddable":true,"href":"https:\/\/famaliving.ca\/fr\/wp-json\/wp\/v2\/product_brand?post=39430"},{"taxonomy":"product_cat","embeddable":true,"href":"https:\/\/famaliving.ca\/fr\/wp-json\/wp\/v2\/product_cat?post=39430"},{"taxonomy":"product_tag","embeddable":true,"href":"https:\/\/famaliving.ca\/fr\/wp-json\/wp\/v2\/product_tag?post=39430"}],"curies":[{"name":"wp","href":"https:\/\/api.w.org\/{rel}","templated":true}]}}