{"id":39431,"date":"2024-03-14T16:44:19","date_gmt":"2024-03-14T20:44:19","guid":{"rendered":"https:\/\/famaliving.ca\/product\/canape-lit-hermes\/"},"modified":"2025-04-29T13:09:05","modified_gmt":"2025-04-29T17:09:05","slug":"canape-lit-hermes","status":"publish","type":"product","link":"https:\/\/famaliving.ca\/fr\/produit\/canape-lit-hermes\/","title":{"rendered":"Canap\u00e9-lit Herm\u00e8s"},"content":{"rendered":"<p><a tabindex=\"0\">Configuration et t\u00e9l\u00e9chargements<\/a><br \/>\nT\u00e9l\u00e9chargez la documentation technique : sch\u00e9mas, mesures, d\u00e9tails techniques, brochures et manuels.<\/p>\n<ul>\n<li><a href=\"https:\/\/famaliving.ca\/wp-content\/uploads\/sites\/29\/Hermes-sleeper-chair-Data-sheet-Famaliving-Montreal.pdf\" target=\"_blank\" rel=\"noopener\">Fauteuil-lit Hermes \u2013 Fiche technique<\/a><\/li>\n<li><a href=\"https:\/\/famaliving.ca\/wp-content\/uploads\/sites\/29\/Hermes-Training-Book-ZZ-Universe-Famaliving-Montreal.pdf\" target=\"_blank\" rel=\"noopener\">Livre de formation ZZ Universe<\/a><\/li>\n<li><a href=\"https:\/\/famaliving.ca\/wp-content\/uploads\/sites\/29\/Hermes-Matelas-ignifugeFiche-technique-Famaliving-Montreal.pdf\" target=\"_blank\" rel=\"noopener\">Matelas r\u00e9sistant au feu \u2013 Fiche technique<\/a><\/li>\n<li><a href=\"https:\/\/famaliving.ca\/wp-content\/uploads\/sites\/29\/Hermes-Mattress18cm-Technical-sheet-Famaliving-Montreal.pdf\" target=\"_blank\" rel=\"noopener\">Matelas 18cm \u2013 Fiche technique<\/a><\/li>\n<li><a href=\"https:\/\/famaliving.ca\/wp-content\/uploads\/sites\/29\/Hermes-Mattress14cm-Data-sheet-Famaliving-Montreal.pdf\" target=\"_blank\" rel=\"noopener\">Matelas 14cm \u2013 Fiche technique<\/a><\/li>\n<\/ul>\n<p><strong>Explorez la configurabilit\u00e9 d&rsquo;Hermes avec notre <a href=\"\/fama-3d-sim\/\" target=\"_blank\" rel=\"noopener\">Simulation de conception 3D&gt;&gt;<\/a><\/strong><\/p>\n<p><a tabindex=\"0\">\u00c0 propos du produit<\/a><\/p>\n<p><strong>Canap\u00e9-lit Herm\u00e8s<\/strong><\/p>\n<p><strong>Q\u00a0:\u00a0Qu&rsquo;est-ce que le canap\u00e9-lit Herm\u00e8s\u00a0?<\/strong><br \/>\nR : Le canap\u00e9-lit Hermes offre une solution polyvalente pour la vie moderne. Avec 8 types de bras diff\u00e9rents, dont un design ultra-mince peu encombrant et une option pratique de table en m\u00e9lamine, il s&rsquo;adapte facilement \u00e0 diff\u00e9rents espaces. Son m\u00e9canisme d&rsquo;ouverture italien assure une conversion en douceur du canap\u00e9 au lit, avec des tailles de matelas disponibles en 80, 140 et 160 cm x 195 cm, et des options d&rsquo;\u00e9paisseur de 14 cm ou 18 cm.<\/p>\n<p><strong>Q\u00a0: Quelles configurations sont disponibles pour le canap\u00e9-lit Hermes\u00a0?<\/strong><br \/>\nR : Le canap\u00e9-lit Hermes est disponible avec des modules rectangulaires et des accoudoirs interchangeables, ou sans accoudoirs.<\/p>\n<p><strong>Q\u00a0: Le canap\u00e9-lit Hermes est-il disponible en fauteuil\u00a0?<\/strong><br \/>\nR : Oui, ce canap\u00e9 est disponible en fauteuil.<\/p>\n<p><strong>Q\u00a0: Puis-je personnaliser le canap\u00e9-lit Hermes avec des fonctionnalit\u00e9s suppl\u00e9mentaires\u00a0?<\/strong><br \/>\nR : Oui, vous pouvez inclure des coussins d\u2019accoudoirs ainsi que des matelas plus \u00e9pais pour plus de confort.<\/p>\n<p><strong>Q\u00a0: Quelles sont les dimensions du canap\u00e9-lit Hermes\u00a0?<\/strong><br \/>\nR : La hauteur du si\u00e8ge est de 51 cm, avec une profondeur totale de 95 cm et une hauteur totale de 80 cm.<\/p>\n<p><strong>Q\u00a0: Quelles sont les options de pieds et d&rsquo;accoudoirs pour le canap\u00e9-lit Hermes\u00a0?<\/strong><br \/>\nR : Il offre 9 options de bras, dont \u00ab Z \u00bb, \u00ab R \u00bb, \u00ab V \u00bb, \u00ab B \u00bb, \u00ab M \u00bb, \u00ab A \u00bb, \u00ab T \u00bb, \u00ab W \u00bb et \u00ab RV \u00bb. Le pied par d\u00e9faut est constitu\u00e9 de pieds bas cach\u00e9s en noir.<\/p>\n<p><strong>Q\u00a0: Y a-t-il des augmentations de prix pour la personnalisation\u00a0?<\/strong><br \/>\nR : Oui, des augmentations de prix s\u2019appliquent aux matelas plus \u00e9pais.<\/p>\n<p><strong>Q\u00a0: Y a-t-il des d\u00e9tails uniques sur le canap\u00e9-lit Hermes\u00a0?<\/strong><br \/>\nR : Aucun coussin n&rsquo;est inclus avec les styles d&rsquo;accoudoirs \u00ab Z \u00bb, \u00ab B \u00bb, \u00ab M \u00bb et \u00ab W \u00bb.<\/p>\n<p><a tabindex=\"0\">Options du produit<\/a><\/p>\n<p><strong>Compte tenu de la grande polyvalence et des nombreuses options de personnalisation disponibles pour ce meuble, nous vous conseillons fortement de vous connecter et d&rsquo;utiliser le bouton \u00ab\u00a0Ajouter au devis\u00a0\u00bb.<\/strong><\/p>\n","protected":false},"excerpt":{"rendered":"<p>Pr\u00e9sentation du canap\u00e9-lit Hermes, une solution polyvalente pour la vie moderne. Avec 8 types de bras parmi lesquels choisir, dont un design ultra-mince peu encombrant et une option pratique de table en m\u00e9lamine, il s&rsquo;adapte sans effort \u00e0 n&rsquo;importe quel espace.<\/p>\n<p>Son m\u00e9canisme d&rsquo;ouverture italien permet de passer facilement du canap\u00e9 au lit, tandis que les diff\u00e9rentes tailles et \u00e9paisseurs de matelas offrent un confort personnalis\u00e9 : disponibles en 80, 140 et 160 cm x 195 cm, avec une \u00e9paisseur de 14 cm ou 18 cm.<\/p>\n<p>Que ce soit pour les petits ou les grands espaces, l&rsquo;Hermes offre \u00e0 la fois style et fonctionnalit\u00e9 en toute simplicit\u00e9.<\/p>\n","protected":false},"featured_media":36257,"template":"","meta":{"_acf_changed":false,"site-sidebar-layout":"no-sidebar","site-content-layout":"plain-container","ast-site-content-layout":"normal-width-container","site-content-style":"unboxed","site-sidebar-style":"unboxed","ast-global-header-display":"","ast-banner-title-visibility":"","ast-main-header-display":"","ast-hfb-above-header-display":"","ast-hfb-below-header-display":"","ast-hfb-mobile-header-display":"","site-post-title":"disabled","ast-breadcrumbs-content":"","ast-featured-img":"disabled","footer-sml-layout":"","ast-disable-related-posts":"","theme-transparent-header-meta":"default","adv-header-id-meta":"","stick-header-meta":"default","header-above-stick-meta":"","header-main-stick-meta":"","header-below-stick-meta":"","astra-migrate-meta-layouts":"set","ast-page-background-enabled":"default","ast-page-background-meta":{"desktop":{"background-color":"var(--ast-global-color-4)","background-image":"","background-repeat":"repeat","background-position":"center center","background-size":"auto","background-attachment":"scroll","background-type":"","background-media":"","overlay-type":"","overlay-color":"","overlay-opacity":"","overlay-gradient":""},"tablet":{"background-color":"","background-image":"","background-repeat":"repeat","background-position":"center center","background-size":"auto","background-attachment":"scroll","background-type":"","background-media":"","overlay-type":"","overlay-color":"","overlay-opacity":"","overlay-gradient":""},"mobile":{"background-color":"","background-image":"","background-repeat":"repeat","background-position":"center center","background-size":"auto","background-attachment":"scroll","background-type":"","background-media":"","overlay-type":"","overlay-color":"","overlay-opacity":"","overlay-gradient":""}},"ast-content-background-meta":{"desktop":{"background-color":"var(--ast-global-color-5)","background-image":"","background-repeat":"repeat","background-position":"center center","background-size":"auto","background-attachment":"scroll","background-type":"","background-media":"","overlay-type":"","overlay-color":"","overlay-opacity":"","overlay-gradient":""},"tablet":{"background-color":"var(--ast-global-color-5)","background-image":"","background-repeat":"repeat","background-position":"center center","background-size":"auto","background-attachment":"scroll","background-type":"","background-media":"","overlay-type":"","overlay-color":"","overlay-opacity":"","overlay-gradient":""},"mobile":{"background-color":"var(--ast-global-color-5)","background-image":"","background-repeat":"repeat","background-position":"center center","background-size":"auto","background-attachment":"scroll","background-type":"","background-media":"","overlay-type":"","overlay-color":"","overlay-opacity":"","overlay-gradient":""}}},"product_brand":[],"product_cat":[76],"product_tag":[],"class_list":{"0":"post-39431","1":"product","2":"type-product","3":"status-publish","4":"has-post-thumbnail","6":"product_cat-canapes-lits","7":"desktop-align-center","8":"tablet-align-left","9":"mobile-align-left","11":"first","12":"instock","13":"sold-individually","14":"shipping-taxable","15":"purchasable","16":"product-type-variable"},"acf":[],"_links":{"self":[{"href":"https:\/\/famaliving.ca\/fr\/wp-json\/wp\/v2\/product\/39431","targetHints":{"allow":["GET"]}}],"collection":[{"href":"https:\/\/famaliving.ca\/fr\/wp-json\/wp\/v2\/product"}],"about":[{"href":"https:\/\/famaliving.ca\/fr\/wp-json\/wp\/v2\/types\/product"}],"version-history":[{"count":2,"href":"https:\/\/famaliving.ca\/fr\/wp-json\/wp\/v2\/product\/39431\/revisions"}],"predecessor-version":[{"id":41545,"href":"https:\/\/famaliving.ca\/fr\/wp-json\/wp\/v2\/product\/39431\/revisions\/41545"}],"wp:featuredmedia":[{"embeddable":true,"href":"https:\/\/famaliving.ca\/fr\/wp-json\/wp\/v2\/media\/36257"}],"wp:attachment":[{"href":"https:\/\/famaliving.ca\/fr\/wp-json\/wp\/v2\/media?parent=39431"}],"wp:term":[{"taxonomy":"product_brand","embeddable":true,"href":"https:\/\/famaliving.ca\/fr\/wp-json\/wp\/v2\/product_brand?post=39431"},{"taxonomy":"product_cat","embeddable":true,"href":"https:\/\/famaliving.ca\/fr\/wp-json\/wp\/v2\/product_cat?post=39431"},{"taxonomy":"product_tag","embeddable":true,"href":"https:\/\/famaliving.ca\/fr\/wp-json\/wp\/v2\/product_tag?post=39431"}],"curies":[{"name":"wp","href":"https:\/\/api.w.org\/{rel}","templated":true}]}}