{"id":39432,"date":"2024-03-14T17:45:51","date_gmt":"2024-03-14T21:45:51","guid":{"rendered":"https:\/\/famaliving.ca\/product\/canape-lit-ravel\/"},"modified":"2025-04-29T13:07:14","modified_gmt":"2025-04-29T17:07:14","slug":"canape-lit-ravel","status":"publish","type":"product","link":"https:\/\/famaliving.ca\/fr\/produit\/canape-lit-ravel\/","title":{"rendered":"Canap\u00e9-lit Ravel"},"content":{"rendered":"<p><a tabindex=\"0\">Configuration et t\u00e9l\u00e9chargements<\/a><br \/>\nT\u00e9l\u00e9chargez la documentation technique : sch\u00e9mas, mesures, d\u00e9tails techniques, brochures et manuels.<\/p>\n<ul>\n<li><a href=\"https:\/\/famaliving.ca\/wp-content\/uploads\/sites\/29\/Ravel-Sketch-Famaliving-Montreal.pdf\">Ravel \u2013 Croquis<\/a><\/li>\n<li><a href=\"https:\/\/famaliving.ca\/wp-content\/uploads\/sites\/29\/Ravel-Data-sheet-Famaliving-Montreal.pdf\">Ravel \u2013 Fiche technique<\/a><\/li>\n<\/ul>\n<p><strong>Explorez la configurabilit\u00e9 de Ravel avec notre <a href=\"\/fama-3d-sim\/\" target=\"_blank\" rel=\"noopener\">Simulation de conception 3D&gt;&gt;<\/a><\/strong><\/p>\n<p><a tabindex=\"0\">\u00c0 propos du produit<\/a><\/p>\n<p><strong>Canap\u00e9-lit Ravel<\/strong><\/p>\n<p><strong>Q\u00a0:\u00a0Qu&rsquo;est-ce que le canap\u00e9-lit Ravel\u00a0?<\/strong><br \/>\nR : Le canap\u00e9-lit Ravel est un ajout moderne \u00e0 la collection Fama, offrant confort et style contemporain. Son assise rembourr\u00e9e dot\u00e9e d&rsquo;une couette en fibre lui conf\u00e8re une \u00e9l\u00e9gance intemporelle, s&rsquo;int\u00e9grant parfaitement aux diff\u00e9rents espaces de vie.<\/p>\n<p><strong>Q\u00a0: Quelles configurations sont disponibles pour le canap\u00e9-lit Ravel\u00a0?<\/strong><br \/>\nR : Le canap\u00e9-lit est disponible en modules rectangulaires avec accoudoirs interchangeables, ou sans accoudoirs.<\/p>\n<p><strong>Q\u00a0: Le canap\u00e9-lit Ravel est-il disponible en fauteuil\u00a0?<\/strong><br \/>\nR : Oui, ce canap\u00e9 est disponible en fauteuil.<\/p>\n<p><strong>Q\u00a0: Puis-je personnaliser le canap\u00e9-lit Ravel avec des fonctionnalit\u00e9s suppl\u00e9mentaires\u00a0?<\/strong><br \/>\nR : Oui, vous pouvez inclure des coussins pour les bras et les lombaires, des matelas plus \u00e9pais et une plinthe en bois ou en m\u00e9tal pour une personnalisation plus pouss\u00e9e.<\/p>\n<p><strong>Q\u00a0: Quelles sont les dimensions du canap\u00e9-lit Ravel\u00a0?<\/strong><br \/>\nR : La hauteur du si\u00e8ge est de 48 cm, avec une profondeur totale de 105 cm et une hauteur totale de 95 cm.<\/p>\n<p><strong>Q\u00a0: Quelles sont les options de pieds et d&rsquo;accoudoirs pour le canap\u00e9-lit Ravel\u00a0?<\/strong><br \/>\nR : Le canap\u00e9-lit propose 9 styles d&rsquo;accoudoirs : \u00ab Z \u00bb, \u00ab R \u00bb, \u00ab V \u00bb, \u00ab B \u00bb, \u00ab M \u00bb, \u00ab A \u00bb, \u00ab T \u00bb, \u00ab W \u00bb et \u00ab RV \u00bb. L\u2019option de pied par d\u00e9faut est les pieds bas noirs cach\u00e9s.<\/p>\n<p><strong>Q\u00a0: Y a-t-il des augmentations de prix pour la personnalisation\u00a0?<\/strong><br \/>\nR : Oui, des augmentations de prix s\u2019appliquent aux matelas plus \u00e9pais.<\/p>\n<p><strong>Q\u00a0: Y a-t-il des d\u00e9tails uniques sur le canap\u00e9-lit Ravel\u00a0?<\/strong><br \/>\nR : Aucun coussin n&rsquo;est inclus avec les styles d&rsquo;accoudoirs \u00ab Z \u00bb, \u00ab B \u00bb, \u00ab M \u00bb et \u00ab W \u00bb.<\/p>\n<p><a tabindex=\"0\">Options du produit<\/a><\/p>\n<p><strong>Compte tenu de la grande polyvalence et des nombreuses options de personnalisation disponibles pour ce meuble, nous vous conseillons fortement de vous connecter et d&rsquo;utiliser le bouton \u00ab\u00a0Ajouter au devis\u00a0\u00bb.<\/strong><\/p>\n","protected":false},"excerpt":{"rendered":"<p>Pr\u00e9sentation de Ravel, un ajout moderne \u00e0 la gamme de canap\u00e9s-lits Fama, alliant confort et style contemporain. Son assise rembourr\u00e9e avec une couette en fibre offre une \u00e9l\u00e9gance intemporelle, s&rsquo;int\u00e9grant parfaitement \u00e0 n&rsquo;importe quel espace. Personnalisez-le avec diverses options d&rsquo;accoudoirs et de matelas pour une exp\u00e9rience de canap\u00e9-lit parfaite.<\/p>\n","protected":false},"featured_media":36407,"template":"","meta":{"_acf_changed":false,"site-sidebar-layout":"no-sidebar","site-content-layout":"plain-container","ast-site-content-layout":"normal-width-container","site-content-style":"unboxed","site-sidebar-style":"unboxed","ast-global-header-display":"","ast-banner-title-visibility":"","ast-main-header-display":"","ast-hfb-above-header-display":"","ast-hfb-below-header-display":"","ast-hfb-mobile-header-display":"","site-post-title":"disabled","ast-breadcrumbs-content":"","ast-featured-img":"disabled","footer-sml-layout":"","ast-disable-related-posts":"","theme-transparent-header-meta":"default","adv-header-id-meta":"","stick-header-meta":"default","header-above-stick-meta":"","header-main-stick-meta":"","header-below-stick-meta":"","astra-migrate-meta-layouts":"set","ast-page-background-enabled":"default","ast-page-background-meta":{"desktop":{"background-color":"var(--ast-global-color-4)","background-image":"","background-repeat":"repeat","background-position":"center center","background-size":"auto","background-attachment":"scroll","background-type":"","background-media":"","overlay-type":"","overlay-color":"","overlay-opacity":"","overlay-gradient":""},"tablet":{"background-color":"","background-image":"","background-repeat":"repeat","background-position":"center center","background-size":"auto","background-attachment":"scroll","background-type":"","background-media":"","overlay-type":"","overlay-color":"","overlay-opacity":"","overlay-gradient":""},"mobile":{"background-color":"","background-image":"","background-repeat":"repeat","background-position":"center center","background-size":"auto","background-attachment":"scroll","background-type":"","background-media":"","overlay-type":"","overlay-color":"","overlay-opacity":"","overlay-gradient":""}},"ast-content-background-meta":{"desktop":{"background-color":"var(--ast-global-color-5)","background-image":"","background-repeat":"repeat","background-position":"center center","background-size":"auto","background-attachment":"scroll","background-type":"","background-media":"","overlay-type":"","overlay-color":"","overlay-opacity":"","overlay-gradient":""},"tablet":{"background-color":"var(--ast-global-color-5)","background-image":"","background-repeat":"repeat","background-position":"center center","background-size":"auto","background-attachment":"scroll","background-type":"","background-media":"","overlay-type":"","overlay-color":"","overlay-opacity":"","overlay-gradient":""},"mobile":{"background-color":"var(--ast-global-color-5)","background-image":"","background-repeat":"repeat","background-position":"center center","background-size":"auto","background-attachment":"scroll","background-type":"","background-media":"","overlay-type":"","overlay-color":"","overlay-opacity":"","overlay-gradient":""}}},"product_brand":[],"product_cat":[76],"product_tag":[],"class_list":{"0":"post-39432","1":"product","2":"type-product","3":"status-publish","4":"has-post-thumbnail","6":"product_cat-canapes-lits","7":"desktop-align-center","8":"tablet-align-left","9":"mobile-align-left","11":"first","12":"instock","13":"sold-individually","14":"shipping-taxable","15":"purchasable","16":"product-type-variable"},"acf":[],"_links":{"self":[{"href":"https:\/\/famaliving.ca\/fr\/wp-json\/wp\/v2\/product\/39432","targetHints":{"allow":["GET"]}}],"collection":[{"href":"https:\/\/famaliving.ca\/fr\/wp-json\/wp\/v2\/product"}],"about":[{"href":"https:\/\/famaliving.ca\/fr\/wp-json\/wp\/v2\/types\/product"}],"version-history":[{"count":3,"href":"https:\/\/famaliving.ca\/fr\/wp-json\/wp\/v2\/product\/39432\/revisions"}],"predecessor-version":[{"id":41544,"href":"https:\/\/famaliving.ca\/fr\/wp-json\/wp\/v2\/product\/39432\/revisions\/41544"}],"wp:featuredmedia":[{"embeddable":true,"href":"https:\/\/famaliving.ca\/fr\/wp-json\/wp\/v2\/media\/36407"}],"wp:attachment":[{"href":"https:\/\/famaliving.ca\/fr\/wp-json\/wp\/v2\/media?parent=39432"}],"wp:term":[{"taxonomy":"product_brand","embeddable":true,"href":"https:\/\/famaliving.ca\/fr\/wp-json\/wp\/v2\/product_brand?post=39432"},{"taxonomy":"product_cat","embeddable":true,"href":"https:\/\/famaliving.ca\/fr\/wp-json\/wp\/v2\/product_cat?post=39432"},{"taxonomy":"product_tag","embeddable":true,"href":"https:\/\/famaliving.ca\/fr\/wp-json\/wp\/v2\/product_tag?post=39432"}],"curies":[{"name":"wp","href":"https:\/\/api.w.org\/{rel}","templated":true}]}}