{"id":40623,"date":"2025-04-29T12:02:03","date_gmt":"2025-04-29T16:02:03","guid":{"rendered":"https:\/\/famaliving.ca\/product\/canape-europeen-moderne-manacor\/"},"modified":"2025-04-29T15:25:53","modified_gmt":"2025-04-29T19:25:53","slug":"canape-europeen-moderne-manacor","status":"publish","type":"product","link":"https:\/\/famaliving.ca\/fr\/produit\/canape-europeen-moderne-manacor\/","title":{"rendered":"Canap\u00e9 europ\u00e9en moderne Manacor"},"content":{"rendered":"<p><a>Configuration et t\u00e9l\u00e9chargements<\/a><\/p>\n<p>T\u00e9l\u00e9chargez la documentation technique\u00a0: sch\u00e9mas, mesures, d\u00e9tails techniques, brochures et manuels.<\/p>\n<ul>\n<li><a href=\"https:\/\/famaliving.ca\/wp-content\/uploads\/sites\/29\/Manacor-Data-sheet-famaliving-Montreal.pdf\" target=\"_blank\" rel=\"noopener noreferrer\"> Manacor \u2013 Fiche technique <\/a><\/li>\n<li><a href=\"https:\/\/famaliving.ca\/wp-content\/uploads\/sites\/29\/Manacor-Sketch-famaliving-Montreal.pdf\" target=\"_blank\" rel=\"noopener noreferrer\"> Manacor \u2013 Croquis <\/a><\/li>\n<li><a href=\"https:\/\/famaliving.ca\/wp-content\/uploads\/sites\/29\/Manacor-Instructions-famaliving-Montreal.pdf\" target=\"_blank\" rel=\"noopener noreferrer\"> Manacor \u2013 Instructions <\/a><\/li>\n<li><a href=\"https:\/\/famaliving.ca\/wp-content\/uploads\/sites\/29\/Manacor-Information-famaliving-Montreal.pdf\" target=\"_blank\" rel=\"noopener noreferrer\"> Manacor \u2013 Informations <\/a><\/li>\n<\/ul>\n<p><strong>Explorez la configurabilit\u00e9 de Manacor avec notre <a href=\"\/fr\/3d\/\" target=\"_blank\" rel=\"noopener\">Simulation de conception 3D&gt;&gt;<\/a><\/strong><\/p>\n<p><a>\u00c0 propos du produit<\/a><\/p>\n<p><strong>Q\u00a0: Qu&rsquo;est-ce que le canap\u00e9 europ\u00e9en moderne Manacor\u00a0?<\/strong><\/p>\n<p>A\u00a0: Le Manacor est un <strong>canap\u00e9 modulaire moderne<\/strong> de Famaliving, con\u00e7u en Espagne avec une \u00e9l\u00e9gance europ\u00e9enne et des lignes \u00e9pur\u00e9es. Il allie style et confort, ce qui en fait un compl\u00e9ment parfait aux maisons contemporaines qui appr\u00e9cient \u00e0 la fois l\u2019esth\u00e9tique et la fonctionnalit\u00e9.<\/p>\n<p><strong>Q\u00a0:\u00a0Qu&rsquo;est-ce qui rend le canap\u00e9 europ\u00e9en moderne Manacor unique\u00a0?<\/strong><\/p>\n<p>A\u00a0: Le canap\u00e9 Manacor se d\u00e9marque par son design minimaliste et ses proportions de <strong>grand canap\u00e9<\/strong>. Ses si\u00e8ges larges et profonds offrent une exp\u00e9rience <strong>de canap\u00e9 confortable<\/strong>, id\u00e9ale pour se pr\u00e9lasser ou recevoir des invit\u00e9s. Ses capacit\u00e9s modulaires permettent diverses configurations, le rendant adaptable \u00e0 n&rsquo;importe quel espace de vie.<\/p>\n<p><strong>Q\u00a0: Puis-je personnaliser le canap\u00e9 europ\u00e9en moderne Manacor avec des accessoires\u00a0?<\/strong><\/p>\n<p>A : Oui, le canap\u00e9 Manacor est enti\u00e8rement personnalisable. Vous pouvez le personnaliser avec une large gamme de coussins, notamment des coussins de dossier et des oreillers d\u00e9coratifs. De plus, vous pouvez choisir parmi une vaste s\u00e9lection de tissus et de couleurs pour correspondre \u00e0 votre d\u00e9coration int\u00e9rieure.<\/p>\n<p><strong>Q\u00a0: Quelles sont les caract\u00e9ristiques d&rsquo;assise du canap\u00e9 europ\u00e9en moderne Manacor\u00a0?<\/strong><\/p>\n<p>A\u00a0: Le Manacor est dot\u00e9 de si\u00e8ges profonds et moelleux con\u00e7us pour une d\u00e9tente ultime. Son design spacieux en fait un <strong>grand canap\u00e9<\/strong> id\u00e9al pour se pr\u00e9lasser et recevoir. Les coussins doux et de soutien ajoutent au confort, ce qui le rend parfait pour un usage quotidien.<\/p>\n<p><strong>Q\u00a0: Existe-t-il diff\u00e9rentes options de pieds pour le canap\u00e9 europ\u00e9en moderne Manacor\u00a0?<\/strong><\/p>\n<p>A\u00a0: Les pieds par d\u00e9faut sont en bois, mais des options de pieds personnalisables sont disponibles. Vous pouvez choisir parmi diff\u00e9rents mat\u00e9riaux et finitions pour compl\u00e9ter le style de votre salon.<\/p>\n<p><strong>Q\u00a0: Quelles sont les dimensions du canap\u00e9 europ\u00e9en moderne Manacor\u00a0?<\/strong><\/p>\n<p>A\u00a0: La hauteur du si\u00e8ge est de 44 cm (17,32 pouces), avec une profondeur totale de 100 cm (39,37 pouces) et une hauteur totale de 86 cm (33,86 pouces).<\/p>\n<p><strong>Q\u00a0: Un rev\u00eatement en cuir est-il disponible pour le canap\u00e9 europ\u00e9en moderne Manacor\u00a0?<\/strong><\/p>\n<p>A\u00a0: Oui, un rev\u00eatement en cuir est disponible pour le Manacor, m\u00eame si cela peut augmenter le prix. Des finitions de pieds personnalis\u00e9es et d&rsquo;autres mat\u00e9riaux peuvent \u00e9galement \u00eatre s\u00e9lectionn\u00e9s pour personnaliser davantage le look.<\/p>\n<p><strong>Q\u00a0: Comment puis-je personnaliser la configuration modulaire du canap\u00e9 europ\u00e9en moderne Manacor\u00a0?<\/strong><\/p>\n<p>A\u00a0: La collection Manacor propose diverses options de <strong>canap\u00e9 modulaire moderne<\/strong>, vous permettant de cr\u00e9er un agencement de si\u00e8ges qui s&rsquo;adapte \u00e0 votre espace. Que vous ayez besoin d&rsquo;un canap\u00e9 plus petit ou d&rsquo;un canap\u00e9 sectionnel plus grand, le Manacor peut \u00eatre configur\u00e9 pour r\u00e9pondre \u00e0 vos besoins et pr\u00e9f\u00e9rences.<\/p>\n<p><a>Options du produit<\/a><\/p>\n<p>Le <strong>Canap\u00e9 Modulaire Moderne Manacor<\/strong> de Famaliving est la fusion ultime entre design contemporain et confort luxueux. En tant que l&rsquo;une des pi\u00e8ces phares de la prestigieuse ligne Famaliving, le <strong>Manacor<\/strong> est un <strong>canap\u00e9 confortable<\/strong> qui allie l&rsquo;\u00e9l\u00e9gance de l&rsquo;artisanat europ\u00e9en avec des sensibilit\u00e9s modernes. Con\u00e7u en Espagne et fabriqu\u00e9 avec pr\u00e9cision, le <strong>Manacor<\/strong> n&rsquo;est pas seulement un <strong>grand canap\u00e9<\/strong>\u00a0: c&rsquo;est une d\u00e9claration de vie moderne, offrant \u00e0 la fois style et fonctionnalit\u00e9 pour rehausser l&rsquo;int\u00e9rieur de n&rsquo;importe quelle maison.<\/p>\n<p>Avec ses lignes \u00e9pur\u00e9es et ses capacit\u00e9s modulaires, le <strong>Manacor<\/strong> est une repr\u00e9sentation parfaite de la polyvalence et de l&rsquo;attrait esth\u00e9tique des <strong>canap\u00e9s modulaires modernes<\/strong>. Que vous am\u00e9nageiez un grand salon ouvert ou un appartement cosy, le <strong>Manacor<\/strong> s&rsquo;adapte \u00e0 tous les espaces. Ses si\u00e8ges g\u00e9n\u00e9reux, ses configurations personnalisables et son rembourrage moelleux en font un excellent choix pour ceux qui appr\u00e9cient autant le confort que le design. Ce <strong>grand canap\u00e9<\/strong> est con\u00e7u pour impressionner, tant par sa taille que par son confort, ce qui en fait la solution id\u00e9ale pour les maisons qui exigent \u00e0 la fois luxe et fonctionnalit\u00e9. <a href=\"https:\/\/famaliving.ca\/blog\/modern-european-sofa-manacor-luxury-living-room-sets\/\">Lire la suite<\/a><\/p>\n","protected":false},"excerpt":{"rendered":"<p>Transformez votre espace de vie avec Manacor, un canap\u00e9 d&rsquo;angle con\u00e7u pour \u00eatre le c\u0153ur de votre maison.<\/p>\n","protected":false},"featured_media":37607,"template":"","meta":{"_acf_changed":false,"site-sidebar-layout":"default","site-content-layout":"","ast-site-content-layout":"default","site-content-style":"default","site-sidebar-style":"default","ast-global-header-display":"","ast-banner-title-visibility":"","ast-main-header-display":"","ast-hfb-above-header-display":"","ast-hfb-below-header-display":"","ast-hfb-mobile-header-display":"","site-post-title":"","ast-breadcrumbs-content":"","ast-featured-img":"","footer-sml-layout":"","ast-disable-related-posts":"","theme-transparent-header-meta":"default","adv-header-id-meta":"","stick-header-meta":"default","header-above-stick-meta":"","header-main-stick-meta":"","header-below-stick-meta":"","astra-migrate-meta-layouts":"set","ast-page-background-enabled":"default","ast-page-background-meta":{"desktop":{"background-color":"var(--ast-global-color-4)","background-image":"","background-repeat":"repeat","background-position":"center center","background-size":"auto","background-attachment":"scroll","background-type":"","background-media":"","overlay-type":"","overlay-color":"","overlay-opacity":"","overlay-gradient":""},"tablet":{"background-color":"","background-image":"","background-repeat":"repeat","background-position":"center center","background-size":"auto","background-attachment":"scroll","background-type":"","background-media":"","overlay-type":"","overlay-color":"","overlay-opacity":"","overlay-gradient":""},"mobile":{"background-color":"","background-image":"","background-repeat":"repeat","background-position":"center center","background-size":"auto","background-attachment":"scroll","background-type":"","background-media":"","overlay-type":"","overlay-color":"","overlay-opacity":"","overlay-gradient":""}},"ast-content-background-meta":{"desktop":{"background-color":"var(--ast-global-color-5)","background-image":"","background-repeat":"repeat","background-position":"center center","background-size":"auto","background-attachment":"scroll","background-type":"","background-media":"","overlay-type":"","overlay-color":"","overlay-opacity":"","overlay-gradient":""},"tablet":{"background-color":"var(--ast-global-color-5)","background-image":"","background-repeat":"repeat","background-position":"center center","background-size":"auto","background-attachment":"scroll","background-type":"","background-media":"","overlay-type":"","overlay-color":"","overlay-opacity":"","overlay-gradient":""},"mobile":{"background-color":"var(--ast-global-color-5)","background-image":"","background-repeat":"repeat","background-position":"center center","background-size":"auto","background-attachment":"scroll","background-type":"","background-media":"","overlay-type":"","overlay-color":"","overlay-opacity":"","overlay-gradient":""}}},"product_brand":[],"product_cat":[77],"product_tag":[79,81],"class_list":{"0":"post-40623","1":"product","2":"type-product","3":"status-publish","4":"has-post-thumbnail","6":"product_cat-canape","7":"product_tag-a-partir-de","8":"product_tag-moderne","9":"desktop-align-center","10":"tablet-align-left","11":"mobile-align-left","13":"first","14":"instock","15":"sold-individually","16":"shipping-taxable","17":"purchasable","18":"product-type-variable"},"acf":[],"_links":{"self":[{"href":"https:\/\/famaliving.ca\/fr\/wp-json\/wp\/v2\/product\/40623","targetHints":{"allow":["GET"]}}],"collection":[{"href":"https:\/\/famaliving.ca\/fr\/wp-json\/wp\/v2\/product"}],"about":[{"href":"https:\/\/famaliving.ca\/fr\/wp-json\/wp\/v2\/types\/product"}],"version-history":[{"count":1,"href":"https:\/\/famaliving.ca\/fr\/wp-json\/wp\/v2\/product\/40623\/revisions"}],"predecessor-version":[{"id":41615,"href":"https:\/\/famaliving.ca\/fr\/wp-json\/wp\/v2\/product\/40623\/revisions\/41615"}],"wp:featuredmedia":[{"embeddable":true,"href":"https:\/\/famaliving.ca\/fr\/wp-json\/wp\/v2\/media\/37607"}],"wp:attachment":[{"href":"https:\/\/famaliving.ca\/fr\/wp-json\/wp\/v2\/media?parent=40623"}],"wp:term":[{"taxonomy":"product_brand","embeddable":true,"href":"https:\/\/famaliving.ca\/fr\/wp-json\/wp\/v2\/product_brand?post=40623"},{"taxonomy":"product_cat","embeddable":true,"href":"https:\/\/famaliving.ca\/fr\/wp-json\/wp\/v2\/product_cat?post=40623"},{"taxonomy":"product_tag","embeddable":true,"href":"https:\/\/famaliving.ca\/fr\/wp-json\/wp\/v2\/product_tag?post=40623"}],"curies":[{"name":"wp","href":"https:\/\/api.w.org\/{rel}","templated":true}]}}