{"id":40624,"date":"2025-04-29T12:02:07","date_gmt":"2025-04-29T16:02:07","guid":{"rendered":"https:\/\/famaliving.ca\/product\/canape-modulable-arianne-love\/"},"modified":"2025-04-29T15:05:01","modified_gmt":"2025-04-29T19:05:01","slug":"canape-modulable-arianne-love","status":"publish","type":"product","link":"https:\/\/famaliving.ca\/fr\/produit\/canape-modulable-arianne-love\/","title":{"rendered":"Canap\u00e9 Modulable Arianne Love"},"content":{"rendered":"<p>&nbsp;<\/p>\n<p><a>Configuration et t\u00e9l\u00e9chargements<\/a><\/p>\n<p>T\u00e9l\u00e9chargez la documentation technique\u00a0: sch\u00e9mas, mesures, d\u00e9tails techniques, brochures et manuels.<\/p>\n<ul>\n<li><a href=\"https:\/\/famaliving.ca\/wp-content\/uploads\/sites\/29\/Arianne-Love-\u2013-Data-sheet-Famaliving-Montreal.pdf\" target=\"_blank\" rel=\"noopener\">Arianne Love \u2013 Fiche technique<\/a><\/li>\n<li><a href=\"https:\/\/famaliving.ca\/wp-content\/uploads\/sites\/29\/Arianne-Love-\u2013-Sketch-Famaliving-Montreal.pdf\" target=\"_blank\" rel=\"noopener\">Arianne Love \u2013 Croquis<\/a><\/li>\n<li><a href=\"https:\/\/famaliving.ca\/wp-content\/uploads\/sites\/29\/Arianne-Love-Plus-\u2013-Instructions-Famaliving-Montreal.pdf\" target=\"_blank\" rel=\"noopener\">Arianne Love\/Plus \u2013 Instructions<\/a><\/li>\n<li><a href=\"https:\/\/famaliving.ca\/wp-content\/uploads\/sites\/29\/Arianne-Love-\u2013-Brochure-Famaliving-Montreal.pdf\" target=\"_blank\" rel=\"noopener\">Arianne Love \u2013 Brochure<\/a><\/li>\n<li><a href=\"https:\/\/famaliving.ca\/wp-content\/uploads\/sites\/29\/Training-Book-HomeCollection2021-\u2013-Arianne-Famaliving-Montreal.pdf\" target=\"_blank\" rel=\"noopener\">Livre de formation-HomeCollection2021 \u2013 Arianne<\/a><\/li>\n<li><a href=\"https:\/\/famaliving.ca\/wp-content\/uploads\/sites\/29\/TrainingBook-HomeCollection2021-joining-click-arianne-Famaliving-Montreal.pdf\" target=\"_blank\" rel=\"noopener\">TrainingBook-HomeCollection2021-joining-click-arianne<\/a><\/li>\n<li><a href=\"https:\/\/famaliving.ca\/wp-content\/uploads\/sites\/29\/Catalogue-HomeCollection2021-Arianne-x-Famaliving-Montreal.pdf\" target=\"_blank\" rel=\"noopener\">Catalogue-HomeCollection2021-Arianne-x<\/a><\/li>\n<\/ul>\n<p><strong>Explorez la configurabilit\u00e9 d&rsquo;Arianne Love avec notre <a href=\"\/fr\/3d\/\" target=\"_blank\" rel=\"noopener\">Simulation de conception 3D&gt;&gt;<\/a><\/strong><\/p>\n<p><a>\u00c0 propos du produit<\/a><\/p>\n<p><strong>Q\u00a0:\u00a0Qu&rsquo;est-ce que le canap\u00e9 modulaire Arianne Love\u00a0?<\/strong><\/p>\n<p>A\u00a0: Le canap\u00e9 modulaire Arianne Love est une collection \u00e0 succ\u00e8s de Famaliving, fabriqu\u00e9e en Espagne. Il offre une flexibilit\u00e9 modulaire exceptionnelle, avec une gamme de tailles et de formes de modules, y compris des options courbes et droites. Cela permet des configurations personnalis\u00e9es qui conviennent \u00e0 divers espaces de vie, des maisons et appartements aux condos ou chalets urbains.<\/p>\n<p><strong>Q\u00a0:\u00a0Qu&rsquo;est-ce qui rend le canap\u00e9 modulaire Arianne Love polyvalent\u00a0?<\/strong><\/p>\n<p>A\u00a0: Le canap\u00e9 offre plus de 15 configurations modulaires diff\u00e9rentes, permettant une personnalisation compl\u00e8te. Il peut s\u2019adapter \u00e0 n\u2019importe quel espace, qu\u2019il s\u2019agisse d\u2019un salon, d\u2019une salle de t\u00e9l\u00e9vision ou d\u2019un espace de divertissement familial. Sa conception l\u00e9g\u00e8re permet un r\u00e9arrangement facile des modules, ce qui le rend id\u00e9al pour diverses occasions telles que les soir\u00e9es de jeux, les soir\u00e9es pyjama et les vacances.<\/p>\n<p><strong>Q\u00a0: Puis-je personnaliser le canap\u00e9 Arianne Love\u00a0?<\/strong><\/p>\n<p>A\u00a0: Oui, le canap\u00e9 Arianne Love est hautement personnalisable avec plus de 500 options de tissus. Vous pouvez personnaliser le canap\u00e9 avec vos couleurs, textures et motifs pr\u00e9f\u00e9r\u00e9s, ce qui en fait un compl\u00e9ment parfait \u00e0 tout d\u00e9cor d&rsquo;int\u00e9rieur.<\/p>\n<p><strong>Q\u00a0: Quelles sont les caract\u00e9ristiques des si\u00e8ges de l&rsquo;Arianne Love\u00a0?<\/strong><\/p>\n<p>A\u00a0: Les si\u00e8ges profonds de l&rsquo;Arianne Love offrent une exp\u00e9rience confortable et d\u00e9contract\u00e9e. De plus, en retirant simplement les coussins du dossier, il peut facilement servir de canap\u00e9-lit confortable.<\/p>\n<p><strong>Q\u00a0: Existe-t-il diff\u00e9rentes options de repose-pieds disponibles\u00a0?<\/strong><\/p>\n<p>A : Oui, la collection Arianne Love propose diff\u00e9rentes tailles et formes de poufs, qui peuvent \u00eatre utilis\u00e9s comme extension du canap\u00e9, comme repose-pieds, ou pour cr\u00e9er une chaise longue en les joignant \u00e0 un module.<\/p>\n<p><strong>Q\u00a0: Quelles sont les options de pieds disponibles pour le canap\u00e9 Arianne Love\u00a0?<\/strong><\/p>\n<p>A\u00a0:\u00a0L&rsquo;option de pied par d\u00e9faut est en plastique noir de 3\u00a0cm. Les options de pieds personnalisables incluent des finitions en bois noir de 6 cm et en bois \u00ab\u00a0V\u00a0\u00bb.<\/p>\n<p><strong>Q\u00a0: Quelle est la hauteur d&rsquo;assise et les dimensions totales de l&rsquo;Arianne Love\u00a0?<\/strong><\/p>\n<p>A\u00a0: La hauteur du si\u00e8ge est de 33 cm (12,99 pouces), la profondeur totale est de 100 cm (39,37 pouces) et la hauteur totale est de 80 cm (31,5 pouces).<\/p>\n<p><strong>Q\u00a0: La collection Arianne Love comprend-elle des fauteuils ou des accessoires suppl\u00e9mentaires\u00a0?<\/strong><\/p>\n<p>A\u00a0: Oui, la collection comprend une option fauteuil. De plus, il propose plusieurs modules compl\u00e9mentaires tels que la table Sole, la table Luna, la chaise Zipi et la chaise Zape, offrant plus de possibilit\u00e9s de personnalisation.<\/p>\n<p><strong>Q\u00a0: Comment Arianne Love se compare-t-elle aux autres collections de la s\u00e9rie\u00a0?<\/strong><\/p>\n<p>A\u00a0: Arianne Love est la premi\u00e8re collection de la s\u00e9rie Arianne. D&rsquo;autres collections connexes incluent Arianne Plus (identique mais avec des housses de base amovibles), Urban (qui offre une fonction inclinable) et Kalahari (qui a des pieds plus hauts et une option de dossier r\u00e9glable).<\/p>\n<p><strong>Q\u00a0: Un rev\u00eatement en cuir est-il disponible pour l&rsquo;Arianne Love\u00a0?<\/strong><\/p>\n<p>A\u00a0: Oui, un rev\u00eatement en cuir est disponible, mais son prix entra\u00eene une augmentation. De plus, les pieds en \u00ab V \u00bb en m\u00e9tal ou en bois augmentent \u00e9galement le prix.<\/p>\n<p><strong>Q\u00a0: Comment puis-je personnaliser les accessoires du canap\u00e9\u00a0?<\/strong><\/p>\n<p>A\u00a0: Vous pouvez inclure des coussins de dossier, des coussins lombaires, des coussins carr\u00e9s et choisir parmi diff\u00e9rents mod\u00e8les de repose-pieds en fonction de vos pr\u00e9f\u00e9rences.<\/p>\n<p><a>Options du produit<\/a><\/p>\n<p><strong>Canap\u00e9 Modulable Arianne Love par Famaliving<\/strong><\/p>\n<p>\u00c9levez votre espace de vie avec le <strong>canap\u00e9 modulaire Arianne Love<\/strong>, une collection \u00e0 succ\u00e8s de Famaliving, fabriqu\u00e9e en Espagne. R\u00e9put\u00e9 pour sa conception modulaire exceptionnelle, ce canap\u00e9 offre un m\u00e9lange harmonieux de style et de fonctionnalit\u00e9. Avec une vari\u00e9t\u00e9 de tailles, de formes et de configurations, y compris des modules droits et incurv\u00e9s, il peut \u00eatre adapt\u00e9 \u00e0 n&rsquo;importe quel espace, qu&rsquo;il s&rsquo;agisse d&rsquo;un appartement confortable, d&rsquo;une maison spacieuse, d&rsquo;un condo urbain ou d&rsquo;un charmant chalet. <a href=\"https:\/\/famaliving.ca\/blog\/experience-the-modular-sofa-arianne-love-pure-comfort\/\">Lire la suite<\/a><\/p>\n","protected":false},"excerpt":{"rendered":"<p>Nous vous pr\u00e9sentons le canap\u00e9 modulaire le plus populaire de Fama. Grand confort et polyvalence dans les formes et tailles de module. Concevez le canap\u00e9 modulaire de vos r\u00eaves avec des modules droits ou courbes.<\/p>\n","protected":false},"featured_media":36575,"template":"","meta":{"_acf_changed":false,"site-sidebar-layout":"default","site-content-layout":"","ast-site-content-layout":"default","site-content-style":"default","site-sidebar-style":"default","ast-global-header-display":"","ast-banner-title-visibility":"","ast-main-header-display":"","ast-hfb-above-header-display":"","ast-hfb-below-header-display":"","ast-hfb-mobile-header-display":"","site-post-title":"","ast-breadcrumbs-content":"","ast-featured-img":"","footer-sml-layout":"","ast-disable-related-posts":"","theme-transparent-header-meta":"default","adv-header-id-meta":"","stick-header-meta":"default","header-above-stick-meta":"","header-main-stick-meta":"","header-below-stick-meta":"","astra-migrate-meta-layouts":"set","ast-page-background-enabled":"default","ast-page-background-meta":{"desktop":{"background-color":"var(--ast-global-color-4)","background-image":"","background-repeat":"repeat","background-position":"center center","background-size":"auto","background-attachment":"scroll","background-type":"","background-media":"","overlay-type":"","overlay-color":"","overlay-opacity":"","overlay-gradient":""},"tablet":{"background-color":"","background-image":"","background-repeat":"repeat","background-position":"center center","background-size":"auto","background-attachment":"scroll","background-type":"","background-media":"","overlay-type":"","overlay-color":"","overlay-opacity":"","overlay-gradient":""},"mobile":{"background-color":"","background-image":"","background-repeat":"repeat","background-position":"center center","background-size":"auto","background-attachment":"scroll","background-type":"","background-media":"","overlay-type":"","overlay-color":"","overlay-opacity":"","overlay-gradient":""}},"ast-content-background-meta":{"desktop":{"background-color":"var(--ast-global-color-5)","background-image":"","background-repeat":"repeat","background-position":"center center","background-size":"auto","background-attachment":"scroll","background-type":"","background-media":"","overlay-type":"","overlay-color":"","overlay-opacity":"","overlay-gradient":""},"tablet":{"background-color":"var(--ast-global-color-5)","background-image":"","background-repeat":"repeat","background-position":"center center","background-size":"auto","background-attachment":"scroll","background-type":"","background-media":"","overlay-type":"","overlay-color":"","overlay-opacity":"","overlay-gradient":""},"mobile":{"background-color":"var(--ast-global-color-5)","background-image":"","background-repeat":"repeat","background-position":"center center","background-size":"auto","background-attachment":"scroll","background-type":"","background-media":"","overlay-type":"","overlay-color":"","overlay-opacity":"","overlay-gradient":""}}},"product_brand":[],"product_cat":[77],"product_tag":[79,81],"class_list":{"0":"post-40624","1":"product","2":"type-product","3":"status-publish","4":"has-post-thumbnail","6":"product_cat-canape","7":"product_tag-a-partir-de","8":"product_tag-moderne","9":"desktop-align-center","10":"tablet-align-left","11":"mobile-align-left","13":"first","14":"instock","15":"sold-individually","16":"shipping-taxable","17":"purchasable","18":"product-type-variable"},"acf":[],"_links":{"self":[{"href":"https:\/\/famaliving.ca\/fr\/wp-json\/wp\/v2\/product\/40624","targetHints":{"allow":["GET"]}}],"collection":[{"href":"https:\/\/famaliving.ca\/fr\/wp-json\/wp\/v2\/product"}],"about":[{"href":"https:\/\/famaliving.ca\/fr\/wp-json\/wp\/v2\/types\/product"}],"version-history":[{"count":1,"href":"https:\/\/famaliving.ca\/fr\/wp-json\/wp\/v2\/product\/40624\/revisions"}],"predecessor-version":[{"id":41614,"href":"https:\/\/famaliving.ca\/fr\/wp-json\/wp\/v2\/product\/40624\/revisions\/41614"}],"wp:featuredmedia":[{"embeddable":true,"href":"https:\/\/famaliving.ca\/fr\/wp-json\/wp\/v2\/media\/36575"}],"wp:attachment":[{"href":"https:\/\/famaliving.ca\/fr\/wp-json\/wp\/v2\/media?parent=40624"}],"wp:term":[{"taxonomy":"product_brand","embeddable":true,"href":"https:\/\/famaliving.ca\/fr\/wp-json\/wp\/v2\/product_brand?post=40624"},{"taxonomy":"product_cat","embeddable":true,"href":"https:\/\/famaliving.ca\/fr\/wp-json\/wp\/v2\/product_cat?post=40624"},{"taxonomy":"product_tag","embeddable":true,"href":"https:\/\/famaliving.ca\/fr\/wp-json\/wp\/v2\/product_tag?post=40624"}],"curies":[{"name":"wp","href":"https:\/\/api.w.org\/{rel}","templated":true}]}}