{"id":40625,"date":"2025-04-29T12:02:18","date_gmt":"2025-04-29T16:02:18","guid":{"rendered":"https:\/\/famaliving.ca\/product\/causeuse-pivotante-en-velours-funky-myapple\/"},"modified":"2025-04-29T15:25:45","modified_gmt":"2025-04-29T19:25:45","slug":"causeuse-pivotante-en-velours-funky-myapple","status":"publish","type":"product","link":"https:\/\/famaliving.ca\/fr\/produit\/causeuse-pivotante-en-velours-funky-myapple\/","title":{"rendered":"Causeuse pivotante en velours Funky Myapple"},"content":{"rendered":"<p><svg xmlns=\"http:\/\/www.w3.org\/2000\/svg\"><path d=\"M416 208H272V64c0-17.67-14.33-32-32-32h-32c-17.67 0-32 14.33-32 32v144H32c-17.67 0-32 14.33-32 32v32c0 17.67 14.33 32 32 32h144v144c0 17.67 14.33 32 32 32h32c17.67 0 32-14.33 32-32V304h144c17.67 0 32-14.33 32-32v-32c0-17.67-14.33-32-32-32z\"><\/path><\/svg><br \/>\n <svg xmlns=\"http:\/\/www.w3.org\/2000\/svg\"><path d=\"M416 208H32c-17.67 0-32 14.33-32 32v32c0 17.67 14.33 32 32 32h384c17.67 0 32-14.33 32-32v-32c0-17.67-14.33-32-32-32z\"><\/path><\/svg><br \/>\n <a>Configuration et t\u00e9l\u00e9chargements<\/a><br \/>\n T\u00e9l\u00e9chargez la documentation technique : sch\u00e9mas, mesures, d\u00e9tails techniques, brochures et manuels.<\/p>\n<ul>\n<li><a href='https:\/\/famaliving.ca\/wp-content\/uploads\/sites\/29\/MyApple-Data-sheet-famaliving-Montreal.pdf' target='_blank' rel=\"noopener noreferrer\"> MyApple &#8211; Fiche technique <\/a><\/li>\n<li><a href='https:\/\/famaliving.ca\/wp-content\/uploads\/sites\/29\/MyApple-Sketch-famaliving-Montreal.pdf' target='_blank' rel=\"noopener noreferrer\"> MyApple &#8211; Croquis <\/a><\/li>\n<li><a href='https:\/\/famaliving.ca\/wp-content\/uploads\/sites\/29\/MyApple-Instructions-famaliving-Montreal.pdf' target='_blank' rel=\"noopener noreferrer\"> MyApple &#8211; Instructions <\/a><\/li>\n<li><a href='https:\/\/famaliving.ca\/wp-content\/uploads\/sites\/29\/MyApple-Information-famaliving-Montreal.pdf' target='_blank' rel=\"noopener noreferrer\"> MyApple &#8211; Informations <\/a><\/li>\n<\/ul>\n<p><strong>Explorez la configurabilit\u00e9 de MyApple avec notre <a href='\/fr\/3d\/' target='_blank' rel=\"noopener\">Simulation de conception 3D&gt;&gt;<\/a><\/strong><br \/>\n <svg xmlns=\"http:\/\/www.w3.org\/2000\/svg\"><path d=\"M416 208H272V64c0-17,67-14,33-32-32-32h-32c-17,67 0-32 14,33-32 32v144H32c-17,67 0-32 14,33-32 32v32c0 17,67 14,33 32 32 32h144v144c0 17,67 14,33 32 32 32h32c17,67 0 32-14,33 32-32V304h144c17,67 0 32-14,33 32-32v-32c0-17.67-14.33-32-32-32z\"><\/path><\/svg><br \/>\n <svg xmlns=\"http:\/\/www.w3.org\/2000\/svg\"><path d=\"M416 208H32c-17.67 0-32 14.33-32 32v32c0 17.67 14.33 32 32 32h384c17.67 0 32-14.33 32-32v-32c0-17.67-14.33-32-32-32z\"><\/path><\/svg><br \/>\n <a>\u00c0 propos du produit<\/a><\/p>\n<p><strong>Q\u00a0: Qu&rsquo;est-ce que la causeuse pivotante en velours Funky MyApple\u00a0?<\/strong><br \/>A\u00a0:\u00a0Le MyApple est une causeuse audacieuse et <strong>funky<\/strong> de Famaliving, pr\u00e9sentant un design moderne et contemporain. Sa <strong>base pivotante<\/strong> unique \u00e0 360 degr\u00e9s et son luxueux rev\u00eatement en velours en font une pi\u00e8ce remarquable qui ajoute de la personnalit\u00e9 et du style \u00e0 n&rsquo;importe quel espace.<\/p>\n<p><strong>Q\u00a0: Qu&rsquo;est-ce qui rend la causeuse pivotante Funky en velours MyApple unique\u00a0?<\/strong><br \/>R\u00a0: La MyApple est vraiment unique avec sa combinaison de confort et de design ludique. La base de la causeuse pivotante \u00e0 360 degr\u00e9s permet un mouvement facile, tandis que le rev\u00eatement en velours doux offre une sensation luxueuse. Sa forme ronde et ses options de couleurs vives en font un ajout \u00e9l\u00e9gant et amusant \u00e0 n&rsquo;importe quelle pi\u00e8ce.<\/p>\n<p><strong>Q\u00a0: Puis-je personnaliser la causeuse pivotante Funky en velours MyApple avec des accessoires\u00a0?<\/strong><br \/>R\u00a0: Oui, la <strong>causeuse moderne<\/strong> MyApple est personnalisable avec une vari\u00e9t\u00e9 d&rsquo;options de tissus, y compris plus de 500 couleurs et textures. Vous pouvez \u00e9galement ajouter des coussins d\u00e9coratifs pour personnaliser davantage le look et am\u00e9liorer le confort.<\/p>\n<p><strong>Q\u00a0: Quelles sont les caract\u00e9ristiques d&rsquo;assise de la causeuse pivotante en velours Funky MyApple\u00a0?<\/strong><br \/>A\u00a0: La MyApple offre une assise profonde et rembourr\u00e9e avec un design confortable et enveloppant, ce qui la rend id\u00e9ale pour se d\u00e9tendre ou socialiser. Sa <strong>base pivotante<\/strong> permet un mouvement facile, ce qui la rend parfaite pour engager une conversation, regarder la t\u00e9l\u00e9vision ou simplement se d\u00e9tendre.<\/p>\n<p><strong>Q\u00a0: Existe-t-il diff\u00e9rentes options de pieds pour la causeuse Funky pivotante en velours MyApple\u00a0?<\/strong><br \/>R\u00a0: La MyApple est livr\u00e9e avec une <strong>base pivotante<\/strong> int\u00e9gr\u00e9e, qui est une caract\u00e9ristique cl\u00e9 de sa conception. Bien que la base elle-m\u00eame ne soit pas personnalisable, la large gamme d&rsquo;options de rembourrage permet une grande personnalisation.<\/p>\n<p><strong>Q\u00a0: Quelles sont les dimensions de la causeuse pivotante en velours Funky MyApple\u00a0?<\/strong><br \/>R\u00a0: La hauteur du si\u00e8ge est de 43 cm (16,93 po), avec une profondeur totale de 100 cm (39,37 po) et une hauteur totale de 78 cm (30,71 po).<\/p>\n<p><strong>Q\u00a0: Est-ce que rev\u00eatement en cuir disponible pour la causeuse Funky pivotante en velours MyApple\u00a0?<\/strong><br \/>R\u00a0: Oui, le rev\u00eatement en cuir est disponible pour le MyApple, bien que son prix puisse entra\u00eener une augmentation. Vous pouvez \u00e9galement choisir parmi des options de velours et d&rsquo;autres tissus haut de gamme en fonction de votre style personnel.<\/p>\n<p><strong>Q\u00a0: Comment puis-je personnaliser la causeuse pivotante Funky en velours MyApple\u00a0?<\/strong><br \/>R\u00a0: La <strong>causeuse funky<\/strong> MyApple offre de nombreuses options de personnalisation, vous permettant de choisir parmi une large s\u00e9lection de tissus et de couleurs. Vous pouvez \u00e9galement ajouter des coussins pour cr\u00e9er un look personnalis\u00e9 qui compl\u00e8te votre espace et rehausse son attrait moderne.<\/p>\n<p> <svg xmlns=\"http:\/\/www.w3.org\/2000\/svg\"><path d=\"M416 208H272V64c0-17.67-14.33-32-32-32h-32c-17.67 0-32 14.33-32 32v144H32c-17.67 0-32 14.33-32 32v32c0 17.67 14.33 32 32 32h144v144c0 17.67 14.33 32 32 32h32c17.67 0 32-14.33 32-32V304h144c17.67 0 32-14.33 32-32v-32c0-17.67-14.33-32-32-32z\"><\/chemin><\/svg><br \/>\n <svg xmlns=\"http:\/\/www.w3.org\/2000\/svg\"><chemin d=\"M416 208H32c-17.67 0-32 14.33-32 32v32c0 17.67 14.33 32 32 32h384c17.67 0 32-14.33 32-32v-32c0-17.67-14.33-32-32-32z\"><\/path><\/svg><br \/>\n <a>Options de produit<\/a><\/p>\n<p>La <strong>Causeuse pivotante Funky en velours MyApple<\/strong> de Famaliving est un m\u00e9lange magistral de design moderne, de confort et de style audacieux. Cette <strong>causeuse moderne<\/strong> offre une version unique du si\u00e8ge, combinant le luxe d&rsquo;un rev\u00eatement en velours avec l&rsquo;attrait ludique d&rsquo;une base pivotante \u00e0 360 degr\u00e9s. Plus qu&rsquo;un simple meuble, MyApple est une d\u00e9claration\u00a0: une incarnation de la cr\u00e9ativit\u00e9 et du confort, con\u00e7ue pour ceux qui souhaitent ajouter de la personnalit\u00e9 et du style \u00e0 leurs espaces de vie.<\/p>\n<p>Dans le cadre de la collection avant-gardiste de Famaliving, la <strong>MyApple Loveseat<\/strong> red\u00e9finit ce que signifie avoir une <strong>causeuse pivotante<\/strong>. Il est con\u00e7u pour les personnes qui appr\u00e9cient les pi\u00e8ces avant-gardistes qui ne sacrifient ni le confort ni la fonctionnalit\u00e9. Avec sa <strong>forme ronde<\/strong> distinctive et sa luxueuse finition en velours, le MyApple est le choix parfait pour tous ceux qui cherchent \u00e0 introduire une <strong>causeuse funky<\/strong> dans leur maison. Qu&rsquo;elle soit utilis\u00e9e comme pi\u00e8ce ma\u00eetresse de votre salon ou comme solution de si\u00e8ge confortable dans un espace plus intime, cette <strong>causeuse moderne<\/strong> transforme instantan\u00e9ment l&rsquo;atmosph\u00e8re gr\u00e2ce \u00e0 son \u00e9nergie vibrante et son design audacieux. <a href=\"https:\/\/famaliving.ca\/blog\/funky-swivel-velvet-loveseat-myapple-modern-comfort\/\">Lire la suite<\/a><\/p>\n","protected":false},"excerpt":{"rendered":"<p>MyApple, agr\u00e9ment\u00e9 d&rsquo;un assortiment de coussins, garantit un confort in\u00e9gal\u00e9.<\/p>\n","protected":false},"featured_media":37661,"template":"","meta":{"_acf_changed":false,"site-sidebar-layout":"default","site-content-layout":"","ast-site-content-layout":"default","site-content-style":"default","site-sidebar-style":"default","ast-global-header-display":"","ast-banner-title-visibility":"","ast-main-header-display":"","ast-hfb-above-header-display":"","ast-hfb-below-header-display":"","ast-hfb-mobile-header-display":"","site-post-title":"","ast-breadcrumbs-content":"","ast-featured-img":"","footer-sml-layout":"","ast-disable-related-posts":"","theme-transparent-header-meta":"default","adv-header-id-meta":"","stick-header-meta":"default","header-above-stick-meta":"","header-main-stick-meta":"","header-below-stick-meta":"","astra-migrate-meta-layouts":"set","ast-page-background-enabled":"default","ast-page-background-meta":{"desktop":{"background-color":"var(--ast-global-color-4)","background-image":"","background-repeat":"repeat","background-position":"center center","background-size":"auto","background-attachment":"scroll","background-type":"","background-media":"","overlay-type":"","overlay-color":"","overlay-opacity":"","overlay-gradient":""},"tablet":{"background-color":"","background-image":"","background-repeat":"repeat","background-position":"center center","background-size":"auto","background-attachment":"scroll","background-type":"","background-media":"","overlay-type":"","overlay-color":"","overlay-opacity":"","overlay-gradient":""},"mobile":{"background-color":"","background-image":"","background-repeat":"repeat","background-position":"center center","background-size":"auto","background-attachment":"scroll","background-type":"","background-media":"","overlay-type":"","overlay-color":"","overlay-opacity":"","overlay-gradient":""}},"ast-content-background-meta":{"desktop":{"background-color":"var(--ast-global-color-5)","background-image":"","background-repeat":"repeat","background-position":"center center","background-size":"auto","background-attachment":"scroll","background-type":"","background-media":"","overlay-type":"","overlay-color":"","overlay-opacity":"","overlay-gradient":""},"tablet":{"background-color":"var(--ast-global-color-5)","background-image":"","background-repeat":"repeat","background-position":"center center","background-size":"auto","background-attachment":"scroll","background-type":"","background-media":"","overlay-type":"","overlay-color":"","overlay-opacity":"","overlay-gradient":""},"mobile":{"background-color":"var(--ast-global-color-5)","background-image":"","background-repeat":"repeat","background-position":"center center","background-size":"auto","background-attachment":"scroll","background-type":"","background-media":"","overlay-type":"","overlay-color":"","overlay-opacity":"","overlay-gradient":""}}},"product_brand":[],"product_cat":[77],"product_tag":[79,81],"class_list":{"0":"post-40625","1":"product","2":"type-product","3":"status-publish","4":"has-post-thumbnail","6":"product_cat-canape","7":"product_tag-a-partir-de","8":"product_tag-moderne","9":"desktop-align-center","10":"tablet-align-left","11":"mobile-align-left","13":"first","14":"instock","15":"sold-individually","16":"shipping-taxable","17":"purchasable","18":"product-type-variable"},"acf":[],"_links":{"self":[{"href":"https:\/\/famaliving.ca\/fr\/wp-json\/wp\/v2\/product\/40625","targetHints":{"allow":["GET"]}}],"collection":[{"href":"https:\/\/famaliving.ca\/fr\/wp-json\/wp\/v2\/product"}],"about":[{"href":"https:\/\/famaliving.ca\/fr\/wp-json\/wp\/v2\/types\/product"}],"version-history":[{"count":1,"href":"https:\/\/famaliving.ca\/fr\/wp-json\/wp\/v2\/product\/40625\/revisions"}],"predecessor-version":[{"id":41613,"href":"https:\/\/famaliving.ca\/fr\/wp-json\/wp\/v2\/product\/40625\/revisions\/41613"}],"wp:featuredmedia":[{"embeddable":true,"href":"https:\/\/famaliving.ca\/fr\/wp-json\/wp\/v2\/media\/37661"}],"wp:attachment":[{"href":"https:\/\/famaliving.ca\/fr\/wp-json\/wp\/v2\/media?parent=40625"}],"wp:term":[{"taxonomy":"product_brand","embeddable":true,"href":"https:\/\/famaliving.ca\/fr\/wp-json\/wp\/v2\/product_brand?post=40625"},{"taxonomy":"product_cat","embeddable":true,"href":"https:\/\/famaliving.ca\/fr\/wp-json\/wp\/v2\/product_cat?post=40625"},{"taxonomy":"product_tag","embeddable":true,"href":"https:\/\/famaliving.ca\/fr\/wp-json\/wp\/v2\/product_tag?post=40625"}],"curies":[{"name":"wp","href":"https:\/\/api.w.org\/{rel}","templated":true}]}}