{"id":40626,"date":"2025-04-29T12:02:20","date_gmt":"2025-04-29T16:02:20","guid":{"rendered":"https:\/\/famaliving.ca\/product\/canape-sectionnel-contemporain-opera\/"},"modified":"2025-04-29T15:25:20","modified_gmt":"2025-04-29T19:25:20","slug":"canape-sectionnel-contemporain-opera","status":"publish","type":"product","link":"https:\/\/famaliving.ca\/fr\/produit\/canape-sectionnel-contemporain-opera\/","title":{"rendered":"Canap\u00e9 sectionnel contemporain Opera"},"content":{"rendered":"<p><a>Configuration et t\u00e9l\u00e9chargements<\/a><\/p>\n<p>T\u00e9l\u00e9chargez la documentation technique\u00a0: sch\u00e9mas, mesures, d\u00e9tails techniques, brochures et manuels.<\/p>\n<ul>\n<li><a href=\"https:\/\/famaliving.ca\/wp-content\/uploads\/sites\/29\/Opera-Data-sheet-famaliving-Montreal.pdf\" target=\"_blank\" rel=\"noopener noreferrer\"> Opera \u2013 Fiche technique <\/a><\/li>\n<li><a href=\"https:\/\/famaliving.ca\/wp-content\/uploads\/sites\/29\/Opera-Sketch-famaliving-Montreal.pdf\" target=\"_blank\" rel=\"noopener noreferrer\"> Op\u00e9ra \u2013 Sketch <\/a><\/li>\n<li><a href=\"https:\/\/famaliving.ca\/wp-content\/uploads\/sites\/29\/Opera-Instructions-famaliving-Montreal.pdf\" target=\"_blank\" rel=\"noopener noreferrer\"> Op\u00e9ra \u2013 Instructions <\/a><\/li>\n<li><a href=\"https:\/\/famaliving.ca\/wp-content\/uploads\/sites\/29\/Opera-Information-famaliving-Montreal.pdf\" target=\"_blank\" rel=\"noopener noreferrer\"> Op\u00e9ra \u2013 Informations <\/a><\/li>\n<\/ul>\n<p><strong>Explorez la configurabilit\u00e9 d&rsquo;Opera avec notre <a href=\"\/fr\/3d\/\" target=\"_blank\" rel=\"noopener\">Simulation de conception 3D&gt;&gt;<\/a><\/strong><\/p>\n<p><a>\u00c0 propos du produit<\/a><\/p>\n<p><strong>Q\u00a0:\u00a0Qu&rsquo;est-ce que le canap\u00e9 sectionnel contemporain Opera\u00a0?<\/strong><\/p>\n<p>A\u00a0: Le canap\u00e9 sectionnel Opera de Famaliving est un canap\u00e9 moderne et <strong>\u00e9l\u00e9gant<\/strong>, con\u00e7u pour rehausser les espaces de vie contemporains avec \u00e0 la fois confort et \u00e9l\u00e9gance. Son design <strong>canap\u00e9 d&rsquo;angle<\/strong> et <strong>canap\u00e9 modulable<\/strong> le rend id\u00e9al pour les grandes pi\u00e8ces, offrant de nombreux si\u00e8ges pour les r\u00e9unions de famille ou pour recevoir des invit\u00e9s.<\/p>\n<p><strong>Q\u00a0:\u00a0Qu&rsquo;est-ce qui rend le canap\u00e9 sectionnel contemporain Opera unique\u00a0?<\/strong><\/p>\n<p>A\u00a0: L&rsquo;Op\u00e9ra se distingue par son design \u00e9pur\u00e9 et contemporain et son adaptabilit\u00e9. Ses lignes \u00e9pur\u00e9es et son esth\u00e9tique moderne offrent un look sophistiqu\u00e9, tandis que la configuration du <strong>canap\u00e9 modulaire<\/strong> vous permet de cr\u00e9er des configurations personnalis\u00e9es adapt\u00e9es \u00e0 votre espace. Il est parfait pour ajouter une solution de si\u00e8ge <strong>\u00e9l\u00e9gante<\/strong> mais fonctionnelle \u00e0 n&rsquo;importe quelle pi\u00e8ce.<\/p>\n<p><strong>Q\u00a0: Puis-je personnaliser le canap\u00e9 sectionnel contemporain Opera avec des accessoires\u00a0?<\/strong><\/p>\n<p>A\u00a0: Oui, Opera est hautement personnalisable. Avec plus de 500 options de tissus, dont une large gamme de couleurs, de motifs et de textures, vous pouvez personnaliser le canap\u00e9 en fonction de votre d\u00e9cor. Vous pouvez \u00e9galement ajouter des accessoires tels que des coussins, des repose-pieds et des options d&rsquo;accoudoirs pour personnaliser davantage le <strong>canap\u00e9 d&rsquo;angle<\/strong>.<\/p>\n<p><strong>Q\u00a0: Quelles sont les caract\u00e9ristiques des si\u00e8ges du canap\u00e9 sectionnel contemporain Opera\u00a0?<\/strong><\/p>\n<p>A\u00a0: Le canap\u00e9 sectionnel Opera offre des si\u00e8ges profonds et moelleux combin\u00e9s \u00e0 des dossiers de soutien, assurant le confort que vous vous pr\u00e9lassiez ou que vous socialisiez. Son agencement spacieux <strong>modulaire<\/strong> offre suffisamment d&rsquo;espace pour que plusieurs personnes puissent se d\u00e9tendre, ce qui en fait un excellent choix pour les chambres familiales ou les espaces de divertissement.<\/p>\n<p><strong>Q\u00a0: Existe-t-il diff\u00e9rentes options de pieds pour le canap\u00e9 sectionnel contemporain Opera\u00a0?<\/strong><\/p>\n<p>A\u00a0: Oui, le canap\u00e9 Opera propose des options de pieds personnalisables. Les pieds par d\u00e9faut sont en m\u00e9tal \u00e9l\u00e9gant, ce qui rehausse son <strong>design moderne<\/strong>, mais vous pouvez choisir parmi une vari\u00e9t\u00e9 de finitions et de mat\u00e9riaux pour compl\u00e9ter votre d\u00e9coration int\u00e9rieure.<\/p>\n<p><strong>Q\u00a0: Quelles sont les dimensions du canap\u00e9 sectionnel contemporain Opera\u00a0?<\/strong><\/p>\n<p>A\u00a0: Les dimensions du sectionnel Opera varient en fonction de la configuration choisie. Son design de <strong>canap\u00e9 modulable<\/strong> vous permet de cr\u00e9er un am\u00e9nagement qui s&rsquo;adapte \u00e0 votre espace, que vous pr\u00e9f\u00e9riez un <strong>canap\u00e9 d&rsquo;angle<\/strong> compact ou un sectionnel plus grand. La hauteur du si\u00e8ge est de 44 cm (17,32 po) et la profondeur et la hauteur hors tout d\u00e9pendent des modules que vous s\u00e9lectionnez.<\/p>\n<p><strong>Q\u00a0: Un rev\u00eatement en cuir est-il disponible pour le canap\u00e9 sectionnel contemporain Opera\u00a0?<\/strong><\/p>\n<p>A\u00a0: Oui, un rev\u00eatement en cuir est disponible pour le canap\u00e9 sectionnel Opera, bien que cela puisse entra\u00eener un co\u00fbt suppl\u00e9mentaire. Vous pouvez \u00e9galement choisir parmi une large gamme d\u2019options de tissus pour cr\u00e9er un look qui convient \u00e0 votre int\u00e9rieur.<\/p>\n<p><strong>Q\u00a0: Comment puis-je personnaliser le canap\u00e9 sectionnel contemporain Opera\u00a0?<\/strong><\/p>\n<p>A\u00a0: Le sectionnel Opera offre de nombreuses options de personnalisation, notamment un rev\u00eatement en tissu ou en cuir, des finitions de pieds et des configurations <strong>modulaires<\/strong>. Vous pouvez adapter le canap\u00e9 \u00e0 votre espace et \u00e0 vos pr\u00e9f\u00e9rences en mati\u00e8re de design, garantissant ainsi un canap\u00e9 confortable et <strong>\u00e9l\u00e9gant<\/strong> qui correspond \u00e0 votre maison.<\/p>\n<p><a>Options du produit<\/a><\/p>\n<h3><strong>Canap\u00e9 d&rsquo;angle \u00e9l\u00e9gant\u00a0: le canap\u00e9 sectionnel contemporain Opera de Famaliving<\/strong><\/h3>\n<p>Pr\u00e9sentation du <strong>Canap\u00e9 sectionnel contemporain Opera<\/strong>, un <strong>canap\u00e9 d&rsquo;angle<\/strong> sophistiqu\u00e9 qui incarne l&rsquo;\u00e9l\u00e9gance moderne et un confort in\u00e9gal\u00e9. Con\u00e7u par Famaliving, ce <strong>canap\u00e9 \u00e9l\u00e9gant<\/strong> constitue la pi\u00e8ce ma\u00eetresse id\u00e9ale pour les espaces de vie contemporains, alliant harmonieusement fonctionnalit\u00e9 et attrait esth\u00e9tique. Que vous receviez des invit\u00e9s, profitiez de r\u00e9unions de famille ou simplement vous d\u00e9tendiez apr\u00e8s une longue journ\u00e9e, le <strong>modulaire Opera<\/strong> offre une exp\u00e9rience de si\u00e8ge luxueuse qui rehausse n&rsquo;importe quelle maison. <a href=\"https:\/\/famaliving.ca\/blog\/contemporary-sectional-sofa-opera-luxury-living-room\/\">Lire la suite<\/a><\/p>\n","protected":false},"excerpt":{"rendered":"<p>Opera est un canap\u00e9 d&rsquo;angle aux dimensions g\u00e9n\u00e9reuses au design serein et sensuel. Les diff\u00e9rentes options de ce modulaire nous permettent de cr\u00e9er diff\u00e9rentes compositions<\/p>\n","protected":false},"featured_media":37749,"template":"","meta":{"_acf_changed":false,"site-sidebar-layout":"default","site-content-layout":"","ast-site-content-layout":"default","site-content-style":"default","site-sidebar-style":"default","ast-global-header-display":"","ast-banner-title-visibility":"","ast-main-header-display":"","ast-hfb-above-header-display":"","ast-hfb-below-header-display":"","ast-hfb-mobile-header-display":"","site-post-title":"","ast-breadcrumbs-content":"","ast-featured-img":"","footer-sml-layout":"","ast-disable-related-posts":"","theme-transparent-header-meta":"default","adv-header-id-meta":"","stick-header-meta":"default","header-above-stick-meta":"","header-main-stick-meta":"","header-below-stick-meta":"","astra-migrate-meta-layouts":"set","ast-page-background-enabled":"default","ast-page-background-meta":{"desktop":{"background-color":"var(--ast-global-color-4)","background-image":"","background-repeat":"repeat","background-position":"center center","background-size":"auto","background-attachment":"scroll","background-type":"","background-media":"","overlay-type":"","overlay-color":"","overlay-opacity":"","overlay-gradient":""},"tablet":{"background-color":"","background-image":"","background-repeat":"repeat","background-position":"center center","background-size":"auto","background-attachment":"scroll","background-type":"","background-media":"","overlay-type":"","overlay-color":"","overlay-opacity":"","overlay-gradient":""},"mobile":{"background-color":"","background-image":"","background-repeat":"repeat","background-position":"center center","background-size":"auto","background-attachment":"scroll","background-type":"","background-media":"","overlay-type":"","overlay-color":"","overlay-opacity":"","overlay-gradient":""}},"ast-content-background-meta":{"desktop":{"background-color":"var(--ast-global-color-5)","background-image":"","background-repeat":"repeat","background-position":"center center","background-size":"auto","background-attachment":"scroll","background-type":"","background-media":"","overlay-type":"","overlay-color":"","overlay-opacity":"","overlay-gradient":""},"tablet":{"background-color":"var(--ast-global-color-5)","background-image":"","background-repeat":"repeat","background-position":"center center","background-size":"auto","background-attachment":"scroll","background-type":"","background-media":"","overlay-type":"","overlay-color":"","overlay-opacity":"","overlay-gradient":""},"mobile":{"background-color":"var(--ast-global-color-5)","background-image":"","background-repeat":"repeat","background-position":"center center","background-size":"auto","background-attachment":"scroll","background-type":"","background-media":"","overlay-type":"","overlay-color":"","overlay-opacity":"","overlay-gradient":""}}},"product_brand":[],"product_cat":[77],"product_tag":[79,81],"class_list":{"0":"post-40626","1":"product","2":"type-product","3":"status-publish","4":"has-post-thumbnail","6":"product_cat-canape","7":"product_tag-a-partir-de","8":"product_tag-moderne","9":"desktop-align-center","10":"tablet-align-left","11":"mobile-align-left","13":"first","14":"instock","15":"sold-individually","16":"shipping-taxable","17":"purchasable","18":"product-type-variable"},"acf":[],"_links":{"self":[{"href":"https:\/\/famaliving.ca\/fr\/wp-json\/wp\/v2\/product\/40626","targetHints":{"allow":["GET"]}}],"collection":[{"href":"https:\/\/famaliving.ca\/fr\/wp-json\/wp\/v2\/product"}],"about":[{"href":"https:\/\/famaliving.ca\/fr\/wp-json\/wp\/v2\/types\/product"}],"version-history":[{"count":1,"href":"https:\/\/famaliving.ca\/fr\/wp-json\/wp\/v2\/product\/40626\/revisions"}],"predecessor-version":[{"id":41612,"href":"https:\/\/famaliving.ca\/fr\/wp-json\/wp\/v2\/product\/40626\/revisions\/41612"}],"wp:featuredmedia":[{"embeddable":true,"href":"https:\/\/famaliving.ca\/fr\/wp-json\/wp\/v2\/media\/37749"}],"wp:attachment":[{"href":"https:\/\/famaliving.ca\/fr\/wp-json\/wp\/v2\/media?parent=40626"}],"wp:term":[{"taxonomy":"product_brand","embeddable":true,"href":"https:\/\/famaliving.ca\/fr\/wp-json\/wp\/v2\/product_brand?post=40626"},{"taxonomy":"product_cat","embeddable":true,"href":"https:\/\/famaliving.ca\/fr\/wp-json\/wp\/v2\/product_cat?post=40626"},{"taxonomy":"product_tag","embeddable":true,"href":"https:\/\/famaliving.ca\/fr\/wp-json\/wp\/v2\/product_tag?post=40626"}],"curies":[{"name":"wp","href":"https:\/\/api.w.org\/{rel}","templated":true}]}}