{"id":40627,"date":"2025-04-29T12:02:24","date_gmt":"2025-04-29T16:02:24","guid":{"rendered":"https:\/\/famaliving.ca\/product\/canape-modulaire-inclinable-avalon\/"},"modified":"2025-04-29T15:05:30","modified_gmt":"2025-04-29T19:05:30","slug":"canape-modulaire-inclinable-avalon","status":"publish","type":"product","link":"https:\/\/famaliving.ca\/fr\/produit\/canape-modulaire-inclinable-avalon\/","title":{"rendered":"Canap\u00e9 modulaire inclinable Avalon"},"content":{"rendered":"<p><a tabindex=\"0\">Configuration et t\u00e9l\u00e9chargements<\/a><\/p>\n<p>T\u00e9l\u00e9chargez la documentation technique\u00a0: sch\u00e9mas, mesures, d\u00e9tails techniques, brochures et manuels.<\/p>\n<ul>\n<li><a href=\"https:\/\/famaliving.ca\/wp-content\/uploads\/sites\/29\/Avalon-Data-sheet-famaliving-Montreal.pdf\" target=\"_blank\" rel=\"noopener noreferrer\"> Avalon \u2013 Fiche technique <\/a><\/li>\n<li><a href=\"https:\/\/famaliving.ca\/wp-content\/uploads\/sites\/29\/Avalon-Sketch-famaliving-Montreal.pdf\" target=\"_blank\" rel=\"noopener noreferrer\"> Avalon \u2013 Croquis <\/a><\/li>\n<li><a href=\"https:\/\/famaliving.ca\/wp-content\/uploads\/sites\/29\/Avalon-Atlanta-Baltia-Assembly-instructions-famaliving-Montreal-2.pdf\" target=\"_blank\" rel=\"noopener noreferrer\"> Avalon \/ Atlanta \/ Baltia \u2013 Instructions d&rsquo;assemblage <\/a><\/li>\n<li><a href=\"https:\/\/famaliving.ca\/wp-content\/uploads\/sites\/29\/Avalon-Brochure-famaliving-Montreal.pdf\" target=\"_blank\" rel=\"noopener noreferrer\"> Avalon \u2013 Brochure <\/a><\/li>\n<li><a href=\"https:\/\/famaliving.ca\/wp-content\/uploads\/sites\/29\/TrainingBook-HomeCollection2021-Open-Smart-system-famaliving-Montreal-5.pdf\" target=\"_blank\" rel=\"noopener noreferrer\"> TrainingBook-HomeCollection2021-Open-Smart-system <\/a><\/li>\n<li><a href=\"https:\/\/famaliving.ca\/wp-content\/uploads\/sites\/29\/TrainingBook-HomeCollection2021-Programa-Relax-Total-famaliving-Montreal-5.pdf\" target=\"_blank\" rel=\"noopener noreferrer\"> TrainingBook-HomeCollection2021-Programa-Relax-Total <\/a><\/li>\n<li><a href=\"https:\/\/famaliving.ca\/wp-content\/uploads\/sites\/29\/Click-join-Instructions-famaliving-Montreal-1.pdf\" target=\"_blank\" rel=\"noopener noreferrer\"> Cliquez-rejoindre \u2013 Instructions <\/a><\/li>\n<\/ul>\n<p><strong>Explorez la configurabilit\u00e9 d&rsquo;Avalon avec notre <a href=\"\/fr\/3d\/\" target=\"_blank\" rel=\"noopener\">Simulation de conception 3D&gt;&gt;<\/a><\/strong><\/p>\n<p><a tabindex=\"0\">\u00c0 propos du produit<\/a><\/p>\n<p><strong>Canap\u00e9 modulaire inclinable Avalon<\/strong><\/p>\n<p><strong>Q\u00a0:\u00a0Qu&rsquo;est-ce que le canap\u00e9 modulaire inclinable Avalon\u00a0?<\/strong><\/p>\n<p>A\u00a0: Avalon red\u00e9finit les canap\u00e9s modulaires inclinables, avec un design unique qui s&rsquo;\u00e9carte des dossiers rabattables bas traditionnels. Son dossier, ses accoudoirs et ses pieds de 12 cm distinctifs conf\u00e8rent \u00e0 Avalon une personnalit\u00e9 unique, tandis que sa particularit\u00e9 est un confort ind\u00e9niable, pouvant accueillir aussi bien des personnes de grande taille que de petite taille.<\/p>\n<p><strong>Q\u00a0: Quelles configurations sont disponibles pour le canap\u00e9 modulaire inclinable Avalon\u00a0?<\/strong><\/p>\n<p>A : Le canap\u00e9 est disponible en modules rectangulaires, qui peuvent \u00eatre fixes ou inclinables.<\/p>\n<p><strong>Q\u00a0: Le canap\u00e9 modulaire inclinable Avalon est-il disponible comme fauteuil\u00a0?<\/strong><\/p>\n<p>A\u00a0: Oui, ce canap\u00e9 est disponible en fauteuil.<\/p>\n<p><strong>Q\u00a0: Puis-je personnaliser le canap\u00e9 modulaire inclinable Avalon avec des fonctionnalit\u00e9s suppl\u00e9mentaires\u00a0?<\/strong><\/p>\n<p>A\u00a0: Oui, vous pouvez inclure des coussins de dossier et des coussins lombaires. De plus, des options d&rsquo;inclinaison aliment\u00e9es par batterie sont disponibles pour am\u00e9liorer la configuration.<\/p>\n<p><strong>Q\u00a0: Quelles sont les dimensions du canap\u00e9 modulaire inclinable Avalon\u00a0?<\/strong><\/p>\n<p>A : La hauteur d&rsquo;assise est de 46 cm, pour une profondeur totale de 95 cm et une hauteur totale de 104 cm.<\/p>\n<p><strong>Q\u00a0: Quelles sont les options de pieds et d&rsquo;accoudoirs pour le canap\u00e9 modulaire inclinable Avalon\u00a0?<\/strong><\/p>\n<p>A\u00a0: Il propose sept styles de jambes\u00a0: Wave, Dune, Jazz, Sunset, Avalon, Babylon et Cali. Le pied par d\u00e9faut est gris anthracite, mais d&rsquo;autres options incluent le pied en m\u00e9tal \u00ab Z \u00bb en anthracite, le pied en bois \u00ab Y \u00bb en naturel, noyer ou weng\u00e9 et le pied en m\u00e9tal \u00ab O \u00bb en chrome ou anthracite.<\/p>\n<p><strong>Q\u00a0: Y a-t-il des augmentations de prix pour la personnalisation\u00a0?<\/strong><\/p>\n<p>A\u00a0: Oui, des augmentations de prix s&rsquo;appliquent pour les options aliment\u00e9es par batterie.<\/p>\n<p><strong>Q\u00a0: Y a-t-il des d\u00e9tails uniques sur le canap\u00e9 modulaire inclinable Avalon\u00a0?<\/strong><\/p>\n<p>A\u00a0: Le type de jambes disponibles change en fonction du bras choisi.<\/p>\n<p><a tabindex=\"0\">Options du produit<\/a><\/p>\n<p><strong>Compte tenu de la grande polyvalence et des nombreuses options de personnalisation disponibles pour ce meuble, nous vous conseillons fortement de vous connecter et d&rsquo;utiliser le bouton \u00ab\u00a0Ajouter au devis\u00a0\u00bb.<\/strong><\/p>\n","protected":false},"excerpt":{"rendered":"<p>Avalon est un nouveau fauteuil modulaire inclinable qui s&rsquo;\u00e9loigne du design conventionnel des canap\u00e9s \u00e0 dossier bas rabattable. Contrairement \u00e0 la majorit\u00e9 des tendances impos\u00e9es par le march\u00e9, nous avons souhait\u00e9 cr\u00e9er un dossier aux dimensions g\u00e9n\u00e9reuses que nous avons dot\u00e9 d&rsquo;un nouvel effet bouton inspir\u00e9 des dossiers boutonn\u00e9s en losange des ann\u00e9es 70. Ce dossier, ainsi que le design des accoudoirs et du pied de 12 cm, font d&rsquo;Avalon un mod\u00e8le diff\u00e9rent avec une grande personnalit\u00e9. C&rsquo;est un best-seller pour FAMA. Peut \u00eatre command\u00e9 comme fauteuil ou comme canap\u00e9 dans diff\u00e9rentes largeurs disponibles. Plus de 500 choix de tissus\u00a0!<\/p>\n","protected":false},"featured_media":36825,"template":"","meta":{"_acf_changed":false,"site-sidebar-layout":"default","site-content-layout":"","ast-site-content-layout":"default","site-content-style":"default","site-sidebar-style":"default","ast-global-header-display":"","ast-banner-title-visibility":"","ast-main-header-display":"","ast-hfb-above-header-display":"","ast-hfb-below-header-display":"","ast-hfb-mobile-header-display":"","site-post-title":"","ast-breadcrumbs-content":"","ast-featured-img":"","footer-sml-layout":"","ast-disable-related-posts":"","theme-transparent-header-meta":"default","adv-header-id-meta":"","stick-header-meta":"default","header-above-stick-meta":"","header-main-stick-meta":"","header-below-stick-meta":"","astra-migrate-meta-layouts":"set","ast-page-background-enabled":"default","ast-page-background-meta":{"desktop":{"background-color":"var(--ast-global-color-4)","background-image":"","background-repeat":"repeat","background-position":"center center","background-size":"auto","background-attachment":"scroll","background-type":"","background-media":"","overlay-type":"","overlay-color":"","overlay-opacity":"","overlay-gradient":""},"tablet":{"background-color":"","background-image":"","background-repeat":"repeat","background-position":"center center","background-size":"auto","background-attachment":"scroll","background-type":"","background-media":"","overlay-type":"","overlay-color":"","overlay-opacity":"","overlay-gradient":""},"mobile":{"background-color":"","background-image":"","background-repeat":"repeat","background-position":"center center","background-size":"auto","background-attachment":"scroll","background-type":"","background-media":"","overlay-type":"","overlay-color":"","overlay-opacity":"","overlay-gradient":""}},"ast-content-background-meta":{"desktop":{"background-color":"var(--ast-global-color-5)","background-image":"","background-repeat":"repeat","background-position":"center center","background-size":"auto","background-attachment":"scroll","background-type":"","background-media":"","overlay-type":"","overlay-color":"","overlay-opacity":"","overlay-gradient":""},"tablet":{"background-color":"var(--ast-global-color-5)","background-image":"","background-repeat":"repeat","background-position":"center center","background-size":"auto","background-attachment":"scroll","background-type":"","background-media":"","overlay-type":"","overlay-color":"","overlay-opacity":"","overlay-gradient":""},"mobile":{"background-color":"var(--ast-global-color-5)","background-image":"","background-repeat":"repeat","background-position":"center center","background-size":"auto","background-attachment":"scroll","background-type":"","background-media":"","overlay-type":"","overlay-color":"","overlay-opacity":"","overlay-gradient":""}}},"product_brand":[],"product_cat":[77],"product_tag":[79,81],"class_list":{"0":"post-40627","1":"product","2":"type-product","3":"status-publish","4":"has-post-thumbnail","6":"product_cat-canape","7":"product_tag-a-partir-de","8":"product_tag-moderne","9":"desktop-align-center","10":"tablet-align-left","11":"mobile-align-left","13":"first","14":"instock","15":"sold-individually","16":"shipping-taxable","17":"purchasable","18":"product-type-variable"},"acf":[],"_links":{"self":[{"href":"https:\/\/famaliving.ca\/fr\/wp-json\/wp\/v2\/product\/40627","targetHints":{"allow":["GET"]}}],"collection":[{"href":"https:\/\/famaliving.ca\/fr\/wp-json\/wp\/v2\/product"}],"about":[{"href":"https:\/\/famaliving.ca\/fr\/wp-json\/wp\/v2\/types\/product"}],"version-history":[{"count":1,"href":"https:\/\/famaliving.ca\/fr\/wp-json\/wp\/v2\/product\/40627\/revisions"}],"predecessor-version":[{"id":41611,"href":"https:\/\/famaliving.ca\/fr\/wp-json\/wp\/v2\/product\/40627\/revisions\/41611"}],"wp:featuredmedia":[{"embeddable":true,"href":"https:\/\/famaliving.ca\/fr\/wp-json\/wp\/v2\/media\/36825"}],"wp:attachment":[{"href":"https:\/\/famaliving.ca\/fr\/wp-json\/wp\/v2\/media?parent=40627"}],"wp:term":[{"taxonomy":"product_brand","embeddable":true,"href":"https:\/\/famaliving.ca\/fr\/wp-json\/wp\/v2\/product_brand?post=40627"},{"taxonomy":"product_cat","embeddable":true,"href":"https:\/\/famaliving.ca\/fr\/wp-json\/wp\/v2\/product_cat?post=40627"},{"taxonomy":"product_tag","embeddable":true,"href":"https:\/\/famaliving.ca\/fr\/wp-json\/wp\/v2\/product_tag?post=40627"}],"curies":[{"name":"wp","href":"https:\/\/api.w.org\/{rel}","templated":true}]}}