{"id":40628,"date":"2025-04-29T12:02:28","date_gmt":"2025-04-29T16:02:28","guid":{"rendered":"https:\/\/famaliving.ca\/product\/canape-moderne-astoria\/"},"modified":"2025-04-29T15:05:17","modified_gmt":"2025-04-29T19:05:17","slug":"canape-moderne-astoria","status":"publish","type":"product","link":"https:\/\/famaliving.ca\/fr\/produit\/canape-moderne-astoria\/","title":{"rendered":"Canap\u00e9 moderne Astoria"},"content":{"rendered":"<p><svg xmlns=\"http:\/\/www.w3.org\/2000\/svg\"><path d=\"M416 208H272V64c0-17.67-14.33-32-32-32h-32c-17.67 0-32 14.33-32 32v144H32c-17.67 0-32 14.33-32 32v32c0 17.67 14.33 32 32 32h144v144c0 17.67 14.33 32 32 32h32c17.67 0 32-14.33 32-32V304h144c17.67 0 32-14.33 32-32v-32c0-17.67-14.33-32-32-32z\"><\/path><\/svg><br \/>\n <svg xmlns=\"http:\/\/www.w3.org\/2000\/svg\"><path d=\"M416 208H32c-17.67 0-32 14.33-32 32v32c0 17.67 14.33 32 32 32h384c17.67 0 32-14.33 32-32v-32c0-17.67-14.33-32-32-32z\"><\/path><\/svg><br \/>\n <a>\u00c0 propos du produit<\/a><\/p>\n<p><strong>Canap\u00e9 moderne Astoria<\/strong><\/p>\n<p><strong>Q\u00a0: Qu&rsquo;est-ce que le canap\u00e9 moderne Astoria\u00a0?<\/strong><br \/>R\u00a0: L&rsquo;Astoria est un <strong>canap\u00e9 de haute qualit\u00e9<\/strong> de Fama, incarnant leur engagement en mati\u00e8re de style et de confort. Ce <strong>canap\u00e9 europ\u00e9en<\/strong> pr\u00e9sente un design \u00e9l\u00e9gant avec des accoudoirs incurv\u00e9s \u00e9l\u00e9gants et est disponible dans des configurations modulaires pour s&rsquo;adapter \u00e0 une vari\u00e9t\u00e9 de tailles et d&rsquo;agencements de pi\u00e8ces.<\/p>\n<p><strong>Q\u00a0: Qu&rsquo;est-ce qui rend le canap\u00e9 moderne Astoria unique\u00a0?<\/strong><br \/>R\u00a0: L&rsquo;Astoria se distingue par son design de <strong>canap\u00e9 capitonn\u00e9<\/strong> et son syst\u00e8me d&rsquo;accoudoirs incurv\u00e9s distinctif, qui s&rsquo;int\u00e8gre parfaitement dans l&rsquo;apparence g\u00e9n\u00e9rale. Cela offre une esth\u00e9tique moderne et coh\u00e9rente tout en assurant un confort exceptionnel.<\/p>\n<p><strong>Q\u00a0: Puis-je configurer le canap\u00e9 moderne Astoria en fonction de mes besoins\u00a0?<\/strong><br \/>R\u00a0: Oui, l&rsquo;Astoria est hautement personnalisable et est livr\u00e9 avec des coussins d&rsquo;accoudoirs et des coussins lombaires pour plus de confort. Vous pouvez \u00e9galement ajouter des repose-pieds pour compl\u00e9ter la disposition de votre choix et cr\u00e9er la disposition parfaite des si\u00e8ges.<\/p>\n<p><strong>Q\u00a0: Quelles sont les options de pieds et d&rsquo;accoudoirs pour le canap\u00e9 moderne Astoria\u00a0?<\/strong><br \/>A\u00a0: Les accoudoirs de l&rsquo;Astoria sont enti\u00e8rement int\u00e9gr\u00e9s dans la conception du canap\u00e9. Pour les pieds, vous pouvez choisir entre le noyer, le bois naturel ou le mod\u00e8le \u00ab Y \u00bb. option bois, disponible en noyer et finitions naturelles.<\/p>\n<p><strong>Q\u00a0: Existe-t-il des options de personnalisation suppl\u00e9mentaires sur le canap\u00e9 moderne Astoria\u00a0?<\/strong><br \/>R\u00a0: Oui, l&rsquo;Astoria propose une personnalisation avec des options d&rsquo;inclinaison \u00e9lectrique, y compris des batteries, pour ceux qui recherchent plus de commodit\u00e9 et de luxe.<\/p>\n<p> <svg xmlns=\"http:\/\/www.w3.org\/2000\/svg\"><path d=\"M416 208H272V64c0-17,67-14,33-32-32-32h-32c-17,67 0-32 14,33-32 32v144H32c-17,67 0-32 14,33-32 32v32c0 17,67 14,33 32 32 32h144v144c0 17,67 14,33 32 32 32h32c17,67 0 32-14,33 32-32V304h144c17,67 0 32-14,33 32-32v-32c0-17.67-14.33-32-32-32z\"><\/path><\/svg><br \/>\n <svg xmlns=\"http:\/\/www.w3.org\/2000\/svg\"><path d=\"M416 208H32c-17.67 0-32 14.33-32 32v32c0 17.67 14.33 32 32 32h384c17.67 0 32-14.33 32-32v-32c0-17.67-14.33-32-32-32z\"><\/path><\/svg><br \/>\n <a>Options de produit<\/a><\/p>\n<h3><strong>Pr\u00e9sentation du canap\u00e9 moderne Astoria \u2013 Un m\u00e9lange parfait de \u00c9l\u00e9gance et confort<\/strong><\/h3>\n<p>Le <strong>canap\u00e9 Astoria<\/strong> de Fama est bien plus qu&rsquo;un simple agencement de si\u00e8ges. Il repr\u00e9sente la fusion id\u00e9ale du design europ\u00e9en et de l&rsquo;artisanat contemporain, offrant un m\u00e9lange unique de confort et de sophistication. Avec ses lignes \u00e9pur\u00e9es et ses fonctionnalit\u00e9s modulables, le <strong>canap\u00e9 Astoria<\/strong> s&rsquo;int\u00e8gre parfaitement dans tout espace de vie moderne. Que vous recherchiez un <strong>canap\u00e9 de haute qualit\u00e9<\/strong> ou un <strong>canap\u00e9 europ\u00e9en<\/strong> pour compl\u00e9ter votre int\u00e9rieur, l&rsquo;Astoria est con\u00e7u pour r\u00e9pondre \u00e0 vos besoins sp\u00e9cifiques tout en y ajoutant une touche d&rsquo;\u00e9l\u00e9gance. <a href=\"https:\/\/famaliving.ca\/blog\/modern-sofa-astoria-luxury-living-room-furniture\/\">Lire la suite<\/a><\/p>\n<p> <svg xmlns=\"http:\/\/www.w3.org\/2000\/svg\"><path d=\"M416 208H272V64c0-17,67-14,33-32-32-32h-32c-17,67 0-32 14,33-32 32v144H32c-17,67 0-32 14,33-32 32v32c0 17,67 14,33 32 32 32h144v144c0 17,67 14,33 32 32 32h32c17,67 0 32-14,33 32-32V304h144c17,67 0 32-14,33 32-32v-32c0-17.67-14.33-32-32-32z\"><\/path><\/svg><br \/>\n <svg xmlns=\"http:\/\/www.w3.org\/2000\/svg\"><path d=\"M416 208H32c-17.67 0-32 14.33-32 32v32c0 17.67 14.33 32 32 32h384c17.67 0 32-14.33 32-32v-32c0-17.67-14.33-32-32-32z\"><\/path><\/svg><br \/>\n <a>T\u00e9l\u00e9chargements (PDF)<\/a><\/p>\n<p>T\u00e9l\u00e9charger la documentation technique : sch\u00e9mas, mesures, d\u00e9tails techniques, brochures et manuels.<\/p>\n<ul>\n<li><a href=\"https:\/\/famasofas.com\/storage\/media\/files\/shares\/fichas tecnicas\/ASTORIA\/ASTORIA_EN.pdf\" target=\"_blank\" rel=\"noopener\">Astoria &#038;#8211\u00a0; Fiche technique<\/a><\/li>\n<li><a href=\"https:\/\/famasofas.com\/storage\/media\/files\/shares\/croquis\/ASTORIA Rv03.pdf\" target=\"_blank\" rel=\"noopener\">Astoria &#8211; Croquis<\/a><\/li>\n<li><a href=\"https:\/\/famasofas.com\/storage\/media\/files\/shares\/instrucciones\/ASTORIA\/FOLLETO_Instrucci\u00f3n pata de metal_ASTORIA_EN.pdf\" target=\"_blank\" rel=\"noopener\">Astoria &#8211; Instructions<\/a><\/li>\n<li><a href=\"https:\/\/famasofas.com\/storage\/media\/files\/shares\/folletos\/Astoria_2017.pdf\" target=\"_blank\" rel=\"noopener\">Astoria &#038;#8211\u00a0; Informations<\/a><\/li>\n<\/ul>\n","protected":false},"excerpt":{"rendered":"<p>Astoria incarne l\u2019engagement de Fama en faveur du mobilier contemporain europ\u00e9en de premier plan.<\/p>\n","protected":false},"featured_media":36745,"template":"","meta":{"_acf_changed":false,"site-sidebar-layout":"default","site-content-layout":"","ast-site-content-layout":"default","site-content-style":"default","site-sidebar-style":"default","ast-global-header-display":"","ast-banner-title-visibility":"","ast-main-header-display":"","ast-hfb-above-header-display":"","ast-hfb-below-header-display":"","ast-hfb-mobile-header-display":"","site-post-title":"","ast-breadcrumbs-content":"","ast-featured-img":"","footer-sml-layout":"","ast-disable-related-posts":"","theme-transparent-header-meta":"default","adv-header-id-meta":"","stick-header-meta":"default","header-above-stick-meta":"","header-main-stick-meta":"","header-below-stick-meta":"","astra-migrate-meta-layouts":"set","ast-page-background-enabled":"default","ast-page-background-meta":{"desktop":{"background-color":"var(--ast-global-color-4)","background-image":"","background-repeat":"repeat","background-position":"center center","background-size":"auto","background-attachment":"scroll","background-type":"","background-media":"","overlay-type":"","overlay-color":"","overlay-opacity":"","overlay-gradient":""},"tablet":{"background-color":"","background-image":"","background-repeat":"repeat","background-position":"center center","background-size":"auto","background-attachment":"scroll","background-type":"","background-media":"","overlay-type":"","overlay-color":"","overlay-opacity":"","overlay-gradient":""},"mobile":{"background-color":"","background-image":"","background-repeat":"repeat","background-position":"center center","background-size":"auto","background-attachment":"scroll","background-type":"","background-media":"","overlay-type":"","overlay-color":"","overlay-opacity":"","overlay-gradient":""}},"ast-content-background-meta":{"desktop":{"background-color":"var(--ast-global-color-5)","background-image":"","background-repeat":"repeat","background-position":"center center","background-size":"auto","background-attachment":"scroll","background-type":"","background-media":"","overlay-type":"","overlay-color":"","overlay-opacity":"","overlay-gradient":""},"tablet":{"background-color":"var(--ast-global-color-5)","background-image":"","background-repeat":"repeat","background-position":"center center","background-size":"auto","background-attachment":"scroll","background-type":"","background-media":"","overlay-type":"","overlay-color":"","overlay-opacity":"","overlay-gradient":""},"mobile":{"background-color":"var(--ast-global-color-5)","background-image":"","background-repeat":"repeat","background-position":"center center","background-size":"auto","background-attachment":"scroll","background-type":"","background-media":"","overlay-type":"","overlay-color":"","overlay-opacity":"","overlay-gradient":""}}},"product_brand":[],"product_cat":[77],"product_tag":[79,81],"class_list":{"0":"post-40628","1":"product","2":"type-product","3":"status-publish","4":"has-post-thumbnail","6":"product_cat-canape","7":"product_tag-a-partir-de","8":"product_tag-moderne","9":"desktop-align-center","10":"tablet-align-left","11":"mobile-align-left","13":"first","14":"instock","15":"sold-individually","16":"shipping-taxable","17":"purchasable","18":"product-type-variable"},"acf":[],"_links":{"self":[{"href":"https:\/\/famaliving.ca\/fr\/wp-json\/wp\/v2\/product\/40628","targetHints":{"allow":["GET"]}}],"collection":[{"href":"https:\/\/famaliving.ca\/fr\/wp-json\/wp\/v2\/product"}],"about":[{"href":"https:\/\/famaliving.ca\/fr\/wp-json\/wp\/v2\/types\/product"}],"version-history":[{"count":1,"href":"https:\/\/famaliving.ca\/fr\/wp-json\/wp\/v2\/product\/40628\/revisions"}],"predecessor-version":[{"id":41610,"href":"https:\/\/famaliving.ca\/fr\/wp-json\/wp\/v2\/product\/40628\/revisions\/41610"}],"wp:featuredmedia":[{"embeddable":true,"href":"https:\/\/famaliving.ca\/fr\/wp-json\/wp\/v2\/media\/36745"}],"wp:attachment":[{"href":"https:\/\/famaliving.ca\/fr\/wp-json\/wp\/v2\/media?parent=40628"}],"wp:term":[{"taxonomy":"product_brand","embeddable":true,"href":"https:\/\/famaliving.ca\/fr\/wp-json\/wp\/v2\/product_brand?post=40628"},{"taxonomy":"product_cat","embeddable":true,"href":"https:\/\/famaliving.ca\/fr\/wp-json\/wp\/v2\/product_cat?post=40628"},{"taxonomy":"product_tag","embeddable":true,"href":"https:\/\/famaliving.ca\/fr\/wp-json\/wp\/v2\/product_tag?post=40628"}],"curies":[{"name":"wp","href":"https:\/\/api.w.org\/{rel}","templated":true}]}}