{"id":40630,"date":"2025-04-29T12:02:37","date_gmt":"2025-04-29T16:02:37","guid":{"rendered":"https:\/\/famaliving.ca\/product\/canape-sectionnel-moderne-panky\/"},"modified":"2025-04-29T15:25:07","modified_gmt":"2025-04-29T19:25:07","slug":"canape-sectionnel-moderne-panky","status":"publish","type":"product","link":"https:\/\/famaliving.ca\/fr\/produit\/canape-sectionnel-moderne-panky\/","title":{"rendered":"Canap\u00e9 sectionnel moderne Panky"},"content":{"rendered":"<p><a>Configuration et t\u00e9l\u00e9chargements<\/a><\/p>\n<p>T\u00e9l\u00e9chargez la documentation technique\u00a0: sch\u00e9mas, mesures, d\u00e9tails techniques, brochures et manuels.<\/p>\n<ul>\n<li><a href=\"https:\/\/famaliving.ca\/wp-content\/uploads\/sites\/29\/Panky-Data-sheet-famaliving-Montreal.pdf\" target=\"_blank\" rel=\"noopener noreferrer\"> Panky \u2013 Fiche technique <\/a><\/li>\n<li><a href=\"https:\/\/famaliving.ca\/wp-content\/uploads\/sites\/29\/Panky-Sketch-famaliving-Montreal.pdf\" target=\"_blank\" rel=\"noopener noreferrer\"> Panky \u2013 Croquis <\/a><\/li>\n<li><a href=\"https:\/\/famaliving.ca\/wp-content\/uploads\/sites\/29\/Panky-Instructions-famaliving-Montreal.pdf\" target=\"_blank\" rel=\"noopener noreferrer\"> Panky \u2013 Instructions <\/a><\/li>\n<li><a href=\"https:\/\/famaliving.ca\/wp-content\/uploads\/sites\/29\/Panky-Information-famaliving-Montreal.pdf\" target=\"_blank\" rel=\"noopener noreferrer\"> Panky \u2013 Informations <\/a><\/li>\n<\/ul>\n<p><strong>Explorez la configurabilit\u00e9 de Panky avec notre <a href=\"\/fr\/3d\/\" target=\"_blank\" rel=\"noopener\">Simulation de conception 3D&gt;&gt;<\/a><\/strong><\/p>\n<p><a>\u00c0 propos du produit<\/a><\/p>\n<p><strong>Q\u00a0: Qu&rsquo;est-ce que le canap\u00e9 sectionnel moderne Panky\u00a0?<\/strong><\/p>\n<p>A\u00a0: Le canap\u00e9 sectionnel Panky est un design moderne et polyvalent de Famaliving. Ses lignes \u00e9pur\u00e9es et son look contemporain le rendent id\u00e9al pour les espaces de vie urbains, offrant \u00e0 la fois confort et flexibilit\u00e9 gr\u00e2ce \u00e0 ses options de configuration modulaire. Ce <strong>canap\u00e9 durable<\/strong> est parfait pour un usage quotidien tout en conservant son aspect \u00e9l\u00e9gant.<\/p>\n<p><strong>Q\u00a0:\u00a0Qu&rsquo;est-ce qui rend le canap\u00e9 sectionnel moderne Panky unique\u00a0?<\/strong><\/p>\n<p>A\u00a0: Le Panky se d\u00e9marque par son design \u00e9l\u00e9gant et ses capacit\u00e9s <strong>modulaires<\/strong>, vous permettant de configurer le sectionnel de plusieurs fa\u00e7ons pour l&rsquo;adapter \u00e0 votre espace. Son esth\u00e9tique minimaliste est id\u00e9ale pour les int\u00e9rieurs modernes, tout en offrant de nombreux si\u00e8ges comme un <strong>grand canap\u00e9 en forme de L<\/strong>, parfait pour se d\u00e9tendre et se divertir.<\/p>\n<p><strong>Q\u00a0: Puis-je personnaliser le canap\u00e9 sectionnel moderne Panky avec des accessoires\u00a0?<\/strong><\/p>\n<p>A\u00a0: Oui, le sectionnel Panky est hautement personnalisable. Vous pouvez choisir parmi plus de 500 options de tissus, y compris des s\u00e9lections de <strong>canap\u00e9s color\u00e9s<\/strong>, et ajouter des accessoires comme des coussins et des repose-pieds pour cr\u00e9er un look personnalis\u00e9 qui correspond \u00e0 votre d\u00e9cor.<\/p>\n<p><strong>Q\u00a0: Quelles sont les caract\u00e9ristiques d&rsquo;assise du canap\u00e9 sectionnel moderne Panky\u00a0?<\/strong><\/p>\n<p>A\u00a0: Le Panky offre des si\u00e8ges profonds et <strong>confortables<\/strong> avec des coussins moelleux con\u00e7us pour la d\u00e9tente. Sa nature modulaire vous permet d&rsquo;agencer le canap\u00e9 dans diverses configurations, le rendant adaptable \u00e0 diff\u00e9rentes configurations et besoins de pi\u00e8ces, que ce soit pour se pr\u00e9lasser ou se divertir.<\/p>\n<p><strong>Q\u00a0: Existe-t-il diff\u00e9rentes options de pieds pour le canap\u00e9 sectionnel moderne Panky\u00a0?<\/strong><\/p>\n<p>A\u00a0: L&rsquo;option de pied par d\u00e9faut pour le Panky est une finition m\u00e9tallique \u00e9l\u00e9gante, qui compl\u00e8te son design moderne. Cependant, vous pouvez personnaliser les pieds avec diff\u00e9rents mat\u00e9riaux et finitions pour les adapter \u00e0 votre style personnel.<\/p>\n<p><strong>Q\u00a0: Quelles sont les dimensions du canap\u00e9 sectionnel moderne Panky\u00a0?<\/strong><\/p>\n<p>A\u00a0: La hauteur du si\u00e8ge est de 44 cm (17,32 pouces), avec une profondeur totale de 100 cm (39,37 pouces) et une hauteur totale de 86 cm (33,86 pouces).<\/p>\n<p><strong>Q\u00a0: Un rev\u00eatement en cuir est-il disponible pour le canap\u00e9 sectionnel moderne Panky\u00a0?<\/strong><\/p>\n<p>A\u00a0: Oui, un rev\u00eatement en cuir est disponible pour le canap\u00e9 sectionnel Panky, mais il entra\u00eene un co\u00fbt suppl\u00e9mentaire. Alternativement, vous pouvez choisir parmi une large gamme de tissus pour cr\u00e9er un <strong>canap\u00e9 color\u00e9<\/strong> ou un design qui correspond \u00e0 vos pr\u00e9f\u00e9rences.<\/p>\n<p><strong>Q\u00a0: Comment puis-je personnaliser la configuration modulaire du canap\u00e9 sectionnel moderne Panky\u00a0?<\/strong><\/p>\n<p>A\u00a0: Le sectionnel Panky peut \u00eatre personnalis\u00e9 avec divers modules pour cr\u00e9er un am\u00e9nagement adapt\u00e9 \u00e0 votre espace. Que vous souhaitiez un am\u00e9nagement d&rsquo;angle douillet ou un <strong>grand canap\u00e9 en forme de L<\/strong>, le Panky peut \u00eatre adapt\u00e9 \u00e0 vos besoins sp\u00e9cifiques, offrant \u00e0 la fois confort et polyvalence.<\/p>\n<p><a>Options du produit<\/a><\/p>\n<h3><strong>Pr\u00e9sentation du canap\u00e9 sectionnel moderne Panky \u2013 Un ajout polyvalent et \u00e9l\u00e9gant \u00e0 n&rsquo;importe quelle maison<\/strong><\/h3>\n<p>Le <strong>canap\u00e9 sectionnel Panky<\/strong> de Famaliving est la quintessence du design moderne et de la fonctionnalit\u00e9 polyvalente. Con\u00e7u pour la vie urbaine contemporaine, le Panky offre des lignes \u00e9pur\u00e9es et une esth\u00e9tique \u00e9l\u00e9gante et minimaliste qui se marie parfaitement avec les int\u00e9rieurs modernes. Cependant, ce n&rsquo;est pas seulement son design \u00e9l\u00e9gant qui distingue le Panky\u00a0: ce <strong>canap\u00e9 durable<\/strong> met \u00e9galement l&rsquo;adaptabilit\u00e9 et la personnalisation au premier plan, ce qui le rend id\u00e9al pour ceux qui souhaitent adapter leurs meubles \u00e0 leur espace unique. <a href=\"https:\/\/famaliving.ca\/blog\/modern-sectional-sofa-panky-luxury-living-room-design\/\">Lire la suite<\/a><\/p>\n","protected":false},"excerpt":{"rendered":"<p>Panky a de jolis dossiers en forme de contour soutenus par une base plate (la base a un effet bouton).<\/p>\n","protected":false},"featured_media":37933,"template":"","meta":{"_acf_changed":false,"site-sidebar-layout":"default","site-content-layout":"","ast-site-content-layout":"default","site-content-style":"default","site-sidebar-style":"default","ast-global-header-display":"","ast-banner-title-visibility":"","ast-main-header-display":"","ast-hfb-above-header-display":"","ast-hfb-below-header-display":"","ast-hfb-mobile-header-display":"","site-post-title":"","ast-breadcrumbs-content":"","ast-featured-img":"","footer-sml-layout":"","ast-disable-related-posts":"","theme-transparent-header-meta":"default","adv-header-id-meta":"","stick-header-meta":"default","header-above-stick-meta":"","header-main-stick-meta":"","header-below-stick-meta":"","astra-migrate-meta-layouts":"set","ast-page-background-enabled":"default","ast-page-background-meta":{"desktop":{"background-color":"var(--ast-global-color-4)","background-image":"","background-repeat":"repeat","background-position":"center center","background-size":"auto","background-attachment":"scroll","background-type":"","background-media":"","overlay-type":"","overlay-color":"","overlay-opacity":"","overlay-gradient":""},"tablet":{"background-color":"","background-image":"","background-repeat":"repeat","background-position":"center center","background-size":"auto","background-attachment":"scroll","background-type":"","background-media":"","overlay-type":"","overlay-color":"","overlay-opacity":"","overlay-gradient":""},"mobile":{"background-color":"","background-image":"","background-repeat":"repeat","background-position":"center center","background-size":"auto","background-attachment":"scroll","background-type":"","background-media":"","overlay-type":"","overlay-color":"","overlay-opacity":"","overlay-gradient":""}},"ast-content-background-meta":{"desktop":{"background-color":"var(--ast-global-color-5)","background-image":"","background-repeat":"repeat","background-position":"center center","background-size":"auto","background-attachment":"scroll","background-type":"","background-media":"","overlay-type":"","overlay-color":"","overlay-opacity":"","overlay-gradient":""},"tablet":{"background-color":"var(--ast-global-color-5)","background-image":"","background-repeat":"repeat","background-position":"center center","background-size":"auto","background-attachment":"scroll","background-type":"","background-media":"","overlay-type":"","overlay-color":"","overlay-opacity":"","overlay-gradient":""},"mobile":{"background-color":"var(--ast-global-color-5)","background-image":"","background-repeat":"repeat","background-position":"center center","background-size":"auto","background-attachment":"scroll","background-type":"","background-media":"","overlay-type":"","overlay-color":"","overlay-opacity":"","overlay-gradient":""}}},"product_brand":[],"product_cat":[77],"product_tag":[79,81],"class_list":{"0":"post-40630","1":"product","2":"type-product","3":"status-publish","4":"has-post-thumbnail","6":"product_cat-canape","7":"product_tag-a-partir-de","8":"product_tag-moderne","9":"desktop-align-center","10":"tablet-align-left","11":"mobile-align-left","13":"first","14":"instock","15":"sold-individually","16":"shipping-taxable","17":"purchasable","18":"product-type-variable"},"acf":[],"_links":{"self":[{"href":"https:\/\/famaliving.ca\/fr\/wp-json\/wp\/v2\/product\/40630","targetHints":{"allow":["GET"]}}],"collection":[{"href":"https:\/\/famaliving.ca\/fr\/wp-json\/wp\/v2\/product"}],"about":[{"href":"https:\/\/famaliving.ca\/fr\/wp-json\/wp\/v2\/types\/product"}],"version-history":[{"count":1,"href":"https:\/\/famaliving.ca\/fr\/wp-json\/wp\/v2\/product\/40630\/revisions"}],"predecessor-version":[{"id":41608,"href":"https:\/\/famaliving.ca\/fr\/wp-json\/wp\/v2\/product\/40630\/revisions\/41608"}],"wp:featuredmedia":[{"embeddable":true,"href":"https:\/\/famaliving.ca\/fr\/wp-json\/wp\/v2\/media\/37933"}],"wp:attachment":[{"href":"https:\/\/famaliving.ca\/fr\/wp-json\/wp\/v2\/media?parent=40630"}],"wp:term":[{"taxonomy":"product_brand","embeddable":true,"href":"https:\/\/famaliving.ca\/fr\/wp-json\/wp\/v2\/product_brand?post=40630"},{"taxonomy":"product_cat","embeddable":true,"href":"https:\/\/famaliving.ca\/fr\/wp-json\/wp\/v2\/product_cat?post=40630"},{"taxonomy":"product_tag","embeddable":true,"href":"https:\/\/famaliving.ca\/fr\/wp-json\/wp\/v2\/product_tag?post=40630"}],"curies":[{"name":"wp","href":"https:\/\/api.w.org\/{rel}","templated":true}]}}