{"id":40632,"date":"2024-01-08T11:26:31","date_gmt":"2024-01-08T16:26:31","guid":{"rendered":"https:\/\/famaliving.ca\/product\/valentina-contemporaine\/"},"modified":"2025-04-29T15:30:06","modified_gmt":"2025-04-29T19:30:06","slug":"valentina-contemporaine","status":"publish","type":"product","link":"https:\/\/famaliving.ca\/fr\/produit\/valentina-contemporaine\/","title":{"rendered":"Valentina contemporaine"},"content":{"rendered":"<p><svg xmlns=\"http:\/\/www.w3.org\/2000\/svg\"><path d=\"M416 208H272V64c0-17.67-14.33-32-32-32h-32c-17.67 0-32 14.33-32 32v144H32c-17.67 0-32 14.33-32 32v32c0 17.67 14.33 32 32 32h144v144c0 17.67 14.33 32 32 32h32c17.67 0 32-14.33 32-32V304h144c17.67 0 32-14.33 32-32v-32c0-17.67-14.33-32-32-32z\"><\/path><\/svg><br \/>\n <svg xmlns=\"http:\/\/www.w3.org\/2000\/svg\"><path d=\"M416 208H32c-17.67 0-32 14.33-32 32v32c0 17.67 14.33 32 32 32h384c17.67 0 32-14.33 32-32v-32c0-17.67-14.33-32-32-32z\"><\/path><\/svg><br \/>\n <a>Configuration et t\u00e9l\u00e9chargements<\/a><\/p>\n<p>T\u00e9l\u00e9charger la documentation technique documentation\u00a0: sch\u00e9mas, mesures, d\u00e9tails techniques, brochures et manuels.<\/p>\n<ul>\n<li><a href=\"https:\/\/famaliving.ca\/wp-content\/uploads\/sites\/29\/Valentina-\u2013-Data-sheet-Famaliving-Montreal.pdf\" target=\"_blank\" rel=\"noopener\">Valentina &#038;#8211\u00a0; Fiche technique<\/a><\/li>\n<li><a href=\"https:\/\/famaliving.ca\/wp-content\/uploads\/sites\/29\/Valentina-\u2013-Sketch-Famaliving-Montreal.pdf\" target=\"_blank\" rel=\"noopener\">Valentina &#8211; Croquis<\/a><\/li>\n<li><a href=\"https:\/\/famaliving.ca\/wp-content\/uploads\/sites\/29\/Valentina-\u2013-Instructions-Famaliving-Montreal.pdf\" target=\"_blank\" rel=\"noopener\">Valentina &#8211; Instructions<\/a><\/li>\n<li><a href=\"https:\/\/famaliving.ca\/wp-content\/uploads\/sites\/29\/Valentina-\u2013-Information-Famaliving-Montreal.pdf\" target=\"_blank\" rel=\"noopener\">Valentina &#8211; Informations<\/a><\/li>\n<\/ul>\n<p><strong>Explorez la configurabilit\u00e9 de Valentina avec notre <a href=\"\/fr\/3d\/\" target=\"_blank\" rel=\"noopener\">Simulation de conception 3D&gt;&gt;<\/a><\/strong><\/p>\n<p> <svg xmlns=\"http:\/\/www.w3.org\/2000\/svg\"><path d=\"M416 208H272V64c0-17,67-14,33-32-32-32h-32c-17,67 0-32 14,33-32 32v144H32c-17,67 0-32 14,33-32 32v32c0 17,67 14,33 32 32 32h144v144c0 17,67 14,33 32 32 32h32c17,67 0 32-14,33 32-32V304h144c17,67 0 32-14,33 32-32v-32c0-17.67-14.33-32-32-32z\"><\/path><\/svg><br \/>\n <svg xmlns=\"http:\/\/www.w3.org\/2000\/svg\"><path d=\"M416 208H32c-17.67 0-32 14.33-32 32v32c0 17.67 14.33 32 32 32h384c17.67 0 32-14.33 32-32v-32c0-17.67-14.33-32-32-32z\"><\/path><\/svg><br \/>\n <a>\u00c0 propos du produit<\/a><\/p>\n<p><strong>Q\u00a0: Qu&rsquo;est-ce que le canap\u00e9 contemporain Valentina\u00a0?<\/strong><br \/>A\u00a0: Le Valentina est un <strong>canap\u00e9 au design moderne<\/strong> de Famaliving, pr\u00e9sentant des lignes \u00e9pur\u00e9es et une esth\u00e9tique minimaliste. Son design simple mais \u00e9l\u00e9gant en fait un choix parfait pour les int\u00e9rieurs modernes, offrant \u00e0 la fois sophistication et confort.<\/p>\n<p><strong>Q\u00a0: Qu&rsquo;est-ce qui rend le canap\u00e9 contemporain Valentina unique\u00a0?<\/strong><br \/>R\u00a0: Le Valentina se distingue par son design \u00e9l\u00e9gant et discret et son style polyvalent. Son \u00e9l\u00e9gance discr\u00e8te s&rsquo;int\u00e8gre parfaitement dans diff\u00e9rents espaces de vie, et la possibilit\u00e9 de choisir parmi une vari\u00e9t\u00e9 de <strong>canap\u00e9s color\u00e9s<\/strong> vous permet de le personnaliser pour l&rsquo;adapter \u00e0 votre d\u00e9cor. Il offre \u00e9galement des configurations modulaires pour s&rsquo;adapter parfaitement \u00e0 votre espace.<\/p>\n<p><strong>Q\u00a0: Puis-je personnaliser le canap\u00e9 contemporain Valentina avec des accessoires\u00a0?<\/strong><br \/>R\u00a0: Oui, le canap\u00e9 Valentina est hautement personnalisable. Vous pouvez choisir parmi plus de 500 options de tissus, dont diff\u00e9rentes couleurs et textures. De plus, vous pouvez ajouter des coussins d\u00e9coratifs, des repose-pieds et d&rsquo;autres accessoires pour am\u00e9liorer son apparence et sa fonctionnalit\u00e9.<\/p>\n<p><strong>Q\u00a0: Quelles sont les caract\u00e9ristiques d&rsquo;assise du canap\u00e9 contemporain Valentina\u00a0?<\/strong><br \/>R\u00a0: Le Valentina offre des coussins doux et de soutien con\u00e7us pour un confort maximal, ce qui en fait l&rsquo;un des <strong>canap\u00e9s les plus confortables<\/strong> de sa cat\u00e9gorie. Ses si\u00e8ges profonds sont id\u00e9aux pour se pr\u00e9lasser, tandis que ses lignes \u00e9pur\u00e9es conservent une apparence moderne et \u00e9l\u00e9gante.<\/p>\n<p><strong>Q\u00a0: Existe-t-il diff\u00e9rentes options de pieds pour le canap\u00e9 contemporain Valentina\u00a0?<\/strong><br \/>R\u00a0: Les pieds par d\u00e9faut du Valentina sont des finitions m\u00e9talliques \u00e9l\u00e9gantes qui compl\u00e8tent son style contemporain. Cependant, vous pouvez personnaliser les pieds avec diff\u00e9rentes finitions et mat\u00e9riaux pour correspondre \u00e0 vos go\u00fbts personnels.<\/p>\n<p><strong>Q\u00a0: Quelles sont les dimensions du canap\u00e9 contemporain Valentina\u00a0?<\/strong><br \/>A\u00a0: La hauteur du si\u00e8ge est de 44 cm (17,32 po), avec une profondeur totale de 100 cm (39,37 po) et une hauteur totale de 86 cm (33,86 po).<\/p>\n<p><strong>Q\u00a0: Un rev\u00eatement en cuir est-il disponible pour le canap\u00e9 contemporain Valentina\u00a0?<\/strong><br \/>R\u00a0: Oui, un rev\u00eatement en cuir est disponible pour le canap\u00e9 Valentina, bien que cela puisse entra\u00eener un co\u00fbt suppl\u00e9mentaire. Vous pouvez \u00e9galement choisir parmi une large s\u00e9lection de tissus pour cr\u00e9er un <strong>canap\u00e9 color\u00e9<\/strong> qui s&rsquo;agence parfaitement \u00e0 votre int\u00e9rieur.<\/p>\n<p><strong>Q\u00a0: Comment puis-je personnaliser la configuration modulaire du canap\u00e9 contemporain Valentina\u00a0?<\/strong><br \/>R\u00a0: Le canap\u00e9 Valentina propose des composants modulaires, vous permettant de cr\u00e9er un agencement de si\u00e8ges qui s&rsquo;adapte \u00e0 votre espace. Que vous pr\u00e9f\u00e9riez un canap\u00e9 plus petit ou un canap\u00e9 sectionnel plus grand, le Valentina peut \u00eatre configur\u00e9 pour r\u00e9pondre \u00e0 vos besoins sp\u00e9cifiques et \u00e0 vos pr\u00e9f\u00e9rences de conception, ce qui en fait \u00e0 la fois un <strong>canap\u00e9 au design moderne<\/strong> et un canap\u00e9 hautement fonctionnel.<\/p>\n<p> <svg xmlns=\"http:\/\/www.w3.org\/2000\/svg\"><path d=\"M416 208H272V64c0-17,67-14,33-32-32-32h-32c-17,67 0-32 14,33-32 32v144H32c-17,67 0-32 14,33-32 32v32c0 17,67 14,33 32 32 32h144v144c0 17,67 14,33 32 32 32h32c17,67 0 32-14,33 32-32V304h144c17,67 0 32-14,33 32-32v-32c0-17.67-14.33-32-32-32z\"><\/path><\/svg><br \/>\n <svg xmlns=\"http:\/\/www.w3.org\/2000\/svg\"><path d=\"M416 208H32c-17.67 0-32 14.33-32 32v32c0 17.67 14.33 32 32 32h384c17.67 0 32-14.33 32-32v-32c0-17.67-14.33-32-32-32z\"><\/path><\/svg><br \/>\n <a>Options du produit<\/a><\/p>\n<h2>Canap\u00e9 contemporain Valentina\u00a0: un canap\u00e9 au design moderne pour le luxe Living<\/h2>\n<h3>Pr\u00e9sentation du canap\u00e9 Valentina<\/h3>\n<p>Le <strong>canap\u00e9 contemporain Valentina<\/strong> de Famaliving est une pi\u00e8ce exceptionnelle qui incarne l&rsquo;essence du design moderne. Ce <strong>canap\u00e9 au design moderne<\/strong> am\u00e9liore non seulement votre espace de vie gr\u00e2ce \u00e0 son attrait esth\u00e9tique, mais offre \u00e9galement un confort in\u00e9gal\u00e9, ce qui en fait l&rsquo;un des <strong>canap\u00e9s les plus confortables<\/strong> disponibles aujourd&rsquo;hui. Fabriqu\u00e9 avec une attention m\u00e9ticuleuse aux d\u00e9tails, le canap\u00e9 Valentina est con\u00e7u pour ceux qui recherchent \u00e0 la fois style et fonctionnalit\u00e9 dans leur d\u00e9coration int\u00e9rieure.<\/p>\n<p>Que vous meublez un appartement urbain chic ou une maison familiale confortable, le canap\u00e9 Valentina s&rsquo;int\u00e8gre parfaitement \u00e0 votre espace, offrant un \u00e9quilibre parfait entre \u00e9l\u00e9gance et confort. Sa polyvalence lui permet de compl\u00e9ter une vari\u00e9t\u00e9 de styles d&rsquo;int\u00e9rieur, garantissant qu&rsquo;elle restera une pi\u00e8ce intemporelle de votre collection. <a href=\"https:\/\/famaliving.ca\/blog\/contemporary-valentina-modern-style-and-elegance\/\">Lire la suite<\/a><\/p>\n","protected":false},"excerpt":{"rendered":"<p>Valentina, un classique ind\u00e9modable de Fama, s\u00e9duit par son design moderne et ses courbes gracieuses.<\/p>\n","protected":false},"featured_media":35715,"template":"","meta":{"_acf_changed":false,"site-sidebar-layout":"no-sidebar","site-content-layout":"plain-container","ast-site-content-layout":"normal-width-container","site-content-style":"unboxed","site-sidebar-style":"unboxed","ast-global-header-display":"","ast-banner-title-visibility":"","ast-main-header-display":"","ast-hfb-above-header-display":"","ast-hfb-below-header-display":"","ast-hfb-mobile-header-display":"","site-post-title":"disabled","ast-breadcrumbs-content":"","ast-featured-img":"disabled","footer-sml-layout":"","ast-disable-related-posts":"","theme-transparent-header-meta":"default","adv-header-id-meta":"","stick-header-meta":"default","header-above-stick-meta":"","header-main-stick-meta":"","header-below-stick-meta":"","astra-migrate-meta-layouts":"set","ast-page-background-enabled":"default","ast-page-background-meta":{"desktop":{"background-color":"var(--ast-global-color-4)","background-image":"","background-repeat":"repeat","background-position":"center center","background-size":"auto","background-attachment":"scroll","background-type":"","background-media":"","overlay-type":"","overlay-color":"","overlay-opacity":"","overlay-gradient":""},"tablet":{"background-color":"","background-image":"","background-repeat":"repeat","background-position":"center center","background-size":"auto","background-attachment":"scroll","background-type":"","background-media":"","overlay-type":"","overlay-color":"","overlay-opacity":"","overlay-gradient":""},"mobile":{"background-color":"","background-image":"","background-repeat":"repeat","background-position":"center center","background-size":"auto","background-attachment":"scroll","background-type":"","background-media":"","overlay-type":"","overlay-color":"","overlay-opacity":"","overlay-gradient":""}},"ast-content-background-meta":{"desktop":{"background-color":"var(--ast-global-color-5)","background-image":"","background-repeat":"repeat","background-position":"center center","background-size":"auto","background-attachment":"scroll","background-type":"","background-media":"","overlay-type":"","overlay-color":"","overlay-opacity":"","overlay-gradient":""},"tablet":{"background-color":"var(--ast-global-color-5)","background-image":"","background-repeat":"repeat","background-position":"center center","background-size":"auto","background-attachment":"scroll","background-type":"","background-media":"","overlay-type":"","overlay-color":"","overlay-opacity":"","overlay-gradient":""},"mobile":{"background-color":"var(--ast-global-color-5)","background-image":"","background-repeat":"repeat","background-position":"center center","background-size":"auto","background-attachment":"scroll","background-type":"","background-media":"","overlay-type":"","overlay-color":"","overlay-opacity":"","overlay-gradient":""}}},"product_brand":[],"product_cat":[77],"product_tag":[79,81],"class_list":{"0":"post-40632","1":"product","2":"type-product","3":"status-publish","4":"has-post-thumbnail","6":"product_cat-canape","7":"product_tag-a-partir-de","8":"product_tag-moderne","9":"desktop-align-center","10":"tablet-align-left","11":"mobile-align-left","13":"first","14":"instock","15":"sold-individually","16":"shipping-taxable","17":"purchasable","18":"product-type-variable"},"acf":[],"_links":{"self":[{"href":"https:\/\/famaliving.ca\/fr\/wp-json\/wp\/v2\/product\/40632","targetHints":{"allow":["GET"]}}],"collection":[{"href":"https:\/\/famaliving.ca\/fr\/wp-json\/wp\/v2\/product"}],"about":[{"href":"https:\/\/famaliving.ca\/fr\/wp-json\/wp\/v2\/types\/product"}],"version-history":[{"count":1,"href":"https:\/\/famaliving.ca\/fr\/wp-json\/wp\/v2\/product\/40632\/revisions"}],"predecessor-version":[{"id":41606,"href":"https:\/\/famaliving.ca\/fr\/wp-json\/wp\/v2\/product\/40632\/revisions\/41606"}],"wp:featuredmedia":[{"embeddable":true,"href":"https:\/\/famaliving.ca\/fr\/wp-json\/wp\/v2\/media\/35715"}],"wp:attachment":[{"href":"https:\/\/famaliving.ca\/fr\/wp-json\/wp\/v2\/media?parent=40632"}],"wp:term":[{"taxonomy":"product_brand","embeddable":true,"href":"https:\/\/famaliving.ca\/fr\/wp-json\/wp\/v2\/product_brand?post=40632"},{"taxonomy":"product_cat","embeddable":true,"href":"https:\/\/famaliving.ca\/fr\/wp-json\/wp\/v2\/product_cat?post=40632"},{"taxonomy":"product_tag","embeddable":true,"href":"https:\/\/famaliving.ca\/fr\/wp-json\/wp\/v2\/product_tag?post=40632"}],"curies":[{"name":"wp","href":"https:\/\/api.w.org\/{rel}","templated":true}]}}