{"id":40634,"date":"2024-01-08T11:30:56","date_gmt":"2024-01-08T16:30:56","guid":{"rendered":"https:\/\/famaliving.ca\/product\/fauteuil-inclinable-modulaire-urbain\/"},"modified":"2025-04-29T15:32:10","modified_gmt":"2025-04-29T19:32:10","slug":"fauteuil-inclinable-modulaire-urban","status":"publish","type":"product","link":"https:\/\/famaliving.ca\/fr\/produit\/fauteuil-inclinable-modulaire-urban\/","title":{"rendered":"Fauteuil inclinable modulaire Urban"},"content":{"rendered":"\t\t<div data-elementor-type=\"wp-post\" data-elementor-id=\"40634\" class=\"elementor elementor-40634 elementor-9980\" data-elementor-post-type=\"product\">\n\t\t\t\t<div class=\"elementor-element elementor-element-2261052 e-flex e-con-boxed e-con e-parent\" data-id=\"2261052\" data-element_type=\"container\" data-e-type=\"container\">\n\t\t\t\t\t<div class=\"e-con-inner\">\n\t\t\t\t<div class=\"elementor-element elementor-element-df2beb0 elementor-widget elementor-widget-accordion\" data-id=\"df2beb0\" data-element_type=\"widget\" data-e-type=\"widget\" data-widget_type=\"accordion.default\">\n\t\t\t\t\t\t<div class=\"elementor-widget-container\">\n\t\t\t\t\t\t\t<div class=\"elementor-accordion\">\n\t\t\t\t\t\t\t<div class=\"elementor-accordion-item\">\n\t\t\t\t\t<div id=\"elementor-tab-title-2341\" class=\"elementor-tab-title\" data-tab=\"1\" role=\"button\" aria-controls=\"elementor-tab-content-2341\" aria-expanded=\"false\">\n\t\t\t\t\t\t\t\t\t\t\t\t\t<span class=\"elementor-accordion-icon elementor-accordion-icon-left\" aria-hidden=\"true\">\n\t\t\t\t\t\t\t\t\t\t\t\t\t\t\t<span class=\"elementor-accordion-icon-closed\"><svg class=\"e-font-icon-svg e-fas-plus\" viewBox=\"0 0 448 512\" xmlns=\"http:\/\/www.w3.org\/2000\/svg\"><path d=\"M416 208H272V64c0-17.67-14.33-32-32-32h-32c-17.67 0-32 14.33-32 32v144H32c-17.67 0-32 14.33-32 32v32c0 17.67 14.33 32 32 32h144v144c0 17.67 14.33 32 32 32h32c17.67 0 32-14.33 32-32V304h144c17.67 0 32-14.33 32-32v-32c0-17.67-14.33-32-32-32z\"><\/path><\/svg><\/span>\n\t\t\t\t\t\t\t\t<span class=\"elementor-accordion-icon-opened\"><svg class=\"e-font-icon-svg e-fas-minus\" viewBox=\"0 0 448 512\" xmlns=\"http:\/\/www.w3.org\/2000\/svg\"><path d=\"M416 208H32c-17.67 0-32 14.33-32 32v32c0 17.67 14.33 32 32 32h384c17.67 0 32-14.33 32-32v-32c0-17.67-14.33-32-32-32z\"><\/path><\/svg><\/span>\n\t\t\t\t\t\t\t\t\t\t\t\t\t\t<\/span>\n\t\t\t\t\t\t\t\t\t\t\t\t<a class=\"elementor-accordion-title\" tabindex=\"0\">Configuration and Downloads<\/a>\n\t\t\t\t\t<\/div>\n\t\t\t\t\t<div id=\"elementor-tab-content-2341\" class=\"elementor-tab-content elementor-clearfix\" data-tab=\"1\" role=\"region\" aria-labelledby=\"elementor-tab-title-2341\"><p>Download the technical documentation: schematics, measurements, technical details, brochures, and manuals.<\/p><ul><li><a href=\"https:\/\/famaliving.ca\/wp-content\/uploads\/sites\/29\/Urban-Data-sheet-famaliving-Montreal.pdf\" target=\"_blank\" rel=\"noopener noreferrer\"> Urban &#8211; Data sheet <\/a><\/li><li><a href=\"https:\/\/famaliving.ca\/wp-content\/uploads\/sites\/29\/Urban-Sketch-famaliving-Montreal.pdf\" target=\"_blank\" rel=\"noopener noreferrer\"> Urban &#8211; Sketch <\/a><\/li><li><a href=\"https:\/\/famaliving.ca\/wp-content\/uploads\/sites\/29\/Urban-Instructions-famaliving-Montreal.pdf\" target=\"_blank\" rel=\"noopener noreferrer\"> Urban &#8211; Instructions <\/a><\/li><li><a href=\"https:\/\/famaliving.ca\/wp-content\/uploads\/sites\/29\/Urban-Information-famaliving-Montreal.pdf\" target=\"_blank\" rel=\"noopener noreferrer\"> Urban &#8211; Information <\/a><\/li><\/ul><p><strong>Explore Urban configurability with our <a href=\"\/fama-3d-sim\/\" target=\"_blank\" rel=\"noopener\">3D Design Simulation&gt;&gt;<\/a><\/strong><\/p><\/div>\n\t\t\t\t<\/div>\n\t\t\t\t\t\t\t<div class=\"elementor-accordion-item\">\n\t\t\t\t\t<div id=\"elementor-tab-title-2342\" class=\"elementor-tab-title\" data-tab=\"2\" role=\"button\" aria-controls=\"elementor-tab-content-2342\" aria-expanded=\"false\">\n\t\t\t\t\t\t\t\t\t\t\t\t\t<span class=\"elementor-accordion-icon elementor-accordion-icon-left\" aria-hidden=\"true\">\n\t\t\t\t\t\t\t\t\t\t\t\t\t\t\t<span class=\"elementor-accordion-icon-closed\"><svg class=\"e-font-icon-svg e-fas-plus\" viewBox=\"0 0 448 512\" xmlns=\"http:\/\/www.w3.org\/2000\/svg\"><path d=\"M416 208H272V64c0-17.67-14.33-32-32-32h-32c-17.67 0-32 14.33-32 32v144H32c-17.67 0-32 14.33-32 32v32c0 17.67 14.33 32 32 32h144v144c0 17.67 14.33 32 32 32h32c17.67 0 32-14.33 32-32V304h144c17.67 0 32-14.33 32-32v-32c0-17.67-14.33-32-32-32z\"><\/path><\/svg><\/span>\n\t\t\t\t\t\t\t\t<span class=\"elementor-accordion-icon-opened\"><svg class=\"e-font-icon-svg e-fas-minus\" viewBox=\"0 0 448 512\" xmlns=\"http:\/\/www.w3.org\/2000\/svg\"><path d=\"M416 208H32c-17.67 0-32 14.33-32 32v32c0 17.67 14.33 32 32 32h384c17.67 0 32-14.33 32-32v-32c0-17.67-14.33-32-32-32z\"><\/path><\/svg><\/span>\n\t\t\t\t\t\t\t\t\t\t\t\t\t\t<\/span>\n\t\t\t\t\t\t\t\t\t\t\t\t<a class=\"elementor-accordion-title\" tabindex=\"0\">About the Product<\/a>\n\t\t\t\t\t<\/div>\n\t\t\t\t\t<div id=\"elementor-tab-content-2342\" class=\"elementor-tab-content elementor-clearfix\" data-tab=\"2\" role=\"region\" aria-labelledby=\"elementor-tab-title-2342\"><p><strong>Q: What is the Modular Recliner Urban?<\/strong><br \/>A: The Urban is a modular recliner sofa from Famaliving, designed for those who prioritize both comfort and modern style. Its sleek lines, combined with built-in reclining features, make it a versatile and comfortable addition to any contemporary living space.<\/p><p><strong>Q: What makes the Urban sofa unique?<\/strong><br \/>A: The Urban sofa stands out for its integration of modular design with recliner functionality. This combination allows you to create various configurations while enjoying the additional comfort of electric or manual reclining features. Its minimalist design and customizable options make it perfect for modern homes.<\/p><p><strong>Q: Can I customize the Urban sofa with accessories?<\/strong><br \/>A: Yes, the Urban can be customized with over 500 fabric options, as well as additional accessories like footstools and cushions. You can also choose between electric and manual recliners, depending on your preferences.<\/p><p><strong>Q: What are the seating features of the Urban?<\/strong><br \/>A: The Urban offers deep seating with plush cushions for maximum comfort. Its reclining modules add extra functionality, allowing you to relax fully, whether you&rsquo;re watching TV, reading, or entertaining guests.<\/p><p><strong>Q: Are there different leg options for the Urban?<\/strong><br \/>A: The default legs for the Urban sofa come in a sleek metal finish, which complements its modern aesthetic. Custom leg finishes are also available to suit your style and interior design.<\/p><p><strong>Q: What are the dimensions of the Urban sofa?<\/strong><br \/>A: The seat height is 44 cm (17.32 in), with a total depth of 100 cm (39.37 in) and a total height of 86 cm (33.86 in).<\/p><p><strong>Q: Is leather upholstery available for the Urban?<\/strong><br \/>A: Yes, leather upholstery is available for the Urban, though it comes with an additional cost. You can also select from a wide range of fabrics to personalize the sofa to your liking.<\/p><p><strong>Q: How can I personalize the modular configuration of the Urban?<\/strong><br \/>A: The Urban offers various modular components, including both reclining and non-reclining modules. You can configure the layout to fit your space and needs, whether you prefer a smaller recliner setup or a larger sectional with multiple reclining options.<\/p><\/div>\n\t\t\t\t<\/div>\n\t\t\t\t\t\t\t<div class=\"elementor-accordion-item\">\n\t\t\t\t\t<div id=\"elementor-tab-title-2343\" class=\"elementor-tab-title\" data-tab=\"3\" role=\"button\" aria-controls=\"elementor-tab-content-2343\" aria-expanded=\"false\">\n\t\t\t\t\t\t\t\t\t\t\t\t\t<span class=\"elementor-accordion-icon elementor-accordion-icon-left\" aria-hidden=\"true\">\n\t\t\t\t\t\t\t\t\t\t\t\t\t\t\t<span class=\"elementor-accordion-icon-closed\"><svg class=\"e-font-icon-svg e-fas-plus\" viewBox=\"0 0 448 512\" xmlns=\"http:\/\/www.w3.org\/2000\/svg\"><path d=\"M416 208H272V64c0-17.67-14.33-32-32-32h-32c-17.67 0-32 14.33-32 32v144H32c-17.67 0-32 14.33-32 32v32c0 17.67 14.33 32 32 32h144v144c0 17.67 14.33 32 32 32h32c17.67 0 32-14.33 32-32V304h144c17.67 0 32-14.33 32-32v-32c0-17.67-14.33-32-32-32z\"><\/path><\/svg><\/span>\n\t\t\t\t\t\t\t\t<span class=\"elementor-accordion-icon-opened\"><svg class=\"e-font-icon-svg e-fas-minus\" viewBox=\"0 0 448 512\" xmlns=\"http:\/\/www.w3.org\/2000\/svg\"><path d=\"M416 208H32c-17.67 0-32 14.33-32 32v32c0 17.67 14.33 32 32 32h384c17.67 0 32-14.33 32-32v-32c0-17.67-14.33-32-32-32z\"><\/path><\/svg><\/span>\n\t\t\t\t\t\t\t\t\t\t\t\t\t\t<\/span>\n\t\t\t\t\t\t\t\t\t\t\t\t<a class=\"elementor-accordion-title\" tabindex=\"0\">Product Options<\/a>\n\t\t\t\t\t<\/div>\n\t\t\t\t\t<div id=\"elementor-tab-content-2343\" class=\"elementor-tab-content elementor-clearfix\" data-tab=\"3\" role=\"region\" aria-labelledby=\"elementor-tab-title-2343\"><h3><strong>Modular Recliner Sofa: Urban<\/strong><\/h3><p>The <strong>Urban<\/strong> sofa from Famaliving is the ultimate blend of modern design, modular versatility, and unparalleled comfort. Designed to elevate any contemporary living space, the Urban combines sleek aesthetics with innovative reclining functionality, making it perfect for those who value style and relaxation. <a href=\"https:\/\/famaliving.ca\/blog\/modern-modular-recliner-urban-perfect-city-living\/\">Read More<\/a><\/p><\/div>\n\t\t\t\t<\/div>\n\t\t\t\t\t\t\t\t<\/div>\n\t\t\t\t\t\t<\/div>\n\t\t\t\t<\/div>\n\t\t\t\t\t<\/div>\n\t\t\t\t<\/div>\n\t\t<div class=\"elementor-element elementor-element-c543520 e-flex e-con-boxed e-con e-parent\" data-id=\"c543520\" data-element_type=\"container\" data-e-type=\"container\">\n\t\t\t\t\t<div class=\"e-con-inner\">\n\t\t\t\t\t<\/div>\n\t\t\t\t<\/div>\n\t\t\t\t<\/div>\n\t\t","protected":false},"excerpt":{"rendered":"<p>Le canap\u00e9 Urban est un meuble \u00e9tonnant qui allie un design moderne \u00e0 une fonctionnalit\u00e9 unique. Il est dot\u00e9 d&rsquo;une hauteur d&rsquo;assise et de dossier r\u00e9glables, ainsi que d&rsquo;un dossier flexible, ce qui le rend incroyablement confortable.<\/p>\n","protected":false},"featured_media":38273,"template":"","meta":{"_acf_changed":false,"site-sidebar-layout":"no-sidebar","site-content-layout":"plain-container","ast-site-content-layout":"normal-width-container","site-content-style":"unboxed","site-sidebar-style":"unboxed","ast-global-header-display":"","ast-banner-title-visibility":"","ast-main-header-display":"","ast-hfb-above-header-display":"","ast-hfb-below-header-display":"","ast-hfb-mobile-header-display":"","site-post-title":"disabled","ast-breadcrumbs-content":"","ast-featured-img":"disabled","footer-sml-layout":"","ast-disable-related-posts":"","theme-transparent-header-meta":"default","adv-header-id-meta":"","stick-header-meta":"default","header-above-stick-meta":"","header-main-stick-meta":"","header-below-stick-meta":"","astra-migrate-meta-layouts":"set","ast-page-background-enabled":"default","ast-page-background-meta":{"desktop":{"background-color":"var(--ast-global-color-4)","background-image":"","background-repeat":"repeat","background-position":"center center","background-size":"auto","background-attachment":"scroll","background-type":"","background-media":"","overlay-type":"","overlay-color":"","overlay-opacity":"","overlay-gradient":""},"tablet":{"background-color":"","background-image":"","background-repeat":"repeat","background-position":"center center","background-size":"auto","background-attachment":"scroll","background-type":"","background-media":"","overlay-type":"","overlay-color":"","overlay-opacity":"","overlay-gradient":""},"mobile":{"background-color":"","background-image":"","background-repeat":"repeat","background-position":"center center","background-size":"auto","background-attachment":"scroll","background-type":"","background-media":"","overlay-type":"","overlay-color":"","overlay-opacity":"","overlay-gradient":""}},"ast-content-background-meta":{"desktop":{"background-color":"var(--ast-global-color-5)","background-image":"","background-repeat":"repeat","background-position":"center center","background-size":"auto","background-attachment":"scroll","background-type":"","background-media":"","overlay-type":"","overlay-color":"","overlay-opacity":"","overlay-gradient":""},"tablet":{"background-color":"var(--ast-global-color-5)","background-image":"","background-repeat":"repeat","background-position":"center center","background-size":"auto","background-attachment":"scroll","background-type":"","background-media":"","overlay-type":"","overlay-color":"","overlay-opacity":"","overlay-gradient":""},"mobile":{"background-color":"var(--ast-global-color-5)","background-image":"","background-repeat":"repeat","background-position":"center center","background-size":"auto","background-attachment":"scroll","background-type":"","background-media":"","overlay-type":"","overlay-color":"","overlay-opacity":"","overlay-gradient":""}}},"product_brand":[],"product_cat":[77],"product_tag":[79,81],"class_list":{"0":"post-40634","1":"product","2":"type-product","3":"status-publish","4":"has-post-thumbnail","6":"product_cat-canape","7":"product_tag-a-partir-de","8":"product_tag-moderne","9":"desktop-align-center","10":"tablet-align-left","11":"mobile-align-left","13":"first","14":"instock","15":"sold-individually","16":"shipping-taxable","17":"purchasable","18":"product-type-variable"},"acf":[],"_links":{"self":[{"href":"https:\/\/famaliving.ca\/fr\/wp-json\/wp\/v2\/product\/40634","targetHints":{"allow":["GET"]}}],"collection":[{"href":"https:\/\/famaliving.ca\/fr\/wp-json\/wp\/v2\/product"}],"about":[{"href":"https:\/\/famaliving.ca\/fr\/wp-json\/wp\/v2\/types\/product"}],"version-history":[{"count":2,"href":"https:\/\/famaliving.ca\/fr\/wp-json\/wp\/v2\/product\/40634\/revisions"}],"predecessor-version":[{"id":41622,"href":"https:\/\/famaliving.ca\/fr\/wp-json\/wp\/v2\/product\/40634\/revisions\/41622"}],"wp:featuredmedia":[{"embeddable":true,"href":"https:\/\/famaliving.ca\/fr\/wp-json\/wp\/v2\/media\/38273"}],"wp:attachment":[{"href":"https:\/\/famaliving.ca\/fr\/wp-json\/wp\/v2\/media?parent=40634"}],"wp:term":[{"taxonomy":"product_brand","embeddable":true,"href":"https:\/\/famaliving.ca\/fr\/wp-json\/wp\/v2\/product_brand?post=40634"},{"taxonomy":"product_cat","embeddable":true,"href":"https:\/\/famaliving.ca\/fr\/wp-json\/wp\/v2\/product_cat?post=40634"},{"taxonomy":"product_tag","embeddable":true,"href":"https:\/\/famaliving.ca\/fr\/wp-json\/wp\/v2\/product_tag?post=40634"}],"curies":[{"name":"wp","href":"https:\/\/api.w.org\/{rel}","templated":true}]}}