{"id":40635,"date":"2025-04-29T12:02:59","date_gmt":"2025-04-29T16:02:59","guid":{"rendered":"https:\/\/famaliving.ca\/product\/canape-pivotant-mycuore\/"},"modified":"2025-04-29T15:25:38","modified_gmt":"2025-04-29T19:25:38","slug":"canape-pivotant-mycuore","status":"publish","type":"product","link":"https:\/\/famaliving.ca\/fr\/produit\/canape-pivotant-mycuore\/","title":{"rendered":"Canap\u00e9 pivotant Mycuore"},"content":{"rendered":"<p><a tabindex=\"0\">Configuration et t\u00e9l\u00e9chargements<\/a><\/p>\n<p>T\u00e9l\u00e9chargez la documentation technique\u00a0: sch\u00e9mas, mesures, d\u00e9tails techniques, brochures et manuels.<\/p>\n<ul>\n<li><a href=\"https:\/\/famaliving.ca\/wp-content\/uploads\/sites\/29\/MyCuore-Data-sheet-famaliving-Montreal.pdf\" target=\"_blank\" rel=\"noopener noreferrer\"> MyCuore \u2013 Fiche technique <\/a><\/li>\n<li><a href=\"https:\/\/famaliving.ca\/wp-content\/uploads\/sites\/29\/MyCuore-Sketch-famaliving-Montreal.pdf\" target=\"_blank\" rel=\"noopener noreferrer\"> MyCuore \u2013 Croquis <\/a><\/li>\n<li><a href=\"https:\/\/famaliving.ca\/wp-content\/uploads\/sites\/29\/MyCuore-Instructions-famaliving-Montreal.pdf\" target=\"_blank\" rel=\"noopener noreferrer\"> MyCuore \u2013 Instructions <\/a><\/li>\n<li><a href=\"https:\/\/famaliving.ca\/wp-content\/uploads\/sites\/29\/MyCuore-Information-famaliving-Montreal.pdf\" target=\"_blank\" rel=\"noopener noreferrer\"> MyCuore \u2013 Informations <\/a><\/li>\n<\/ul>\n<p><strong>Explorez la configurabilit\u00e9 de MyCuore avec notre <a href=\"\/fr\/3d\/\" target=\"_blank\" rel=\"noopener\">Simulation de conception 3D&gt;&gt;<\/a><\/strong><\/p>\n<p><a tabindex=\"0\">\u00c0 propos du produit<\/a><\/p>\n<p><strong>Q\u00a0: Qu&rsquo;est-ce que le canap\u00e9 pivotant MyCuore\u00a0?<\/strong><\/p>\n<p>A\u00a0: Le MyCuore est un canap\u00e9 pivotant au design unique de Famaliving. Il combine un design moderne avec un confort exceptionnel, avec une silhouette incurv\u00e9e en forme de c\u0153ur et une base pivotante \u00e0 360 degr\u00e9s qui ajoute une touche dynamique \u00e0 n&rsquo;importe quel espace de vie.<\/p>\n<p><strong>Q\u00a0:\u00a0Qu&rsquo;est-ce qui rend le canap\u00e9 MyCuore unique\u00a0?<\/strong><\/p>\n<p>A : Le MyCuore se distingue par son design distinctif en forme de c\u0153ur et sa capacit\u00e9 \u00e0 pivoter \u00e0 360 degr\u00e9s. Ce design ludique et moderne en fait un point focal saisissant dans n&rsquo;importe quelle pi\u00e8ce, offrant \u00e0 la fois un attrait visuel et une flexibilit\u00e9 fonctionnelle.<\/p>\n<p><strong>Q\u00a0: Puis-je personnaliser le canap\u00e9 MyCuore avec des accessoires\u00a0?<\/strong><\/p>\n<p>A\u00a0: Oui, le canap\u00e9 MyCuore est hautement personnalisable. Vous pouvez choisir parmi un large choix de tissus, de couleurs et de motifs pour correspondre \u00e0 votre d\u00e9coration. Des coussins suppl\u00e9mentaires peuvent \u00e9galement \u00eatre ajout\u00e9s pour un confort et un style am\u00e9lior\u00e9s.<\/p>\n<p><strong>Q\u00a0: Quelles sont les caract\u00e9ristiques d&rsquo;assise du MyCuore\u00a0?<\/strong><\/p>\n<p>A\u00a0: Le MyCuore offre des si\u00e8ges profonds et moelleux qui vous bercent confortablement. Ses coussins moelleux et sa forme unique le rendent parfait pour se pr\u00e9lasser, se d\u00e9tendre ou ajouter un \u00e9l\u00e9ment amusant \u00e0 n&rsquo;importe quel espace. La base pivotante permet \u00e9galement un d\u00e9placement facile et une polyvalence.<\/p>\n<p><strong>Q\u00a0: Existe-t-il diff\u00e9rentes options de pieds pour le MyCuore\u00a0?<\/strong><\/p>\n<p>A\u00a0: Le MyCuore est dot\u00e9 d&rsquo;une base pivotante int\u00e9gr\u00e9e, qui est un \u00e9l\u00e9ment essentiel de sa conception. Bien que la base ne soit pas personnalisable, vous pouvez choisir parmi une vari\u00e9t\u00e9 de tissus et de finitions pour personnaliser l&rsquo;apparence g\u00e9n\u00e9rale.<\/p>\n<p><strong>Q\u00a0: Quelles sont les dimensions du canap\u00e9 MyCuore\u00a0?<\/strong><\/p>\n<p>A\u00a0: La hauteur du si\u00e8ge est de 43 cm (16,93 pouces), avec une profondeur totale de 98 cm (38,58 pouces) et une hauteur totale de 88 cm (34,65 pouces).<\/p>\n<p><strong>Q\u00a0: Un rev\u00eatement en cuir est-il disponible pour le MyCuore\u00a0?<\/strong><\/p>\n<p>A\u00a0: Oui, un rev\u00eatement en cuir est disponible, mais cela peut augmenter le prix global. Le MyCuore peut \u00e9galement \u00eatre recouvert d&rsquo;autres tissus haut de gamme tels que du velours ou des options \u00e0 motifs.<\/p>\n<p><strong>Q\u00a0: Comment puis-je personnaliser le canap\u00e9 MyCuore\u00a0?<\/strong><\/p>\n<p>A\u00a0: Le MyCuore peut \u00eatre personnalis\u00e9 avec plus de 500 options de tissus, vous permettant de cr\u00e9er un canap\u00e9 qui refl\u00e8te votre style. Des couleurs vives aux tons subtils, vous pouvez personnaliser ce canap\u00e9 pivotant pour l&rsquo;adapter \u00e0 n&rsquo;importe quelle pi\u00e8ce de votre maison.<\/p>\n<p><a tabindex=\"0\">Options du produit<\/a><\/p>\n<p><strong>Compte tenu de la grande polyvalence et des nombreuses options de personnalisation disponibles pour ce meuble, nous vous conseillons fortement de vous connecter et d&rsquo;utiliser le bouton \u00ab\u00a0Ajouter au devis\u00a0\u00bb.<\/strong><\/p>\n","protected":false},"excerpt":{"rendered":"<p>MyCuore est un petit canap\u00e9 ou causeuse qui peut s&rsquo;adapter \u00e0 la plupart des petites pi\u00e8ces. Les coussins et les dispersions l\u00e2ches vous permettent de cr\u00e9er un arrangement unique comme bon vous semble. Il pivote \u00e0 360 degr\u00e9s, mais vous pouvez \u00e9galement le commander fixe si vous ne souhaitez pas qu&rsquo;il tourne. Ce canap\u00e9 est disponible dans des centaines de s\u00e9lections de tissus et est \u00e9galement disponible en cuir.<\/p>\n<p><strong>Ce mod\u00e8le de canap\u00e9 permet une personnalisation pratiquement illimit\u00e9e. Pour de meilleurs r\u00e9sultats, notre repr\u00e9sentant en conception vous contactera une fois que vous aurez soumis une demande de devis.<\/strong><\/p>\n","protected":false},"featured_media":37689,"template":"","meta":{"_acf_changed":false,"site-sidebar-layout":"default","site-content-layout":"","ast-site-content-layout":"default","site-content-style":"default","site-sidebar-style":"default","ast-global-header-display":"","ast-banner-title-visibility":"","ast-main-header-display":"","ast-hfb-above-header-display":"","ast-hfb-below-header-display":"","ast-hfb-mobile-header-display":"","site-post-title":"","ast-breadcrumbs-content":"","ast-featured-img":"","footer-sml-layout":"","ast-disable-related-posts":"","theme-transparent-header-meta":"default","adv-header-id-meta":"","stick-header-meta":"default","header-above-stick-meta":"","header-main-stick-meta":"","header-below-stick-meta":"","astra-migrate-meta-layouts":"set","ast-page-background-enabled":"default","ast-page-background-meta":{"desktop":{"background-color":"var(--ast-global-color-4)","background-image":"","background-repeat":"repeat","background-position":"center center","background-size":"auto","background-attachment":"scroll","background-type":"","background-media":"","overlay-type":"","overlay-color":"","overlay-opacity":"","overlay-gradient":""},"tablet":{"background-color":"","background-image":"","background-repeat":"repeat","background-position":"center center","background-size":"auto","background-attachment":"scroll","background-type":"","background-media":"","overlay-type":"","overlay-color":"","overlay-opacity":"","overlay-gradient":""},"mobile":{"background-color":"","background-image":"","background-repeat":"repeat","background-position":"center center","background-size":"auto","background-attachment":"scroll","background-type":"","background-media":"","overlay-type":"","overlay-color":"","overlay-opacity":"","overlay-gradient":""}},"ast-content-background-meta":{"desktop":{"background-color":"var(--ast-global-color-5)","background-image":"","background-repeat":"repeat","background-position":"center center","background-size":"auto","background-attachment":"scroll","background-type":"","background-media":"","overlay-type":"","overlay-color":"","overlay-opacity":"","overlay-gradient":""},"tablet":{"background-color":"var(--ast-global-color-5)","background-image":"","background-repeat":"repeat","background-position":"center center","background-size":"auto","background-attachment":"scroll","background-type":"","background-media":"","overlay-type":"","overlay-color":"","overlay-opacity":"","overlay-gradient":""},"mobile":{"background-color":"var(--ast-global-color-5)","background-image":"","background-repeat":"repeat","background-position":"center center","background-size":"auto","background-attachment":"scroll","background-type":"","background-media":"","overlay-type":"","overlay-color":"","overlay-opacity":"","overlay-gradient":""}}},"product_brand":[],"product_cat":[77],"product_tag":[79,81],"class_list":{"0":"post-40635","1":"product","2":"type-product","3":"status-publish","4":"has-post-thumbnail","6":"product_cat-canape","7":"product_tag-a-partir-de","8":"product_tag-moderne","9":"desktop-align-center","10":"tablet-align-left","11":"mobile-align-left","13":"first","14":"instock","15":"sold-individually","16":"shipping-taxable","17":"purchasable","18":"product-type-variable"},"acf":[],"_links":{"self":[{"href":"https:\/\/famaliving.ca\/fr\/wp-json\/wp\/v2\/product\/40635","targetHints":{"allow":["GET"]}}],"collection":[{"href":"https:\/\/famaliving.ca\/fr\/wp-json\/wp\/v2\/product"}],"about":[{"href":"https:\/\/famaliving.ca\/fr\/wp-json\/wp\/v2\/types\/product"}],"version-history":[{"count":1,"href":"https:\/\/famaliving.ca\/fr\/wp-json\/wp\/v2\/product\/40635\/revisions"}],"predecessor-version":[{"id":41603,"href":"https:\/\/famaliving.ca\/fr\/wp-json\/wp\/v2\/product\/40635\/revisions\/41603"}],"wp:featuredmedia":[{"embeddable":true,"href":"https:\/\/famaliving.ca\/fr\/wp-json\/wp\/v2\/media\/37689"}],"wp:attachment":[{"href":"https:\/\/famaliving.ca\/fr\/wp-json\/wp\/v2\/media?parent=40635"}],"wp:term":[{"taxonomy":"product_brand","embeddable":true,"href":"https:\/\/famaliving.ca\/fr\/wp-json\/wp\/v2\/product_brand?post=40635"},{"taxonomy":"product_cat","embeddable":true,"href":"https:\/\/famaliving.ca\/fr\/wp-json\/wp\/v2\/product_cat?post=40635"},{"taxonomy":"product_tag","embeddable":true,"href":"https:\/\/famaliving.ca\/fr\/wp-json\/wp\/v2\/product_tag?post=40635"}],"curies":[{"name":"wp","href":"https:\/\/api.w.org\/{rel}","templated":true}]}}