{"id":40636,"date":"2024-01-08T11:33:10","date_gmt":"2024-01-08T16:33:10","guid":{"rendered":"https:\/\/famaliving.ca\/product\/funky-modulaire-luci-pop\/"},"modified":"2025-04-29T15:26:00","modified_gmt":"2025-04-29T19:26:00","slug":"funky-modulaire-luci-pop","status":"publish","type":"product","link":"https:\/\/famaliving.ca\/fr\/produit\/funky-modulaire-luci-pop\/","title":{"rendered":"Funky Modulaire Luci Pop"},"content":{"rendered":"<p><svg xmlns=\"http:\/\/www.w3.org\/2000\/svg\"><path d=\"M416 208H272V64c0-17.67-14.33-32-32-32h-32c-17.67 0-32 14.33-32 32v144H32c-17.67 0-32 14.33-32 32v32c0 17.67 14.33 32 32 32h144v144c0 17.67 14.33 32 32 32h32c17.67 0 32-14.33 32-32V304h144c17.67 0 32-14.33 32-32v-32c0-17.67-14.33-32-32-32z\"><\/path><\/svg><br \/>\n <svg xmlns=\"http:\/\/www.w3.org\/2000\/svg\"><path d=\"M416 208H32c-17.67 0-32 14.33-32 32v32c0 17.67 14.33 32 32 32h384c17.67 0 32-14.33 32-32v-32c0-17.67-14.33-32-32-32z\"><\/path><\/svg><br \/>\n <a>Configuration et t\u00e9l\u00e9chargements<\/a><\/p>\n<p>T\u00e9l\u00e9charger la documentation technique documentation\u00a0: sch\u00e9mas, mesures, d\u00e9tails techniques, brochures et manuels.<\/p>\n<ul>\n<li><a href=\"https:\/\/famaliving.ca\/wp-content\/uploads\/sites\/29\/Luci-Pop-Data-sheet-famaliving-Montreal.pdf\" target=\"_blank\" rel=\"noopener noreferrer\"> Luci Pop &#8211; Fiche technique <\/a><\/li>\n<li><a href=\"https:\/\/famaliving.ca\/wp-content\/uploads\/sites\/29\/Luci-Pop-Sketch-famaliving-Montreal.pdf\" target=\"_blank\" rel=\"noopener noreferrer\"> Luci Pop &#8211; Croquis <\/a><\/li>\n<li><a href=\"https:\/\/famaliving.ca\/wp-content\/uploads\/sites\/29\/Luci-Pop-Instructions-famaliving-Montreal.pdf\" target=\"_blank\" rel=\"noopener noreferrer\"> Luci Pop &#8211; Instructions <\/a><\/li>\n<li><a href=\"https:\/\/famaliving.ca\/wp-content\/uploads\/sites\/29\/Luci-Pop-Information-famaliving-Montreal.pdf\" target=\"_blank\" rel=\"noopener noreferrer\"> Luci Pop &#8211; Informations <\/a><\/li>\n<\/ul>\n<p><strong>Explorez la configurabilit\u00e9 de Luci Pop avec notre <a href=\"\/fr\/3d\/\" target=\"_blank\" rel=\"noopener\">Simulation de conception 3D&gt;&gt;<\/a><\/strong><\/p>\n<p> <svg xmlns=\"http:\/\/www.w3.org\/2000\/svg\"><path d=\"M416 208H272V64c0-17,67-14,33-32-32-32h-32c-17,67 0-32 14,33-32 32v144H32c-17,67 0-32 14,33-32 32v32c0 17,67 14,33 32 32 32h144v144c0 17,67 14,33 32 32 32h32c17,67 0 32-14,33 32-32V304h144c17,67 0 32-14,33 32-32v-32c0-17.67-14.33-32-32-32z\"><\/path><\/svg><br \/>\n <svg xmlns=\"http:\/\/www.w3.org\/2000\/svg\"><path d=\"M416 208H32c-17.67 0-32 14.33-32 32v32c0 17.67 14.33 32 32 32h384c17.67 0 32-14.33 32-32v-32c0-17.67-14.33-32-32-32z\"><\/path><\/svg><br \/>\n <a>\u00c0 propos du produit<\/a><\/p>\n<p><strong>Q\u00a0: Qu&rsquo;est-ce que le canap\u00e9 modulaire Funky Luci Pop\u00a0?<\/strong><br \/>A\u00a0: Le Luci Pop est un canap\u00e9 ludique et <strong>vibrant<\/strong> de Famaliving, con\u00e7u dans un souci de flexibilit\u00e9 modulaire. Ses couleurs vives et son design unique en font un choix parfait pour ceux qui cherchent \u00e0 ajouter une touche amusante et contemporaine \u00e0 leur espace de vie. En tant que <strong>canap\u00e9 en toile<\/strong>, il offre des options de personnalisation infinies pour correspondre \u00e0 votre style.<\/p>\n<p><strong>Q\u00a0:\u00a0Qu&rsquo;est-ce qui rend le canap\u00e9 modulaire Funky Luci Pop unique\u00a0?<\/strong><br \/>R\u00a0: Le Luci Pop se distingue par son design funky et \u00e9nergique, avec des couleurs vives et des formes uniques. Sa nature modulaire permet une gamme de configurations, vous permettant de cr\u00e9er un agencement de si\u00e8ges qui refl\u00e8te votre personnalit\u00e9 et s&rsquo;adapte \u00e0 votre espace. C&rsquo;est un <strong>canap\u00e9 audacieux de haute qualit\u00e9<\/strong> qui ajoute du caract\u00e8re \u00e0 n&rsquo;importe quelle pi\u00e8ce.<\/p>\n<p><strong>Q\u00a0: Puis-je personnaliser le canap\u00e9 modulaire Funky Luci Pop avec des accessoires\u00a0?<\/strong><br \/>R\u00a0: Oui, le Luci Pop est hautement personnalisable. Vous pouvez choisir parmi une large gamme de tissus, de motifs et de couleurs pour correspondre \u00e0 votre style personnel. Des accessoires suppl\u00e9mentaires tels que des coussins et des repose-pieds peuvent \u00e9galement \u00eatre ajout\u00e9s pour am\u00e9liorer le confort et personnaliser davantage le <strong>canap\u00e9 en toile<\/strong>.<\/p>\n<p><strong>Q\u00a0: Quelles sont les caract\u00e9ristiques d&rsquo;assise du canap\u00e9 modulaire Funky Luci Pop\u00a0?<\/strong><br \/>R\u00a0: Le Luci Pop offre une assise profonde et confortable avec une sensation d\u00e9contract\u00e9e, parfaite pour se pr\u00e9lasser. Sa conception modulaire vous permet d&rsquo;adapter la disposition des si\u00e8ges, que ce soit pour recevoir des invit\u00e9s ou cr\u00e9er un coin confortable pour se d\u00e9tendre.<\/p>\n<p><strong>Q\u00a0: Existe-t-il diff\u00e9rentes options de pieds pour le canap\u00e9 modulaire Funky Luci Pop\u00a0?<\/strong><br \/>R\u00a0: Les pieds par d\u00e9faut sont en plastique noir, mais des options de pieds personnalisables sont disponibles pour rehausser l&rsquo;apparence du <strong>canap\u00e9 vibrant<\/strong>. Vous pouvez choisir parmi diff\u00e9rents styles et finitions en fonction de votre d\u00e9coration int\u00e9rieure.<\/p>\n<p><strong>Q\u00a0: Quelles sont les dimensions du canap\u00e9 modulaire Funky Luci Pop\u00a0?<\/strong><br \/>A\u00a0: La hauteur du si\u00e8ge est de 33 cm (12,99 po), la profondeur totale est de 100 cm (39,37 po) et la hauteur totale est de 80 cm (31,5 po).<\/p>\n<p><strong>Q\u00a0: Un rev\u00eatement en cuir est-il disponible pour le canap\u00e9 modulaire Funky Luci Pop\u00a0?<\/strong><br \/>R\u00a0: Oui, un rev\u00eatement en cuir est disponible pour le Luci Pop, m\u00eame si son prix entra\u00eene une augmentation. Vous pouvez \u00e9galement s\u00e9lectionner diff\u00e9rentes finitions de pieds pour personnaliser davantage le <strong>canap\u00e9 de haute qualit\u00e9<\/strong>.<\/p>\n<p><strong>Q\u00a0: Comment puis-je personnaliser la configuration modulaire du canap\u00e9 modulaire Funky Luci Pop\u00a0?<\/strong><br \/>R\u00a0: La collection Luci Pop vous permet de cr\u00e9er des configurations uniques en combinant diff\u00e9rents modules. Que vous pr\u00e9f\u00e9riez une configuration plus petite ou une section plus grande, la nature modulaire de Luci Pop offre une personnalisation compl\u00e8te pour r\u00e9pondre \u00e0 vos besoins en mati\u00e8re d&rsquo;espace et de conception.<\/p>\n<p> <svg xmlns=\"http:\/\/www.w3.org\/2000\/svg\"><path d=\"M416 208H272V64c0-17.67-14.33-32-32-32h-32c-17.67 0-32 14.33-32 32v144H32c-17.67 0-32 14.33-32 32v32c0 17.67 14.33 32 32 32h144v144c0 17.67 14.33 32 32 32h32c17.67 0 32-14.33 32-32V304h144c17.67 0 32-14.33 32-32v-32c0-17.67-14.33-32-32-32z\"><\/chemin><\/svg><br \/>\n <svg xmlns=\"http:\/\/www.w3.org\/2000\/svg\"><chemin d=\"M416 208H32c-17.67 0-32 14.33-32 32v32c0 17.67 14.33 32 32 32h384c17.67 0 32-14.33 32-32v-32c0-17.67-14.33-32-32-32z\"><\/path><\/svg><br \/>\n <a>Options du produit<\/a><\/p>\n<p>Le <strong>canap\u00e9 modulaire Luci Pop<\/strong> de Famaliving n&rsquo;est pas seulement un meuble\u00a0; c&rsquo;est une exp\u00e9rience transformatrice pour n&rsquo;importe quel espace de vie. Con\u00e7u pour ceux qui ont soif de cr\u00e9ativit\u00e9 et veulent que leur maison refl\u00e8te leur personnalit\u00e9 vibrante, le <strong>Luci Pop<\/strong> est un ajout ludique et audacieux qui red\u00e9finit le confort et le style. Avec son esth\u00e9tique de <strong>canap\u00e9 vibrant<\/strong> et sa conception modulaire flexible, le Luci Pop peut \u00eatre adapt\u00e9 pour r\u00e9pondre aux besoins uniques de votre style de vie et de votre espace. Que vous recherchiez un coin confortable pour vous-m\u00eame ou un espace salon plus grand pour divertir vos amis et votre famille, le Luci Pop offre \u00e0 la fois sa forme et sa fonction.<\/p>\n<p>Au c\u0153ur du <strong>Luci Pop<\/strong> se trouve un sentiment de plaisir et de spontan\u00e9it\u00e9. Il vous invite \u00e0 cr\u00e9er, r\u00e9organiser et exp\u00e9rimenter ses composants modulaires. Sa combinaison unique de <strong>couleurs vives<\/strong>, de formes originales et de configurations illimit\u00e9es en fait plus qu&rsquo;une simple solution de si\u00e8ge : c&rsquo;est l&rsquo;occasion de faire de votre espace de vie le reflet de votre personnalit\u00e9. L&rsquo;esth\u00e9tique du <strong>canap\u00e9 vibrant<\/strong> est parfaite pour ceux qui n&rsquo;ont pas peur de faire preuve d&rsquo;audace, alliant confort et sens du style sans vergogne. <a href=\"https:\/\/famaliving.ca\/blog\/get-your-funky-modular-luci-pop-today-free-shipping\/\">Lire la suite<\/a><\/p>\n","protected":false},"excerpt":{"rendered":"<p>LuciPop, un canap\u00e9 modulable audacieux, promet de r\u00e9volutionner le mobilier rembourr\u00e9. Sa caract\u00e9ristique remarquable est le couvercle facilement amovible<\/p>\n","protected":false},"featured_media":37551,"template":"","meta":{"_acf_changed":false,"site-sidebar-layout":"no-sidebar","site-content-layout":"plain-container","ast-site-content-layout":"normal-width-container","site-content-style":"unboxed","site-sidebar-style":"unboxed","ast-global-header-display":"","ast-banner-title-visibility":"","ast-main-header-display":"","ast-hfb-above-header-display":"","ast-hfb-below-header-display":"","ast-hfb-mobile-header-display":"","site-post-title":"disabled","ast-breadcrumbs-content":"","ast-featured-img":"disabled","footer-sml-layout":"","ast-disable-related-posts":"","theme-transparent-header-meta":"default","adv-header-id-meta":"","stick-header-meta":"default","header-above-stick-meta":"","header-main-stick-meta":"","header-below-stick-meta":"","astra-migrate-meta-layouts":"set","ast-page-background-enabled":"default","ast-page-background-meta":{"desktop":{"background-color":"var(--ast-global-color-4)","background-image":"","background-repeat":"repeat","background-position":"center center","background-size":"auto","background-attachment":"scroll","background-type":"","background-media":"","overlay-type":"","overlay-color":"","overlay-opacity":"","overlay-gradient":""},"tablet":{"background-color":"","background-image":"","background-repeat":"repeat","background-position":"center center","background-size":"auto","background-attachment":"scroll","background-type":"","background-media":"","overlay-type":"","overlay-color":"","overlay-opacity":"","overlay-gradient":""},"mobile":{"background-color":"","background-image":"","background-repeat":"repeat","background-position":"center center","background-size":"auto","background-attachment":"scroll","background-type":"","background-media":"","overlay-type":"","overlay-color":"","overlay-opacity":"","overlay-gradient":""}},"ast-content-background-meta":{"desktop":{"background-color":"var(--ast-global-color-5)","background-image":"","background-repeat":"repeat","background-position":"center center","background-size":"auto","background-attachment":"scroll","background-type":"","background-media":"","overlay-type":"","overlay-color":"","overlay-opacity":"","overlay-gradient":""},"tablet":{"background-color":"var(--ast-global-color-5)","background-image":"","background-repeat":"repeat","background-position":"center center","background-size":"auto","background-attachment":"scroll","background-type":"","background-media":"","overlay-type":"","overlay-color":"","overlay-opacity":"","overlay-gradient":""},"mobile":{"background-color":"var(--ast-global-color-5)","background-image":"","background-repeat":"repeat","background-position":"center center","background-size":"auto","background-attachment":"scroll","background-type":"","background-media":"","overlay-type":"","overlay-color":"","overlay-opacity":"","overlay-gradient":""}}},"product_brand":[],"product_cat":[77],"product_tag":[79,81],"class_list":{"0":"post-40636","1":"product","2":"type-product","3":"status-publish","4":"has-post-thumbnail","6":"product_cat-canape","7":"product_tag-a-partir-de","8":"product_tag-moderne","9":"desktop-align-center","10":"tablet-align-left","11":"mobile-align-left","13":"first","14":"instock","15":"sold-individually","16":"shipping-taxable","17":"purchasable","18":"product-type-variable"},"acf":[],"_links":{"self":[{"href":"https:\/\/famaliving.ca\/fr\/wp-json\/wp\/v2\/product\/40636","targetHints":{"allow":["GET"]}}],"collection":[{"href":"https:\/\/famaliving.ca\/fr\/wp-json\/wp\/v2\/product"}],"about":[{"href":"https:\/\/famaliving.ca\/fr\/wp-json\/wp\/v2\/types\/product"}],"version-history":[{"count":1,"href":"https:\/\/famaliving.ca\/fr\/wp-json\/wp\/v2\/product\/40636\/revisions"}],"predecessor-version":[{"id":41602,"href":"https:\/\/famaliving.ca\/fr\/wp-json\/wp\/v2\/product\/40636\/revisions\/41602"}],"wp:featuredmedia":[{"embeddable":true,"href":"https:\/\/famaliving.ca\/fr\/wp-json\/wp\/v2\/media\/37551"}],"wp:attachment":[{"href":"https:\/\/famaliving.ca\/fr\/wp-json\/wp\/v2\/media?parent=40636"}],"wp:term":[{"taxonomy":"product_brand","embeddable":true,"href":"https:\/\/famaliving.ca\/fr\/wp-json\/wp\/v2\/product_brand?post=40636"},{"taxonomy":"product_cat","embeddable":true,"href":"https:\/\/famaliving.ca\/fr\/wp-json\/wp\/v2\/product_cat?post=40636"},{"taxonomy":"product_tag","embeddable":true,"href":"https:\/\/famaliving.ca\/fr\/wp-json\/wp\/v2\/product_tag?post=40636"}],"curies":[{"name":"wp","href":"https:\/\/api.w.org\/{rel}","templated":true}]}}