{"id":40637,"date":"2025-04-29T12:03:06","date_gmt":"2025-04-29T16:03:06","guid":{"rendered":"https:\/\/famaliving.ca\/product\/canape-moderne-klee-klever\/"},"modified":"2025-04-29T15:16:44","modified_gmt":"2025-04-29T19:16:44","slug":"canape-moderne-klee-klever","status":"publish","type":"product","link":"https:\/\/famaliving.ca\/fr\/produit\/canape-moderne-klee-klever\/","title":{"rendered":"Canap\u00e9 moderne Klee &#038; Klever"},"content":{"rendered":"<p><svg xmlns=\"http:\/\/www.w3.org\/2000\/svg\"><path d=\"M416 208H272V64c0-17.67-14.33-32-32-32h-32c-17.67 0-32 14.33-32 32v144H32c-17.67 0-32 14.33-32 32v32c0 17.67 14.33 32 32 32h144v144c0 17.67 14.33 32 32 32h32c17.67 0 32-14.33 32-32V304h144c17.67 0 32-14.33 32-32v-32c0-17.67-14.33-32-32-32z\"><\/path><\/svg><br \/>\n <svg xmlns=\"http:\/\/www.w3.org\/2000\/svg\"><path d=\"M416 208H32c-17.67 0-32 14.33-32 32v32c0 17.67 14.33 32 32 32h384c17.67 0 32-14.33 32-32v-32c0-17.67-14.33-32-32-32z\"><\/path><\/svg><br \/>\n <a>Configuration et t\u00e9l\u00e9chargements<\/a><\/p>\n<p>T\u00e9l\u00e9charger la documentation technique documentation\u00a0: sch\u00e9mas, mesures, d\u00e9tails techniques, brochures et manuels.<\/p>\n<ul>\n<li><a href=\"https:\/\/famaliving.ca\/wp-content\/uploads\/sites\/29\/Klee-schematics-famaliving-Montreal.pdf\" target=\"_blank\" rel=\"noopener noreferrer\"> Klee &#8211; sch\u00e9mas <\/a><\/li>\n<li><a href=\"https:\/\/famaliving.ca\/wp-content\/uploads\/sites\/29\/Klee-Technical-Details-famaliving-Montreal.pdf\" target=\"_blank\" rel=\"noopener noreferrer\"> Klee &#8211; D\u00e9tails techniques <\/a><\/li>\n<li><a href=\"https:\/\/famaliving.ca\/wp-content\/uploads\/sites\/29\/Klee-Brochure-famaliving-Montreal.pdf\" target=\"_blank\" rel=\"noopener noreferrer\"> Klee &#8211; Brochure <\/a><\/li>\n<li><a href=\"https:\/\/famaliving.ca\/wp-content\/uploads\/sites\/29\/Klee-instructions-famaliving-Montreal.pdf\" target=\"_blank\" rel=\"noopener noreferrer\"> Klee &#8211; instructions <\/a><\/li>\n<\/ul>\n<p><strong>Explorez la configurabilit\u00e9 de Klee avec notre <a href=\"\/fr\/3d\/\" target=\"_blank\" rel=\"noopener\">Simulation de conception 3D&gt;&gt;<\/a><\/strong><\/p>\n<p> <svg xmlns=\"http:\/\/www.w3.org\/2000\/svg\"><path d=\"M416 208H272V64c0-17,67-14,33-32-32-32h-32c-17,67 0-32 14,33-32 32v144H32c-17,67 0-32 14,33-32 32v32c0 17,67 14,33 32 32 32h144v144c0 17,67 14,33 32 32 32h32c17,67 0 32-14,33 32-32V304h144c17,67 0 32-14,33 32-32v-32c0-17.67-14.33-32-32-32z\"><\/path><\/svg><br \/>\n <svg xmlns=\"http:\/\/www.w3.org\/2000\/svg\"><path d=\"M416 208H32c-17.67 0-32 14.33-32 32v32c0 17.67 14.33 32 32 32h384c17.67 0 32-14.33 32-32v-32c0-17.67-14.33-32-32-32z\"><\/path><\/svg><br \/>\n <a>\u00c0 propos du produit<\/a><\/p>\n<h3>Canap\u00e9 moderne Klee<\/h3>\n<p><strong>Q\u00a0: Qu&rsquo;est-ce que le canap\u00e9 moderne Klee\u00a0?<\/strong><br \/>R\u00a0: Le Klee est un canap\u00e9 moderne et \u00e9l\u00e9gant con\u00e7u avec des formes g\u00e9om\u00e9triques audacieuses et des lignes \u00e9pur\u00e9es. Il pr\u00e9sente des si\u00e8ges spacieux et un design \u00e9l\u00e9gant et minimaliste qui s&rsquo;int\u00e8gre bien dans les maisons contemporaines.<\/p>\n<p><strong>Q\u00a0: Puis-je personnaliser le canap\u00e9 Klee\u00a0?<\/strong><br \/>R\u00a0: Oui, le Klee offre des options de personnalisation pour les tissus, les couleurs et les finitions des pieds, vous permettant de l&rsquo;adapter \u00e0 vos besoins de d\u00e9coration sp\u00e9cifiques.<\/p>\n<p><strong>Q\u00a0: Quelles sont les caract\u00e9ristiques d&rsquo;assise du canap\u00e9 Klee\u00a0?<\/strong><br \/>A\u00a0: Le Klee offre une exp\u00e9rience d&rsquo;assise confortable avec des si\u00e8ges profonds et des coussins moelleux. Il est con\u00e7u \u00e0 la fois pour le style et le confort, ce qui le rend id\u00e9al pour se d\u00e9tendre ou recevoir des invit\u00e9s.<\/p>\n<p><strong>Q\u00a0: Existe-t-il diff\u00e9rentes options de pieds disponibles pour le Klee\u00a0?<\/strong><br \/>R\u00a0: Oui, le Klee propose des options de pieds personnalisables dans diff\u00e9rentes finitions, vous permettant de choisir celui qui s&rsquo;agence le mieux \u00e0 votre int\u00e9rieur.<\/p>\n<p><strong>Q\u00a0: Le Klee fait-il partie d&rsquo;une collection ?<\/strong><br \/>A\u00a0: Oui, le Klee fait partie de la s\u00e9rie de canap\u00e9s modernes et est souvent associ\u00e9 \u00e0 des fauteuils et des accessoires assortis pour une configuration de salon coh\u00e9rente.<\/p>\n<hr \/>\n<h3>Canap\u00e9 moderne Klever<\/h3>\n<p><strong>Q\u00a0: Qu&rsquo;est-ce que le canap\u00e9 moderne Klever\u00a0?<\/strong><br \/>A\u00a0: Le Klever est un canap\u00e9 \u00e9l\u00e9gant et contemporain con\u00e7u pour la fonctionnalit\u00e9 et le confort. Son design compact le rend id\u00e9al pour les petits espaces de vie, tout en offrant de nombreux si\u00e8ges et un style moderne.<\/p>\n<p><strong>Q\u00a0: Puis-je personnaliser le canap\u00e9 Klever\u00a0?<\/strong><br \/>R\u00a0: Oui, le Klever est enti\u00e8rement personnalisable avec une large gamme d&rsquo;options de tissus, de couleurs et de finitions de pieds, vous permettant de cr\u00e9er un canap\u00e9 qui correspond \u00e0 votre style personnel.<\/p>\n<p><strong>Q\u00a0: Qu&rsquo;est-ce qui fait du canap\u00e9 Klever un excellent choix pour les petits espaces\u00a0?<\/strong><br \/>A\u00a0: Le La conception compacte de Klever le rend id\u00e9al pour les appartements ou les espaces de vie urbains o\u00f9 maximiser les si\u00e8ges sans sacrifier le style est essentiel. Sa silhouette profil\u00e9e permet de conserver une sensation d&rsquo;espace dans les petites pi\u00e8ces.<\/p>\n<p><strong>Q\u00a0: Existe-t-il des repose-pieds ou des options suppl\u00e9mentaires disponibles pour le Klever\u00a0?<\/strong><br \/>R\u00a0: Oui, le Klever propose des repose-pieds assortis et des accessoires suppl\u00e9mentaires qui peuvent compl\u00e9ter le canap\u00e9 et am\u00e9liorer sa fonctionnalit\u00e9.<\/p>\n<p><strong>Q\u00a0: Quelles sont les options de pieds disponibles pour le Klever\u00a0?<\/strong><br \/>A\u00a0: Le canap\u00e9 Klever offre des options de pieds personnalisables dans divers mat\u00e9riaux et finitions, vous offrant ainsi de la flexibilit\u00e9. pour obtenir l&rsquo;esth\u00e9tique souhait\u00e9e.<\/p>\n<p> <svg xmlns=\"http:\/\/www.w3.org\/2000\/svg\"><path d=\"M416 208H272V64c0-17.67-14.33-32-32-32h-32c-17.67 0-32 14.33-32 32v144H32c-17.67 0-32 14.33-32 32v32c0 17.67 14.33 32 32 32h144v144c0 17.67 14.33 32 32 32h32c17.67 0 32-14.33 32-32V304h144c17.67 0 32-14.33 32-32v-32c0-17.67-14.33-32-32-32z\"><\/chemin><\/svg><br \/>\n <svg xmlns=\"http:\/\/www.w3.org\/2000\/svg\"><chemin d=\"M416 208H32c-17.67 0-32 14.33-32 32v32c0 17.67 14.33 32 32 32h384c17.67 0 32-14.33 32-32v-32c0-17.67-14.33-32-32-32z\"><\/path><\/svg><br \/>\n <a>Options du produit<\/a><\/p>\n<h3><strong>Collection de canap\u00e9s modernes\u00a0: Klee &amp; Klever<\/strong><\/h3>\n<p>D\u00e9couvrez le m\u00e9lange parfait de design audacieux et de fonctionnalit\u00e9 polyvalente avec <strong>Klee<\/strong> et <strong>Klever<\/strong>, deux pi\u00e8ces remarquables de notre collection de canap\u00e9s modernes. Con\u00e7us pour la vie contemporaine, ces canap\u00e9s offrent un style, un confort et des options de personnalisation in\u00e9gal\u00e9s pour s&rsquo;adapter \u00e0 votre espace unique. <a href=\"https:\/\/famaliving.ca\/blog\/modern-sofa-klee-klever-luxury-living-room-furniture\/\">Lire la suite<\/a><\/p>\n","protected":false},"excerpt":{"rendered":"<p>Pr\u00e9sentation de KLEE, le canap\u00e9 modulable et contemporain qui r\u00e9volutionne les espaces de vie. Son syst\u00e8me de base de plate-forme unique permet des configurations infinies sans outils, garantissant un assemblage transparent avec des joints invisibles.<\/p>\n","protected":false},"featured_media":37369,"template":"","meta":{"_acf_changed":false,"site-sidebar-layout":"default","site-content-layout":"","ast-site-content-layout":"default","site-content-style":"default","site-sidebar-style":"default","ast-global-header-display":"","ast-banner-title-visibility":"","ast-main-header-display":"","ast-hfb-above-header-display":"","ast-hfb-below-header-display":"","ast-hfb-mobile-header-display":"","site-post-title":"","ast-breadcrumbs-content":"","ast-featured-img":"","footer-sml-layout":"","ast-disable-related-posts":"","theme-transparent-header-meta":"default","adv-header-id-meta":"","stick-header-meta":"default","header-above-stick-meta":"","header-main-stick-meta":"","header-below-stick-meta":"","astra-migrate-meta-layouts":"set","ast-page-background-enabled":"default","ast-page-background-meta":{"desktop":{"background-color":"var(--ast-global-color-4)","background-image":"","background-repeat":"repeat","background-position":"center center","background-size":"auto","background-attachment":"scroll","background-type":"","background-media":"","overlay-type":"","overlay-color":"","overlay-opacity":"","overlay-gradient":""},"tablet":{"background-color":"","background-image":"","background-repeat":"repeat","background-position":"center center","background-size":"auto","background-attachment":"scroll","background-type":"","background-media":"","overlay-type":"","overlay-color":"","overlay-opacity":"","overlay-gradient":""},"mobile":{"background-color":"","background-image":"","background-repeat":"repeat","background-position":"center center","background-size":"auto","background-attachment":"scroll","background-type":"","background-media":"","overlay-type":"","overlay-color":"","overlay-opacity":"","overlay-gradient":""}},"ast-content-background-meta":{"desktop":{"background-color":"var(--ast-global-color-5)","background-image":"","background-repeat":"repeat","background-position":"center center","background-size":"auto","background-attachment":"scroll","background-type":"","background-media":"","overlay-type":"","overlay-color":"","overlay-opacity":"","overlay-gradient":""},"tablet":{"background-color":"var(--ast-global-color-5)","background-image":"","background-repeat":"repeat","background-position":"center center","background-size":"auto","background-attachment":"scroll","background-type":"","background-media":"","overlay-type":"","overlay-color":"","overlay-opacity":"","overlay-gradient":""},"mobile":{"background-color":"var(--ast-global-color-5)","background-image":"","background-repeat":"repeat","background-position":"center center","background-size":"auto","background-attachment":"scroll","background-type":"","background-media":"","overlay-type":"","overlay-color":"","overlay-opacity":"","overlay-gradient":""}}},"product_brand":[],"product_cat":[77],"product_tag":[79,81],"class_list":{"0":"post-40637","1":"product","2":"type-product","3":"status-publish","4":"has-post-thumbnail","6":"product_cat-canape","7":"product_tag-a-partir-de","8":"product_tag-moderne","9":"desktop-align-center","10":"tablet-align-left","11":"mobile-align-left","13":"first","14":"instock","15":"sold-individually","16":"shipping-taxable","17":"purchasable","18":"product-type-variable"},"acf":[],"_links":{"self":[{"href":"https:\/\/famaliving.ca\/fr\/wp-json\/wp\/v2\/product\/40637","targetHints":{"allow":["GET"]}}],"collection":[{"href":"https:\/\/famaliving.ca\/fr\/wp-json\/wp\/v2\/product"}],"about":[{"href":"https:\/\/famaliving.ca\/fr\/wp-json\/wp\/v2\/types\/product"}],"version-history":[{"count":1,"href":"https:\/\/famaliving.ca\/fr\/wp-json\/wp\/v2\/product\/40637\/revisions"}],"predecessor-version":[{"id":41601,"href":"https:\/\/famaliving.ca\/fr\/wp-json\/wp\/v2\/product\/40637\/revisions\/41601"}],"wp:featuredmedia":[{"embeddable":true,"href":"https:\/\/famaliving.ca\/fr\/wp-json\/wp\/v2\/media\/37369"}],"wp:attachment":[{"href":"https:\/\/famaliving.ca\/fr\/wp-json\/wp\/v2\/media?parent=40637"}],"wp:term":[{"taxonomy":"product_brand","embeddable":true,"href":"https:\/\/famaliving.ca\/fr\/wp-json\/wp\/v2\/product_brand?post=40637"},{"taxonomy":"product_cat","embeddable":true,"href":"https:\/\/famaliving.ca\/fr\/wp-json\/wp\/v2\/product_cat?post=40637"},{"taxonomy":"product_tag","embeddable":true,"href":"https:\/\/famaliving.ca\/fr\/wp-json\/wp\/v2\/product_tag?post=40637"}],"curies":[{"name":"wp","href":"https:\/\/api.w.org\/{rel}","templated":true}]}}