{"id":40638,"date":"2024-01-08T14:11:38","date_gmt":"2024-01-08T19:11:38","guid":{"rendered":"https:\/\/famaliving.ca\/product\/fauteuil-inclinable-contemporain-bonne\/"},"modified":"2025-04-29T14:30:14","modified_gmt":"2025-04-29T18:30:14","slug":"fauteuil-inclinable-contemporain-bonne","status":"publish","type":"product","link":"https:\/\/famaliving.ca\/fr\/produit\/fauteuil-inclinable-contemporain-bonne\/","title":{"rendered":"Fauteuil inclinable contemporain Bonne"},"content":{"rendered":"<p><a tabindex=\"0\">Configuration et t\u00e9l\u00e9chargements<\/a><\/p>\n<p>T\u00e9l\u00e9chargez la documentation technique\u00a0: sch\u00e9mas, mesures, d\u00e9tails techniques, brochures et manuels.<\/p>\n<ul>\n<li><a href=\"https:\/\/famaliving.ca\/wp-content\/uploads\/sites\/29\/Bonne-Data-sheet-famaliving-Montreal.pdf\" target=\"_blank\" rel=\"noopener noreferrer\"> Bonne \u2013 Fiche technique <\/a><\/li>\n<li><a href=\"https:\/\/famaliving.ca\/wp-content\/uploads\/sites\/29\/Bonne-Sketch-famaliving-Montreal.pdf\" target=\"_blank\" rel=\"noopener noreferrer\"> Bonne \u2013 Croquis <\/a><\/li>\n<li><a href=\"https:\/\/famaliving.ca\/wp-content\/uploads\/sites\/29\/Bonne-Instructions-famaliving-Montreal.pdf\" target=\"_blank\" rel=\"noopener noreferrer\"> Bonne \u2013 Instructions <\/a><\/li>\n<li><a href=\"https:\/\/famaliving.ca\/wp-content\/uploads\/sites\/29\/Bonne-Information-famaliving-Montreal.pdf\" target=\"_blank\" rel=\"noopener noreferrer\"> Bonne \u2013 Information <\/a><\/li>\n<li><a href=\"https:\/\/famaliving.ca\/wp-content\/uploads\/sites\/29\/TrainingBook-HomeCollection2021-Programa-Relax-Total-famaliving-Montreal-4.pdf\" target=\"_blank\" rel=\"noopener noreferrer\"> TrainingBook-HomeCollection2021-Programa-Relax-Total <\/a><\/li>\n<li><a href=\"https:\/\/famaliving.ca\/wp-content\/uploads\/sites\/29\/TrainingBook-HomeCollection2021-Open-Smart-system-famaliving-Montreal-4.pdf\" target=\"_blank\" rel=\"noopener noreferrer\"> TrainingBook-HomeCollection2021-Open-Smart-system <\/a><\/li>\n<\/ul>\n<p><strong>Explorez la configurabilit\u00e9 de Bonne avec notre <a href=\"\/fr\/3d\/\" target=\"_blank\" rel=\"noopener\">Simulation de conception 3D&gt;&gt;<\/a><\/strong><\/p>\n<p><a tabindex=\"0\">\u00c0 propos du produit<\/a><\/p>\n<p><strong>Q\u00a0:\u00a0Qu&rsquo;est-ce que le fauteuil inclinable contemporain Bonne\u00a0?<\/strong><\/p>\n<p>A\u00a0: Le fauteuil inclinable Bonne est une pi\u00e8ce contemporaine de Famaliving, alliant design \u00e9l\u00e9gant et confort fonctionnel. Il pr\u00e9sente une esth\u00e9tique moderne avec des capacit\u00e9s d&rsquo;inclinaison int\u00e9gr\u00e9es, ce qui en fait un excellent choix pour ceux qui recherchent \u00e0 la fois style et d\u00e9tente dans leur espace de vie.<\/p>\n<p><strong>Q\u00a0:\u00a0Qu&rsquo;est-ce qui rend le fauteuil inclinable Bonne unique\u00a0?<\/strong><\/p>\n<p>A\u00a0: Le fauteuil inclinable Bonne se distingue par son design \u00e0 la fois minimaliste et fonctionnel. Il offre une apparence \u00e9l\u00e9gante et \u00e9l\u00e9gante tout en offrant le luxe de capacit\u00e9s d&rsquo;inclinaison. Les lignes \u00e9pur\u00e9es et les fonctionnalit\u00e9s personnalisables le rendent id\u00e9al pour les int\u00e9rieurs modernes o\u00f9 le confort et l&rsquo;\u00e9l\u00e9gance sont tout aussi importants.<\/p>\n<p><strong>Q\u00a0: Puis-je personnaliser le fauteuil inclinable Bonne avec des accessoires\u00a0?<\/strong><\/p>\n<p>A\u00a0: Oui, le fauteuil inclinable Bonne est hautement personnalisable. Vous pouvez choisir parmi plus de 500 options de tissus ou s\u00e9lectionner un rev\u00eatement en cuir pour une sensation plus luxueuse. Des accessoires suppl\u00e9mentaires, tels que des repose-pieds et des coussins, peuvent \u00e9galement \u00eatre ajout\u00e9s pour am\u00e9liorer l&rsquo;apparence g\u00e9n\u00e9rale et le confort.<\/p>\n<p><strong>Q\u00a0: Quelles sont les caract\u00e9ristiques d&rsquo;assise du fauteuil inclinable Bonne\u00a0?<\/strong><\/p>\n<p>A\u00a0: Le fauteuil inclinable Bonne offre une assise profonde et de soutien avec des coussins moelleux qui assurent un confort maximal. Sa fonction d&rsquo;inclinaison vous permet de vous d\u00e9tendre compl\u00e8tement, que vous regardiez la t\u00e9l\u00e9vision, lisiez ou faisiez simplement une pause.<\/p>\n<p><strong>Q\u00a0: Existe-t-il diff\u00e9rentes options de pieds pour le fauteuil inclinable Bonne\u00a0?<\/strong><\/p>\n<p>A\u00a0: Oui, le fauteuil inclinable Bonne est livr\u00e9 avec des options de pieds personnalisables. Les pieds par d\u00e9faut sont disponibles dans une finition m\u00e9tallique \u00e9l\u00e9gante, mais vous pouvez choisir parmi diff\u00e9rents mat\u00e9riaux et finitions pour correspondre \u00e0 vos pr\u00e9f\u00e9rences de d\u00e9coration.<\/p>\n<p><strong>Q\u00a0: Quelles sont les dimensions du fauteuil inclinable Bonne\u00a0?<\/strong><\/p>\n<p>A\u00a0: La hauteur du si\u00e8ge est de 44 cm (17,32 pouces), avec une profondeur totale de 100 cm (39,37 pouces) et une hauteur totale de 86 cm (33,86 pouces).<\/p>\n<p><strong>Q\u00a0: Un rev\u00eatement en cuir est-il disponible pour le fauteuil inclinable Bonne\u00a0?<\/strong><\/p>\n<p>A\u00a0: Oui, un rev\u00eatement en cuir est disponible pour le fauteuil inclinable Bonne, mais cela entra\u00eene un co\u00fbt suppl\u00e9mentaire. Alternativement, vous pouvez choisir parmi une large gamme d\u2019options de tissus pour personnaliser le look.<\/p>\n<p><strong>Q\u00a0: Comment puis-je personnaliser le fauteuil inclinable Bonne\u00a0?<\/strong><\/p>\n<p>A\u00a0: Le fauteuil inclinable Bonne peut \u00eatre personnalis\u00e9 avec diff\u00e9rentes options de rev\u00eatement, notamment en tissu et en cuir. Vous pouvez \u00e9galement s\u00e9lectionner diff\u00e9rentes finitions de pieds et ajouter des accessoires comme des coussins pour que le fauteuil inclinable s&rsquo;int\u00e8gre parfaitement dans votre maison.<\/p>\n<p><a tabindex=\"0\">Options du produit<\/a><\/p>\n<ul>\n<li>Disponible en tissus et en cuirs.<\/li>\n<li>Base pivotante en m\u00e9tal<\/li>\n<li>Appui-t\u00eate r\u00e9glable (l&rsquo;appui-t\u00eate se l\u00e8ve et s&rsquo;incline).<\/li>\n<\/ul>\n<p><strong>Compte tenu de la grande polyvalence et des nombreuses options de personnalisation disponibles pour ce meuble, nous vous conseillons de vous connecter et d&rsquo;utiliser le bouton \u00ab\u00a0Ajouter au devis\u00a0\u00bb.<\/strong><\/p>\n","protected":false},"excerpt":{"rendered":"<p>Bonne s&rsquo;av\u00e8re \u00eatre un fauteuil compagnon id\u00e9al pour le mod\u00e8le Boston, car tous deux pr\u00e9sentent des lignes naturelles harmonieuses et des designs sereins. Cependant, Bonne transcende le fauteuil inclinable conventionnel, offrant un confort in\u00e9gal\u00e9. Nous avons atteint un niveau de confort extraordinaire en introduisant un nouvel appui-t\u00eate r\u00e9glable, capable de s&rsquo;adapter \u00e0 des personnes de diff\u00e9rentes tailles et corpulences. De plus, la position de repos sur\u00e9lev\u00e9e de Bonne favorise un alignement optimal du c\u0153ur pour une relaxation r\u00e9paratrice.<\/p>\n","protected":false},"featured_media":10777,"template":"","meta":{"_acf_changed":false,"site-sidebar-layout":"no-sidebar","site-content-layout":"plain-container","ast-site-content-layout":"normal-width-container","site-content-style":"unboxed","site-sidebar-style":"unboxed","ast-global-header-display":"","ast-banner-title-visibility":"","ast-main-header-display":"","ast-hfb-above-header-display":"","ast-hfb-below-header-display":"","ast-hfb-mobile-header-display":"","site-post-title":"disabled","ast-breadcrumbs-content":"","ast-featured-img":"disabled","footer-sml-layout":"","ast-disable-related-posts":"","theme-transparent-header-meta":"default","adv-header-id-meta":"","stick-header-meta":"default","header-above-stick-meta":"","header-main-stick-meta":"","header-below-stick-meta":"","astra-migrate-meta-layouts":"set","ast-page-background-enabled":"default","ast-page-background-meta":{"desktop":{"background-color":"var(--ast-global-color-4)","background-image":"","background-repeat":"repeat","background-position":"center center","background-size":"auto","background-attachment":"scroll","background-type":"","background-media":"","overlay-type":"","overlay-color":"","overlay-opacity":"","overlay-gradient":""},"tablet":{"background-color":"","background-image":"","background-repeat":"repeat","background-position":"center center","background-size":"auto","background-attachment":"scroll","background-type":"","background-media":"","overlay-type":"","overlay-color":"","overlay-opacity":"","overlay-gradient":""},"mobile":{"background-color":"","background-image":"","background-repeat":"repeat","background-position":"center center","background-size":"auto","background-attachment":"scroll","background-type":"","background-media":"","overlay-type":"","overlay-color":"","overlay-opacity":"","overlay-gradient":""}},"ast-content-background-meta":{"desktop":{"background-color":"var(--ast-global-color-5)","background-image":"","background-repeat":"repeat","background-position":"center center","background-size":"auto","background-attachment":"scroll","background-type":"","background-media":"","overlay-type":"","overlay-color":"","overlay-opacity":"","overlay-gradient":""},"tablet":{"background-color":"var(--ast-global-color-5)","background-image":"","background-repeat":"repeat","background-position":"center center","background-size":"auto","background-attachment":"scroll","background-type":"","background-media":"","overlay-type":"","overlay-color":"","overlay-opacity":"","overlay-gradient":""},"mobile":{"background-color":"var(--ast-global-color-5)","background-image":"","background-repeat":"repeat","background-position":"center center","background-size":"auto","background-attachment":"scroll","background-type":"","background-media":"","overlay-type":"","overlay-color":"","overlay-opacity":"","overlay-gradient":""}}},"product_brand":[],"product_cat":[72],"product_tag":[79,91,81],"class_list":{"0":"post-40638","1":"product","2":"type-product","3":"status-publish","4":"has-post-thumbnail","6":"product_cat-fauteuils-et-inclinaisons","7":"product_tag-a-partir-de","8":"product_tag-a-partir-de-2","9":"product_tag-moderne","10":"desktop-align-center","11":"tablet-align-left","12":"mobile-align-left","14":"first","15":"instock","16":"sold-individually","17":"shipping-taxable","18":"purchasable","19":"product-type-variable"},"acf":[],"_links":{"self":[{"href":"https:\/\/famaliving.ca\/fr\/wp-json\/wp\/v2\/product\/40638","targetHints":{"allow":["GET"]}}],"collection":[{"href":"https:\/\/famaliving.ca\/fr\/wp-json\/wp\/v2\/product"}],"about":[{"href":"https:\/\/famaliving.ca\/fr\/wp-json\/wp\/v2\/types\/product"}],"version-history":[{"count":1,"href":"https:\/\/famaliving.ca\/fr\/wp-json\/wp\/v2\/product\/40638\/revisions"}],"predecessor-version":[{"id":41572,"href":"https:\/\/famaliving.ca\/fr\/wp-json\/wp\/v2\/product\/40638\/revisions\/41572"}],"wp:featuredmedia":[{"embeddable":true,"href":"https:\/\/famaliving.ca\/fr\/wp-json\/wp\/v2\/media\/10777"}],"wp:attachment":[{"href":"https:\/\/famaliving.ca\/fr\/wp-json\/wp\/v2\/media?parent=40638"}],"wp:term":[{"taxonomy":"product_brand","embeddable":true,"href":"https:\/\/famaliving.ca\/fr\/wp-json\/wp\/v2\/product_brand?post=40638"},{"taxonomy":"product_cat","embeddable":true,"href":"https:\/\/famaliving.ca\/fr\/wp-json\/wp\/v2\/product_cat?post=40638"},{"taxonomy":"product_tag","embeddable":true,"href":"https:\/\/famaliving.ca\/fr\/wp-json\/wp\/v2\/product_tag?post=40638"}],"curies":[{"name":"wp","href":"https:\/\/api.w.org\/{rel}","templated":true}]}}