{"id":40639,"date":"2025-04-29T12:03:10","date_gmt":"2025-04-29T16:03:10","guid":{"rendered":"https:\/\/famaliving.ca\/product\/balancoire-funky-avec-fauteuil\/"},"modified":"2025-04-29T14:32:52","modified_gmt":"2025-04-29T18:32:52","slug":"balancoire-funky-avec-fauteuil","status":"publish","type":"product","link":"https:\/\/famaliving.ca\/fr\/produit\/balancoire-funky-avec-fauteuil\/","title":{"rendered":"Balan\u00e7oire Funky avec fauteuil"},"content":{"rendered":"<p><a tabindex=\"0\">Configuration et t\u00e9l\u00e9chargements<\/a><\/p>\n<p>T\u00e9l\u00e9chargez la documentation technique\u00a0: sch\u00e9mas, mesures, d\u00e9tails techniques, brochures et manuels.<\/p>\n<ul>\n<li><a href=\"https:\/\/famaliving.ca\/wp-content\/uploads\/sites\/29\/Swing-Data-sheet-famaliving-Montreal.pdf\" target=\"_blank\" rel=\"noopener noreferrer\"> Swing \u2013 Fiche technique <\/a><\/li>\n<li><a href=\"https:\/\/famaliving.ca\/wp-content\/uploads\/sites\/29\/Swing-Sketch-famaliving-Montreal.pdf\" target=\"_blank\" rel=\"noopener noreferrer\"> Swing \u2013 Croquis <\/a><\/li>\n<li><a href=\"https:\/\/famaliving.ca\/wp-content\/uploads\/sites\/29\/Swing-Instructions-famaliving-Montreal.pdf\" target=\"_blank\" rel=\"noopener noreferrer\"> Swing \u2013 Instructions <\/a><\/li>\n<\/ul>\n<p><strong>Explorez la configurabilit\u00e9 de Swing avec notre <a href=\"\/fr\/3d\/\" target=\"_blank\" rel=\"noopener\">Simulation de conception 3D&gt;&gt;<\/a><\/strong><\/p>\n<p><a tabindex=\"0\">\u00c0 propos du produit<\/a><\/p>\n<p><strong>Q\u00a0: Qu&rsquo;est-ce que la balan\u00e7oire Funky Armchair\u00a0?<\/strong><\/p>\n<p>A\u00a0: Le fauteuil Swing de Famaliving est une option de si\u00e8ge funky et moderne con\u00e7ue pour apporter \u00e0 la fois style et confort \u00e0 votre espace de vie. Avec son design accrocheur et sa base pivotante lisse, ce fauteuil est parfait pour ceux qui veulent faire une d\u00e9claration audacieuse tout en profitant d&rsquo;une fonctionnalit\u00e9 pratique.<\/p>\n<p><strong>Q\u00a0:\u00a0Qu&rsquo;est-ce qui rend le fauteuil Swing unique\u00a0?<\/strong><\/p>\n<p>A : Le fauteuil Swing se distingue par son design ludique et sa base pivotante \u00e0 360 degr\u00e9s, offrant \u00e0 la fois esth\u00e9tique et mobilit\u00e9. Ses lignes audacieuses et modernes et sa forme distinctive en font un choix parfait pour les int\u00e9rieurs contemporains ou \u00e9clectiques, ajoutant une touche amusante et sophistiqu\u00e9e \u00e0 n&rsquo;importe quelle pi\u00e8ce.<\/p>\n<p><strong>Q\u00a0: Puis-je personnaliser le fauteuil Swing avec des accessoires\u00a0?<\/strong><\/p>\n<p>A\u00a0: Oui, le fauteuil Swing est hautement personnalisable. Vous pouvez choisir parmi plus de 500 options de tissus, vous permettant de choisir la couleur, le motif ou la texture parfaite en fonction de votre d\u00e9cor. De plus, des coussins d\u00e9coratifs peuvent \u00eatre ajout\u00e9s pour am\u00e9liorer \u00e0 la fois le confort et le style.<\/p>\n<p><strong>Q\u00a0: Quelles sont les caract\u00e9ristiques d&rsquo;assise du fauteuil Swing\u00a0?<\/strong><\/p>\n<p>A\u00a0: Le fauteuil Swing offre une assise profonde et rembourr\u00e9e avec un dossier de soutien, assurant un confort maximal. La fonction pivotante \u00e0 360 degr\u00e9s offre une facilit\u00e9 de mouvement, ce qui la rend id\u00e9ale pour se d\u00e9tendre, lire ou profiter d&rsquo;une conversation dans un cadre polyvalent et \u00e9l\u00e9gant.<\/p>\n<p><strong>Q\u00a0: Existe-t-il diff\u00e9rentes options de pieds pour le fauteuil Swing\u00a0?<\/strong><\/p>\n<p>A\u00a0: Le fauteuil Swing est dot\u00e9 d&rsquo;une base pivotante int\u00e9gr\u00e9e, qui fait partie int\u00e9grante de son design. Bien que la base ne soit pas personnalisable, les options de tissu et de rev\u00eatement de la chaise vous permettent de personnaliser l\u2019apparence g\u00e9n\u00e9rale.<\/p>\n<p><strong>Q\u00a0: Quelles sont les dimensions du fauteuil Swing\u00a0?<\/strong><\/p>\n<p>A\u00a0: La hauteur du si\u00e8ge est de 44 cm (17,32 pouces), avec une profondeur totale de 85 cm (33,46 pouces) et une hauteur totale de 90 cm (35,43 pouces).<\/p>\n<p><strong>Q\u00a0: Un rev\u00eatement en cuir est-il disponible pour le fauteuil Swing\u00a0?<\/strong><\/p>\n<p>A\u00a0: Oui, un rev\u00eatement en cuir est disponible pour le fauteuil Swing, mais cela peut entra\u00eener un co\u00fbt suppl\u00e9mentaire. Vous pouvez \u00e9galement choisir parmi une grande vari\u00e9t\u00e9 d\u2019options de tissus pour cr\u00e9er un look personnalis\u00e9 qui correspond \u00e0 l\u2019esth\u00e9tique de votre maison.<\/p>\n<p><strong>Q\u00a0: Comment personnaliser le fauteuil Swing\u00a0?<\/strong><\/p>\n<p>A : Le fauteuil Swing offre de nombreuses options de personnalisation, notamment un rev\u00eatement en tissu ou en cuir, ainsi que l&rsquo;ajout de coussins d\u00e9coratifs. Cela vous permet de cr\u00e9er un fauteuil unique en son genre qui s&rsquo;int\u00e8gre parfaitement \u00e0 votre espace tout en refl\u00e9tant votre style personnel.<\/p>\n<p><a tabindex=\"0\">Options du produit<\/a><\/p>\n<ul>\n<li>Disponible en tissu<\/li>\n<li>Base pivotante en M\u00e9tal : Noir Chrome, Nube Standard, Gris Fonc\u00e9, M\u00e9tal Naturel (Finition Mat)<\/li>\n<\/ul>\n","protected":false},"excerpt":{"rendered":"<p>Pr\u00e9sentation du fauteuil Swing ! Ce fauteuil \u00e9l\u00e9gant et visuellement l\u00e9ger est incroyablement confortable gr\u00e2ce \u00e0 sa forme ergonomique et ses accoudoirs tr\u00e8s confortables. Il est livr\u00e9 avec une \u00e9l\u00e9gante base pivotante chrom\u00e9e, ce qui en fait un choix parfait pour les espaces de vie modernes. Pour une d\u00e9tente ultime, associez-le au repose-pieds Lenny.<\/p>\n","protected":false},"featured_media":35669,"template":"","meta":{"_acf_changed":false,"site-sidebar-layout":"default","site-content-layout":"","ast-site-content-layout":"default","site-content-style":"default","site-sidebar-style":"default","ast-global-header-display":"","ast-banner-title-visibility":"","ast-main-header-display":"","ast-hfb-above-header-display":"","ast-hfb-below-header-display":"","ast-hfb-mobile-header-display":"","site-post-title":"","ast-breadcrumbs-content":"","ast-featured-img":"","footer-sml-layout":"","ast-disable-related-posts":"","theme-transparent-header-meta":"default","adv-header-id-meta":"","stick-header-meta":"default","header-above-stick-meta":"","header-main-stick-meta":"","header-below-stick-meta":"","astra-migrate-meta-layouts":"set","ast-page-background-enabled":"default","ast-page-background-meta":{"desktop":{"background-color":"var(--ast-global-color-4)","background-image":"","background-repeat":"repeat","background-position":"center center","background-size":"auto","background-attachment":"scroll","background-type":"","background-media":"","overlay-type":"","overlay-color":"","overlay-opacity":"","overlay-gradient":""},"tablet":{"background-color":"","background-image":"","background-repeat":"repeat","background-position":"center center","background-size":"auto","background-attachment":"scroll","background-type":"","background-media":"","overlay-type":"","overlay-color":"","overlay-opacity":"","overlay-gradient":""},"mobile":{"background-color":"","background-image":"","background-repeat":"repeat","background-position":"center center","background-size":"auto","background-attachment":"scroll","background-type":"","background-media":"","overlay-type":"","overlay-color":"","overlay-opacity":"","overlay-gradient":""}},"ast-content-background-meta":{"desktop":{"background-color":"var(--ast-global-color-5)","background-image":"","background-repeat":"repeat","background-position":"center center","background-size":"auto","background-attachment":"scroll","background-type":"","background-media":"","overlay-type":"","overlay-color":"","overlay-opacity":"","overlay-gradient":""},"tablet":{"background-color":"var(--ast-global-color-5)","background-image":"","background-repeat":"repeat","background-position":"center center","background-size":"auto","background-attachment":"scroll","background-type":"","background-media":"","overlay-type":"","overlay-color":"","overlay-opacity":"","overlay-gradient":""},"mobile":{"background-color":"var(--ast-global-color-5)","background-image":"","background-repeat":"repeat","background-position":"center center","background-size":"auto","background-attachment":"scroll","background-type":"","background-media":"","overlay-type":"","overlay-color":"","overlay-opacity":"","overlay-gradient":""}}},"product_brand":[],"product_cat":[72],"product_tag":[79],"class_list":{"0":"post-40639","1":"product","2":"type-product","3":"status-publish","4":"has-post-thumbnail","6":"product_cat-fauteuils-et-inclinaisons","7":"product_tag-a-partir-de","8":"desktop-align-center","9":"tablet-align-left","10":"mobile-align-left","12":"first","13":"instock","14":"sold-individually","15":"shipping-taxable","16":"purchasable","17":"product-type-variable"},"acf":[],"_links":{"self":[{"href":"https:\/\/famaliving.ca\/fr\/wp-json\/wp\/v2\/product\/40639","targetHints":{"allow":["GET"]}}],"collection":[{"href":"https:\/\/famaliving.ca\/fr\/wp-json\/wp\/v2\/product"}],"about":[{"href":"https:\/\/famaliving.ca\/fr\/wp-json\/wp\/v2\/types\/product"}],"version-history":[{"count":2,"href":"https:\/\/famaliving.ca\/fr\/wp-json\/wp\/v2\/product\/40639\/revisions"}],"predecessor-version":[{"id":41579,"href":"https:\/\/famaliving.ca\/fr\/wp-json\/wp\/v2\/product\/40639\/revisions\/41579"}],"wp:featuredmedia":[{"embeddable":true,"href":"https:\/\/famaliving.ca\/fr\/wp-json\/wp\/v2\/media\/35669"}],"wp:attachment":[{"href":"https:\/\/famaliving.ca\/fr\/wp-json\/wp\/v2\/media?parent=40639"}],"wp:term":[{"taxonomy":"product_brand","embeddable":true,"href":"https:\/\/famaliving.ca\/fr\/wp-json\/wp\/v2\/product_brand?post=40639"},{"taxonomy":"product_cat","embeddable":true,"href":"https:\/\/famaliving.ca\/fr\/wp-json\/wp\/v2\/product_cat?post=40639"},{"taxonomy":"product_tag","embeddable":true,"href":"https:\/\/famaliving.ca\/fr\/wp-json\/wp\/v2\/product_tag?post=40639"}],"curies":[{"name":"wp","href":"https:\/\/api.w.org\/{rel}","templated":true}]}}