{"id":40640,"date":"2025-04-29T12:03:11","date_gmt":"2025-04-29T16:03:11","guid":{"rendered":"https:\/\/famaliving.ca\/product\/fauteuil-inclinable-moderne-eva\/"},"modified":"2025-04-29T14:32:45","modified_gmt":"2025-04-29T18:32:45","slug":"fauteuil-inclinable-moderne-eva","status":"publish","type":"product","link":"https:\/\/famaliving.ca\/fr\/produit\/fauteuil-inclinable-moderne-eva\/","title":{"rendered":"Fauteuil inclinable moderne Eva"},"content":{"rendered":"<p><a tabindex=\"0\">Configuration et t\u00e9l\u00e9chargements<\/a><\/p>\n<p>T\u00e9l\u00e9chargez la documentation technique\u00a0: sch\u00e9mas, mesures, d\u00e9tails techniques, brochures et manuels.<\/p>\n<ul>\n<li><a href=\"https:\/\/famaliving.ca\/wp-content\/uploads\/sites\/29\/Eva-Schematics-famaliving-Montreal.pdf\" target=\"_blank\" rel=\"noopener noreferrer\"> Eva \u2013 Sch\u00e9mas <\/a><\/li>\n<li><a href=\"https:\/\/famaliving.ca\/wp-content\/uploads\/sites\/29\/Eva-Technical-Details-famaliving-Montreal.pdf\" target=\"_blank\" rel=\"noopener noreferrer\"> Eva \u2013 D\u00e9tails techniques <\/a><\/li>\n<li><a href=\"https:\/\/famaliving.ca\/wp-content\/uploads\/sites\/29\/Eva-Instructions-famaliving-Montreal.pdf\" target=\"_blank\" rel=\"noopener noreferrer\"> Eva \u2013 Instructions <\/a><\/li>\n<li><a href=\"https:\/\/famaliving.ca\/wp-content\/uploads\/sites\/29\/AdanEva-Brochure-famaliving-Montreal-1.pdf\" target=\"_blank\" rel=\"noopener noreferrer\"> Adan&amp;Eva \u2013 Brochure <\/a><\/li>\n<li><a href=\"https:\/\/famaliving.ca\/wp-content\/uploads\/sites\/29\/TrainingBook-HomeCollection2021-Programa-Relax-Total-famaliving-Montreal-3.pdf\" target=\"_blank\" rel=\"noopener noreferrer\"> TrainingBook-HomeCollection2021-Programa-Relax-Total <\/a><\/li>\n<li><a href=\"https:\/\/famaliving.ca\/wp-content\/uploads\/sites\/29\/TrainingBook-HomeCollection2021-Open-Smart-system-famaliving-Montreal-3.pdf\" target=\"_blank\" rel=\"noopener noreferrer\"> TrainingBook-HomeCollection2021-Open-Smart-system <\/a><\/li>\n<\/ul>\n<p><strong>Explorez la configurabilit\u00e9 d&rsquo;Eva avec notre <a href=\"\/fr\/3d\/\" target=\"_blank\" rel=\"noopener\">Simulation de conception 3D&gt;&gt;<\/a><\/strong><\/p>\n<p><a tabindex=\"0\">\u00c0 propos du produit<\/a><\/p>\n<p><strong>Q\u00a0:\u00a0Qu&rsquo;est-ce que le fauteuil inclinable moderne Eva\u00a0?<\/strong><\/p>\n<p>A\u00a0: Le fauteuil inclinable Eva est un canap\u00e9 contemporain de Famaliving, con\u00e7u pour ceux qui recherchent \u00e0 la fois un style moderne et une relaxation ultime. Il pr\u00e9sente un design \u00e9l\u00e9gant avec des fonctions inclinables int\u00e9gr\u00e9es, ce qui en fait un compl\u00e9ment parfait \u00e0 tout espace de vie alliant confort et \u00e9l\u00e9gance.<\/p>\n<p><strong>Q\u00a0:\u00a0Qu&rsquo;est-ce qui rend le canap\u00e9 inclinable Eva unique\u00a0?<\/strong><\/p>\n<p>A\u00a0: L&rsquo;Eva se distingue par son design minimaliste combin\u00e9 \u00e0 ses capacit\u00e9s d&rsquo;inclinaison luxueuses. Sa structure modulaire permet une certaine flexibilit\u00e9, tandis que le fauteuil inclinable ajoute une couche suppl\u00e9mentaire de confort, le rendant id\u00e9al \u00e0 la fois pour se pr\u00e9lasser et se divertir.<\/p>\n<p><strong>Q\u00a0: Puis-je personnaliser le fauteuil inclinable Eva avec des accessoires\u00a0?<\/strong><\/p>\n<p>A\u00a0: Oui, le fauteuil inclinable Eva est hautement personnalisable. Vous pouvez choisir parmi plus de 500 options de tissus et des accessoires suppl\u00e9mentaires comme des coussins ou des repose-pieds pour am\u00e9liorer le design. Il offre \u00e9galement le choix entre des fonctions d&rsquo;inclinaison manuelle ou \u00e9lectrique, selon vos pr\u00e9f\u00e9rences.<\/p>\n<p><strong>Q\u00a0: Quelles sont les caract\u00e9ristiques d&rsquo;assise du fauteuil inclinable Eva\u00a0?<\/strong><\/p>\n<p>A\u00a0: L&rsquo;Eva offre une assise profonde et moelleuse avec un excellent soutien du dos, assurant un confort maximal. Sa fonction d&rsquo;inclinaison vous permet de vous d\u00e9tendre compl\u00e8tement, que vous regardiez la t\u00e9l\u00e9vision, lisiez ou simplement vous d\u00e9tendiez.<\/p>\n<p><strong>Q\u00a0: Existe-t-il diff\u00e9rentes options de pieds pour le fauteuil inclinable Eva\u00a0?<\/strong><\/p>\n<p>A\u00a0: L&rsquo;option de pieds par d\u00e9faut pour le fauteuil inclinable Eva est une finition m\u00e9tallique \u00e9l\u00e9gante qui compl\u00e8te son design moderne. Vous pouvez \u00e9galement personnaliser la finition des pieds avec d&rsquo;autres options de mat\u00e9riaux et de couleurs en fonction de votre d\u00e9coration int\u00e9rieure.<\/p>\n<p><strong>Q\u00a0: Quelles sont les dimensions du fauteuil inclinable Eva\u00a0?<\/strong><\/p>\n<p>A\u00a0: La hauteur du si\u00e8ge est de 44 cm (17,32 pouces), avec une profondeur totale de 100 cm (39,37 pouces) et une hauteur totale de 86 cm (33,86 pouces).<\/p>\n<p><strong>Q\u00a0: Un rev\u00eatement en cuir est-il disponible pour l&rsquo;Eva\u00a0?<\/strong><\/p>\n<p>A\u00a0: Oui, un rev\u00eatement en cuir est disponible pour le fauteuil inclinable Eva, mais cela entra\u00eene un co\u00fbt suppl\u00e9mentaire. Vous pouvez \u00e9galement choisir parmi une large gamme d\u2019options de tissus pour personnaliser le canap\u00e9 selon vos go\u00fbts.<\/p>\n<p><strong>Q\u00a0: Comment puis-je personnaliser la configuration modulaire du fauteuil inclinable Eva\u00a0?<\/strong><\/p>\n<p>A\u00a0: Le fauteuil inclinable Eva offre une configuration modulaire, vous permettant de le configurer en fonction de votre espace et de vos besoins. Vous pouvez opter pour un seul fauteuil inclinable ou \u00e9tendre la disposition avec plusieurs fauteuils inclinables dans une disposition en coupe.<\/p>\n<p><a tabindex=\"0\">Options du produit<\/a><\/p>\n<p>La chaise moderne Eva offre les options suivantes :<\/p>\n<ul>\n<li>Plus de 1\u00a0000 combinaisons diff\u00e9rentes de tissus et de couleurs<\/li>\n<li>Diff\u00e9rentes possibilit\u00e9s de configuration<\/li>\n<li>Garantie \u00e0 vie sur le cadre et 10 ans de garantie sur la suspension du si\u00e8ge<\/li>\n<li>Tissus lavables \u00e0 l&rsquo;eau (technologie Aqua Clean)<\/li>\n<\/ul>\n","protected":false},"excerpt":{"rendered":"<p>Eva respire l&rsquo;\u00e9l\u00e9gance tout en \u00e9tant pionni\u00e8re du fauteuil pivotant et inclinable \u00e9lectrique Zero Wall, \u00e9tablissant une nouvelle r\u00e9f\u00e9rence sur le march\u00e9. Imaginez la joie de poss\u00e9der un fauteuil inclinable pivotant parfaitement int\u00e9gr\u00e9 \u00e0 votre espace de vie, sans avoir besoin de d\u00e9gagement mural.<\/p>\n","protected":false},"featured_media":34887,"template":"","meta":{"_acf_changed":false,"site-sidebar-layout":"default","site-content-layout":"","ast-site-content-layout":"default","site-content-style":"default","site-sidebar-style":"default","ast-global-header-display":"","ast-banner-title-visibility":"","ast-main-header-display":"","ast-hfb-above-header-display":"","ast-hfb-below-header-display":"","ast-hfb-mobile-header-display":"","site-post-title":"","ast-breadcrumbs-content":"","ast-featured-img":"","footer-sml-layout":"","ast-disable-related-posts":"","theme-transparent-header-meta":"default","adv-header-id-meta":"","stick-header-meta":"default","header-above-stick-meta":"","header-main-stick-meta":"","header-below-stick-meta":"","astra-migrate-meta-layouts":"set","ast-page-background-enabled":"default","ast-page-background-meta":{"desktop":{"background-color":"var(--ast-global-color-4)","background-image":"","background-repeat":"repeat","background-position":"center center","background-size":"auto","background-attachment":"scroll","background-type":"","background-media":"","overlay-type":"","overlay-color":"","overlay-opacity":"","overlay-gradient":""},"tablet":{"background-color":"","background-image":"","background-repeat":"repeat","background-position":"center center","background-size":"auto","background-attachment":"scroll","background-type":"","background-media":"","overlay-type":"","overlay-color":"","overlay-opacity":"","overlay-gradient":""},"mobile":{"background-color":"","background-image":"","background-repeat":"repeat","background-position":"center center","background-size":"auto","background-attachment":"scroll","background-type":"","background-media":"","overlay-type":"","overlay-color":"","overlay-opacity":"","overlay-gradient":""}},"ast-content-background-meta":{"desktop":{"background-color":"var(--ast-global-color-5)","background-image":"","background-repeat":"repeat","background-position":"center center","background-size":"auto","background-attachment":"scroll","background-type":"","background-media":"","overlay-type":"","overlay-color":"","overlay-opacity":"","overlay-gradient":""},"tablet":{"background-color":"var(--ast-global-color-5)","background-image":"","background-repeat":"repeat","background-position":"center center","background-size":"auto","background-attachment":"scroll","background-type":"","background-media":"","overlay-type":"","overlay-color":"","overlay-opacity":"","overlay-gradient":""},"mobile":{"background-color":"var(--ast-global-color-5)","background-image":"","background-repeat":"repeat","background-position":"center center","background-size":"auto","background-attachment":"scroll","background-type":"","background-media":"","overlay-type":"","overlay-color":"","overlay-opacity":"","overlay-gradient":""}}},"product_brand":[],"product_cat":[72],"product_tag":[79],"class_list":{"0":"post-40640","1":"product","2":"type-product","3":"status-publish","4":"has-post-thumbnail","6":"product_cat-fauteuils-et-inclinaisons","7":"product_tag-a-partir-de","8":"desktop-align-center","9":"tablet-align-left","10":"mobile-align-left","12":"first","13":"instock","14":"sold-individually","15":"shipping-taxable","16":"purchasable","17":"product-type-variable"},"acf":[],"_links":{"self":[{"href":"https:\/\/famaliving.ca\/fr\/wp-json\/wp\/v2\/product\/40640","targetHints":{"allow":["GET"]}}],"collection":[{"href":"https:\/\/famaliving.ca\/fr\/wp-json\/wp\/v2\/product"}],"about":[{"href":"https:\/\/famaliving.ca\/fr\/wp-json\/wp\/v2\/types\/product"}],"version-history":[{"count":1,"href":"https:\/\/famaliving.ca\/fr\/wp-json\/wp\/v2\/product\/40640\/revisions"}],"predecessor-version":[{"id":41570,"href":"https:\/\/famaliving.ca\/fr\/wp-json\/wp\/v2\/product\/40640\/revisions\/41570"}],"wp:featuredmedia":[{"embeddable":true,"href":"https:\/\/famaliving.ca\/fr\/wp-json\/wp\/v2\/media\/34887"}],"wp:attachment":[{"href":"https:\/\/famaliving.ca\/fr\/wp-json\/wp\/v2\/media?parent=40640"}],"wp:term":[{"taxonomy":"product_brand","embeddable":true,"href":"https:\/\/famaliving.ca\/fr\/wp-json\/wp\/v2\/product_brand?post=40640"},{"taxonomy":"product_cat","embeddable":true,"href":"https:\/\/famaliving.ca\/fr\/wp-json\/wp\/v2\/product_cat?post=40640"},{"taxonomy":"product_tag","embeddable":true,"href":"https:\/\/famaliving.ca\/fr\/wp-json\/wp\/v2\/product_tag?post=40640"}],"curies":[{"name":"wp","href":"https:\/\/api.w.org\/{rel}","templated":true}]}}