{"id":40641,"date":"2025-04-29T12:03:12","date_gmt":"2025-04-29T16:03:12","guid":{"rendered":"https:\/\/famaliving.ca\/product\/fauteuil-inclinable-moderne-adan\/"},"modified":"2025-04-29T14:32:40","modified_gmt":"2025-04-29T18:32:40","slug":"fauteuil-inclinable-moderne-adan","status":"publish","type":"product","link":"https:\/\/famaliving.ca\/fr\/produit\/fauteuil-inclinable-moderne-adan\/","title":{"rendered":"Fauteuil inclinable moderne Adan"},"content":{"rendered":"<p><a tabindex=\"0\">Configuration et t\u00e9l\u00e9chargements<\/a><\/p>\n<p>T\u00e9l\u00e9chargez la documentation technique\u00a0: sch\u00e9mas, mesures, d\u00e9tails techniques, brochures et manuels.<\/p>\n<ul>\n<li><a href=\"https:\/\/famaliving.ca\/wp-content\/uploads\/sites\/29\/Adan-Schematics-famaliving-Montreal.pdf\" target=\"_blank\" rel=\"noopener noreferrer\"> Adan \u2013 Sch\u00e9mas <\/a><\/li>\n<li><a href=\"https:\/\/famaliving.ca\/wp-content\/uploads\/sites\/29\/Adan-Instructions-famaliving-Montreal.pdf\" target=\"_blank\" rel=\"noopener noreferrer\"> Adan \u2013 Instructions <\/a><\/li>\n<li><a href=\"https:\/\/famaliving.ca\/wp-content\/uploads\/sites\/29\/Adan-Technical-details-famaliving-Montreal.pdf\" target=\"_blank\" rel=\"noopener noreferrer\"> Adan \u2013 D\u00e9tails techniques <\/a><\/li>\n<li><a href=\"https:\/\/famaliving.ca\/wp-content\/uploads\/sites\/29\/AdanEva-Brochure-famaliving-Montreal.pdf\" target=\"_blank\" rel=\"noopener noreferrer\"> Adan&amp;Eva \u2013 Brochure <\/a><\/li>\n<li><a href=\"https:\/\/famaliving.ca\/wp-content\/uploads\/sites\/29\/TrainingBook-HomeCollection2021-Open-Smart-system-famaliving-Montreal-2.pdf\" target=\"_blank\" rel=\"noopener noreferrer\"> TrainingBook-HomeCollection2021-Open-Smart-system <\/a><\/li>\n<li><a href=\"https:\/\/famaliving.ca\/wp-content\/uploads\/sites\/29\/TrainingBook-HomeCollection2021-Programa-Relax-Total-famaliving-Montreal-2.pdf\" target=\"_blank\" rel=\"noopener noreferrer\"> TrainingBook-HomeCollection2021-Programa-Relax-Total <\/a><\/li>\n<\/ul>\n<p><strong>Explorez la configurabilit\u00e9 d&rsquo;Adan avec notre <a href=\"\/fr\/3d\/\" target=\"_blank\" rel=\"noopener\">Simulation de conception 3D&gt;&gt;<\/a><\/strong><\/p>\n<p><a tabindex=\"0\">\u00c0 propos du produit<\/a><\/p>\n<p><strong>Q\u00a0:\u00a0Qu&rsquo;est-ce que le fauteuil inclinable moderne Adan\u00a0?<\/strong><\/p>\n<p>A\u00a0: L&rsquo;Adan est un canap\u00e9 inclinable contemporain de Famaliving, con\u00e7u pour les espaces de vie modernes. Il combine une esth\u00e9tique \u00e9l\u00e9gante avec le confort des caract\u00e9ristiques inclinables, ce qui en fait un choix id\u00e9al pour ceux qui appr\u00e9cient \u00e0 la fois le style et la d\u00e9tente.<\/p>\n<p><strong>Q\u00a0:\u00a0Qu&rsquo;est-ce qui rend le canap\u00e9 inclinable Adan unique\u00a0?<\/strong><\/p>\n<p>A\u00a0: L&rsquo;Adan se distingue par son design moderne et ses fonctions d&rsquo;inclinaison int\u00e9gr\u00e9es, offrant \u00e0 la fois style et fonctionnalit\u00e9. Ses lignes \u00e9pur\u00e9es et ses composants modulaires personnalisables le rendent adaptable \u00e0 une vari\u00e9t\u00e9 d&rsquo;espaces de vie, tandis que la fonction d&rsquo;inclinaison am\u00e9liore le confort.<\/p>\n<p><strong>Q\u00a0: Puis-je personnaliser le fauteuil inclinable Adan avec des accessoires\u00a0?<\/strong><\/p>\n<p>A\u00a0: Oui, le fauteuil inclinable Adan est hautement personnalisable. Vous pouvez choisir parmi plus de 500 options de tissus et ajouter des accessoires comme des coussins d\u00e9coratifs ou des repose-pieds pour le personnaliser. Vous pouvez \u00e9galement choisir entre des fauteuils inclinables manuels ou \u00e9lectriques en fonction de vos pr\u00e9f\u00e9rences.<\/p>\n<p><strong>Q\u00a0: Quelles sont les caract\u00e9ristiques d&rsquo;assise du fauteuil inclinable Adan\u00a0?<\/strong><\/p>\n<p>A\u00a0: L&rsquo;Adan offre une assise profonde et offrant un bon soutien avec des coussins moelleux pour un confort maximal. Sa fonction inclinable vous permet de vous d\u00e9tendre compl\u00e8tement, ce qui le rend parfait pour vous pr\u00e9lasser, lire ou regarder la t\u00e9l\u00e9vision.<\/p>\n<p><strong>Q\u00a0: Existe-t-il diff\u00e9rentes options de pieds pour le fauteuil inclinable Adan\u00a0?<\/strong><\/p>\n<p>A\u00a0: L&rsquo;option de pied par d\u00e9faut est une finition m\u00e9tallique qui compl\u00e8te le design moderne de l&rsquo;Adan. Des options de pieds personnalisables sont \u00e9galement disponibles dans diff\u00e9rents mat\u00e9riaux et finitions pour s&rsquo;adapter \u00e0 votre style personnel.<\/p>\n<p><strong>Q\u00a0: Quelles sont les dimensions du fauteuil inclinable Adan\u00a0?<\/strong><\/p>\n<p>A\u00a0: La hauteur du si\u00e8ge est de 44 cm (17,32 pouces), avec une profondeur totale de 100 cm (39,37 pouces) et une hauteur totale de 86 cm (33,86 pouces).<\/p>\n<p><strong>Q\u00a0: Un rev\u00eatement en cuir est-il disponible pour l&rsquo;Adan\u00a0?<\/strong><\/p>\n<p>A\u00a0: Oui, un rev\u00eatement en cuir est disponible pour le fauteuil inclinable Adan, bien que son prix entra\u00eene une augmentation. Vous pouvez \u00e9galement choisir parmi une vari\u00e9t\u00e9 d\u2019options de tissus pour correspondre \u00e0 votre d\u00e9coration int\u00e9rieure.<\/p>\n<p><strong>Q\u00a0: Comment puis-je personnaliser la configuration modulaire de l&rsquo;Adan\u00a0?<\/strong><\/p>\n<p>A\u00a0: L&rsquo;Adan propose des composants modulaires, vous permettant de cr\u00e9er un am\u00e9nagement personnalis\u00e9 qui s&rsquo;adapte \u00e0 votre espace. Que vous pr\u00e9f\u00e9riez un fauteuil inclinable simple ou un sectionnel plus grand avec plusieurs fauteuils inclinables, l&rsquo;Adan peut \u00eatre configur\u00e9 pour r\u00e9pondre \u00e0 vos besoins.<\/p>\n<p><a tabindex=\"0\">Options du produit<\/a><\/p>\n<ul>\n<li>Fauteuil inclinable avec deux bases disponibles\u00a0: base pivotante ronde en noir ou base pivotante en \u00e9toile chrom\u00e9e.<\/li>\n<li>Deux largeurs disponibles\u00a0: 90\u00a0cm au total ou 103\u00a0cm au total.<\/li>\n<li>Disponible en tissu ou en cuir.<\/li>\n<\/ul>\n<p>Compte tenu de la grande polyvalence et des nombreuses options de personnalisation disponibles pour ce meuble, nous vous conseillons de vous connecter et d&rsquo;utiliser le bouton \u00ab Ajouter au devis \u00bb.<\/p>\n","protected":false},"excerpt":{"rendered":"<p>Adan est l&rsquo;un des derniers fauteuils relax pivotants motoris\u00e9s de FAMA. Son dossier et sa t\u00eati\u00e8re sont d&rsquo;une fermet\u00e9 tr\u00e8s douce, leur permettant de s&rsquo;adapter \u00e0 la forme du corps de chacun, devenant ainsi un fauteuil tr\u00e8s confortable. De plus, le dossier peut \u00eatre inclin\u00e9 pour obtenir une posture pratiquement allong\u00e9e. Son bras \u00e9troit permet une assise plus large. Il existe deux types de pi\u00e8tement disponibles pour ce fauteuil : le pi\u00e8tement en forme d&rsquo;\u00e9toile et le pi\u00e8tement en anneau pivotant, qui permettent tous deux une rotation \u00e0 360\u00ba. L&rsquo;Adan ne n\u00e9cessite que 10 cm de d\u00e9gagement au mur. Ce fauteuil de style europ\u00e9en unique est merveilleux \u00e0 bien des \u00e9gards !<\/p>\n","protected":false},"featured_media":34853,"template":"","meta":{"_acf_changed":false,"site-sidebar-layout":"default","site-content-layout":"","ast-site-content-layout":"default","site-content-style":"default","site-sidebar-style":"default","ast-global-header-display":"","ast-banner-title-visibility":"","ast-main-header-display":"","ast-hfb-above-header-display":"","ast-hfb-below-header-display":"","ast-hfb-mobile-header-display":"","site-post-title":"","ast-breadcrumbs-content":"","ast-featured-img":"","footer-sml-layout":"","ast-disable-related-posts":"","theme-transparent-header-meta":"default","adv-header-id-meta":"","stick-header-meta":"default","header-above-stick-meta":"","header-main-stick-meta":"","header-below-stick-meta":"","astra-migrate-meta-layouts":"set","ast-page-background-enabled":"default","ast-page-background-meta":{"desktop":{"background-color":"var(--ast-global-color-4)","background-image":"","background-repeat":"repeat","background-position":"center center","background-size":"auto","background-attachment":"scroll","background-type":"","background-media":"","overlay-type":"","overlay-color":"","overlay-opacity":"","overlay-gradient":""},"tablet":{"background-color":"","background-image":"","background-repeat":"repeat","background-position":"center center","background-size":"auto","background-attachment":"scroll","background-type":"","background-media":"","overlay-type":"","overlay-color":"","overlay-opacity":"","overlay-gradient":""},"mobile":{"background-color":"","background-image":"","background-repeat":"repeat","background-position":"center center","background-size":"auto","background-attachment":"scroll","background-type":"","background-media":"","overlay-type":"","overlay-color":"","overlay-opacity":"","overlay-gradient":""}},"ast-content-background-meta":{"desktop":{"background-color":"var(--ast-global-color-5)","background-image":"","background-repeat":"repeat","background-position":"center center","background-size":"auto","background-attachment":"scroll","background-type":"","background-media":"","overlay-type":"","overlay-color":"","overlay-opacity":"","overlay-gradient":""},"tablet":{"background-color":"var(--ast-global-color-5)","background-image":"","background-repeat":"repeat","background-position":"center center","background-size":"auto","background-attachment":"scroll","background-type":"","background-media":"","overlay-type":"","overlay-color":"","overlay-opacity":"","overlay-gradient":""},"mobile":{"background-color":"var(--ast-global-color-5)","background-image":"","background-repeat":"repeat","background-position":"center center","background-size":"auto","background-attachment":"scroll","background-type":"","background-media":"","overlay-type":"","overlay-color":"","overlay-opacity":"","overlay-gradient":""}}},"product_brand":[],"product_cat":[72],"product_tag":[79],"class_list":{"0":"post-40641","1":"product","2":"type-product","3":"status-publish","4":"has-post-thumbnail","6":"product_cat-fauteuils-et-inclinaisons","7":"product_tag-a-partir-de","8":"desktop-align-center","9":"tablet-align-left","10":"mobile-align-left","12":"first","13":"instock","14":"sold-individually","15":"shipping-taxable","16":"purchasable","17":"product-type-variable"},"acf":[],"_links":{"self":[{"href":"https:\/\/famaliving.ca\/fr\/wp-json\/wp\/v2\/product\/40641","targetHints":{"allow":["GET"]}}],"collection":[{"href":"https:\/\/famaliving.ca\/fr\/wp-json\/wp\/v2\/product"}],"about":[{"href":"https:\/\/famaliving.ca\/fr\/wp-json\/wp\/v2\/types\/product"}],"version-history":[{"count":1,"href":"https:\/\/famaliving.ca\/fr\/wp-json\/wp\/v2\/product\/40641\/revisions"}],"predecessor-version":[{"id":41569,"href":"https:\/\/famaliving.ca\/fr\/wp-json\/wp\/v2\/product\/40641\/revisions\/41569"}],"wp:featuredmedia":[{"embeddable":true,"href":"https:\/\/famaliving.ca\/fr\/wp-json\/wp\/v2\/media\/34853"}],"wp:attachment":[{"href":"https:\/\/famaliving.ca\/fr\/wp-json\/wp\/v2\/media?parent=40641"}],"wp:term":[{"taxonomy":"product_brand","embeddable":true,"href":"https:\/\/famaliving.ca\/fr\/wp-json\/wp\/v2\/product_brand?post=40641"},{"taxonomy":"product_cat","embeddable":true,"href":"https:\/\/famaliving.ca\/fr\/wp-json\/wp\/v2\/product_cat?post=40641"},{"taxonomy":"product_tag","embeddable":true,"href":"https:\/\/famaliving.ca\/fr\/wp-json\/wp\/v2\/product_tag?post=40641"}],"curies":[{"name":"wp","href":"https:\/\/api.w.org\/{rel}","templated":true}]}}