{"id":40642,"date":"2025-04-29T12:03:16","date_gmt":"2025-04-29T16:03:16","guid":{"rendered":"https:\/\/famaliving.ca\/product\/fauteuil-inclinable-funky-mondrian\/"},"modified":"2025-04-29T14:32:32","modified_gmt":"2025-04-29T18:32:32","slug":"fauteuil-inclinable-funky-mondrian","status":"publish","type":"product","link":"https:\/\/famaliving.ca\/fr\/produit\/fauteuil-inclinable-funky-mondrian\/","title":{"rendered":"Fauteuil inclinable Funky Mondrian"},"content":{"rendered":"<p><a>Configuration et t\u00e9l\u00e9chargements<\/a><\/p>\n<p>T\u00e9l\u00e9chargez la documentation technique\u00a0: sch\u00e9mas, mesures, d\u00e9tails techniques, brochures et manuels.<\/p>\n<ul>\n<li><a href=\"https:\/\/famaliving.ca\/wp-content\/uploads\/sites\/29\/Mondrian-Data-sheet-famaliving-Montreal.pdf\" target=\"_blank\" rel=\"noopener noreferrer\"> Mondrian \u2013 Fiche technique <\/a><\/li>\n<li><a href=\"https:\/\/famaliving.ca\/wp-content\/uploads\/sites\/29\/Mondrian-Instruction-famaliving-Montreal.pdf\" target=\"_blank\" rel=\"noopener noreferrer\"> Mondrian \u2013 Instruction <\/a><\/li>\n<li><a href=\"https:\/\/famaliving.ca\/wp-content\/uploads\/sites\/29\/Mondrian-Sketch-famaliving-Montreal.pdf\" target=\"_blank\" rel=\"noopener noreferrer\"> Mondrian \u2013 Croquis <\/a><\/li>\n<li><a href=\"https:\/\/famaliving.ca\/wp-content\/uploads\/sites\/29\/Mondrian-Brochure-famaliving-Montreal.pdf\" target=\"_blank\" rel=\"noopener noreferrer\"> Mondrian \u2013 Brochure <\/a><\/li>\n<li><a href=\"https:\/\/famaliving.ca\/wp-content\/uploads\/sites\/29\/TrainingBook-HomeCollection2021-Mondrian-famaliving-Montreal.pdf\" target=\"_blank\" rel=\"noopener noreferrer\"> TrainingBook-HomeCollection2021-Mondrian <\/a><\/li>\n<li><a href=\"https:\/\/famaliving.ca\/wp-content\/uploads\/sites\/29\/Catalogue-Home-Collection-2021-Mondrian-famaliving-Montreal.pdf\" target=\"_blank\" rel=\"noopener noreferrer\"> Catalogue-Accueil-Collection-2021-Mondrian <\/a><\/li>\n<li><a href=\"https:\/\/famaliving.ca\/wp-content\/uploads\/sites\/29\/TrainingBook-HomeCollection2021-Programa-Relax-Total-famaliving-Montreal-1.pdf\" target=\"_blank\" rel=\"noopener noreferrer\"> TrainingBook-HomeCollection2021-Programa-Relax-Total <\/a><\/li>\n<li><a href=\"https:\/\/famaliving.ca\/wp-content\/uploads\/sites\/29\/TrainingBook-HomeCollection2021-Open-Smart-system-famaliving-Montreal-1.pdf\" target=\"_blank\" rel=\"noopener noreferrer\"> TrainingBook-HomeCollection2021-Open-Smart-system <\/a><\/li>\n<\/ul>\n<p><strong>Explorez la configurabilit\u00e9 de Mondrian avec notre <a href=\"\/fr\/3d\/\" target=\"_blank\" rel=\"noopener\">Simulation de conception 3D&gt;&gt;<\/a><\/strong><\/p>\n<p><a>\u00c0 propos du produit<\/a><\/p>\n<p><strong>Q\u00a0:\u00a0Qu&rsquo;est-ce que le fauteuil inclinable Funky Mondrian\u00a0?<\/strong><\/p>\n<p>A\u00a0: Le fauteuil inclinable Mondrian est un design audacieux et artistique de Famaliving, combinant le confort d&rsquo;un fauteuil inclinable avec une esth\u00e9tique funky et moderne. Ses formes g\u00e9om\u00e9triques uniques et ses couleurs \u00e9clatantes en font une pi\u00e8ce remarquable, parfaite pour ajouter de la personnalit\u00e9 aux espaces de vie contemporains.<\/p>\n<p><strong>Q\u00a0:\u00a0Qu&rsquo;est-ce qui rend le fauteuil inclinable Mondrian unique\u00a0?<\/strong><\/p>\n<p>A\u00a0: Le fauteuil inclinable Mondrian se distingue par son design vibrant et artistique, inspir\u00e9 de motifs g\u00e9om\u00e9triques et de contrastes de couleurs audacieux. Il offre le confort d\u2019un fauteuil inclinable tout en servant de pi\u00e8ce ma\u00eetresse visuelle dans n\u2019importe quelle pi\u00e8ce. Sa forme unique et son style ludique le rendent parfait pour ceux qui souhaitent que leurs meubles refl\u00e8tent leur individualit\u00e9.<\/p>\n<p><strong>Q\u00a0: Puis-je personnaliser le fauteuil inclinable Mondrian avec des accessoires\u00a0?<\/strong><\/p>\n<p>A\u00a0: Oui, le fauteuil inclinable Mondrian est hautement personnalisable. Vous pouvez choisir parmi plus de 500 options de tissus, dont une vari\u00e9t\u00e9 de couleurs, de textures et de motifs pour correspondre \u00e0 votre style personnel. De plus, vous pouvez ajouter des coussins d\u00e9coratifs pour am\u00e9liorer encore son confort et son look.<\/p>\n<p><strong>Q\u00a0: Quelles sont les caract\u00e9ristiques d&rsquo;assise du fauteuil inclinable Mondrian\u00a0?<\/strong><\/p>\n<p>A\u00a0: Le fauteuil inclinable Mondrian offre une assise profonde et moelleuse avec un excellent soutien du dos, assurant un confort maximal. Son m\u00e9canisme d&rsquo;inclinaison vous permet de vous allonger et de vous d\u00e9tendre compl\u00e8tement, ce qui le rend id\u00e9al \u00e0 la fois pour vous pr\u00e9lasser et pour ajouter une pi\u00e8ce ma\u00eetresse \u00e0 votre espace de vie.<\/p>\n<p><strong>Q\u00a0: Existe-t-il diff\u00e9rentes options de pieds pour le fauteuil inclinable Mondrian\u00a0?<\/strong><\/p>\n<p>A\u00a0: Le fauteuil inclinable Mondrian est dot\u00e9 de pieds en m\u00e9tal \u00e9l\u00e9gants, con\u00e7us pour compl\u00e9ter son style moderne et artistique. Bien que les pieds par d\u00e9faut fassent partie int\u00e9grante de son look, vous pouvez choisir parmi diff\u00e9rentes finitions pour correspondre au d\u00e9cor de votre maison.<\/p>\n<p><strong>Q\u00a0: Quelles sont les dimensions du fauteuil inclinable Mondrian\u00a0?<\/strong><\/p>\n<p>A\u00a0: La hauteur du si\u00e8ge est de 44 cm (17,32 pouces), avec une profondeur totale de 90 cm (35,43 pouces) et une hauteur totale de 100 cm (39,37 pouces).<\/p>\n<p><strong>Q\u00a0: Un rev\u00eatement en cuir est-il disponible pour le fauteuil inclinable Mondrian\u00a0?<\/strong><\/p>\n<p>A\u00a0: Oui, un rev\u00eatement en cuir est disponible pour le fauteuil inclinable Mondrian, mais cela entra\u00eene un co\u00fbt suppl\u00e9mentaire. Vous pouvez \u00e9galement choisir parmi une large gamme d\u2019options de tissus pour personnaliser l\u2019apparence et la sensation du fauteuil inclinable.<\/p>\n<p><strong>Q\u00a0: Comment puis-je personnaliser le fauteuil inclinable Mondrian\u00a0?<\/strong><\/p>\n<p>A\u00a0: Le fauteuil inclinable Mondrian offre une gamme d&rsquo;options de personnalisation, notamment un rev\u00eatement en tissu ou en cuir, des finitions de pieds et l&rsquo;ajout de coussins. Cela vous permet de cr\u00e9er un fauteuil inclinable unique en son genre qui s&rsquo;adapte \u00e0 votre espace et \u00e0 votre style.<\/p>\n<p><a>Options du produit<\/a><\/p>\n<p><strong>Fonky Recliner Mondrian par Famaliving<\/strong><\/p>\n<p>Le <strong>Funky Recliner Mondrian<\/strong> est un m\u00e9lange saisissant de confort et de design audacieux, offrant une touche moderne au fauteuil inclinable classique. Inspir\u00e9 par les motifs g\u00e9om\u00e9triques embl\u00e9matiques et les contrastes de couleurs vives de l&rsquo;art de Mondrian, ce fauteuil inclinable sert \u00e0 la fois de si\u00e8ge confortable et d&rsquo;\u00e9l\u00e9ment visuel dans n&rsquo;importe quelle pi\u00e8ce. Que vous vous d\u00e9tendiez apr\u00e8s une longue journ\u00e9e ou que vous ajoutiez une touche de personnalit\u00e9 \u00e0 votre espace de vie, le fauteuil inclinable Mondrian se d\u00e9marque comme un v\u00e9ritable sujet de conversation. <a href=\"https:\/\/famaliving.ca\/blog\/funky-recliner-mondrian-modern-comfort-meets-art\/\">Lire la suite<\/a><\/p>\n","protected":false},"excerpt":{"rendered":"<p>Le fauteuil Mondrian est sur le point de devenir un ajout remarquable \u00e0 la prestigieuse collection Fama. Notre objectif \u00e9tait de cr\u00e9er un fauteuil exceptionnellement l\u00e9ger qui \u00e9pouse ergonomiquement les contours du corps. Plus important encore, il offre un confort exceptionnel, dissimulant parfaitement sa fonctionnalit\u00e9 d&rsquo;inclinaison lorsqu&rsquo;il est ferm\u00e9.<\/p>\n","protected":false},"featured_media":35393,"template":"","meta":{"_acf_changed":false,"site-sidebar-layout":"default","site-content-layout":"","ast-site-content-layout":"default","site-content-style":"default","site-sidebar-style":"default","ast-global-header-display":"","ast-banner-title-visibility":"","ast-main-header-display":"","ast-hfb-above-header-display":"","ast-hfb-below-header-display":"","ast-hfb-mobile-header-display":"","site-post-title":"","ast-breadcrumbs-content":"","ast-featured-img":"","footer-sml-layout":"","ast-disable-related-posts":"","theme-transparent-header-meta":"default","adv-header-id-meta":"","stick-header-meta":"default","header-above-stick-meta":"","header-main-stick-meta":"","header-below-stick-meta":"","astra-migrate-meta-layouts":"set","ast-page-background-enabled":"default","ast-page-background-meta":{"desktop":{"background-color":"var(--ast-global-color-4)","background-image":"","background-repeat":"repeat","background-position":"center center","background-size":"auto","background-attachment":"scroll","background-type":"","background-media":"","overlay-type":"","overlay-color":"","overlay-opacity":"","overlay-gradient":""},"tablet":{"background-color":"","background-image":"","background-repeat":"repeat","background-position":"center center","background-size":"auto","background-attachment":"scroll","background-type":"","background-media":"","overlay-type":"","overlay-color":"","overlay-opacity":"","overlay-gradient":""},"mobile":{"background-color":"","background-image":"","background-repeat":"repeat","background-position":"center center","background-size":"auto","background-attachment":"scroll","background-type":"","background-media":"","overlay-type":"","overlay-color":"","overlay-opacity":"","overlay-gradient":""}},"ast-content-background-meta":{"desktop":{"background-color":"var(--ast-global-color-5)","background-image":"","background-repeat":"repeat","background-position":"center center","background-size":"auto","background-attachment":"scroll","background-type":"","background-media":"","overlay-type":"","overlay-color":"","overlay-opacity":"","overlay-gradient":""},"tablet":{"background-color":"var(--ast-global-color-5)","background-image":"","background-repeat":"repeat","background-position":"center center","background-size":"auto","background-attachment":"scroll","background-type":"","background-media":"","overlay-type":"","overlay-color":"","overlay-opacity":"","overlay-gradient":""},"mobile":{"background-color":"var(--ast-global-color-5)","background-image":"","background-repeat":"repeat","background-position":"center center","background-size":"auto","background-attachment":"scroll","background-type":"","background-media":"","overlay-type":"","overlay-color":"","overlay-opacity":"","overlay-gradient":""}}},"product_brand":[],"product_cat":[72],"product_tag":[79,81],"class_list":{"0":"post-40642","1":"product","2":"type-product","3":"status-publish","4":"has-post-thumbnail","6":"product_cat-fauteuils-et-inclinaisons","7":"product_tag-a-partir-de","8":"product_tag-moderne","9":"desktop-align-center","10":"tablet-align-left","11":"mobile-align-left","13":"first","14":"instock","15":"sold-individually","16":"shipping-taxable","17":"purchasable","18":"product-type-variable"},"acf":[],"_links":{"self":[{"href":"https:\/\/famaliving.ca\/fr\/wp-json\/wp\/v2\/product\/40642","targetHints":{"allow":["GET"]}}],"collection":[{"href":"https:\/\/famaliving.ca\/fr\/wp-json\/wp\/v2\/product"}],"about":[{"href":"https:\/\/famaliving.ca\/fr\/wp-json\/wp\/v2\/types\/product"}],"version-history":[{"count":1,"href":"https:\/\/famaliving.ca\/fr\/wp-json\/wp\/v2\/product\/40642\/revisions"}],"predecessor-version":[{"id":41568,"href":"https:\/\/famaliving.ca\/fr\/wp-json\/wp\/v2\/product\/40642\/revisions\/41568"}],"wp:featuredmedia":[{"embeddable":true,"href":"https:\/\/famaliving.ca\/fr\/wp-json\/wp\/v2\/media\/35393"}],"wp:attachment":[{"href":"https:\/\/famaliving.ca\/fr\/wp-json\/wp\/v2\/media?parent=40642"}],"wp:term":[{"taxonomy":"product_brand","embeddable":true,"href":"https:\/\/famaliving.ca\/fr\/wp-json\/wp\/v2\/product_brand?post=40642"},{"taxonomy":"product_cat","embeddable":true,"href":"https:\/\/famaliving.ca\/fr\/wp-json\/wp\/v2\/product_cat?post=40642"},{"taxonomy":"product_tag","embeddable":true,"href":"https:\/\/famaliving.ca\/fr\/wp-json\/wp\/v2\/product_tag?post=40642"}],"curies":[{"name":"wp","href":"https:\/\/api.w.org\/{rel}","templated":true}]}}