{"id":40645,"date":"2025-04-29T12:03:29","date_gmt":"2025-04-29T16:03:29","guid":{"rendered":"https:\/\/famaliving.ca\/product\/fauteuil-asymetrique-roxane\/"},"modified":"2025-04-29T14:32:13","modified_gmt":"2025-04-29T18:32:13","slug":"fauteuil-asymetrique-roxane","status":"publish","type":"product","link":"https:\/\/famaliving.ca\/fr\/produit\/fauteuil-asymetrique-roxane\/","title":{"rendered":"Fauteuil asym\u00e9trique Roxane"},"content":{"rendered":"<p><a>Configuration et t\u00e9l\u00e9chargements<\/a><\/p>\n<p>T\u00e9l\u00e9chargez la documentation technique\u00a0: sch\u00e9mas, mesures, d\u00e9tails techniques, brochures et manuels.<\/p>\n<ul>\n<li><a href=\"https:\/\/famaliving.ca\/wp-content\/uploads\/sites\/29\/Roxane-Data-sheet-famaliving-Montreal.pdf\" target=\"_blank\" rel=\"noopener noreferrer\"> Roxane \u2013 Fiche technique <\/a><\/li>\n<li><a href=\"https:\/\/famaliving.ca\/wp-content\/uploads\/sites\/29\/Roxane-Sketch-famaliving-Montreal.pdf\" target=\"_blank\" rel=\"noopener noreferrer\"> Roxane \u2013 Croquis <\/a><\/li>\n<li><a href=\"https:\/\/famaliving.ca\/wp-content\/uploads\/sites\/29\/Roxane-Instructions-famaliving-Montreal.pdf\" target=\"_blank\" rel=\"noopener noreferrer\"> Roxane \u2013 Instructions <\/a><\/li>\n<li><a href=\"https:\/\/famaliving.ca\/wp-content\/uploads\/sites\/29\/Roxane-Information-famaliving-Montreal.pdf\" target=\"_blank\" rel=\"noopener noreferrer\"> Roxane \u2013 Informations <\/a><\/li>\n<\/ul>\n<p><strong>Explorez la configurabilit\u00e9 de Roxane avec notre <a href=\"\/fr\/3d\/\" target=\"_blank\" rel=\"noopener\">Simulation de conception 3D&gt;&gt;<\/a><\/strong><\/p>\n<p><a>\u00c0 propos du produit<\/a><\/p>\n<p><strong>Q\u00a0: Qu&rsquo;est-ce que le Fauteuil Asym\u00e9trique Roxane\u00a0?<\/strong><\/p>\n<p>A : Le fauteuil Roxane de Famaliving est une option d&rsquo;assise artistique et moderne, connue pour son design asym\u00e9trique. Sa forme audacieuse et non conventionnelle en fait une pi\u00e8ce ma\u00eetresse dans n&rsquo;importe quelle pi\u00e8ce, parfaite pour ceux qui souhaitent ajouter une touche de cr\u00e9ativit\u00e9 \u00e0 leur espace de vie.<\/p>\n<p><strong>Q\u00a0: Qu&rsquo;est-ce qui rend le fauteuil Roxane unique\u00a0?<\/strong><\/p>\n<p>A : Le fauteuil Roxane se distingue par son design asym\u00e9trique qui rompt avec les styles de fauteuils traditionnels. Sa forme ludique et ses lignes courbes cr\u00e9ent un look contemporain accrocheur, tout en offrant confort et fonctionnalit\u00e9. Cela en fait un excellent ajout aux int\u00e9rieurs modernes et \u00e9clectiques.<\/p>\n<p><strong>Q : Puis-je personnaliser le fauteuil Roxane avec des accessoires ?<\/strong><\/p>\n<p>A : Oui, le fauteuil Roxane est hautement personnalisable. Vous pouvez choisir parmi plus de 500 options de tissus, notamment des couleurs, des motifs et des textures audacieux, pour correspondre \u00e0 votre style unique. Des coussins d\u00e9coratifs peuvent \u00e9galement \u00eatre ajout\u00e9s pour rehausser le confort et l\u2019esth\u00e9tique du fauteuil.<\/p>\n<p><strong>Q\u00a0: Quelles sont les caract\u00e9ristiques d&rsquo;assise du fauteuil Roxane\u00a0?<\/strong><\/p>\n<p>A\u00a0: Le fauteuil Roxane offre une assise profonde et moelleuse avec un excellent maintien. Son design ergonomique garantit que le fauteuil est \u00e0 la fois confortable et fonctionnel, malgr\u00e9 sa forme non conventionnelle. Cela le rend id\u00e9al \u00e0 la fois pour se pr\u00e9lasser et comme pi\u00e8ce remarquable dans votre espace de vie.<\/p>\n<p><strong>Q\u00a0: Existe-t-il diff\u00e9rentes options de pieds pour le fauteuil Roxane\u00a0?<\/strong><\/p>\n<p>A\u00a0: Oui, le fauteuil Roxane est livr\u00e9 avec des options de pieds personnalisables. Les pieds par d\u00e9faut sont con\u00e7us pour compl\u00e9ter son look moderne, mais vous pouvez choisir parmi diff\u00e9rentes finitions et mat\u00e9riaux pour personnaliser la chaise \u00e0 votre go\u00fbt.<\/p>\n<p><strong>Q : Quelles sont les dimensions du fauteuil Roxane ?<\/strong><\/p>\n<p>A\u00a0: La hauteur du si\u00e8ge est de 44 cm (17,32 pouces), avec une profondeur totale de 85 cm (33,46 pouces) et une hauteur totale de 90 cm (35,43 pouces).<\/p>\n<p><strong>Q\u00a0: Un rev\u00eatement en cuir est-il disponible pour le fauteuil Roxane\u00a0?<\/strong><\/p>\n<p>A : Oui, un rev\u00eatement en cuir est disponible pour le fauteuil Roxane, mais il peut entra\u00eener un co\u00fbt suppl\u00e9mentaire. Vous pouvez \u00e9galement choisir parmi une grande vari\u00e9t\u00e9 d\u2019options de tissus pour cr\u00e9er un look personnalis\u00e9 qui correspond \u00e0 votre d\u00e9cor.<\/p>\n<p><strong>Q : Comment personnaliser le fauteuil Roxane ?<\/strong><\/p>\n<p>A : Le fauteuil Roxane offre une large gamme d&rsquo;options de personnalisation, notamment un rev\u00eatement en tissu ou en cuir, des finitions de pieds et des accessoires comme des coussins. Cela vous permet de cr\u00e9er une pi\u00e8ce vraiment unique qui ajoute \u00e0 la fois style et fonctionnalit\u00e9 \u00e0 votre maison.<\/p>\n<p><a>Options du produit<\/a><\/p>\n<h3>Le fauteuil Roxane\u00a0: une d\u00e9claration audacieuse de design moderne<\/h3>\n<p>Le fauteuil Roxane de Famaliving est une option de si\u00e8ge audacieuse et artistique, c\u00e9l\u00e8bre pour son design asym\u00e9trique qui ajoute une touche cr\u00e9ative \u00e0 n&rsquo;importe quel espace. Sa silhouette ludique et non conventionnelle allie des lignes fluides et courbes \u00e0 une \u00e9l\u00e9gance moderne, ce qui en fait une v\u00e9ritable pi\u00e8ce tendance. Au-del\u00e0 de son design accrocheur, le fauteuil Roxane est hautement personnalisable, offrant plus de 500 options de tissus, un rev\u00eatement en cuir et diverses finitions de pieds pour s&rsquo;adapter \u00e0 votre style unique. <a href=\"https:\/\/famaliving.ca\/blog\/discover-the-assym\u00e9trique-armchair-roxane-style-comfort\/\">Lire la suite<\/a><\/p>\n","protected":false},"excerpt":{"rendered":"<p>Roxane est la combinaison parfaite entre style et confort, offrant une exp\u00e9rience de d\u00e9tente exceptionnelle. Son dossier gracieusement incurv\u00e9 favorise la tranquillit\u00e9, tandis que la base pivotante et le repose-pieds assurent un confort optimal. Le repose-pieds polyvalent peut \u00eatre ajust\u00e9 selon vos pr\u00e9f\u00e9rences. Vous pouvez choisir entre des options de base pivotante ou fixe. Avec Roxane, vous pourrez profiter de moments de pure d\u00e9tente et d&rsquo;\u00e9vasion.<\/p>\n","protected":false},"featured_media":35667,"template":"","meta":{"_acf_changed":false,"site-sidebar-layout":"default","site-content-layout":"","ast-site-content-layout":"default","site-content-style":"default","site-sidebar-style":"default","ast-global-header-display":"","ast-banner-title-visibility":"","ast-main-header-display":"","ast-hfb-above-header-display":"","ast-hfb-below-header-display":"","ast-hfb-mobile-header-display":"","site-post-title":"","ast-breadcrumbs-content":"","ast-featured-img":"","footer-sml-layout":"","ast-disable-related-posts":"","theme-transparent-header-meta":"default","adv-header-id-meta":"","stick-header-meta":"default","header-above-stick-meta":"","header-main-stick-meta":"","header-below-stick-meta":"","astra-migrate-meta-layouts":"set","ast-page-background-enabled":"default","ast-page-background-meta":{"desktop":{"background-color":"var(--ast-global-color-4)","background-image":"","background-repeat":"repeat","background-position":"center center","background-size":"auto","background-attachment":"scroll","background-type":"","background-media":"","overlay-type":"","overlay-color":"","overlay-opacity":"","overlay-gradient":""},"tablet":{"background-color":"","background-image":"","background-repeat":"repeat","background-position":"center center","background-size":"auto","background-attachment":"scroll","background-type":"","background-media":"","overlay-type":"","overlay-color":"","overlay-opacity":"","overlay-gradient":""},"mobile":{"background-color":"","background-image":"","background-repeat":"repeat","background-position":"center center","background-size":"auto","background-attachment":"scroll","background-type":"","background-media":"","overlay-type":"","overlay-color":"","overlay-opacity":"","overlay-gradient":""}},"ast-content-background-meta":{"desktop":{"background-color":"var(--ast-global-color-5)","background-image":"","background-repeat":"repeat","background-position":"center center","background-size":"auto","background-attachment":"scroll","background-type":"","background-media":"","overlay-type":"","overlay-color":"","overlay-opacity":"","overlay-gradient":""},"tablet":{"background-color":"var(--ast-global-color-5)","background-image":"","background-repeat":"repeat","background-position":"center center","background-size":"auto","background-attachment":"scroll","background-type":"","background-media":"","overlay-type":"","overlay-color":"","overlay-opacity":"","overlay-gradient":""},"mobile":{"background-color":"var(--ast-global-color-5)","background-image":"","background-repeat":"repeat","background-position":"center center","background-size":"auto","background-attachment":"scroll","background-type":"","background-media":"","overlay-type":"","overlay-color":"","overlay-opacity":"","overlay-gradient":""}}},"product_brand":[],"product_cat":[72],"product_tag":[79,81],"class_list":{"0":"post-40645","1":"product","2":"type-product","3":"status-publish","4":"has-post-thumbnail","6":"product_cat-fauteuils-et-inclinaisons","7":"product_tag-a-partir-de","8":"product_tag-moderne","9":"desktop-align-center","10":"tablet-align-left","11":"mobile-align-left","13":"first","14":"instock","15":"sold-individually","16":"shipping-taxable","17":"purchasable","18":"product-type-variable"},"acf":[],"_links":{"self":[{"href":"https:\/\/famaliving.ca\/fr\/wp-json\/wp\/v2\/product\/40645","targetHints":{"allow":["GET"]}}],"collection":[{"href":"https:\/\/famaliving.ca\/fr\/wp-json\/wp\/v2\/product"}],"about":[{"href":"https:\/\/famaliving.ca\/fr\/wp-json\/wp\/v2\/types\/product"}],"version-history":[{"count":1,"href":"https:\/\/famaliving.ca\/fr\/wp-json\/wp\/v2\/product\/40645\/revisions"}],"predecessor-version":[{"id":41565,"href":"https:\/\/famaliving.ca\/fr\/wp-json\/wp\/v2\/product\/40645\/revisions\/41565"}],"wp:featuredmedia":[{"embeddable":true,"href":"https:\/\/famaliving.ca\/fr\/wp-json\/wp\/v2\/media\/35667"}],"wp:attachment":[{"href":"https:\/\/famaliving.ca\/fr\/wp-json\/wp\/v2\/media?parent=40645"}],"wp:term":[{"taxonomy":"product_brand","embeddable":true,"href":"https:\/\/famaliving.ca\/fr\/wp-json\/wp\/v2\/product_brand?post=40645"},{"taxonomy":"product_cat","embeddable":true,"href":"https:\/\/famaliving.ca\/fr\/wp-json\/wp\/v2\/product_cat?post=40645"},{"taxonomy":"product_tag","embeddable":true,"href":"https:\/\/famaliving.ca\/fr\/wp-json\/wp\/v2\/product_tag?post=40645"}],"curies":[{"name":"wp","href":"https:\/\/api.w.org\/{rel}","templated":true}]}}