{"id":40646,"date":"2025-04-29T12:03:30","date_gmt":"2025-04-29T16:03:30","guid":{"rendered":"https:\/\/famaliving.ca\/product\/fauteuil-funky-lenny\/"},"modified":"2025-04-29T14:32:00","modified_gmt":"2025-04-29T18:32:00","slug":"fauteuil-funky-lenny","status":"publish","type":"product","link":"https:\/\/famaliving.ca\/fr\/produit\/fauteuil-funky-lenny\/","title":{"rendered":"Fauteuil Funky Lenny"},"content":{"rendered":"<p><svg viewBox=\"0 0 448 512\" xmlns=\"http:\/\/www.w3.org\/2000\/svg\"><path d=\"M416 208H272V64c0-17.67-14.33-32-32-32h-32c-17.67 0-32 14.33-32 32v144H32c-17.67 0-32 14.33-32 32v32c0 17.67 14.33 32 32 32h144v144c0 17.67 14.33 32 32 32h32c17.67 0 32-14.33 32-32V304h144c17.67 0 32-14.33 32-32v-32c0-17.67-14.33-32-32-32z\"><\/path><\/svg><br \/>\n <svg viewBox=\"0 0 448 512\" xmlns=\"http:\/\/www.w3.org\/2000\/svg\"><chemin d=\"M416 208H32c-17.67 0-32 14.33-32 32v32c0 17.67 14.33 32 32 32h384c17.67 0 32-14.33 32-32v-32c0-17.67-14.33-32-32-32z\"><\/path><\/svg><br \/>\n <a tabindex=\"0\">Configuration et t\u00e9l\u00e9chargements<\/a><br \/>\n T\u00e9l\u00e9chargez la documentation technique\u00a0: sch\u00e9mas, mesures, d\u00e9tails techniques, brochures et manuels.<\/p>\n<ul>\n<li><a href='https:\/\/famaliving.ca\/wp-content\/uploads\/sites\/29\/Lenny-Data-sheet-famaliving-Montreal.pdf' target='_blank' rel=\"noopener noreferrer\"> Lenny &#8211; Fiche technique <\/a><\/li>\n<li><a href='https:\/\/famaliving.ca\/wp-content\/uploads\/sites\/29\/Lenny-Sketch-famaliving-Montreal.pdf' target='_blank' rel=\"noopener noreferrer\"> Lenny &#8211; Croquis <\/a><\/li>\n<li><a href='https:\/\/famaliving.ca\/wp-content\/uploads\/sites\/29\/Lenny-Instructions-famaliving-Montreal.pdf' target='_blank' rel=\"noopener noreferrer\"> Lenny &#8211; Instructions <\/a><\/li>\n<li><a href='https:\/\/famaliving.ca\/wp-content\/uploads\/sites\/29\/Lenny-Information-famaliving-Montreal.pdf' target='_blank' rel=\"noopener noreferrer\"> Lenny &#8211; Informations <\/a><\/li>\n<\/ul>\n<p><strong>Explorez la configurabilit\u00e9 de Lenny avec notre <a href='\/fr\/3d\/' target='_blank' rel=\"noopener\">Simulation de conception 3D&gt;&gt;<\/a><\/strong><br \/>\n <svg viewBox=\"0 0 448 512\" xmlns=\"http:\/\/www.w3.org\/2000\/svg\"><chemin d=\"M416 208H272V64c0-17.67-14.33-32-32-32h-32c-17.67 0-32 14.33-32 32v144H32c-17.67 0-32 14.33-32 32v32c0 17.67 14.33 32 32 32h144v144c0 17.67 14.33 32 32 32h32c17.67 0 32-14.33 32-32V304h144c17.67 0 32-14.33 32-32v-32c0-17.67-14.33-32-32-32z\"><\/path><\/svg><br \/>\n <svg viewBox=\"0 0 448 512\" xmlns=\"http:\/\/www.w3.org\/2000\/svg\"><path d=\"M416 208H32c-17.67 0-32 14.33-32 32v32c0 17.67 14.33 32 32 32h384c17.67 0 32-14.33 32-32v-32c0-17.67-14.33-32-32-32z\"><\/path><\/svg><br \/>\n <a tabindex=\"0\">\u00c0 propos du produit<\/a><\/p>\n<p><strong>Q\u00a0: Qu&rsquo;est-ce que le fauteuil Funky Lenny\u00a0?<\/strong><br \/>A\u00a0: Le fauteuil Lenny est un design funky et moderne de Famaliving, connu pour ses courbes ludiques et son style audacieux. Il offre une combinaison parfaite de confort et de design unique, ce qui en fait une pi\u00e8ce remarquable dans tout espace de vie contemporain.<\/p>\n<p><strong>Q\u00a0: Qu&rsquo;est-ce qui rend le fauteuil Lenny unique\u00a0?<\/strong><br \/>R\u00a0: Le fauteuil Lenny se distingue par son design distinctif et courb\u00e9 et son esth\u00e9tique r\u00e9tro-moderne. Sa forme ludique mais \u00e9l\u00e9gante en fait un sujet de conversation, tandis que son assise confortable garantit qu&rsquo;il est non seulement \u00e9l\u00e9gant mais \u00e9galement fonctionnel. Le dossier et l&rsquo;assise incurv\u00e9s du fauteuil offrent une exp\u00e9rience ergonomique et relaxante.<\/p>\n<p><strong>Q\u00a0: Puis-je personnaliser le fauteuil Lenny avec des accessoires\u00a0?<\/strong><br \/>R\u00a0: Oui, le fauteuil Lenny est hautement personnalisable. Vous pouvez choisir parmi plus de 500 options de tissus, vous permettant de personnaliser le fauteuil en fonction de votre d\u00e9cor. De plus, vous pouvez ajouter des coussins d\u00e9coratifs pour am\u00e9liorer le confort et le style de la chaise.<\/p>\n<p><strong>Q\u00a0: Quelles sont les caract\u00e9ristiques d&rsquo;assise du fauteuil Lenny\u00a0?<\/strong><br \/>A\u00a0: Le fauteuil Lenny offre une assise profonde et confortable avec un dossier de soutien. Son design incurv\u00e9 distinctif vous permet de vous d\u00e9tendre confortablement tout en profitant de son style artistique et moderne. La forme ergonomique du fauteuil offre un excellent soutien pour se pr\u00e9lasser au quotidien.<\/p>\n<p><strong>Q\u00a0: Existe-t-il diff\u00e9rentes options de pieds pour le fauteuil Lenny\u00a0?<\/strong><br \/>R\u00a0: Le fauteuil Lenny est dot\u00e9 de pieds m\u00e9talliques \u00e9l\u00e9gants qui compl\u00e8tent son design moderne. Bien que les pieds fassent partie de son look signature, vous pouvez choisir parmi diff\u00e9rentes finitions pour correspondre \u00e0 votre style int\u00e9rieur.<\/p>\n<p><strong>Q\u00a0: Quelles sont les dimensions du fauteuil Lenny\u00a0?<\/strong><br \/>R\u00a0: La hauteur du si\u00e8ge est de 44 cm (17,32 po), avec une profondeur totale de 90 cm (35,43 po) et une hauteur totale de 96 cm (37,8 po).<\/p>\n<p><strong>Q\u00a0: Un rev\u00eatement en cuir est-il disponible pour le Fauteuil Lenny ?<\/strong><br \/>R : Oui, un rev\u00eatement en cuir est disponible pour le fauteuil Lenny, mais il entra\u00eene un co\u00fbt suppl\u00e9mentaire. Vous pouvez \u00e9galement choisir parmi une grande vari\u00e9t\u00e9 d&rsquo;options de tissus pour personnaliser davantage le look de la chaise.<\/p>\n<p><strong>Q\u00a0: Comment puis-je personnaliser le fauteuil Lenny\u00a0?<\/strong><br \/>R\u00a0: Le fauteuil Lenny offre de nombreuses options de personnalisation, notamment un rev\u00eatement en tissu ou en cuir, des finitions de pieds et l&rsquo;ajout d&rsquo;accessoires d\u00e9coratifs comme des coussins. Cela vous permet de cr\u00e9er une chaise qui s&rsquo;adapte parfaitement \u00e0 votre style et compl\u00e8te votre maison.<\/p>\n<p> <svg viewBox=\"0 0 448 512\" xmlns=\"http:\/\/www.w3.org\/2000\/svg\"><path d=\"M416 208H272V64c0-17.67-14.33-32-32-32h-32c-17.67 0-32 14.33-32 32v144H32c-17.67 0-32 14.33-32 32v32c0 17.67 14.33 32 32 32h144v144c0 17.67 14.33 32 32 32h32c17.67 0 32-14.33 32-32V304h144c17.67 0 32-14.33 32-32v-32c0-17.67-14.33-32-32-32z\"><\/path><\/svg><br \/>\n <svg viewBox=\"0 0 448 512\" xmlns=\"http:\/\/www.w3.org\/2000\/svg\"><chemin d=\"M416 208H32c-17.67 0-32 14.33-32 32v32c0 17.67 14.33 32 32 32h384c17.67 0 32-14.33 32-32v-32c0-17.67-14.33-32-32-32z\"><\/path><\/svg><br \/>\n <a tabindex=\"0\">Options du produit<\/a><\/p>\n<ul>\n<li>Disponible en tissu et cuir<\/li>\n<li>Taille disponible\u00a0: L (standard), XL (10% plus grand), XXL (20% plus grand), taille personnalis\u00e9e.<\/li>\n<li>Options de pieds\u00a0: Base pivotante en chrome, Noir<br \/>Nube, Gris Fonc\u00e9, M\u00e9tal Naturel (finition mate)<\/li>\n<\/ul>\n","protected":false},"excerpt":{"rendered":"<p>D\u00e9couvrez Lenny, notre design le plus embl\u00e9matique \u00e0 ce jour, con\u00e7u avec une combinaison intelligente de courbes concaves et convexes qui donnent naissance \u00e0 un fauteuil unique en son genre. Plongez dans un confort in\u00e9gal\u00e9 gr\u00e2ce \u00e0 ses coussins d&rsquo;assise et de dossier en fibre.<\/p>\n<p>\u00c9quip\u00e9 d&rsquo;un m\u00e9canisme pivotant et basculant, Lenny offre une relaxation dynamique. Compl\u00e9tez l&rsquo;exp\u00e9rience avec le repose-pieds rond, transformant Lenny en un ensemble incroyablement confortable. Le fauteuil Lenny est \u00e9galement disponible en version inclinable\u00a0; <strong>Fauteuil Lenny Relax.<\/strong><\/p>\n","protected":false},"featured_media":10908,"template":"","meta":{"_acf_changed":false,"site-sidebar-layout":"default","site-content-layout":"","ast-site-content-layout":"default","site-content-style":"default","site-sidebar-style":"default","ast-global-header-display":"","ast-banner-title-visibility":"","ast-main-header-display":"","ast-hfb-above-header-display":"","ast-hfb-below-header-display":"","ast-hfb-mobile-header-display":"","site-post-title":"","ast-breadcrumbs-content":"","ast-featured-img":"","footer-sml-layout":"","ast-disable-related-posts":"","theme-transparent-header-meta":"default","adv-header-id-meta":"","stick-header-meta":"default","header-above-stick-meta":"","header-main-stick-meta":"","header-below-stick-meta":"","astra-migrate-meta-layouts":"set","ast-page-background-enabled":"default","ast-page-background-meta":{"desktop":{"background-color":"var(--ast-global-color-4)","background-image":"","background-repeat":"repeat","background-position":"center center","background-size":"auto","background-attachment":"scroll","background-type":"","background-media":"","overlay-type":"","overlay-color":"","overlay-opacity":"","overlay-gradient":""},"tablet":{"background-color":"","background-image":"","background-repeat":"repeat","background-position":"center center","background-size":"auto","background-attachment":"scroll","background-type":"","background-media":"","overlay-type":"","overlay-color":"","overlay-opacity":"","overlay-gradient":""},"mobile":{"background-color":"","background-image":"","background-repeat":"repeat","background-position":"center center","background-size":"auto","background-attachment":"scroll","background-type":"","background-media":"","overlay-type":"","overlay-color":"","overlay-opacity":"","overlay-gradient":""}},"ast-content-background-meta":{"desktop":{"background-color":"var(--ast-global-color-5)","background-image":"","background-repeat":"repeat","background-position":"center center","background-size":"auto","background-attachment":"scroll","background-type":"","background-media":"","overlay-type":"","overlay-color":"","overlay-opacity":"","overlay-gradient":""},"tablet":{"background-color":"var(--ast-global-color-5)","background-image":"","background-repeat":"repeat","background-position":"center center","background-size":"auto","background-attachment":"scroll","background-type":"","background-media":"","overlay-type":"","overlay-color":"","overlay-opacity":"","overlay-gradient":""},"mobile":{"background-color":"var(--ast-global-color-5)","background-image":"","background-repeat":"repeat","background-position":"center center","background-size":"auto","background-attachment":"scroll","background-type":"","background-media":"","overlay-type":"","overlay-color":"","overlay-opacity":"","overlay-gradient":""}}},"product_brand":[],"product_cat":[72],"product_tag":[79,104],"class_list":{"0":"post-40646","1":"product","2":"type-product","3":"status-publish","4":"has-post-thumbnail","6":"product_cat-fauteuils-et-inclinaisons","7":"product_tag-a-partir-de","8":"product_tag-fauteuils-et-fauteuils-inclinables","9":"desktop-align-center","10":"tablet-align-left","11":"mobile-align-left","13":"first","14":"instock","15":"sold-individually","16":"shipping-taxable","17":"purchasable","18":"product-type-simple"},"acf":[],"_links":{"self":[{"href":"https:\/\/famaliving.ca\/fr\/wp-json\/wp\/v2\/product\/40646","targetHints":{"allow":["GET"]}}],"collection":[{"href":"https:\/\/famaliving.ca\/fr\/wp-json\/wp\/v2\/product"}],"about":[{"href":"https:\/\/famaliving.ca\/fr\/wp-json\/wp\/v2\/types\/product"}],"version-history":[{"count":1,"href":"https:\/\/famaliving.ca\/fr\/wp-json\/wp\/v2\/product\/40646\/revisions"}],"predecessor-version":[{"id":41563,"href":"https:\/\/famaliving.ca\/fr\/wp-json\/wp\/v2\/product\/40646\/revisions\/41563"}],"wp:featuredmedia":[{"embeddable":true,"href":"https:\/\/famaliving.ca\/fr\/wp-json\/wp\/v2\/media\/10908"}],"wp:attachment":[{"href":"https:\/\/famaliving.ca\/fr\/wp-json\/wp\/v2\/media?parent=40646"}],"wp:term":[{"taxonomy":"product_brand","embeddable":true,"href":"https:\/\/famaliving.ca\/fr\/wp-json\/wp\/v2\/product_brand?post=40646"},{"taxonomy":"product_cat","embeddable":true,"href":"https:\/\/famaliving.ca\/fr\/wp-json\/wp\/v2\/product_cat?post=40646"},{"taxonomy":"product_tag","embeddable":true,"href":"https:\/\/famaliving.ca\/fr\/wp-json\/wp\/v2\/product_tag?post=40646"}],"curies":[{"name":"wp","href":"https:\/\/api.w.org\/{rel}","templated":true}]}}