{"id":40647,"date":"2025-04-29T12:03:30","date_gmt":"2025-04-29T16:03:30","guid":{"rendered":"https:\/\/famaliving.ca\/product\/fauteuil-inclinable-avalon\/"},"modified":"2025-04-29T14:32:07","modified_gmt":"2025-04-29T18:32:07","slug":"fauteuil-inclinable-avalon","status":"publish","type":"product","link":"https:\/\/famaliving.ca\/fr\/produit\/fauteuil-inclinable-avalon\/","title":{"rendered":"Fauteuil inclinable Avalon"},"content":{"rendered":"<p><svg viewBox=\"0 0 448 512\" xmlns=\"http:\/\/www.w3.org\/2000\/svg\"><path d=\"M416 208H272V64c0-17.67-14.33-32-32-32h-32c-17.67 0-32 14.33-32 32v144H32c-17.67 0-32 14.33-32 32v32c0 17.67 14.33 32 32 32h144v144c0 17.67 14.33 32 32 32h32c17.67 0 32-14.33 32-32V304h144c17.67 0 32-14.33 32-32v-32c0-17.67-14.33-32-32-32z\"><\/path><\/svg><br \/>\n <svg viewBox=\"0 0 448 512\" xmlns=\"http:\/\/www.w3.org\/2000\/svg\"><chemin d=\"M416 208H32c-17.67 0-32 14.33-32 32v32c0 17.67 14.33 32 32 32h384c17.67 0 32-14.33 32-32v-32c0-17.67-14.33-32-32-32z\"><\/path><\/svg><br \/>\n <a tabindex=\"0\">Configuration et t\u00e9l\u00e9chargements<\/a><br \/>\n T\u00e9l\u00e9chargez la documentation technique\u00a0: sch\u00e9mas, mesures, d\u00e9tails techniques, brochures et manuels.<\/p>\n<ul>\n<li><a href='https:\/\/famaliving.ca\/wp-content\/uploads\/sites\/29\/Avalon-Armchair-Data-sheet-famaliving-Montreal.pdf' target='_blank' rel=\"noopener noreferrer\"> Fauteuil Avalon &#8211; Fiche technique <\/a><\/li>\n<li><a href='https:\/\/famaliving.ca\/wp-content\/uploads\/sites\/29\/Avalon-Atlanta-Baltia-Assembly-instructions-famaliving-Montreal-1.pdf' target='_blank' rel=\"noopener noreferrer\"> Avalon \/ Atlanta \/ Baltia &#8211; Instructions d&rsquo;assemblage <\/a><\/li>\n<li><a href='https:\/\/famaliving.ca\/wp-content\/uploads\/sites\/29\/Avalon-Armchair-Information-famaliving-Montreal.pdf' target='_blank' rel=\"noopener noreferrer\"> Fauteuil Avalon &#8211; Informations <\/a><\/li>\n<li><a href='https:\/\/famaliving.ca\/wp-content\/uploads\/sites\/29\/TrainingBook-HomeCollection2021-Programa-Relax-Total-famaliving-Montreal.pdf' target='_blank' rel=\"noopener noreferrer\"> TrainingBook-HomeCollection2021-Programa-Relax-Total <\/a><\/li>\n<li><a href='https:\/\/famaliving.ca\/wp-content\/uploads\/sites\/29\/TrainingBook-HomeCollection2021-Open-Smart-system-famaliving-Montreal.pdf' target='_blank' rel=\"noopener noreferrer\"> TrainingBook-HomeCollection2021-Open-Smart-system <\/a><\/li>\n<\/ul>\n<p><strong>Explorez la configurabilit\u00e9 du fauteuil Avalon avec notre <a href='\/fr\/3d\/' target='_blank' rel=\"noopener\">Simulation de conception 3D&gt;&gt;<\/a><\/strong><br \/>\n <svg viewBox=\"0 0 448 512\" xmlns=\"http:\/\/www.w3.org\/2000\/svg\"><chemin d=\"M416 208H272V64c0-17.67-14.33-32-32-32h-32c-17.67 0-32 14.33-32 32v144H32c-17.67 0-32 14.33-32 32v32c0 17.67 14.33 32 32 32h144v144c0 17.67 14.33 32 32 32h32c17.67 0 32-14.33 32-32V304h144c17.67 0 32-14.33 32-32v-32c0-17.67-14.33-32-32-32z\"><\/path><\/svg><br \/>\n <svg viewBox=\"0 0 448 512\" xmlns=\"http:\/\/www.w3.org\/2000\/svg\"><path d=\"M416 208H32c-17.67 0-32 14.33-32 32v32c0 17.67 14.33 32 32 32h384c17.67 0 32-14.33 32-32v-32c0-17.67-14.33-32-32-32z\"><\/path><\/svg><br \/>\n <a tabindex=\"0\">\u00c0 propos du produit<\/a><\/p>\n<p><strong>Q\u00a0: Qu&rsquo;est-ce que le fauteuil inclinable Avalon\u00a0?<\/strong><br \/>R\u00a0: Le fauteuil inclinable Avalon de Famaliving est une option de si\u00e8ge luxueuse et moderne con\u00e7ue pour ceux qui privil\u00e9gient le confort et le style. Avec son design \u00e9l\u00e9gant et son m\u00e9canisme d&rsquo;inclinaison fluide, le fauteuil inclinable Avalon offre le m\u00e9lange parfait de fonctionnalit\u00e9 et d&rsquo;\u00e9l\u00e9gance, ce qui en fait un choix id\u00e9al pour les espaces de vie contemporains.<\/p>\n<p><strong>Q\u00a0: Qu&rsquo;est-ce qui rend le fauteuil inclinable Avalon unique\u00a0?<\/strong><br \/>R\u00a0: Le fauteuil inclinable Avalon se distingue par son design moderne et son confort ergonomique. Il offre un m\u00e9canisme d&rsquo;inclinaison sans couture qui vous permet d&rsquo;ajuster le dossier et le repose-pieds pour une position de d\u00e9tente parfaite. Ses lignes \u00e9pur\u00e9es et son look sophistiqu\u00e9 en font une pi\u00e8ce remarquable dans n&rsquo;importe quelle pi\u00e8ce, tandis que ses caract\u00e9ristiques ax\u00e9es sur le confort le rendent parfait pour la d\u00e9tente.<\/p>\n<p><strong>Q\u00a0: Puis-je personnaliser le fauteuil inclinable Avalon avec des accessoires\u00a0?<\/strong><br \/>R\u00a0: Oui, le fauteuil inclinable Avalon est enti\u00e8rement personnalisable. Vous pouvez choisir parmi plus de 500 options de tissus, vous permettant d&rsquo;adapter la chaise \u00e0 votre style de d\u00e9coration personnel. Vous pouvez \u00e9galement choisir des coussins ou des repose-pieds suppl\u00e9mentaires pour am\u00e9liorer encore le confort et l&rsquo;apparence du fauteuil inclinable.<\/p>\n<p><strong>Q\u00a0: Quelles sont les caract\u00e9ristiques d&rsquo;assise du fauteuil inclinable Avalon\u00a0?<\/strong><br \/>A\u00a0: Le fauteuil inclinable Avalon offre une assise moelleuse et profonde avec un excellent soutien lombaire, assurant une exp\u00e9rience de d\u00e9tente confortable. Sa fonction d&rsquo;inclinaison vous permet d&rsquo;ajuster le fauteuil \u00e0 votre position pr\u00e9f\u00e9r\u00e9e, que vous souhaitiez vous asseoir droit ou vous allonger et vous d\u00e9tendre.<\/p>\n<p><strong>Q\u00a0: Existe-t-il diff\u00e9rentes options de pieds pour le fauteuil inclinable Avalon\u00a0?<\/strong><br \/>R\u00a0: Le fauteuil inclinable Avalon est dot\u00e9 d&rsquo;une base inclinable int\u00e9gr\u00e9e, mais vous pouvez personnaliser l&rsquo;apparence ext\u00e9rieure, y compris diff\u00e9rentes finitions pour les pieds s&rsquo;ils font partie de la conception. Cela vous permet de personnaliser le fauteuil en fonction de vos pr\u00e9f\u00e9rences de d\u00e9coration int\u00e9rieure.<\/p>\n<p><strong>Q\u00a0: Quelles sont les dimensions du fauteuil inclinable Avalon\u00a0?<\/strong><br \/>A\u00a0: La hauteur du si\u00e8ge est de 44 cm (17,32 po), avec une profondeur totale de 90 cm (35,43 po) et une hauteur totale de 100 cm (39,37 po). Lorsqu&rsquo;il est compl\u00e8tement inclin\u00e9, la profondeur augmente pour offrir suffisamment d&rsquo;espace pour se d\u00e9tendre.<\/p>\n<p><strong>Q\u00a0: Un rev\u00eatement en cuir est-il disponible pour le fauteuil inclinable Avalon\u00a0?<\/strong><br \/>R\u00a0: Oui, un rev\u00eatement en cuir est disponible pour le fauteuil inclinable Avalon, bien que cela puisse entra\u00eener un co\u00fbt suppl\u00e9mentaire. Vous pouvez \u00e9galement choisir parmi une large gamme d&rsquo;options de tissus pour personnaliser l&rsquo;apparence et la sensation du fauteuil.<\/p>\n<p><strong>Q\u00a0: Comment puis-je personnaliser le fauteuil inclinable Avalon\u00a0?<\/strong><br \/>R\u00a0: Le fauteuil inclinable Avalon offre de nombreuses options de personnalisation, notamment un rev\u00eatement en tissu ou en cuir, des finitions de pieds et l&rsquo;ajout d&rsquo;accessoires tels que des coussins. Cela vous permet de cr\u00e9er un fauteuil inclinable qui non seulement s&rsquo;adapte \u00e0 votre espace, mais offre \u00e9galement un confort et un style ultimes.<\/p>\n<p> <svg viewBox=\"0 0 448 512\" xmlns=\"http:\/\/www.w3.org\/2000\/svg\"><path d=\"M416 208H272V64c0-17,67-14,33-32-32-32h-32c-17,67 0-32 14,33-32 32v144H32c-17,67 0-32 14,33-32 32v32c0 17,67 14,33 32 32 32h144v144c0 17,67 14,33 32 32 32h32c17,67 0 32-14,33 32-32V304h144c17,67 0 32-14,33 32-32v-32c0-17.67-14.33-32-32-32z\"><\/chemin><\/svg><br \/>\n <svg viewBox=\"0 0 448 512\" xmlns=\"http:\/\/www.w3.org\/2000\/svg\"><chemin d=\"M416 208H32c-17.67 0-32 14.33-32 32v32c0 17.67 14.33 32 32 32h384c17.67 0 32-14.33 32-32v-32c0-17.67-14.33-32-32-32z\"><\/path><\/svg><br \/>\n <a tabindex=\"0\">Produit Options<\/a><\/p>\n<ul>\n<li>Disponible en tissu ou en cuir.<\/li>\n<li>Diff\u00e9rentes largeurs d&rsquo;assise disponibles\u00a0: 61 cm, 75 cm, 90 cm.<\/li>\n<li>Diff\u00e9rents styles d&rsquo;accoudoirs disponibles. <\/li>\n<\/ul>\n<p><strong>Compte tenu de la grande polyvalence et des nombreuses options de personnalisation disponibles pour ce meuble, nous vous conseillons de vous connecter et d&rsquo;utiliser le bouton \u00ab\u00a0Ajouter au devis\u00a0\u00bb.<\/strong><\/p>\n","protected":false},"excerpt":{"rendered":"<p>Avalon est un nouveau fauteuil modulaire inclinable qui s&rsquo;\u00e9loigne du design conventionnel des canap\u00e9s \u00e0 dossier bas rabattable. Contrairement \u00e0 la majorit\u00e9 des tendances impos\u00e9es par le march\u00e9, nous avons souhait\u00e9 cr\u00e9er un dossier aux dimensions g\u00e9n\u00e9reuses que nous avons dot\u00e9 d&rsquo;un nouvel effet bouton inspir\u00e9 des dossiers boutonn\u00e9s en losange des ann\u00e9es 70. Ce dossier, ainsi que le design des accoudoirs et du pied de 12 cm, font d&rsquo;Avalon un mod\u00e8le diff\u00e9rent avec une grande personnalit\u00e9. C&rsquo;est un best-seller pour FAMA. Peut \u00eatre command\u00e9 comme fauteuil ou comme canap\u00e9 dans diff\u00e9rentes largeurs disponibles. Plus de 500 choix de tissus\u00a0!<\/p>\n","protected":false},"featured_media":34969,"template":"","meta":{"_acf_changed":false,"site-sidebar-layout":"default","site-content-layout":"","ast-site-content-layout":"default","site-content-style":"default","site-sidebar-style":"default","ast-global-header-display":"","ast-banner-title-visibility":"","ast-main-header-display":"","ast-hfb-above-header-display":"","ast-hfb-below-header-display":"","ast-hfb-mobile-header-display":"","site-post-title":"","ast-breadcrumbs-content":"","ast-featured-img":"","footer-sml-layout":"","ast-disable-related-posts":"","theme-transparent-header-meta":"default","adv-header-id-meta":"","stick-header-meta":"default","header-above-stick-meta":"","header-main-stick-meta":"","header-below-stick-meta":"","astra-migrate-meta-layouts":"set","ast-page-background-enabled":"default","ast-page-background-meta":{"desktop":{"background-color":"var(--ast-global-color-4)","background-image":"","background-repeat":"repeat","background-position":"center center","background-size":"auto","background-attachment":"scroll","background-type":"","background-media":"","overlay-type":"","overlay-color":"","overlay-opacity":"","overlay-gradient":""},"tablet":{"background-color":"","background-image":"","background-repeat":"repeat","background-position":"center center","background-size":"auto","background-attachment":"scroll","background-type":"","background-media":"","overlay-type":"","overlay-color":"","overlay-opacity":"","overlay-gradient":""},"mobile":{"background-color":"","background-image":"","background-repeat":"repeat","background-position":"center center","background-size":"auto","background-attachment":"scroll","background-type":"","background-media":"","overlay-type":"","overlay-color":"","overlay-opacity":"","overlay-gradient":""}},"ast-content-background-meta":{"desktop":{"background-color":"var(--ast-global-color-5)","background-image":"","background-repeat":"repeat","background-position":"center center","background-size":"auto","background-attachment":"scroll","background-type":"","background-media":"","overlay-type":"","overlay-color":"","overlay-opacity":"","overlay-gradient":""},"tablet":{"background-color":"var(--ast-global-color-5)","background-image":"","background-repeat":"repeat","background-position":"center center","background-size":"auto","background-attachment":"scroll","background-type":"","background-media":"","overlay-type":"","overlay-color":"","overlay-opacity":"","overlay-gradient":""},"mobile":{"background-color":"var(--ast-global-color-5)","background-image":"","background-repeat":"repeat","background-position":"center center","background-size":"auto","background-attachment":"scroll","background-type":"","background-media":"","overlay-type":"","overlay-color":"","overlay-opacity":"","overlay-gradient":""}}},"product_brand":[],"product_cat":[72],"product_tag":[79],"class_list":{"0":"post-40647","1":"product","2":"type-product","3":"status-publish","4":"has-post-thumbnail","6":"product_cat-fauteuils-et-inclinaisons","7":"product_tag-a-partir-de","8":"desktop-align-center","9":"tablet-align-left","10":"mobile-align-left","12":"first","13":"instock","14":"sold-individually","15":"shipping-taxable","16":"purchasable","17":"product-type-variable"},"acf":[],"_links":{"self":[{"href":"https:\/\/famaliving.ca\/fr\/wp-json\/wp\/v2\/product\/40647","targetHints":{"allow":["GET"]}}],"collection":[{"href":"https:\/\/famaliving.ca\/fr\/wp-json\/wp\/v2\/product"}],"about":[{"href":"https:\/\/famaliving.ca\/fr\/wp-json\/wp\/v2\/types\/product"}],"version-history":[{"count":1,"href":"https:\/\/famaliving.ca\/fr\/wp-json\/wp\/v2\/product\/40647\/revisions"}],"predecessor-version":[{"id":41564,"href":"https:\/\/famaliving.ca\/fr\/wp-json\/wp\/v2\/product\/40647\/revisions\/41564"}],"wp:featuredmedia":[{"embeddable":true,"href":"https:\/\/famaliving.ca\/fr\/wp-json\/wp\/v2\/media\/34969"}],"wp:attachment":[{"href":"https:\/\/famaliving.ca\/fr\/wp-json\/wp\/v2\/media?parent=40647"}],"wp:term":[{"taxonomy":"product_brand","embeddable":true,"href":"https:\/\/famaliving.ca\/fr\/wp-json\/wp\/v2\/product_brand?post=40647"},{"taxonomy":"product_cat","embeddable":true,"href":"https:\/\/famaliving.ca\/fr\/wp-json\/wp\/v2\/product_cat?post=40647"},{"taxonomy":"product_tag","embeddable":true,"href":"https:\/\/famaliving.ca\/fr\/wp-json\/wp\/v2\/product_tag?post=40647"}],"curies":[{"name":"wp","href":"https:\/\/api.w.org\/{rel}","templated":true}]}}