{"id":40649,"date":"2025-04-29T12:03:33","date_gmt":"2025-04-29T16:03:33","guid":{"rendered":"https:\/\/famaliving.ca\/product\/fauteuil-a-bascule-kangou\/"},"modified":"2025-04-29T14:19:20","modified_gmt":"2025-04-29T18:19:20","slug":"fauteuil-a-bascule-kangou","status":"publish","type":"product","link":"https:\/\/famaliving.ca\/fr\/produit\/fauteuil-a-bascule-kangou\/","title":{"rendered":"Fauteuil \u00e0 bascule Kangou"},"content":{"rendered":"<p><a tabindex=\"0\">Configuration et t\u00e9l\u00e9chargements<\/a><\/p>\n<p>T\u00e9l\u00e9chargez la documentation technique\u00a0: sch\u00e9mas, mesures, d\u00e9tails techniques, brochures et manuels.<\/p>\n<ul>\n<li><a href=\"https:\/\/famaliving.ca\/wp-content\/uploads\/sites\/29\/Kangou-Data-sheet-famaliving-Montreal.pdf\" target=\"_blank\" rel=\"noopener noreferrer\"> Kangou \u2013 Fiche technique <\/a><\/li>\n<li><a href=\"https:\/\/famaliving.ca\/wp-content\/uploads\/sites\/29\/Kangou-Sketch-famaliving-Montreal.pdf\" target=\"_blank\" rel=\"noopener noreferrer\"> Kangou \u2013 Croquis <\/a><\/li>\n<li><a href=\"https:\/\/famaliving.ca\/wp-content\/uploads\/sites\/29\/Kangou-Instructions-famaliving-Montreal.pdf\" target=\"_blank\" rel=\"noopener noreferrer\"> Kangou \u2013 Instructions <\/a><\/li>\n<li><a href=\"https:\/\/famaliving.ca\/wp-content\/uploads\/sites\/29\/Kangou-Information-famaliving-Montreal.pdf\" target=\"_blank\" rel=\"noopener noreferrer\"> Kangou \u2013 Informations <\/a><\/li>\n<\/ul>\n<p><strong>Explorez la configurabilit\u00e9 de Kangou avec notre <a href=\"\/fr\/3d\/\" target=\"_blank\" rel=\"noopener\">Simulation de conception 3D&gt;&gt;<\/a><\/strong><\/p>\n<p><a tabindex=\"0\">\u00c0 propos du produit<\/a><\/p>\n<p><strong>Q\u00a0: Qu&rsquo;est-ce que le fauteuil \u00e0 bascule Kangou\u00a0?<\/strong><\/p>\n<p>A : Le Kangou est un fauteuil \u00e0 bascule moderne de Famaliving, con\u00e7u pour ceux qui aiment le confort d&rsquo;un fauteuil \u00e0 bascule traditionnel avec une touche contemporaine. Son design \u00e9l\u00e9gant et son l\u00e9ger mouvement de balancement offrent une option d&rsquo;assise \u00e0 la fois \u00e9l\u00e9gante et relaxante pour n&rsquo;importe quel espace de vie.<\/p>\n<p><strong>Q\u00a0: Qu&rsquo;est-ce qui rend le fauteuil Kangou unique\u00a0?<\/strong><\/p>\n<p>A : Le fauteuil Kangou se distingue par sa combinaison innovante d&rsquo;un fauteuil \u00e0 bascule classique avec des \u00e9l\u00e9ments de design moderne. Sa forme ergonomique assure un confort maximal, tandis que le doux mouvement de balancement cr\u00e9e une exp\u00e9rience apaisante et apaisante. Les lignes \u00e9pur\u00e9es et le style contemporain de la chaise en font un bel ajout \u00e0 n\u2019importe quelle maison.<\/p>\n<p><strong>Q : Puis-je personnaliser le fauteuil Kangou avec des accessoires ?<\/strong><\/p>\n<p>A : Oui, le fauteuil Kangou est hautement personnalisable. Vous pouvez choisir parmi plus de 500 options de tissus, dont une vari\u00e9t\u00e9 de couleurs, de motifs et de textures. De plus, vous pouvez ajouter des coussins ou des repose-pieds assortis pour am\u00e9liorer encore le confort et le style de la chaise.<\/p>\n<p><strong>Q\u00a0: Quelles sont les caract\u00e9ristiques d&rsquo;assise du fauteuil Kangou\u00a0?<\/strong><\/p>\n<p>A\u00a0: Le Kangou offre une assise profonde et de soutien avec un dossier confortable, con\u00e7u pour offrir \u00e0 la fois d\u00e9tente et bonne posture. Son doux mouvement de balancement ajoute un \u00e9l\u00e9ment de confort, parfait pour se pr\u00e9lasser ou se d\u00e9tendre apr\u00e8s une longue journ\u00e9e.<\/p>\n<p><strong>Q\u00a0: Existe-t-il diff\u00e9rentes options de pieds pour le fauteuil Kangou\u00a0?<\/strong><\/p>\n<p>A\u00a0: Le fauteuil Kangou est dot\u00e9 d&rsquo;une base \u00e0 bascule int\u00e9gr\u00e9e qui fait partie int\u00e9grante de son design. Bien que la base elle-m\u00eame ne soit pas personnalisable, vous pouvez personnaliser la chaise avec diff\u00e9rents rev\u00eatements et finitions pour correspondre \u00e0 votre style int\u00e9rieur.<\/p>\n<p><strong>Q : Quelles sont les dimensions du fauteuil Kangou ?<\/strong><\/p>\n<p>A\u00a0: La hauteur du si\u00e8ge est de 44 cm (17,32 pouces), avec une profondeur totale de 85 cm (33,46 pouces) et une hauteur totale de 90 cm (35,43 pouces).<\/p>\n<p><strong>Q\u00a0: Un rev\u00eatement en cuir est-il disponible pour le fauteuil Kangou\u00a0?<\/strong><\/p>\n<p>A\u00a0: Oui, un rev\u00eatement en cuir est disponible pour le fauteuil Kangou, mais il entra\u00eene un co\u00fbt suppl\u00e9mentaire. Vous pouvez \u00e9galement choisir parmi une grande vari\u00e9t\u00e9 de tissus pour correspondre \u00e0 votre d\u00e9cor et \u00e0 vos pr\u00e9f\u00e9rences personnelles.<\/p>\n<p><strong>Q : Comment personnaliser le fauteuil Kangou ?<\/strong><\/p>\n<p>A\u00a0: Le fauteuil Kangou offre de nombreuses options de personnalisation, notamment un rev\u00eatement en tissu et en cuir, un choix de coussins et des repose-pieds. Vous pouvez adapter la chaise \u00e0 votre style, cr\u00e9ant ainsi une chaise \u00e0 bascule personnalis\u00e9e et confortable qui compl\u00e8te votre espace.<\/p>\n<p><a tabindex=\"0\">Options du produit<\/a><\/p>\n<ul>\n<li>Disponible en tissu et cuir<\/li>\n<li>Options de base : base \u00e0 bascule (avec frein), base pivotante, pieds en bois<\/li>\n<\/ul>\n","protected":false},"excerpt":{"rendered":"<p>Vivez une d\u00e9tente ultime avec Kangou, un fauteuil \u00e0 bascule moderne inspir\u00e9 du design classique des fauteuils \u00e0 bascule ergonomiques. Son design innovant assure un confort maximal, tandis que le repose-pieds assorti am\u00e9liore encore la d\u00e9tente.<\/p>\n<p>Cette chaise est dot\u00e9e d&rsquo;un syst\u00e8me de blocage int\u00e9gr\u00e9 pour arr\u00eater le mouvement de bascule et est disponible en diff\u00e9rentes finitions en bois. L&rsquo;appui-t\u00eate r\u00e9glable et le coussin lombaire ajoutent \u00e0 son confort exceptionnel.<\/p>\n<p>La base \u00e0 bascule est disponible dans une gamme de couleurs, notamment Nube, gris clair, gris fonc\u00e9, marron et chrom\u00e9.<\/p>\n","protected":false},"featured_media":35269,"template":"","meta":{"_acf_changed":false,"site-sidebar-layout":"default","site-content-layout":"","ast-site-content-layout":"default","site-content-style":"default","site-sidebar-style":"default","ast-global-header-display":"","ast-banner-title-visibility":"","ast-main-header-display":"","ast-hfb-above-header-display":"","ast-hfb-below-header-display":"","ast-hfb-mobile-header-display":"","site-post-title":"","ast-breadcrumbs-content":"","ast-featured-img":"","footer-sml-layout":"","ast-disable-related-posts":"","theme-transparent-header-meta":"default","adv-header-id-meta":"","stick-header-meta":"default","header-above-stick-meta":"","header-main-stick-meta":"","header-below-stick-meta":"","astra-migrate-meta-layouts":"set","ast-page-background-enabled":"default","ast-page-background-meta":{"desktop":{"background-color":"var(--ast-global-color-4)","background-image":"","background-repeat":"repeat","background-position":"center center","background-size":"auto","background-attachment":"scroll","background-type":"","background-media":"","overlay-type":"","overlay-color":"","overlay-opacity":"","overlay-gradient":""},"tablet":{"background-color":"","background-image":"","background-repeat":"repeat","background-position":"center center","background-size":"auto","background-attachment":"scroll","background-type":"","background-media":"","overlay-type":"","overlay-color":"","overlay-opacity":"","overlay-gradient":""},"mobile":{"background-color":"","background-image":"","background-repeat":"repeat","background-position":"center center","background-size":"auto","background-attachment":"scroll","background-type":"","background-media":"","overlay-type":"","overlay-color":"","overlay-opacity":"","overlay-gradient":""}},"ast-content-background-meta":{"desktop":{"background-color":"var(--ast-global-color-5)","background-image":"","background-repeat":"repeat","background-position":"center center","background-size":"auto","background-attachment":"scroll","background-type":"","background-media":"","overlay-type":"","overlay-color":"","overlay-opacity":"","overlay-gradient":""},"tablet":{"background-color":"var(--ast-global-color-5)","background-image":"","background-repeat":"repeat","background-position":"center center","background-size":"auto","background-attachment":"scroll","background-type":"","background-media":"","overlay-type":"","overlay-color":"","overlay-opacity":"","overlay-gradient":""},"mobile":{"background-color":"var(--ast-global-color-5)","background-image":"","background-repeat":"repeat","background-position":"center center","background-size":"auto","background-attachment":"scroll","background-type":"","background-media":"","overlay-type":"","overlay-color":"","overlay-opacity":"","overlay-gradient":""}}},"product_brand":[],"product_cat":[72],"product_tag":[79],"class_list":{"0":"post-40649","1":"product","2":"type-product","3":"status-publish","4":"has-post-thumbnail","6":"product_cat-fauteuils-et-inclinaisons","7":"product_tag-a-partir-de","8":"desktop-align-center","9":"tablet-align-left","10":"mobile-align-left","12":"first","13":"instock","14":"sold-individually","15":"shipping-taxable","16":"purchasable","17":"product-type-variable"},"acf":[],"_links":{"self":[{"href":"https:\/\/famaliving.ca\/fr\/wp-json\/wp\/v2\/product\/40649","targetHints":{"allow":["GET"]}}],"collection":[{"href":"https:\/\/famaliving.ca\/fr\/wp-json\/wp\/v2\/product"}],"about":[{"href":"https:\/\/famaliving.ca\/fr\/wp-json\/wp\/v2\/types\/product"}],"version-history":[{"count":1,"href":"https:\/\/famaliving.ca\/fr\/wp-json\/wp\/v2\/product\/40649\/revisions"}],"predecessor-version":[{"id":41561,"href":"https:\/\/famaliving.ca\/fr\/wp-json\/wp\/v2\/product\/40649\/revisions\/41561"}],"wp:featuredmedia":[{"embeddable":true,"href":"https:\/\/famaliving.ca\/fr\/wp-json\/wp\/v2\/media\/35269"}],"wp:attachment":[{"href":"https:\/\/famaliving.ca\/fr\/wp-json\/wp\/v2\/media?parent=40649"}],"wp:term":[{"taxonomy":"product_brand","embeddable":true,"href":"https:\/\/famaliving.ca\/fr\/wp-json\/wp\/v2\/product_brand?post=40649"},{"taxonomy":"product_cat","embeddable":true,"href":"https:\/\/famaliving.ca\/fr\/wp-json\/wp\/v2\/product_cat?post=40649"},{"taxonomy":"product_tag","embeddable":true,"href":"https:\/\/famaliving.ca\/fr\/wp-json\/wp\/v2\/product_tag?post=40649"}],"curies":[{"name":"wp","href":"https:\/\/api.w.org\/{rel}","templated":true}]}}