{"id":40651,"date":"2025-04-29T12:03:37","date_gmt":"2025-04-29T16:03:37","guid":{"rendered":"https:\/\/famaliving.ca\/product\/fauteuil-dappoint-ariel\/"},"modified":"2025-04-29T14:19:26","modified_gmt":"2025-04-29T18:19:26","slug":"fauteuil-dappoint-ariel","status":"publish","type":"product","link":"https:\/\/famaliving.ca\/fr\/produit\/fauteuil-dappoint-ariel\/","title":{"rendered":"Fauteuil d&rsquo;appoint Ariel"},"content":{"rendered":"<p><a tabindex=\"0\">Configuration et t\u00e9l\u00e9chargements<\/a><\/p>\n<p>T\u00e9l\u00e9chargez la documentation technique\u00a0: sch\u00e9mas, mesures, d\u00e9tails techniques, brochures et manuels.<\/p>\n<ul>\n<li><a href=\"https:\/\/famaliving.ca\/wp-content\/uploads\/sites\/29\/Ariel-Sketch-famaliving-Montreal.pdf\" target=\"_blank\" rel=\"noopener noreferrer\"> Ariel \u2013 Croquis <\/a><\/li>\n<li><a href=\"https:\/\/famaliving.ca\/wp-content\/uploads\/sites\/29\/Ariel-Data-sheet-famaliving-Montreal.pdf\" target=\"_blank\" rel=\"noopener noreferrer\"> Ariel \u2013 Fiche technique <\/a><\/li>\n<\/ul>\n<p><strong>Explorez la configurabilit\u00e9 d&rsquo;Ariel avec notre <a href=\"\/fr\/3d\/\" target=\"_blank\" rel=\"noopener\">Simulation de conception 3D&gt;&gt;<\/a><\/strong><\/p>\n<p><a tabindex=\"0\">\u00c0 propos du produit<\/a><\/p>\n<p><strong>Q\u00a0: Qu&rsquo;est-ce que la chaise d&rsquo;appoint Ariel\u00a0?<\/strong><\/p>\n<p>A\u00a0: La chaise d&rsquo;appoint Ariel de Famaliving est une option de si\u00e8ge chic et contemporaine, con\u00e7ue pour ajouter une touche de sophistication et de style \u00e0 n&rsquo;importe quelle pi\u00e8ce. Avec son design moderne et sa forme polyvalente, la chaise Ariel est parfaite pour les salons, les chambres \u00e0 coucher ou comme pi\u00e8ce ma\u00eetresse dans n&rsquo;importe quel espace.<\/p>\n<p><strong>Q\u00a0:\u00a0Qu&rsquo;est-ce qui rend la chaise d&rsquo;appoint Ariel unique\u00a0?<\/strong><\/p>\n<p>A\u00a0: La chaise d&rsquo;appoint Ariel se distingue par ses lignes \u00e9pur\u00e9es et contemporaines et sa silhouette \u00e9l\u00e9gante. Sa combinaison de design moderne et de confort ergonomique en fait un ajout polyvalent et \u00e9l\u00e9gant \u00e0 n&rsquo;importe quelle maison. Qu&rsquo;il soit utilis\u00e9 comme pi\u00e8ce d&rsquo;appoint ou comme si\u00e8ge fonctionnel, Ariel apporte \u00e0 la fois confort et style \u00e0 votre d\u00e9cor.<\/p>\n<p><strong>Q\u00a0: Puis-je personnaliser la chaise d&rsquo;appoint Ariel avec des accessoires\u00a0?<\/strong><\/p>\n<p>A\u00a0: Oui, la chaise d&rsquo;appoint Ariel est hautement personnalisable. Vous pouvez choisir parmi plus de 500 options de tissus, vous permettant de personnaliser la chaise en fonction de votre d\u00e9cor. De plus, vous pouvez ajouter des coussins d\u00e9coratifs pour une touche suppl\u00e9mentaire de confort et de style.<\/p>\n<p><strong>Q\u00a0: Quelles sont les caract\u00e9ristiques d&rsquo;assise de la chaise d&rsquo;appoint Ariel\u00a0?<\/strong><\/p>\n<p>A\u00a0: La chaise Ariel offre une assise profonde et moelleuse avec un dossier de soutien. Son design ergonomique assure un confort d&rsquo;utilisation au quotidien, tandis que sa forme compacte le rend id\u00e9al aussi bien pour les petits que les grands espaces. La chaise est con\u00e7ue pour offrir \u00e0 la fois confort et attrait esth\u00e9tique.<\/p>\n<p><strong>Q\u00a0: Existe-t-il diff\u00e9rentes options de pieds pour la chaise d&rsquo;appoint Ariel\u00a0?<\/strong><\/p>\n<p>A\u00a0: Oui, la chaise Ariel est livr\u00e9e avec des options de pieds personnalisables. Les pieds par d\u00e9faut sont en m\u00e9tal \u00e9l\u00e9gant, mais vous pouvez choisir parmi une vari\u00e9t\u00e9 de finitions et de mat\u00e9riaux pour correspondre \u00e0 votre style personnel et \u00e0 votre d\u00e9coration int\u00e9rieure.<\/p>\n<p><strong>Q\u00a0: Quelles sont les dimensions de la chaise d&rsquo;appoint Ariel\u00a0?<\/strong><\/p>\n<p>A\u00a0: La hauteur du si\u00e8ge est de 44 cm (17,32 pouces), avec une profondeur totale de 80 cm (31,5 pouces) et une hauteur totale de 90 cm (35,43 pouces).<\/p>\n<p><strong>Q\u00a0: Un rev\u00eatement en cuir est-il disponible pour le fauteuil d&rsquo;appoint Ariel\u00a0?<\/strong><\/p>\n<p>A\u00a0: Oui, un rev\u00eatement en cuir est disponible pour le fauteuil d&rsquo;appoint Ariel, mais cela peut entra\u00eener un co\u00fbt suppl\u00e9mentaire. Alternativement, vous pouvez choisir parmi une large gamme d\u2019options de tissus pour cr\u00e9er un look personnalis\u00e9 qui correspond \u00e0 votre maison.<\/p>\n<p><strong>Q\u00a0: Comment puis-je personnaliser la chaise d&rsquo;appoint Ariel\u00a0?<\/strong><\/p>\n<p>A\u00a0: La chaise Ariel offre une gamme d&rsquo;options de personnalisation, notamment un rev\u00eatement en tissu ou en cuir, des finitions de pieds et des accessoires d\u00e9coratifs comme des coussins. Cela garantit que la chaise peut \u00eatre adapt\u00e9e \u00e0 votre style tout en offrant confort et fonctionnalit\u00e9 dans votre espace.<\/p>\n<p><a tabindex=\"0\">Options du produit<\/a><\/p>\n<ul>\n<li>Disponible en tissus et cuir<\/li>\n<li>Disponible en fauteuil ou en canap\u00e9 2 places.<\/li>\n<\/ul>\n<p>Compte tenu de la grande polyvalence et des nombreuses options de personnalisation disponibles pour ce meuble, nous vous conseillons de vous connecter et d&rsquo;utiliser le bouton \u00ab Ajouter au devis \u00bb.<\/p>\n","protected":false},"excerpt":{"rendered":"<p>Ariel appara\u00eet comme un nouvel ajout, avec des accoudoirs pro\u00e9minents en bois laqu\u00e9, disponibles en version fauteuil et canap\u00e9 2 places. Con\u00e7u \u00e0 l&rsquo;origine pour le secteur Contract, Ariel s&rsquo;est int\u00e9gr\u00e9 en toute transparence dans notre catalogue g\u00e9n\u00e9ral. Nous croyons fermement qu&rsquo;Ariel, semblable \u00e0 Boomerang, constitue une pi\u00e8ce d&rsquo;accent distinctive qui peut compl\u00e9ter sans effort les diff\u00e9rents programmes modulaires et canap\u00e9s pr\u00e9sent\u00e9s dans notre collection.<\/p>\n","protected":false},"featured_media":34977,"template":"","meta":{"_acf_changed":false,"site-sidebar-layout":"default","site-content-layout":"","ast-site-content-layout":"default","site-content-style":"default","site-sidebar-style":"default","ast-global-header-display":"","ast-banner-title-visibility":"","ast-main-header-display":"","ast-hfb-above-header-display":"","ast-hfb-below-header-display":"","ast-hfb-mobile-header-display":"","site-post-title":"","ast-breadcrumbs-content":"","ast-featured-img":"","footer-sml-layout":"","ast-disable-related-posts":"","theme-transparent-header-meta":"default","adv-header-id-meta":"","stick-header-meta":"default","header-above-stick-meta":"","header-main-stick-meta":"","header-below-stick-meta":"","astra-migrate-meta-layouts":"set","ast-page-background-enabled":"default","ast-page-background-meta":{"desktop":{"background-color":"var(--ast-global-color-4)","background-image":"","background-repeat":"repeat","background-position":"center center","background-size":"auto","background-attachment":"scroll","background-type":"","background-media":"","overlay-type":"","overlay-color":"","overlay-opacity":"","overlay-gradient":""},"tablet":{"background-color":"","background-image":"","background-repeat":"repeat","background-position":"center center","background-size":"auto","background-attachment":"scroll","background-type":"","background-media":"","overlay-type":"","overlay-color":"","overlay-opacity":"","overlay-gradient":""},"mobile":{"background-color":"","background-image":"","background-repeat":"repeat","background-position":"center center","background-size":"auto","background-attachment":"scroll","background-type":"","background-media":"","overlay-type":"","overlay-color":"","overlay-opacity":"","overlay-gradient":""}},"ast-content-background-meta":{"desktop":{"background-color":"var(--ast-global-color-5)","background-image":"","background-repeat":"repeat","background-position":"center center","background-size":"auto","background-attachment":"scroll","background-type":"","background-media":"","overlay-type":"","overlay-color":"","overlay-opacity":"","overlay-gradient":""},"tablet":{"background-color":"var(--ast-global-color-5)","background-image":"","background-repeat":"repeat","background-position":"center center","background-size":"auto","background-attachment":"scroll","background-type":"","background-media":"","overlay-type":"","overlay-color":"","overlay-opacity":"","overlay-gradient":""},"mobile":{"background-color":"var(--ast-global-color-5)","background-image":"","background-repeat":"repeat","background-position":"center center","background-size":"auto","background-attachment":"scroll","background-type":"","background-media":"","overlay-type":"","overlay-color":"","overlay-opacity":"","overlay-gradient":""}}},"product_brand":[],"product_cat":[72],"product_tag":[79,104],"class_list":{"0":"post-40651","1":"product","2":"type-product","3":"status-publish","4":"has-post-thumbnail","6":"product_cat-fauteuils-et-inclinaisons","7":"product_tag-a-partir-de","8":"product_tag-fauteuils-et-fauteuils-inclinables","9":"desktop-align-center","10":"tablet-align-left","11":"mobile-align-left","13":"first","14":"instock","15":"sold-individually","16":"shipping-taxable","17":"purchasable","18":"product-type-variable"},"acf":[],"_links":{"self":[{"href":"https:\/\/famaliving.ca\/fr\/wp-json\/wp\/v2\/product\/40651","targetHints":{"allow":["GET"]}}],"collection":[{"href":"https:\/\/famaliving.ca\/fr\/wp-json\/wp\/v2\/product"}],"about":[{"href":"https:\/\/famaliving.ca\/fr\/wp-json\/wp\/v2\/types\/product"}],"version-history":[{"count":1,"href":"https:\/\/famaliving.ca\/fr\/wp-json\/wp\/v2\/product\/40651\/revisions"}],"predecessor-version":[{"id":41559,"href":"https:\/\/famaliving.ca\/fr\/wp-json\/wp\/v2\/product\/40651\/revisions\/41559"}],"wp:featuredmedia":[{"embeddable":true,"href":"https:\/\/famaliving.ca\/fr\/wp-json\/wp\/v2\/media\/34977"}],"wp:attachment":[{"href":"https:\/\/famaliving.ca\/fr\/wp-json\/wp\/v2\/media?parent=40651"}],"wp:term":[{"taxonomy":"product_brand","embeddable":true,"href":"https:\/\/famaliving.ca\/fr\/wp-json\/wp\/v2\/product_brand?post=40651"},{"taxonomy":"product_cat","embeddable":true,"href":"https:\/\/famaliving.ca\/fr\/wp-json\/wp\/v2\/product_cat?post=40651"},{"taxonomy":"product_tag","embeddable":true,"href":"https:\/\/famaliving.ca\/fr\/wp-json\/wp\/v2\/product_tag?post=40651"}],"curies":[{"name":"wp","href":"https:\/\/api.w.org\/{rel}","templated":true}]}}