{"id":40652,"date":"2025-04-29T12:03:38","date_gmt":"2025-04-29T16:03:38","guid":{"rendered":"https:\/\/famaliving.ca\/product\/canape-modulaire-inclinable-axel\/"},"modified":"2025-04-29T15:05:37","modified_gmt":"2025-04-29T19:05:37","slug":"canape-modulaire-inclinable-axel","status":"publish","type":"product","link":"https:\/\/famaliving.ca\/fr\/produit\/canape-modulaire-inclinable-axel\/","title":{"rendered":"Canap\u00e9 modulaire inclinable Axel"},"content":{"rendered":"<p><a tabindex=\"0\">Configuration et t\u00e9l\u00e9chargements<\/a><\/p>\n<p>T\u00e9l\u00e9chargez la documentation technique\u00a0: sch\u00e9mas, mesures, d\u00e9tails techniques, brochures et manuels.<\/p>\n<ul>\n<li><a href=\"https:\/\/famaliving.ca\/wp-content\/uploads\/sites\/29\/Axel-Data-sheet-famaliving-Montreal.pdf\" target=\"_blank\" rel=\"noopener noreferrer\"> Axel \u2013 Fiche technique <\/a><\/li>\n<li><a href=\"https:\/\/famaliving.ca\/wp-content\/uploads\/sites\/29\/Axel-Sketch-famaliving-Montreal.pdf\" target=\"_blank\" rel=\"noopener noreferrer\"> Axel \u2013 Croquis <\/a><\/li>\n<li><a href=\"https:\/\/famaliving.ca\/wp-content\/uploads\/sites\/29\/Click-join-Instructions-famaliving-Montreal.pdf\" target=\"_blank\" rel=\"noopener noreferrer\"> Cliquez-rejoindre \u2013 Instructions <\/a><\/li>\n<li><a href=\"https:\/\/famaliving.ca\/wp-content\/uploads\/sites\/29\/TrainingBook-HomeCollection2021-Axel-famaliving-Montreal.pdf\" target=\"_blank\" rel=\"noopener noreferrer\"> TrainingBook-HomeCollection2021-Axel <\/a><\/li>\n<li><a href=\"https:\/\/famaliving.ca\/wp-content\/uploads\/sites\/29\/Catalogue-Home-Collection-2021-Axel-famaliving-Montreal.pdf\" target=\"_blank\" rel=\"noopener noreferrer\"> Catalogue-Accueil-Collection-2021-Axel <\/a><\/li>\n<li><a href=\"https:\/\/famaliving.ca\/wp-content\/uploads\/sites\/29\/Avalon-Atlanta-Baltia-Assembly-instructions-famaliving-Montreal.pdf\" target=\"_blank\" rel=\"noopener noreferrer\"> Avalon \/ Atlanta \/ Baltia \u2013 Instructions d&rsquo;assemblage <\/a><\/li>\n<\/ul>\n<p><strong>Explorez la configurabilit\u00e9 d&rsquo;Axel avec notre <a href=\"\/fr\/3d\/\" target=\"_blank\" rel=\"noopener\">Simulation de conception 3D&gt;&gt;<\/a><\/strong><\/p>\n<p><a tabindex=\"0\">\u00c0 propos du produit<\/a><\/p>\n<p><strong>Canap\u00e9 modulaire inclinable Axel<\/strong><\/p>\n<p><strong>Q\u00a0:\u00a0Qu&rsquo;est-ce que le canap\u00e9 modulaire inclinable Axel\u00a0?<\/strong><\/p>\n<p>A\u00a0: Le syst\u00e8me d&rsquo;inclinaison Axel offre une approche moderne de la relaxation, avec des arrangements flexibles pour les modules de m\u00e9ridiennes standard, d&rsquo;angle et allong\u00e9s. La fonction d&rsquo;inclinaison s&rsquo;ajuste en douceur sur simple pression d&rsquo;un bouton, offrant un confort in\u00e9gal\u00e9.<\/p>\n<p><strong>Q\u00a0: Quelles configurations sont disponibles pour le canap\u00e9 modulaire inclinable Axel\u00a0?<\/strong><\/p>\n<p>A : Le canap\u00e9 est disponible en modules rectangulaires, qui peuvent \u00eatre fixes ou inclinables.<\/p>\n<p><strong>Q\u00a0: Le canap\u00e9 modulaire inclinable Axel est-il disponible en fauteuil\u00a0?<\/strong><\/p>\n<p>A\u00a0: Oui, ce canap\u00e9 est disponible en fauteuil.<\/p>\n<p><strong>Q\u00a0: Puis-je personnaliser le canap\u00e9 modulaire inclinable Axel avec des fonctionnalit\u00e9s suppl\u00e9mentaires\u00a0?<\/strong><\/p>\n<p>A\u00a0: Oui, vous pouvez inclure des coussins de dossier et des coussins lombaires. Des piles sont \u00e9galement disponibles pour les fonctions d&rsquo;inclinaison \u00e9lectrique.<\/p>\n<p><strong>Q\u00a0: Quelles sont les dimensions du canap\u00e9 modulaire inclinable Axel\u00a0?<\/strong><\/p>\n<p>A : La hauteur d&rsquo;assise est de 48 cm, pour une profondeur totale de 95 cm et une hauteur totale de 98 cm.<\/p>\n<p><strong>Q\u00a0: Quelles sont les options de pieds et d&rsquo;accoudoirs pour le canap\u00e9 modulaire inclinable Axel\u00a0?<\/strong><\/p>\n<p>A\u00a0: Il propose six styles de jambes\u00a0: Wave, Dune, Jazz, Sunset, Babylon et Cali. Le pied par d\u00e9faut est gris anthracite, avec d&rsquo;autres options, notamment le pied en m\u00e9tal \u00ab Z \u00bb en anthracite, le pied en bois \u00ab Y \u00bb en naturel, noyer ou weng\u00e9 et le pied en m\u00e9tal \u00ab O \u00bb en chrome ou anthracite.<\/p>\n<p><strong>Q\u00a0: Y a-t-il des augmentations de prix pour la personnalisation\u00a0?<\/strong><\/p>\n<p>A\u00a0: Oui, des augmentations de prix s&rsquo;appliquent pour les options aliment\u00e9es par batterie.<\/p>\n<p><strong>Q\u00a0: Y a-t-il des d\u00e9tails uniques sur le canap\u00e9 modulaire inclinable Axel\u00a0?<\/strong><\/p>\n<p>A\u00a0: Le type de jambes disponibles change en fonction du bras choisi.<\/p>\n<p><a tabindex=\"0\">Options du produit<\/a><\/p>\n<p><strong>Compte tenu de la grande polyvalence et des nombreuses options de personnalisation disponibles pour ce meuble, nous vous conseillons fortement de vous connecter et d&rsquo;utiliser le bouton \u00ab\u00a0Ajouter au devis\u00a0\u00bb.<\/strong><\/p>\n","protected":false},"excerpt":{"rendered":"<p>Le syst\u00e8me d&rsquo;inclinaison Axel transforme l&rsquo;exp\u00e9rience d&rsquo;inclinaison conventionnelle, s&rsquo;ajustant sans effort \u00e0 votre go\u00fbt sur simple pression d&rsquo;un bouton.<\/p>\n","protected":false},"featured_media":36887,"template":"","meta":{"_acf_changed":false,"site-sidebar-layout":"default","site-content-layout":"","ast-site-content-layout":"default","site-content-style":"default","site-sidebar-style":"default","ast-global-header-display":"","ast-banner-title-visibility":"","ast-main-header-display":"","ast-hfb-above-header-display":"","ast-hfb-below-header-display":"","ast-hfb-mobile-header-display":"","site-post-title":"","ast-breadcrumbs-content":"","ast-featured-img":"","footer-sml-layout":"","ast-disable-related-posts":"","theme-transparent-header-meta":"default","adv-header-id-meta":"","stick-header-meta":"default","header-above-stick-meta":"","header-main-stick-meta":"","header-below-stick-meta":"","astra-migrate-meta-layouts":"set","ast-page-background-enabled":"default","ast-page-background-meta":{"desktop":{"background-color":"var(--ast-global-color-4)","background-image":"","background-repeat":"repeat","background-position":"center center","background-size":"auto","background-attachment":"scroll","background-type":"","background-media":"","overlay-type":"","overlay-color":"","overlay-opacity":"","overlay-gradient":""},"tablet":{"background-color":"","background-image":"","background-repeat":"repeat","background-position":"center center","background-size":"auto","background-attachment":"scroll","background-type":"","background-media":"","overlay-type":"","overlay-color":"","overlay-opacity":"","overlay-gradient":""},"mobile":{"background-color":"","background-image":"","background-repeat":"repeat","background-position":"center center","background-size":"auto","background-attachment":"scroll","background-type":"","background-media":"","overlay-type":"","overlay-color":"","overlay-opacity":"","overlay-gradient":""}},"ast-content-background-meta":{"desktop":{"background-color":"var(--ast-global-color-5)","background-image":"","background-repeat":"repeat","background-position":"center center","background-size":"auto","background-attachment":"scroll","background-type":"","background-media":"","overlay-type":"","overlay-color":"","overlay-opacity":"","overlay-gradient":""},"tablet":{"background-color":"var(--ast-global-color-5)","background-image":"","background-repeat":"repeat","background-position":"center center","background-size":"auto","background-attachment":"scroll","background-type":"","background-media":"","overlay-type":"","overlay-color":"","overlay-opacity":"","overlay-gradient":""},"mobile":{"background-color":"var(--ast-global-color-5)","background-image":"","background-repeat":"repeat","background-position":"center center","background-size":"auto","background-attachment":"scroll","background-type":"","background-media":"","overlay-type":"","overlay-color":"","overlay-opacity":"","overlay-gradient":""}}},"product_brand":[],"product_cat":[77],"product_tag":[79,81],"class_list":{"0":"post-40652","1":"product","2":"type-product","3":"status-publish","4":"has-post-thumbnail","6":"product_cat-canape","7":"product_tag-a-partir-de","8":"product_tag-moderne","9":"desktop-align-center","10":"tablet-align-left","11":"mobile-align-left","13":"first","14":"instock","15":"sold-individually","16":"shipping-taxable","17":"purchasable","18":"product-type-variable"},"acf":[],"_links":{"self":[{"href":"https:\/\/famaliving.ca\/fr\/wp-json\/wp\/v2\/product\/40652","targetHints":{"allow":["GET"]}}],"collection":[{"href":"https:\/\/famaliving.ca\/fr\/wp-json\/wp\/v2\/product"}],"about":[{"href":"https:\/\/famaliving.ca\/fr\/wp-json\/wp\/v2\/types\/product"}],"version-history":[{"count":1,"href":"https:\/\/famaliving.ca\/fr\/wp-json\/wp\/v2\/product\/40652\/revisions"}],"predecessor-version":[{"id":41600,"href":"https:\/\/famaliving.ca\/fr\/wp-json\/wp\/v2\/product\/40652\/revisions\/41600"}],"wp:featuredmedia":[{"embeddable":true,"href":"https:\/\/famaliving.ca\/fr\/wp-json\/wp\/v2\/media\/36887"}],"wp:attachment":[{"href":"https:\/\/famaliving.ca\/fr\/wp-json\/wp\/v2\/media?parent=40652"}],"wp:term":[{"taxonomy":"product_brand","embeddable":true,"href":"https:\/\/famaliving.ca\/fr\/wp-json\/wp\/v2\/product_brand?post=40652"},{"taxonomy":"product_cat","embeddable":true,"href":"https:\/\/famaliving.ca\/fr\/wp-json\/wp\/v2\/product_cat?post=40652"},{"taxonomy":"product_tag","embeddable":true,"href":"https:\/\/famaliving.ca\/fr\/wp-json\/wp\/v2\/product_tag?post=40652"}],"curies":[{"name":"wp","href":"https:\/\/api.w.org\/{rel}","templated":true}]}}