{"id":40656,"date":"2024-01-31T12:35:37","date_gmt":"2024-01-31T17:35:37","guid":{"rendered":"https:\/\/famaliving.ca\/product\/canape-modulable-korinto-luxor\/"},"modified":"2025-04-29T15:16:50","modified_gmt":"2025-04-29T19:16:50","slug":"canape-modulable-korinto-luxor","status":"publish","type":"product","link":"https:\/\/famaliving.ca\/fr\/produit\/canape-modulable-korinto-luxor\/","title":{"rendered":"Canap\u00e9 Modulable Korinto &#038; Luxor"},"content":{"rendered":"<p><a tabindex=\"0\">Configuration et t\u00e9l\u00e9chargements<\/a><\/p>\n<p>T\u00e9l\u00e9chargez la documentation technique\u00a0: sch\u00e9mas, mesures, d\u00e9tails techniques, brochures et manuels.<\/p>\n<ul>\n<li><a href=\"https:\/\/famaliving.ca\/wp-content\/uploads\/sites\/29\/Korinto-Sketch-famaliving-Montreal.pdf\" target=\"_blank\" rel=\"noopener noreferrer\">Korinto \u2013 Croquis<\/a><\/li>\n<li><a href=\"https:\/\/famaliving.ca\/wp-content\/uploads\/sites\/29\/Luxor-Sketch-famaliving-Montreal.pdf\" target=\"_blank\" rel=\"noopener noreferrer\">Louxor \u2013 Croquis<\/a><\/li>\n<li><a href=\"https:\/\/famaliving.ca\/wp-content\/uploads\/sites\/29\/TrainingBook-MuseumCollection2022-KorintoLuxor-famaliving-Montreal.pdf\" target=\"_blank\" rel=\"noopener noreferrer\">TrainingBook-MuseumCollection2022-Korinto&amp;Luxor<\/a><\/li>\n<li><a href=\"https:\/\/famaliving.ca\/wp-content\/uploads\/sites\/29\/MuseumCollection2022-Catalogue-KorintoLuxor-famaliving-Montreal.pdf\" target=\"_blank\" rel=\"noopener noreferrer\">MuseumCollection2022-Catalogue-Korinto&amp;Luxor<\/a><\/li>\n<li><a href=\"https:\/\/famaliving.ca\/wp-content\/uploads\/sites\/29\/KorintoLuxor-Datasheet-famaliving-Montreal.pdf\" target=\"_blank\" rel=\"noopener noreferrer\">Korinto&amp;Luxor \u2013 Fiche technique<\/a><\/li>\n<li><a href=\"https:\/\/famaliving.ca\/wp-content\/uploads\/sites\/29\/KorintoLuxor-Instructions-famaliving-Montreal.pdf\" target=\"_blank\" rel=\"noopener noreferrer\">Korinto &amp; Louxor \u2013 Instructions<\/a><\/li>\n<\/ul>\n<p><strong>Explorez la configurabilit\u00e9 de Korinto et Louxor avec notre <a href=\"\/fr\/3d\/\" target=\"_blank\" rel=\"noopener\">Simulation de conception 3D&gt;&gt;<\/a><\/strong><\/p>\n<p><a tabindex=\"0\">\u00c0 propos du produit<\/a><\/p>\n<p><strong>Q\u00a0:\u00a0Qu&rsquo;est-ce que le canap\u00e9 modulaire Korinto &amp; Louxor ?<\/strong><\/p>\n<p>A\u00a0: Le Korinto &amp; La collection de canap\u00e9s modulaires Luxor est con\u00e7ue avec des lignes droites \u00e9l\u00e9gantes et un look sophistiqu\u00e9 et contemporain. Fabriqu\u00e9 par Famaliving en Espagne, il offre \u00e0 la fois une flexibilit\u00e9 modulaire et un confort luxueux, ce qui le rend id\u00e9al pour les espaces de vie modernes.<\/p>\n<p><strong>Q\u00a0: Qu&rsquo;est-ce qui rend le Korinto &amp; Canap\u00e9 Luxor unique ?<\/strong><\/p>\n<p>A\u00a0: Ce canap\u00e9 allie un design moderne \u00e0 un confort exceptionnel. Il comporte des modules droits qui peuvent \u00eatre configur\u00e9s de diff\u00e9rentes mani\u00e8res, permettant une personnalisation compl\u00e8te pour s&rsquo;adapter \u00e0 votre espace de vie. Ses lignes \u00e9pur\u00e9es et son style \u00e9l\u00e9gant lui permettent de se d\u00e9marquer dans n&rsquo;importe quel d\u00e9cor.<\/p>\n<p><strong>Q\u00a0: Puis-je personnaliser le Korinto &amp; Louxor avec des accessoires ?<\/strong><\/p>\n<p>A\u00a0: Oui, cette collection offre de nombreuses options de personnalisation. Vous pouvez inclure des coussins de dossier, des coussins lombaires et des coussins carr\u00e9s pour correspondre \u00e0 votre style pr\u00e9f\u00e9r\u00e9. De plus, diff\u00e9rentes tailles et configurations de modules vous permettent d&rsquo;adapter le canap\u00e9 \u00e0 vos besoins sp\u00e9cifiques.<\/p>\n<p><strong>Q\u00a0:\u00a0Quelles sont les caract\u00e9ristiques des si\u00e8ges du Korinto &#038;amp\u00a0; Louxor ?<\/strong><\/p>\n<p>A\u00a0: Le canap\u00e9 offre une assise profonde, assurant une exp\u00e9rience confortable et relaxante. Les coussins moelleux offrent une sensation de confort, ce qui les rend parfaits pour se pr\u00e9lasser, recevoir des invit\u00e9s ou profiter d&rsquo;une soir\u00e9e tranquille \u00e0 la maison.<\/p>\n<p><strong>Q\u00a0: Existe-t-il diff\u00e9rentes options de pieds pour le Korinto &amp; Louxor ?<\/strong><\/p>\n<p>A\u00a0: L&rsquo;option de pied par d\u00e9faut est le bois de couleur weng\u00e9. Cependant, vous pouvez choisir parmi plusieurs autres styles de pieds, notamment en bois plat dans des finitions naturelles ou noyer, pour compl\u00e9ter votre d\u00e9coration int\u00e9rieure.<\/p>\n<p><strong>Q\u00a0: Quelles sont les dimensions du Korinto &amp; Canap\u00e9 Louxor ?<\/strong><\/p>\n<p>A\u00a0: La hauteur du si\u00e8ge est de 44 cm (17,32 pouces), avec une profondeur totale de 100 cm (39,37 pouces) et une hauteur totale de 86 cm (33,86 pouces).<\/p>\n<p><strong>Q\u00a0: Un rev\u00eatement en cuir est-il disponible pour les mod\u00e8les Korinto &amp; Louxor ?<\/strong><\/p>\n<p>A\u00a0: Oui, un rev\u00eatement en cuir est disponible, mais son prix entra\u00eene une augmentation. Les options de jambe personnalis\u00e9es peuvent \u00e9galement affecter le prix global.<\/p>\n<p><strong>Q\u00a0: Comment puis-je personnaliser la configuration modulaire du Korinto &amp; Louxor ?<\/strong><\/p>\n<p>A\u00a0: Le Korinto &amp; La collection Luxor est tr\u00e8s polyvalente, vous permettant de choisir parmi diff\u00e9rents modules pour cr\u00e9er la configuration parfaite pour votre salon. Que vous souhaitiez un petit canap\u00e9 confortable ou un grand canap\u00e9 sectionnel spacieux, les possibilit\u00e9s sont infinies.<\/p>\n<p><a tabindex=\"0\">Options du produit<\/a><\/p>\n<p><strong>Compte tenu de la grande polyvalence et des nombreuses options de personnalisation disponibles pour ce meuble, nous vous conseillons fortement de vous connecter et d&rsquo;utiliser le bouton \u00ab\u00a0Ajouter au devis\u00a0\u00bb.<\/strong><\/p>\n","protected":false},"excerpt":{"rendered":"<p>D\u00e9couvrez Korinto&amp;Luxor, notre derni\u00e8re s\u00e9rie de canap\u00e9s modulaires con\u00e7ue pour r\u00e9pondre au d\u00e9sir contemporain de canap\u00e9s aux si\u00e8ges luxueusement moelleux. Avec deux profondeurs de module, ils s&rsquo;adaptent \u00e0 diverses pr\u00e9f\u00e9rences, avec des pieds sur\u00e9lev\u00e9s et des bases ultra-minces pour une esth\u00e9tique moderne. Les coussins de dossier, d\u00e9sormais plus \u00e9pais, et les int\u00e9rieurs en fibres de haute qualit\u00e9 red\u00e9finissent le confort. Korinto&amp;Luxor vous invitent \u00e0 d\u00e9couvrir une fusion parfaite d&rsquo;\u00e9l\u00e9gance moderne et de si\u00e8ges irr\u00e9sistiblement moelleux.<\/p>\n<p><strong>Ce mod\u00e8le de canap\u00e9 permet une personnalisation pratiquement illimit\u00e9e. Pour de meilleurs r\u00e9sultats, notre repr\u00e9sentant en conception vous contactera une fois que vous aurez soumis une demande de devis.<\/strong><\/p>\n","protected":false},"featured_media":37444,"template":"","meta":{"_acf_changed":false,"site-sidebar-layout":"no-sidebar","site-content-layout":"plain-container","ast-site-content-layout":"normal-width-container","site-content-style":"unboxed","site-sidebar-style":"unboxed","ast-global-header-display":"","ast-banner-title-visibility":"","ast-main-header-display":"","ast-hfb-above-header-display":"","ast-hfb-below-header-display":"","ast-hfb-mobile-header-display":"","site-post-title":"disabled","ast-breadcrumbs-content":"","ast-featured-img":"disabled","footer-sml-layout":"","ast-disable-related-posts":"","theme-transparent-header-meta":"default","adv-header-id-meta":"","stick-header-meta":"default","header-above-stick-meta":"","header-main-stick-meta":"","header-below-stick-meta":"","astra-migrate-meta-layouts":"set","ast-page-background-enabled":"default","ast-page-background-meta":{"desktop":{"background-color":"var(--ast-global-color-4)","background-image":"","background-repeat":"repeat","background-position":"center center","background-size":"auto","background-attachment":"scroll","background-type":"","background-media":"","overlay-type":"","overlay-color":"","overlay-opacity":"","overlay-gradient":""},"tablet":{"background-color":"","background-image":"","background-repeat":"repeat","background-position":"center center","background-size":"auto","background-attachment":"scroll","background-type":"","background-media":"","overlay-type":"","overlay-color":"","overlay-opacity":"","overlay-gradient":""},"mobile":{"background-color":"","background-image":"","background-repeat":"repeat","background-position":"center center","background-size":"auto","background-attachment":"scroll","background-type":"","background-media":"","overlay-type":"","overlay-color":"","overlay-opacity":"","overlay-gradient":""}},"ast-content-background-meta":{"desktop":{"background-color":"var(--ast-global-color-5)","background-image":"","background-repeat":"repeat","background-position":"center center","background-size":"auto","background-attachment":"scroll","background-type":"","background-media":"","overlay-type":"","overlay-color":"","overlay-opacity":"","overlay-gradient":""},"tablet":{"background-color":"var(--ast-global-color-5)","background-image":"","background-repeat":"repeat","background-position":"center center","background-size":"auto","background-attachment":"scroll","background-type":"","background-media":"","overlay-type":"","overlay-color":"","overlay-opacity":"","overlay-gradient":""},"mobile":{"background-color":"var(--ast-global-color-5)","background-image":"","background-repeat":"repeat","background-position":"center center","background-size":"auto","background-attachment":"scroll","background-type":"","background-media":"","overlay-type":"","overlay-color":"","overlay-opacity":"","overlay-gradient":""}}},"product_brand":[],"product_cat":[77],"product_tag":[79,81],"class_list":{"0":"post-40656","1":"product","2":"type-product","3":"status-publish","4":"has-post-thumbnail","6":"product_cat-canape","7":"product_tag-a-partir-de","8":"product_tag-moderne","9":"desktop-align-center","10":"tablet-align-left","11":"mobile-align-left","13":"first","14":"instock","15":"sold-individually","16":"shipping-taxable","17":"purchasable","18":"product-type-variable"},"acf":[],"_links":{"self":[{"href":"https:\/\/famaliving.ca\/fr\/wp-json\/wp\/v2\/product\/40656","targetHints":{"allow":["GET"]}}],"collection":[{"href":"https:\/\/famaliving.ca\/fr\/wp-json\/wp\/v2\/product"}],"about":[{"href":"https:\/\/famaliving.ca\/fr\/wp-json\/wp\/v2\/types\/product"}],"version-history":[{"count":1,"href":"https:\/\/famaliving.ca\/fr\/wp-json\/wp\/v2\/product\/40656\/revisions"}],"predecessor-version":[{"id":41599,"href":"https:\/\/famaliving.ca\/fr\/wp-json\/wp\/v2\/product\/40656\/revisions\/41599"}],"wp:featuredmedia":[{"embeddable":true,"href":"https:\/\/famaliving.ca\/fr\/wp-json\/wp\/v2\/media\/37444"}],"wp:attachment":[{"href":"https:\/\/famaliving.ca\/fr\/wp-json\/wp\/v2\/media?parent=40656"}],"wp:term":[{"taxonomy":"product_brand","embeddable":true,"href":"https:\/\/famaliving.ca\/fr\/wp-json\/wp\/v2\/product_brand?post=40656"},{"taxonomy":"product_cat","embeddable":true,"href":"https:\/\/famaliving.ca\/fr\/wp-json\/wp\/v2\/product_cat?post=40656"},{"taxonomy":"product_tag","embeddable":true,"href":"https:\/\/famaliving.ca\/fr\/wp-json\/wp\/v2\/product_tag?post=40656"}],"curies":[{"name":"wp","href":"https:\/\/api.w.org\/{rel}","templated":true}]}}