{"id":40657,"date":"2025-04-29T12:03:54","date_gmt":"2025-04-29T16:03:54","guid":{"rendered":"https:\/\/famaliving.ca\/product\/fauteuil-inclinable-moderne-en-velours-nadia\/"},"modified":"2025-04-29T13:28:55","modified_gmt":"2025-04-29T17:28:55","slug":"fauteuil-inclinable-moderne-en-velours-nadia","status":"publish","type":"product","link":"https:\/\/famaliving.ca\/fr\/produit\/fauteuil-inclinable-moderne-en-velours-nadia\/","title":{"rendered":"Fauteuil inclinable moderne en velours Nadia"},"content":{"rendered":"<p><a tabindex=\"0\">Configuration et t\u00e9l\u00e9chargements<\/a><\/p>\n<p>T\u00e9l\u00e9chargez la documentation technique\u00a0: sch\u00e9mas, mesures, d\u00e9tails techniques, brochures et manuels.<\/p>\n<ul>\n<li><a href=\"https:\/\/famaliving.ca\/wp-content\/uploads\/sites\/29\/Nadia-schematics-Famaliving-Montreal.pdf\" target=\"_blank\" rel=\"noopener noreferrer\">Nadia \u2013 Sch\u00e9mas<\/a><\/li>\n<li><a href=\"https:\/\/famaliving.ca\/wp-content\/uploads\/sites\/29\/Nadia-Technical-Details-Famaliving-Montreal.pdf\" target=\"_blank\" rel=\"noopener noreferrer\">Nadia \u2013 D\u00e9tails techniques<\/a><\/li>\n<li><a href=\"https:\/\/famaliving.ca\/wp-content\/uploads\/sites\/29\/Nadia-Instructions-Famaliving-Montreal.pdf\" target=\"_blank\" rel=\"noopener noreferrer\">Nadia \u2013 Instructions<\/a><\/li>\n<li><a href=\"https:\/\/famaliving.ca\/wp-content\/uploads\/sites\/29\/Nadia-Folleto-Famaliving-Montreal.pdf\" target=\"_blank\" rel=\"noopener noreferrer\">Nadia \u2013 Brochure<\/a><\/li>\n<li><a href=\"https:\/\/famaliving.ca\/wp-content\/uploads\/sites\/29\/Nadia-TrainingBook-HomeCollection2021-Programa-Relax-Total-Famaliving-Montreal.pdf\" target=\"_blank\" rel=\"noopener noreferrer\">TrainingBook-HomeCollection2021-Programa-Relax-Total<\/a><\/li>\n<li><a href=\"https:\/\/famaliving.ca\/wp-content\/uploads\/sites\/29\/Nadia-TrainingBook-HomeCollection2021-Open-Smart-system-Famaliving-Montreal.pdf\" target=\"_blank\" rel=\"noopener noreferrer\">TrainingBook-HomeCollection2021-Open-Smart-system<\/a><\/li>\n<\/ul>\n<p><strong>Explorez la configurabilit\u00e9 de Nadia avec notre <a href=\"\/fr\/3d\/\" target=\"_blank\" rel=\"noopener\">Simulation de conception 3D&gt;&gt;<\/a><\/strong><\/p>\n<p><a tabindex=\"0\">\u00c0 propos du produit<\/a><\/p>\n<p><strong>Q\u00a0: Qu&rsquo;est-ce que le fauteuil inclinable moderne Nadia\u00a0?<\/strong><\/p>\n<p>A\u00a0: Le fauteuil inclinable Nadia de Famaliving est une solution d&rsquo;assise moderne et polyvalente con\u00e7ue pour ceux qui privil\u00e9gient \u00e0 la fois le style et le confort. Son design \u00e9l\u00e9gant et sa fonction d&rsquo;inclinaison int\u00e9gr\u00e9e en font un choix parfait pour les espaces de vie contemporains, offrant \u00e0 la fois d\u00e9tente et \u00e9l\u00e9gance.<\/p>\n<p><strong>Q\u00a0: Qu&rsquo;est-ce qui rend le fauteuil inclinable Nadia unique\u00a0?<\/strong><\/p>\n<p>A : Le fauteuil Nadia se d\u00e9marque par son m\u00e9lange d&rsquo;esth\u00e9tique minimaliste et de confort sup\u00e9rieur. Sa fonction inclinable vous permet de vous d\u00e9tendre pleinement, tandis que son design compact s&rsquo;int\u00e8gre parfaitement aux int\u00e9rieurs modernes. Les lignes \u00e9pur\u00e9es du fauteuil et sa personnalisation optionnelle en font un meuble \u00e0 la fois fonctionnel et \u00e9l\u00e9gant.<\/p>\n<p><strong>Q\u00a0: Puis-je personnaliser le fauteuil Nadia avec des accessoires\u00a0?<\/strong><\/p>\n<p>A\u00a0: Oui, le fauteuil inclinable Nadia est hautement personnalisable. Vous pouvez choisir parmi plus de 500 options de tissus et ajouter des coussins assortis pour plus de confort et de style. De plus, vous pouvez choisir parmi des m\u00e9canismes d\u2019inclinaison manuels ou \u00e9lectriques en fonction de vos pr\u00e9f\u00e9rences.<\/p>\n<p><strong>Q\u00a0: Quelles sont les caract\u00e9ristiques d&rsquo;assise du fauteuil inclinable Nadia\u00a0?<\/strong><\/p>\n<p>A\u00a0: Le fauteuil Nadia offre une assise profonde et de soutien avec des coussins moelleux qui offrent un confort maximal. Son m\u00e9canisme d&rsquo;inclinaison vous permet d&rsquo;ajuster la chaise \u00e0 votre position pr\u00e9f\u00e9r\u00e9e, que vous soyez assis droit ou allong\u00e9 pour une posture plus d\u00e9tendue.<\/p>\n<p><strong>Q\u00a0: Existe-t-il diff\u00e9rentes options de pieds pour le fauteuil Nadia\u00a0?<\/strong><\/p>\n<p>A\u00a0: Les pieds par d\u00e9faut du fauteuil Nadia sont en m\u00e9tal, compl\u00e9tant ainsi son design moderne. Vous pouvez \u00e9galement personnaliser les pieds avec diff\u00e9rentes finitions et mat\u00e9riaux pour les adapter \u00e0 votre style personnel et \u00e0 votre d\u00e9coration int\u00e9rieure.<\/p>\n<p><strong>Q\u00a0: Quelles sont les dimensions du fauteuil inclinable Nadia\u00a0?<\/strong><\/p>\n<p>A\u00a0: La hauteur du si\u00e8ge est de 44 cm (17,32 pouces), avec une profondeur totale de 100 cm (39,37 pouces) et une hauteur totale de 86 cm (33,86 pouces).<\/p>\n<p><strong>Q\u00a0: Un rev\u00eatement en cuir est-il disponible pour le fauteuil Nadia\u00a0?<\/strong><\/p>\n<p>A\u00a0: Oui, un rev\u00eatement en cuir est disponible pour le fauteuil inclinable Nadia, mais cela entra\u00eene un co\u00fbt suppl\u00e9mentaire. Vous pouvez \u00e9galement choisir parmi une large gamme d\u2019options de tissus pour cr\u00e9er un look qui correspond \u00e0 votre d\u00e9cor.<\/p>\n<p><strong>Q\u00a0: Comment personnaliser le fauteuil Nadia\u00a0?<\/strong><\/p>\n<p>A : Le fauteuil inclinable Nadia offre de nombreuses options de personnalisation, notamment un rev\u00eatement en tissu ou en cuir, des finitions de pieds et des m\u00e9canismes d&rsquo;inclinaison manuels ou \u00e9lectriques. Vous pouvez personnaliser le fauteuil en fonction de votre style de vie et de vos pr\u00e9f\u00e9rences en mati\u00e8re de design, assurant ainsi un ajout confortable et \u00e9l\u00e9gant \u00e0 votre maison.<\/p>\n<p><a tabindex=\"0\">Options du produit<\/a><\/p>\n","protected":false},"excerpt":{"rendered":"<p>Le fauteuil inclinable en velours Nadia est un nouveau fauteuil inclinable pivotant, ber\u00e7ant et \u00e9lectrique au design unique qui compl\u00e8te d&rsquo;autres mod\u00e8les, notamment Nadine. Il dispose d&rsquo;un appui-t\u00eate r\u00e9glable pour un confort personnalis\u00e9. Semblable au Moonrise, il dispose d&rsquo;un m\u00e9canisme d&rsquo;inclinaison, mais il est 15 centim\u00e8tres plus \u00e9troit, ce qui le rend plus polyvalent sans sacrifier la fonctionnalit\u00e9 ou le confort.<\/p>\n","protected":false},"featured_media":35607,"template":"","meta":{"_acf_changed":false,"site-sidebar-layout":"default","site-content-layout":"","ast-site-content-layout":"default","site-content-style":"default","site-sidebar-style":"default","ast-global-header-display":"","ast-banner-title-visibility":"","ast-main-header-display":"","ast-hfb-above-header-display":"","ast-hfb-below-header-display":"","ast-hfb-mobile-header-display":"","site-post-title":"","ast-breadcrumbs-content":"","ast-featured-img":"","footer-sml-layout":"","ast-disable-related-posts":"","theme-transparent-header-meta":"default","adv-header-id-meta":"","stick-header-meta":"default","header-above-stick-meta":"","header-main-stick-meta":"","header-below-stick-meta":"","astra-migrate-meta-layouts":"set","ast-page-background-enabled":"default","ast-page-background-meta":{"desktop":{"background-color":"var(--ast-global-color-4)","background-image":"","background-repeat":"repeat","background-position":"center center","background-size":"auto","background-attachment":"scroll","background-type":"","background-media":"","overlay-type":"","overlay-color":"","overlay-opacity":"","overlay-gradient":""},"tablet":{"background-color":"","background-image":"","background-repeat":"repeat","background-position":"center center","background-size":"auto","background-attachment":"scroll","background-type":"","background-media":"","overlay-type":"","overlay-color":"","overlay-opacity":"","overlay-gradient":""},"mobile":{"background-color":"","background-image":"","background-repeat":"repeat","background-position":"center center","background-size":"auto","background-attachment":"scroll","background-type":"","background-media":"","overlay-type":"","overlay-color":"","overlay-opacity":"","overlay-gradient":""}},"ast-content-background-meta":{"desktop":{"background-color":"var(--ast-global-color-5)","background-image":"","background-repeat":"repeat","background-position":"center center","background-size":"auto","background-attachment":"scroll","background-type":"","background-media":"","overlay-type":"","overlay-color":"","overlay-opacity":"","overlay-gradient":""},"tablet":{"background-color":"var(--ast-global-color-5)","background-image":"","background-repeat":"repeat","background-position":"center center","background-size":"auto","background-attachment":"scroll","background-type":"","background-media":"","overlay-type":"","overlay-color":"","overlay-opacity":"","overlay-gradient":""},"mobile":{"background-color":"var(--ast-global-color-5)","background-image":"","background-repeat":"repeat","background-position":"center center","background-size":"auto","background-attachment":"scroll","background-type":"","background-media":"","overlay-type":"","overlay-color":"","overlay-opacity":"","overlay-gradient":""}}},"product_brand":[],"product_cat":[72],"product_tag":[79,81],"class_list":{"0":"post-40657","1":"product","2":"type-product","3":"status-publish","4":"has-post-thumbnail","6":"product_cat-fauteuils-et-inclinaisons","7":"product_tag-a-partir-de","8":"product_tag-moderne","9":"desktop-align-center","10":"tablet-align-left","11":"mobile-align-left","13":"first","14":"instock","15":"sold-individually","16":"shipping-taxable","17":"purchasable","18":"product-type-variable"},"acf":[],"_links":{"self":[{"href":"https:\/\/famaliving.ca\/fr\/wp-json\/wp\/v2\/product\/40657","targetHints":{"allow":["GET"]}}],"collection":[{"href":"https:\/\/famaliving.ca\/fr\/wp-json\/wp\/v2\/product"}],"about":[{"href":"https:\/\/famaliving.ca\/fr\/wp-json\/wp\/v2\/types\/product"}],"version-history":[{"count":1,"href":"https:\/\/famaliving.ca\/fr\/wp-json\/wp\/v2\/product\/40657\/revisions"}],"predecessor-version":[{"id":41555,"href":"https:\/\/famaliving.ca\/fr\/wp-json\/wp\/v2\/product\/40657\/revisions\/41555"}],"wp:featuredmedia":[{"embeddable":true,"href":"https:\/\/famaliving.ca\/fr\/wp-json\/wp\/v2\/media\/35607"}],"wp:attachment":[{"href":"https:\/\/famaliving.ca\/fr\/wp-json\/wp\/v2\/media?parent=40657"}],"wp:term":[{"taxonomy":"product_brand","embeddable":true,"href":"https:\/\/famaliving.ca\/fr\/wp-json\/wp\/v2\/product_brand?post=40657"},{"taxonomy":"product_cat","embeddable":true,"href":"https:\/\/famaliving.ca\/fr\/wp-json\/wp\/v2\/product_cat?post=40657"},{"taxonomy":"product_tag","embeddable":true,"href":"https:\/\/famaliving.ca\/fr\/wp-json\/wp\/v2\/product_tag?post=40657"}],"curies":[{"name":"wp","href":"https:\/\/api.w.org\/{rel}","templated":true}]}}