{"id":40658,"date":"2025-04-29T12:03:57","date_gmt":"2025-04-29T16:03:57","guid":{"rendered":"https:\/\/famaliving.ca\/product\/canape-modulable-tempo\/"},"modified":"2025-04-29T15:29:50","modified_gmt":"2025-04-29T19:29:50","slug":"canape-modulable-tempo","status":"publish","type":"product","link":"https:\/\/famaliving.ca\/fr\/produit\/canape-modulable-tempo\/","title":{"rendered":"Canap\u00e9 Modulable Tempo"},"content":{"rendered":"<p><a tabindex=\"0\">Configuration et t\u00e9l\u00e9chargements<\/a><\/p>\n<p>T\u00e9l\u00e9chargez la documentation technique\u00a0: sch\u00e9mas, mesures, d\u00e9tails techniques, brochures et manuels.<\/p>\n<ul>\n<li><a href=\"https:\/\/famaliving.ca\/wp-content\/uploads\/sites\/29\/Tempo-Sketch-Famaliving-Montreal.pdf\" target=\"_blank\" rel=\"noopener noreferrer\">Tempo \u2013 Croquis<\/a><\/li>\n<li><a href=\"https:\/\/famaliving.ca\/wp-content\/uploads\/sites\/29\/Tempo-TrainingBook-MuseumCollection2022-Tempo.pdf\" target=\"_blank\" rel=\"noopener noreferrer\">TrainingBook-MuseumCollection2022-Tempo<\/a><\/li>\n<li><a href=\"https:\/\/famaliving.ca\/wp-content\/uploads\/sites\/29\/Tempo-MuseumCollection2022-Catalogue-Tempo.pdf\" target=\"_blank\" rel=\"noopener noreferrer\">MuseumCollection2022-Catalogue-Tempo<\/a><\/li>\n<li><a href=\"https:\/\/famaliving.ca\/wp-content\/uploads\/sites\/29\/Tempo-Data-sheet-Famaliving-Montreal.pdf\" target=\"_blank\" rel=\"noopener noreferrer\">Tempo \u2013 Fiche technique<\/a><\/li>\n<li><a href=\"https:\/\/famaliving.ca\/wp-content\/uploads\/sites\/29\/Tempo-Instructions-Famaliving-Montreal.pdf\" target=\"_blank\" rel=\"noopener noreferrer\">Tempo \u2013 Instructions<\/a><\/li>\n<\/ul>\n<p><strong>Explorez la configurabilit\u00e9 de Tempo avec notre <a href=\"\/fr\/3d\/\" target=\"_blank\" rel=\"noopener\">Simulation de conception 3D&gt;&gt;<\/a><\/strong><\/p>\n<p><a tabindex=\"0\">\u00c0 propos du produit<\/a><\/p>\n<p><strong>Q\u00a0:\u00a0Qu&rsquo;est-ce que le canap\u00e9 modulaire Tempo\u00a0?<\/strong><\/p>\n<p>A : Le Tempo est un canap\u00e9 modulable contemporain con\u00e7u par Famaliving. Ses lignes \u00e9pur\u00e9es et ses options de configuration polyvalentes en font un choix parfait pour les maisons modernes. Alliant style et confort, le Tempo s&rsquo;adapte facilement \u00e0 diff\u00e9rents espaces de vie.<\/p>\n<p><strong>Q\u00a0:\u00a0Qu&rsquo;est-ce qui rend le canap\u00e9 Tempo unique\u00a0?<\/strong><\/p>\n<p>A\u00a0: Le Tempo se distingue par sa flexibilit\u00e9 et son design minimaliste. Les composants modulaires vous permettent de personnaliser la disposition en fonction de la forme et de la taille de votre pi\u00e8ce. Il est con\u00e7u \u00e0 la fois pour un attrait esth\u00e9tique et un confort fonctionnel, ce qui en fait un m\u00e9lange parfait de style et de convivialit\u00e9.<\/p>\n<p><strong>Q\u00a0: Puis-je personnaliser le canap\u00e9 Tempo avec des accessoires\u00a0?<\/strong><\/p>\n<p>A\u00a0: Oui, le canap\u00e9 Tempo est hautement personnalisable avec plus de 500\u00a0options de tissus. Vous pouvez \u00e9galement ajouter des accessoires tels que des coussins d\u00e9coratifs, des repose-pieds et des pi\u00e8ces modulaires suppl\u00e9mentaires pour personnaliser le design selon vos pr\u00e9f\u00e9rences.<\/p>\n<p><strong>Q\u00a0: Quelles sont les caract\u00e9ristiques des si\u00e8ges du Tempo\u00a0?<\/strong><\/p>\n<p>A\u00a0: Le Tempo offre une assise profonde et confortable avec des coussins moelleux et de soutien. Sa configuration modulaire permet une disposition vari\u00e9e des si\u00e8ges, offrant un confort pour se pr\u00e9lasser, se divertir ou se d\u00e9tendre en famille et entre amis.<\/p>\n<p><strong>Q\u00a0: Existe-t-il diff\u00e9rentes options de jambes pour le Tempo\u00a0?<\/strong><\/p>\n<p>A\u00a0: L&rsquo;option de pied par d\u00e9faut pour le Tempo est une finition m\u00e9tallique qui compl\u00e8te son look moderne. Vous pouvez \u00e9galement choisir parmi une vari\u00e9t\u00e9 de styles et de finitions de pieds en fonction du d\u00e9cor de votre maison.<\/p>\n<p><strong>Q\u00a0: Quelles sont les dimensions du canap\u00e9 Tempo\u00a0?<\/strong><\/p>\n<p>A\u00a0: La hauteur du si\u00e8ge est de 44 cm (17,32 pouces), avec une profondeur totale de 100 cm (39,37 pouces) et une hauteur totale de 86 cm (33,86 pouces).<\/p>\n<p><strong>Q\u00a0: Un rev\u00eatement en cuir est-il disponible pour le Tempo\u00a0?<\/strong><\/p>\n<p>A\u00a0: Oui, un rev\u00eatement en cuir est disponible pour le Tempo, mais son prix entra\u00eene une augmentation. Vous pouvez \u00e9galement choisir parmi une large gamme d\u2019options de tissus pour personnaliser l\u2019apparence et la sensation du canap\u00e9.<\/p>\n<p><strong>Q\u00a0: Comment puis-je personnaliser la configuration modulaire du Tempo\u00a0?<\/strong><\/p>\n<p>A\u00a0: Le Tempo propose plusieurs composants modulaires, vous permettant de cr\u00e9er un am\u00e9nagement adapt\u00e9 \u00e0 votre espace. Que vous pr\u00e9f\u00e9riez un agencement compact ou une grande section, le Tempo peut \u00eatre adapt\u00e9 pour r\u00e9pondre \u00e0 vos besoins sp\u00e9cifiques, le rendant hautement adaptable \u00e0 n&rsquo;importe quelle pi\u00e8ce.<\/p>\n<p><a tabindex=\"0\">Options du produit<\/a><\/p>\n<p><strong>Compte tenu de la grande polyvalence et des nombreuses options de personnalisation disponibles pour ce meuble, nous vous conseillons fortement de vous connecter et d&rsquo;utiliser le bouton \u00ab\u00a0Ajouter au devis\u00a0\u00bb.<\/strong><\/p>\n","protected":false},"excerpt":{"rendered":"<p>Tempo est un choix populaire pour ceux qui recherchent un canap\u00e9 modulaire, offrant de nombreuses configurations. Son style \u00e9pur\u00e9, caract\u00e9ris\u00e9 par des lignes droites, compl\u00e8te une vari\u00e9t\u00e9 de d\u00e9cors int\u00e9rieurs. Disponibles dans une vaste s\u00e9lection de tissus, unis et imprim\u00e9s, les housses amovibles Tempo simplifient le nettoyage ou le remplacement de la housse. Pour plus de polyvalence, Tempo propose des repose-pieds assortis, ce qui en fait un choix id\u00e9al pour un large \u00e9ventail de pr\u00e9f\u00e9rences.<\/p>\n<p><strong>Ce mod\u00e8le de canap\u00e9 permet une personnalisation pratiquement illimit\u00e9e. Pour de meilleurs r\u00e9sultats, notre repr\u00e9sentant en conception vous contactera une fois que vous aurez soumis une demande de devis.<\/strong><\/p>\n","protected":false},"featured_media":38077,"template":"","meta":{"_acf_changed":false,"site-sidebar-layout":"default","site-content-layout":"","ast-site-content-layout":"default","site-content-style":"default","site-sidebar-style":"default","ast-global-header-display":"","ast-banner-title-visibility":"","ast-main-header-display":"","ast-hfb-above-header-display":"","ast-hfb-below-header-display":"","ast-hfb-mobile-header-display":"","site-post-title":"","ast-breadcrumbs-content":"","ast-featured-img":"","footer-sml-layout":"","ast-disable-related-posts":"","theme-transparent-header-meta":"default","adv-header-id-meta":"","stick-header-meta":"default","header-above-stick-meta":"","header-main-stick-meta":"","header-below-stick-meta":"","astra-migrate-meta-layouts":"set","ast-page-background-enabled":"default","ast-page-background-meta":{"desktop":{"background-color":"var(--ast-global-color-4)","background-image":"","background-repeat":"repeat","background-position":"center center","background-size":"auto","background-attachment":"scroll","background-type":"","background-media":"","overlay-type":"","overlay-color":"","overlay-opacity":"","overlay-gradient":""},"tablet":{"background-color":"","background-image":"","background-repeat":"repeat","background-position":"center center","background-size":"auto","background-attachment":"scroll","background-type":"","background-media":"","overlay-type":"","overlay-color":"","overlay-opacity":"","overlay-gradient":""},"mobile":{"background-color":"","background-image":"","background-repeat":"repeat","background-position":"center center","background-size":"auto","background-attachment":"scroll","background-type":"","background-media":"","overlay-type":"","overlay-color":"","overlay-opacity":"","overlay-gradient":""}},"ast-content-background-meta":{"desktop":{"background-color":"var(--ast-global-color-5)","background-image":"","background-repeat":"repeat","background-position":"center center","background-size":"auto","background-attachment":"scroll","background-type":"","background-media":"","overlay-type":"","overlay-color":"","overlay-opacity":"","overlay-gradient":""},"tablet":{"background-color":"var(--ast-global-color-5)","background-image":"","background-repeat":"repeat","background-position":"center center","background-size":"auto","background-attachment":"scroll","background-type":"","background-media":"","overlay-type":"","overlay-color":"","overlay-opacity":"","overlay-gradient":""},"mobile":{"background-color":"var(--ast-global-color-5)","background-image":"","background-repeat":"repeat","background-position":"center center","background-size":"auto","background-attachment":"scroll","background-type":"","background-media":"","overlay-type":"","overlay-color":"","overlay-opacity":"","overlay-gradient":""}}},"product_brand":[],"product_cat":[77],"product_tag":[79,81],"class_list":{"0":"post-40658","1":"product","2":"type-product","3":"status-publish","4":"has-post-thumbnail","6":"product_cat-canape","7":"product_tag-a-partir-de","8":"product_tag-moderne","9":"desktop-align-center","10":"tablet-align-left","11":"mobile-align-left","13":"first","14":"instock","15":"sold-individually","16":"shipping-taxable","17":"purchasable","18":"product-type-variable"},"acf":[],"_links":{"self":[{"href":"https:\/\/famaliving.ca\/fr\/wp-json\/wp\/v2\/product\/40658","targetHints":{"allow":["GET"]}}],"collection":[{"href":"https:\/\/famaliving.ca\/fr\/wp-json\/wp\/v2\/product"}],"about":[{"href":"https:\/\/famaliving.ca\/fr\/wp-json\/wp\/v2\/types\/product"}],"version-history":[{"count":1,"href":"https:\/\/famaliving.ca\/fr\/wp-json\/wp\/v2\/product\/40658\/revisions"}],"predecessor-version":[{"id":41598,"href":"https:\/\/famaliving.ca\/fr\/wp-json\/wp\/v2\/product\/40658\/revisions\/41598"}],"wp:featuredmedia":[{"embeddable":true,"href":"https:\/\/famaliving.ca\/fr\/wp-json\/wp\/v2\/media\/38077"}],"wp:attachment":[{"href":"https:\/\/famaliving.ca\/fr\/wp-json\/wp\/v2\/media?parent=40658"}],"wp:term":[{"taxonomy":"product_brand","embeddable":true,"href":"https:\/\/famaliving.ca\/fr\/wp-json\/wp\/v2\/product_brand?post=40658"},{"taxonomy":"product_cat","embeddable":true,"href":"https:\/\/famaliving.ca\/fr\/wp-json\/wp\/v2\/product_cat?post=40658"},{"taxonomy":"product_tag","embeddable":true,"href":"https:\/\/famaliving.ca\/fr\/wp-json\/wp\/v2\/product_tag?post=40658"}],"curies":[{"name":"wp","href":"https:\/\/api.w.org\/{rel}","templated":true}]}}